{"id":2427,"date":"2023-05-24T10:04:38","date_gmt":"2023-05-24T10:04:38","guid":{"rendered":"https:\/\/www.hestiahotels.com\/barons\/?page_id=2427"},"modified":"2025-11-12T13:50:35","modified_gmt":"2025-11-12T13:50:35","slug":"hommikusook","status":"publish","type":"page","link":"https:\/\/www.hestiahotels.com\/barons\/hommikusook\/","title":{"rendered":"Hommikus\u00f6\u00f6k"},"content":{"rendered":"","protected":false},"excerpt":{"rendered":"","protected":false},"author":49,"featured_media":0,"parent":0,"menu_order":0,"comment_status":"closed","ping_status":"closed","template":"","meta":{"_acf_changed":false,"footnotes":""},"class_list":["post-2427","page","type-page","status-publish","hentry"],"acf":[],"yoast_head":"<!-- This site is optimized with the Yoast SEO plugin v27.2 - https:\/\/yoast.com\/product\/yoast-seo-wordpress\/ -->\n<title>Hommikus\u00f6\u00f6k Tallinna vanalinnas | Hestia Hotel Barons<\/title>\n<meta name=\"description\" content=\"Naudi hommikukohvi k\u00f5rvale ilusat Tallinna vanalinna vaadet. Hommikus\u00f6\u00f6ki serveeritakse hotelli ajaloolises peamajas.\" \/>\n<meta name=\"robots\" content=\"index, follow, max-snippet:-1, max-image-preview:large, max-video-preview:-1\" \/>\n<link rel=\"canonical\" href=\"https:\/\/www.hestiahotels.com\/barons\/hommikusook\/\" \/>\n<meta property=\"og:locale\" content=\"et_EE\" \/>\n<meta property=\"og:type\" content=\"article\" \/>\n<meta property=\"og:title\" content=\"Hommikus\u00f6\u00f6k Tallinna vanalinnas | Hestia Hotel Barons\" \/>\n<meta property=\"og:description\" content=\"Naudi hommikukohvi k\u00f5rvale ilusat Tallinna vanalinna vaadet. Hommikus\u00f6\u00f6ki serveeritakse hotelli ajaloolises peamajas.\" \/>\n<meta property=\"og:url\" content=\"https:\/\/www.hestiahotels.com\/barons\/hommikusook\/\" \/>\n<meta property=\"og:site_name\" content=\"Hestia Hotel Barons\" \/>\n<meta property=\"article:modified_time\" content=\"2025-11-12T13:50:35+00:00\" \/>\n<meta property=\"og:image\" content=\"https:\/\/www.hestiahotels.com\/barons\/wp-content\/uploads\/sites\/4\/2019\/10\/BaronsHestia19-08.jpg\" \/>\n\t<meta property=\"og:image:width\" content=\"1920\" \/>\n\t<meta property=\"og:image:height\" content=\"1080\" \/>\n\t<meta property=\"og:image:type\" content=\"image\/jpeg\" \/>\n<meta name=\"twitter:card\" content=\"summary_large_image\" \/>\n<meta name=\"twitter:label1\" content=\"Est. reading time\" \/>\n\t<meta name=\"twitter:data1\" content=\"5 minutit\" \/>\n<script type=\"application\/ld+json\" class=\"yoast-schema-graph\">{\"@context\":\"https:\/\/schema.org\",\"@graph\":[{\"@type\":\"WebPage\",\"@id\":\"https:\/\/www.hestiahotels.com\/barons\/hommikusook\/\",\"url\":\"https:\/\/www.hestiahotels.com\/barons\/hommikusook\/\",\"name\":\"Hommikus\u00f6\u00f6k Tallinna vanalinnas | Hestia Hotel Barons\",\"isPartOf\":{\"@id\":\"https:\/\/www.hestiahotels.com\/barons\/#website\"},\"datePublished\":\"2023-05-24T10:04:38+00:00\",\"dateModified\":\"2025-11-12T13:50:35+00:00\",\"description\":\"Naudi hommikukohvi k\u00f5rvale ilusat Tallinna vanalinna vaadet. Hommikus\u00f6\u00f6ki serveeritakse hotelli ajaloolises peamajas.\",\"breadcrumb\":{\"@id\":\"https:\/\/www.hestiahotels.com\/barons\/hommikusook\/#breadcrumb\"},\"inLanguage\":\"et\",\"potentialAction\":[{\"@type\":\"ReadAction\",\"target\":[\"https:\/\/www.hestiahotels.com\/barons\/hommikusook\/\"]}]},{\"@type\":\"BreadcrumbList\",\"@id\":\"https:\/\/www.hestiahotels.com\/barons\/hommikusook\/#breadcrumb\",\"itemListElement\":[{\"@type\":\"ListItem\",\"position\":1,\"name\":\"Home\",\"item\":\"https:\/\/www.hestiahotels.com\/barons\/\"},{\"@type\":\"ListItem\",\"position\":2,\"name\":\"Hommikus\u00f6\u00f6k\"}]},{\"@type\":\"WebSite\",\"@id\":\"https:\/\/www.hestiahotels.com\/barons\/#website\",\"url\":\"https:\/\/www.hestiahotels.com\/barons\/\",\"name\":\"Hestia Hotel Barons\",\"description\":\"Just another Hestia Group Network site\",\"potentialAction\":[{\"@type\":\"SearchAction\",\"target\":{\"@type\":\"EntryPoint\",\"urlTemplate\":\"https:\/\/www.hestiahotels.com\/barons\/?s={search_term_string}\"},\"query-input\":{\"@type\":\"PropertyValueSpecification\",\"valueRequired\":true,\"valueName\":\"search_term_string\"}}],\"inLanguage\":\"et\"}]}<\/script>\n<!-- \/ Yoast SEO plugin. -->","yoast_head_json":{"title":"Hommikus\u00f6\u00f6k Tallinna vanalinnas | Hestia Hotel Barons","description":"Naudi hommikukohvi k\u00f5rvale ilusat Tallinna vanalinna vaadet. Hommikus\u00f6\u00f6ki serveeritakse hotelli ajaloolises peamajas.","robots":{"index":"index","follow":"follow","max-snippet":"max-snippet:-1","max-image-preview":"max-image-preview:large","max-video-preview":"max-video-preview:-1"},"canonical":"https:\/\/www.hestiahotels.com\/barons\/hommikusook\/","og_locale":"et_EE","og_type":"article","og_title":"Hommikus\u00f6\u00f6k Tallinna vanalinnas | Hestia Hotel Barons","og_description":"Naudi hommikukohvi k\u00f5rvale ilusat Tallinna vanalinna vaadet. Hommikus\u00f6\u00f6ki serveeritakse hotelli ajaloolises peamajas.","og_url":"https:\/\/www.hestiahotels.com\/barons\/hommikusook\/","og_site_name":"Hestia Hotel Barons","article_modified_time":"2025-11-12T13:50:35+00:00","og_image":[{"width":1920,"height":1080,"url":"https:\/\/www.hestiahotels.com\/barons\/wp-content\/uploads\/sites\/4\/2019\/10\/BaronsHestia19-08.jpg","type":"image\/jpeg"}],"twitter_card":"summary_large_image","twitter_misc":{"Est. reading time":"5 minutit"},"schema":{"@context":"https:\/\/schema.org","@graph":[{"@type":"WebPage","@id":"https:\/\/www.hestiahotels.com\/barons\/hommikusook\/","url":"https:\/\/www.hestiahotels.com\/barons\/hommikusook\/","name":"Hommikus\u00f6\u00f6k Tallinna vanalinnas | Hestia Hotel Barons","isPartOf":{"@id":"https:\/\/www.hestiahotels.com\/barons\/#website"},"datePublished":"2023-05-24T10:04:38+00:00","dateModified":"2025-11-12T13:50:35+00:00","description":"Naudi hommikukohvi k\u00f5rvale ilusat Tallinna vanalinna vaadet. Hommikus\u00f6\u00f6ki serveeritakse hotelli ajaloolises peamajas.","breadcrumb":{"@id":"https:\/\/www.hestiahotels.com\/barons\/hommikusook\/#breadcrumb"},"inLanguage":"et","potentialAction":[{"@type":"ReadAction","target":["https:\/\/www.hestiahotels.com\/barons\/hommikusook\/"]}]},{"@type":"BreadcrumbList","@id":"https:\/\/www.hestiahotels.com\/barons\/hommikusook\/#breadcrumb","itemListElement":[{"@type":"ListItem","position":1,"name":"Home","item":"https:\/\/www.hestiahotels.com\/barons\/"},{"@type":"ListItem","position":2,"name":"Hommikus\u00f6\u00f6k"}]},{"@type":"WebSite","@id":"https:\/\/www.hestiahotels.com\/barons\/#website","url":"https:\/\/www.hestiahotels.com\/barons\/","name":"Hestia Hotel Barons","description":"Just another Hestia Group Network site","potentialAction":[{"@type":"SearchAction","target":{"@type":"EntryPoint","urlTemplate":"https:\/\/www.hestiahotels.com\/barons\/?s={search_term_string}"},"query-input":{"@type":"PropertyValueSpecification","valueRequired":true,"valueName":"search_term_string"}}],"inLanguage":"et"}]}},"_links":{"self":[{"href":"https:\/\/www.hestiahotels.com\/barons\/wp-json\/wp\/v2\/pages\/2427","targetHints":{"allow":["GET"]}}],"collection":[{"href":"https:\/\/www.hestiahotels.com\/barons\/wp-json\/wp\/v2\/pages"}],"about":[{"href":"https:\/\/www.hestiahotels.com\/barons\/wp-json\/wp\/v2\/types\/page"}],"author":[{"embeddable":true,"href":"https:\/\/www.hestiahotels.com\/barons\/wp-json\/wp\/v2\/users\/49"}],"replies":[{"embeddable":true,"href":"https:\/\/www.hestiahotels.com\/barons\/wp-json\/wp\/v2\/comments?post=2427"}],"version-history":[{"count":9,"href":"https:\/\/www.hestiahotels.com\/barons\/wp-json\/wp\/v2\/pages\/2427\/revisions"}],"predecessor-version":[{"id":3536,"href":"https:\/\/www.hestiahotels.com\/barons\/wp-json\/wp\/v2\/pages\/2427\/revisions\/3536"}],"wp:attachment":[{"href":"https:\/\/www.hestiahotels.com\/barons\/wp-json\/wp\/v2\/media?parent=2427"}],"curies":[{"name":"wp","href":"https:\/\/api.w.org\/{rel}","templated":true}]}}