{"id":7496,"date":"2026-03-29T08:02:57","date_gmt":"2026-03-29T08:02:57","guid":{"rendered":"https:\/\/www.hestiahotels.com\/europa\/konferenssi\/"},"modified":"2026-03-30T07:17:18","modified_gmt":"2026-03-30T07:17:18","slug":"konferenssi","status":"publish","type":"page","link":"https:\/\/www.hestiahotels.com\/europa\/fi\/konferenssi\/","title":{"rendered":"Konferenssi"},"content":{"rendered":"","protected":false},"excerpt":{"rendered":"","protected":false},"author":49,"featured_media":0,"parent":0,"menu_order":0,"comment_status":"closed","ping_status":"closed","template":"","meta":{"_acf_changed":false,"footnotes":""},"class_list":["post-7496","page","type-page","status-publish","hentry"],"acf":[],"yoast_head":"<!-- This site is optimized with the Yoast SEO plugin v27.2 - https:\/\/yoast.com\/product\/yoast-seo-wordpress\/ -->\n<title>Konferenssi | Hestia Hotel Europa<\/title>\n<meta name=\"description\" content=\"Tilavat ja modernit konferenssitilat Tallinnassa Hestia Hotel Europassa. Konferenssivieraiden k\u00e4ytett\u00e4viss\u00e4 on 9 erikokoista kokoustilaa.\" \/>\n<meta name=\"robots\" content=\"index, follow, max-snippet:-1, max-image-preview:large, max-video-preview:-1\" \/>\n<link rel=\"canonical\" href=\"https:\/\/www.hestiahotels.com\/europa\/fi\/konferenssi\/\" \/>\n<meta property=\"og:locale\" content=\"fi_FI\" \/>\n<meta property=\"og:type\" content=\"article\" \/>\n<meta property=\"og:title\" content=\"Konferenssi | Hestia Hotel Europa\" \/>\n<meta property=\"og:description\" content=\"Tilavat ja modernit konferenssitilat Tallinnassa Hestia Hotel Europassa. Konferenssivieraiden k\u00e4ytett\u00e4viss\u00e4 on 9 erikokoista kokoustilaa.\" \/>\n<meta property=\"og:url\" content=\"https:\/\/www.hestiahotels.com\/europa\/fi\/konferenssi\/\" \/>\n<meta property=\"og:site_name\" content=\"Hestia Hotel Europa\" \/>\n<meta property=\"article:modified_time\" content=\"2026-03-30T07:17:18+00:00\" \/>\n<meta name=\"twitter:card\" content=\"summary_large_image\" \/>\n<meta name=\"twitter:label1\" content=\"Arvioitu lukuaika\" \/>\n\t<meta name=\"twitter:data1\" content=\"12 minuuttia\" \/>\n<script type=\"application\/ld+json\" class=\"yoast-schema-graph\">{\"@context\":\"https:\/\/schema.org\",\"@graph\":[{\"@type\":\"WebPage\",\"@id\":\"https:\/\/www.hestiahotels.com\/europa\/fi\/konferenssi\/\",\"url\":\"https:\/\/www.hestiahotels.com\/europa\/fi\/konferenssi\/\",\"name\":\"Konferenssi | Hestia Hotel Europa\",\"isPartOf\":{\"@id\":\"https:\/\/www.hestiahotels.com\/europa\/#website\"},\"datePublished\":\"2026-03-29T08:02:57+00:00\",\"dateModified\":\"2026-03-30T07:17:18+00:00\",\"description\":\"Tilavat ja modernit konferenssitilat Tallinnassa Hestia Hotel Europassa. Konferenssivieraiden k\u00e4ytett\u00e4viss\u00e4 on 9 erikokoista kokoustilaa.\",\"breadcrumb\":{\"@id\":\"https:\/\/www.hestiahotels.com\/europa\/fi\/konferenssi\/#breadcrumb\"},\"inLanguage\":\"fi\",\"potentialAction\":[{\"@type\":\"ReadAction\",\"target\":[\"https:\/\/www.hestiahotels.com\/europa\/fi\/konferenssi\/\"]}]},{\"@type\":\"BreadcrumbList\",\"@id\":\"https:\/\/www.hestiahotels.com\/europa\/fi\/konferenssi\/#breadcrumb\",\"itemListElement\":[{\"@type\":\"ListItem\",\"position\":1,\"name\":\"Home\",\"item\":\"https:\/\/www.hestiahotels.com\/europa\/fi\/\"},{\"@type\":\"ListItem\",\"position\":2,\"name\":\"Konferenssi\"}]},{\"@type\":\"WebSite\",\"@id\":\"https:\/\/www.hestiahotels.com\/europa\/#website\",\"url\":\"https:\/\/www.hestiahotels.com\/europa\/\",\"name\":\"Hestia Hotel Europa\",\"description\":\"Just another Hestia Group Network site\",\"potentialAction\":[{\"@type\":\"SearchAction\",\"target\":{\"@type\":\"EntryPoint\",\"urlTemplate\":\"https:\/\/www.hestiahotels.com\/europa\/?s={search_term_string}\"},\"query-input\":{\"@type\":\"PropertyValueSpecification\",\"valueRequired\":true,\"valueName\":\"search_term_string\"}}],\"inLanguage\":\"fi\"}]}<\/script>\n<!-- \/ Yoast SEO plugin. -->","yoast_head_json":{"title":"Konferenssi | Hestia Hotel Europa","description":"Tilavat ja modernit konferenssitilat Tallinnassa Hestia Hotel Europassa. Konferenssivieraiden k\u00e4ytett\u00e4viss\u00e4 on 9 erikokoista kokoustilaa.","robots":{"index":"index","follow":"follow","max-snippet":"max-snippet:-1","max-image-preview":"max-image-preview:large","max-video-preview":"max-video-preview:-1"},"canonical":"https:\/\/www.hestiahotels.com\/europa\/fi\/konferenssi\/","og_locale":"fi_FI","og_type":"article","og_title":"Konferenssi | Hestia Hotel Europa","og_description":"Tilavat ja modernit konferenssitilat Tallinnassa Hestia Hotel Europassa. Konferenssivieraiden k\u00e4ytett\u00e4viss\u00e4 on 9 erikokoista kokoustilaa.","og_url":"https:\/\/www.hestiahotels.com\/europa\/fi\/konferenssi\/","og_site_name":"Hestia Hotel Europa","article_modified_time":"2026-03-30T07:17:18+00:00","twitter_card":"summary_large_image","twitter_misc":{"Arvioitu lukuaika":"12 minuuttia"},"schema":{"@context":"https:\/\/schema.org","@graph":[{"@type":"WebPage","@id":"https:\/\/www.hestiahotels.com\/europa\/fi\/konferenssi\/","url":"https:\/\/www.hestiahotels.com\/europa\/fi\/konferenssi\/","name":"Konferenssi | Hestia Hotel Europa","isPartOf":{"@id":"https:\/\/www.hestiahotels.com\/europa\/#website"},"datePublished":"2026-03-29T08:02:57+00:00","dateModified":"2026-03-30T07:17:18+00:00","description":"Tilavat ja modernit konferenssitilat Tallinnassa Hestia Hotel Europassa. Konferenssivieraiden k\u00e4ytett\u00e4viss\u00e4 on 9 erikokoista kokoustilaa.","breadcrumb":{"@id":"https:\/\/www.hestiahotels.com\/europa\/fi\/konferenssi\/#breadcrumb"},"inLanguage":"fi","potentialAction":[{"@type":"ReadAction","target":["https:\/\/www.hestiahotels.com\/europa\/fi\/konferenssi\/"]}]},{"@type":"BreadcrumbList","@id":"https:\/\/www.hestiahotels.com\/europa\/fi\/konferenssi\/#breadcrumb","itemListElement":[{"@type":"ListItem","position":1,"name":"Home","item":"https:\/\/www.hestiahotels.com\/europa\/fi\/"},{"@type":"ListItem","position":2,"name":"Konferenssi"}]},{"@type":"WebSite","@id":"https:\/\/www.hestiahotels.com\/europa\/#website","url":"https:\/\/www.hestiahotels.com\/europa\/","name":"Hestia Hotel Europa","description":"Just another Hestia Group Network site","potentialAction":[{"@type":"SearchAction","target":{"@type":"EntryPoint","urlTemplate":"https:\/\/www.hestiahotels.com\/europa\/?s={search_term_string}"},"query-input":{"@type":"PropertyValueSpecification","valueRequired":true,"valueName":"search_term_string"}}],"inLanguage":"fi"}]}},"_links":{"self":[{"href":"https:\/\/www.hestiahotels.com\/europa\/fi\/wp-json\/wp\/v2\/pages\/7496","targetHints":{"allow":["GET"]}}],"collection":[{"href":"https:\/\/www.hestiahotels.com\/europa\/fi\/wp-json\/wp\/v2\/pages"}],"about":[{"href":"https:\/\/www.hestiahotels.com\/europa\/fi\/wp-json\/wp\/v2\/types\/page"}],"author":[{"embeddable":true,"href":"https:\/\/www.hestiahotels.com\/europa\/fi\/wp-json\/wp\/v2\/users\/49"}],"replies":[{"embeddable":true,"href":"https:\/\/www.hestiahotels.com\/europa\/fi\/wp-json\/wp\/v2\/comments?post=7496"}],"version-history":[{"count":3,"href":"https:\/\/www.hestiahotels.com\/europa\/fi\/wp-json\/wp\/v2\/pages\/7496\/revisions"}],"predecessor-version":[{"id":7519,"href":"https:\/\/www.hestiahotels.com\/europa\/fi\/wp-json\/wp\/v2\/pages\/7496\/revisions\/7519"}],"wp:attachment":[{"href":"https:\/\/www.hestiahotels.com\/europa\/fi\/wp-json\/wp\/v2\/media?parent=7496"}],"curies":[{"name":"wp","href":"https:\/\/api.w.org\/{rel}","templated":true}]}}