{"id":4217,"date":"2022-05-17T08:57:17","date_gmt":"2022-05-17T08:57:17","guid":{"rendered":"https:\/\/www.hestiahotels.com\/europa\/?page_id=4217"},"modified":"2024-12-19T10:39:08","modified_gmt":"2024-12-19T10:39:08","slug":"baarle-resto","status":"publish","type":"page","link":"https:\/\/www.hestiahotels.com\/europa\/baarle-resto\/","title":{"rendered":"Baarle Resto"},"content":{"rendered":"<p>&nbsp;<\/p>\n<p>&nbsp;<\/p>\n<p>&nbsp;<\/p>\n<p>&nbsp;<\/p>\n<p>&nbsp;<\/p>\n<p>&nbsp;<\/p>\n<p>&nbsp;<\/p>\n<p>&nbsp;<\/p>\n<p>&nbsp;<\/p>\n<p>&nbsp;<\/p>\n<p>&nbsp;<\/p>\n<p>&nbsp;<\/p>\n<p>&nbsp;<\/p>\n<p>&nbsp;<\/p>\n","protected":false},"excerpt":{"rendered":"<p>&nbsp; &nbsp; &nbsp; &nbsp; &nbsp; &nbsp; &nbsp; &nbsp; &nbsp; &nbsp; &nbsp; &nbsp; &nbsp; &nbsp;<\/p>\n","protected":false},"author":49,"featured_media":1003,"parent":0,"menu_order":0,"comment_status":"closed","ping_status":"closed","template":"","meta":{"_acf_changed":false,"footnotes":""},"class_list":["post-4217","page","type-page","status-publish","has-post-thumbnail","hentry"],"acf":[],"yoast_head":"<!-- This site is optimized with the Yoast SEO plugin v27.2 - https:\/\/yoast.com\/product\/yoast-seo-wordpress\/ -->\n<title>Tallinna restoranid |\u00a0Baarle Resto | Hestia Hotel Europa<\/title>\n<meta name=\"description\" content=\"Parimad Tallinna restoranid asuvad Tallinna kesklinnas. Hestia Hotel Europas asuv Baarle Resto pakub h\u00f5rgutavat valikut rahvusvahelise k\u00f6\u00f6gi lemmikutest.\" \/>\n<meta name=\"robots\" content=\"index, follow, max-snippet:-1, max-image-preview:large, max-video-preview:-1\" \/>\n<link rel=\"canonical\" href=\"https:\/\/www.hestiahotels.com\/europa\/baarle-resto\/\" \/>\n<meta property=\"og:locale\" content=\"et_EE\" \/>\n<meta property=\"og:type\" content=\"article\" \/>\n<meta property=\"og:title\" content=\"Tallinna restoranid |\u00a0Baarle Resto | Hestia Hotel Europa\" \/>\n<meta property=\"og:description\" content=\"Parimad Tallinna restoranid asuvad Tallinna kesklinnas. Hestia Hotel Europas asuv Baarle Resto pakub h\u00f5rgutavat valikut rahvusvahelise k\u00f6\u00f6gi lemmikutest.\" \/>\n<meta property=\"og:url\" content=\"https:\/\/www.hestiahotels.com\/europa\/baarle-resto\/\" \/>\n<meta property=\"og:site_name\" content=\"Hestia Hotel Europa\" \/>\n<meta property=\"article:modified_time\" content=\"2024-12-19T10:39:08+00:00\" \/>\n<meta property=\"og:image\" content=\"https:\/\/www.hestiahotels.com\/europa\/wp-content\/uploads\/sites\/10\/2018\/08\/restaurant_Europa.jpg\" \/>\n\t<meta property=\"og:image:width\" content=\"1920\" \/>\n\t<meta property=\"og:image:height\" content=\"1080\" \/>\n\t<meta property=\"og:image:type\" content=\"image\/jpeg\" \/>\n<meta name=\"twitter:card\" content=\"summary_large_image\" \/>\n<meta name=\"twitter:label1\" content=\"Est. reading time\" \/>\n\t<meta name=\"twitter:data1\" content=\"3 minutit\" \/>\n<script type=\"application\/ld+json\" class=\"yoast-schema-graph\">{\"@context\":\"https:\/\/schema.org\",\"@graph\":[{\"@type\":\"WebPage\",\"@id\":\"https:\/\/www.hestiahotels.com\/europa\/baarle-resto\/\",\"url\":\"https:\/\/www.hestiahotels.com\/europa\/baarle-resto\/\",\"name\":\"Tallinna restoranid |\u00a0Baarle Resto | Hestia Hotel Europa\",\"isPartOf\":{\"@id\":\"https:\/\/www.hestiahotels.com\/europa\/#website\"},\"primaryImageOfPage\":{\"@id\":\"https:\/\/www.hestiahotels.com\/europa\/baarle-resto\/#primaryimage\"},\"image\":{\"@id\":\"https:\/\/www.hestiahotels.com\/europa\/baarle-resto\/#primaryimage\"},\"thumbnailUrl\":\"https:\/\/www.hestiahotels.com\/europa\/wp-content\/uploads\/sites\/10\/2018\/08\/restaurant_Europa.jpg\",\"datePublished\":\"2022-05-17T08:57:17+00:00\",\"dateModified\":\"2024-12-19T10:39:08+00:00\",\"description\":\"Parimad Tallinna restoranid asuvad Tallinna kesklinnas. Hestia Hotel Europas asuv Baarle Resto pakub h\u00f5rgutavat valikut rahvusvahelise k\u00f6\u00f6gi lemmikutest.\",\"breadcrumb\":{\"@id\":\"https:\/\/www.hestiahotels.com\/europa\/baarle-resto\/#breadcrumb\"},\"inLanguage\":\"et\",\"potentialAction\":[{\"@type\":\"ReadAction\",\"target\":[\"https:\/\/www.hestiahotels.com\/europa\/baarle-resto\/\"]}]},{\"@type\":\"ImageObject\",\"inLanguage\":\"et\",\"@id\":\"https:\/\/www.hestiahotels.com\/europa\/baarle-resto\/#primaryimage\",\"url\":\"https:\/\/www.hestiahotels.com\/europa\/wp-content\/uploads\/sites\/10\/2018\/08\/restaurant_Europa.jpg\",\"contentUrl\":\"https:\/\/www.hestiahotels.com\/europa\/wp-content\/uploads\/sites\/10\/2018\/08\/restaurant_Europa.jpg\",\"width\":1920,\"height\":1080},{\"@type\":\"BreadcrumbList\",\"@id\":\"https:\/\/www.hestiahotels.com\/europa\/baarle-resto\/#breadcrumb\",\"itemListElement\":[{\"@type\":\"ListItem\",\"position\":1,\"name\":\"Home\",\"item\":\"https:\/\/www.hestiahotels.com\/europa\/\"},{\"@type\":\"ListItem\",\"position\":2,\"name\":\"Baarle Resto\"}]},{\"@type\":\"WebSite\",\"@id\":\"https:\/\/www.hestiahotels.com\/europa\/#website\",\"url\":\"https:\/\/www.hestiahotels.com\/europa\/\",\"name\":\"Hestia Hotel Europa\",\"description\":\"Just another Hestia Group Network site\",\"potentialAction\":[{\"@type\":\"SearchAction\",\"target\":{\"@type\":\"EntryPoint\",\"urlTemplate\":\"https:\/\/www.hestiahotels.com\/europa\/?s={search_term_string}\"},\"query-input\":{\"@type\":\"PropertyValueSpecification\",\"valueRequired\":true,\"valueName\":\"search_term_string\"}}],\"inLanguage\":\"et\"}]}<\/script>\n<!-- \/ Yoast SEO plugin. -->","yoast_head_json":{"title":"Tallinna restoranid |\u00a0Baarle Resto | Hestia Hotel Europa","description":"Parimad Tallinna restoranid asuvad Tallinna kesklinnas. Hestia Hotel Europas asuv Baarle Resto pakub h\u00f5rgutavat valikut rahvusvahelise k\u00f6\u00f6gi lemmikutest.","robots":{"index":"index","follow":"follow","max-snippet":"max-snippet:-1","max-image-preview":"max-image-preview:large","max-video-preview":"max-video-preview:-1"},"canonical":"https:\/\/www.hestiahotels.com\/europa\/baarle-resto\/","og_locale":"et_EE","og_type":"article","og_title":"Tallinna restoranid |\u00a0Baarle Resto | Hestia Hotel Europa","og_description":"Parimad Tallinna restoranid asuvad Tallinna kesklinnas. Hestia Hotel Europas asuv Baarle Resto pakub h\u00f5rgutavat valikut rahvusvahelise k\u00f6\u00f6gi lemmikutest.","og_url":"https:\/\/www.hestiahotels.com\/europa\/baarle-resto\/","og_site_name":"Hestia Hotel Europa","article_modified_time":"2024-12-19T10:39:08+00:00","og_image":[{"width":1920,"height":1080,"url":"https:\/\/www.hestiahotels.com\/europa\/wp-content\/uploads\/sites\/10\/2018\/08\/restaurant_Europa.jpg","type":"image\/jpeg"}],"twitter_card":"summary_large_image","twitter_misc":{"Est. reading time":"3 minutit"},"schema":{"@context":"https:\/\/schema.org","@graph":[{"@type":"WebPage","@id":"https:\/\/www.hestiahotels.com\/europa\/baarle-resto\/","url":"https:\/\/www.hestiahotels.com\/europa\/baarle-resto\/","name":"Tallinna restoranid |\u00a0Baarle Resto | Hestia Hotel Europa","isPartOf":{"@id":"https:\/\/www.hestiahotels.com\/europa\/#website"},"primaryImageOfPage":{"@id":"https:\/\/www.hestiahotels.com\/europa\/baarle-resto\/#primaryimage"},"image":{"@id":"https:\/\/www.hestiahotels.com\/europa\/baarle-resto\/#primaryimage"},"thumbnailUrl":"https:\/\/www.hestiahotels.com\/europa\/wp-content\/uploads\/sites\/10\/2018\/08\/restaurant_Europa.jpg","datePublished":"2022-05-17T08:57:17+00:00","dateModified":"2024-12-19T10:39:08+00:00","description":"Parimad Tallinna restoranid asuvad Tallinna kesklinnas. Hestia Hotel Europas asuv Baarle Resto pakub h\u00f5rgutavat valikut rahvusvahelise k\u00f6\u00f6gi lemmikutest.","breadcrumb":{"@id":"https:\/\/www.hestiahotels.com\/europa\/baarle-resto\/#breadcrumb"},"inLanguage":"et","potentialAction":[{"@type":"ReadAction","target":["https:\/\/www.hestiahotels.com\/europa\/baarle-resto\/"]}]},{"@type":"ImageObject","inLanguage":"et","@id":"https:\/\/www.hestiahotels.com\/europa\/baarle-resto\/#primaryimage","url":"https:\/\/www.hestiahotels.com\/europa\/wp-content\/uploads\/sites\/10\/2018\/08\/restaurant_Europa.jpg","contentUrl":"https:\/\/www.hestiahotels.com\/europa\/wp-content\/uploads\/sites\/10\/2018\/08\/restaurant_Europa.jpg","width":1920,"height":1080},{"@type":"BreadcrumbList","@id":"https:\/\/www.hestiahotels.com\/europa\/baarle-resto\/#breadcrumb","itemListElement":[{"@type":"ListItem","position":1,"name":"Home","item":"https:\/\/www.hestiahotels.com\/europa\/"},{"@type":"ListItem","position":2,"name":"Baarle Resto"}]},{"@type":"WebSite","@id":"https:\/\/www.hestiahotels.com\/europa\/#website","url":"https:\/\/www.hestiahotels.com\/europa\/","name":"Hestia Hotel Europa","description":"Just another Hestia Group Network site","potentialAction":[{"@type":"SearchAction","target":{"@type":"EntryPoint","urlTemplate":"https:\/\/www.hestiahotels.com\/europa\/?s={search_term_string}"},"query-input":{"@type":"PropertyValueSpecification","valueRequired":true,"valueName":"search_term_string"}}],"inLanguage":"et"}]}},"_links":{"self":[{"href":"https:\/\/www.hestiahotels.com\/europa\/wp-json\/wp\/v2\/pages\/4217","targetHints":{"allow":["GET"]}}],"collection":[{"href":"https:\/\/www.hestiahotels.com\/europa\/wp-json\/wp\/v2\/pages"}],"about":[{"href":"https:\/\/www.hestiahotels.com\/europa\/wp-json\/wp\/v2\/types\/page"}],"author":[{"embeddable":true,"href":"https:\/\/www.hestiahotels.com\/europa\/wp-json\/wp\/v2\/users\/49"}],"replies":[{"embeddable":true,"href":"https:\/\/www.hestiahotels.com\/europa\/wp-json\/wp\/v2\/comments?post=4217"}],"version-history":[{"count":6,"href":"https:\/\/www.hestiahotels.com\/europa\/wp-json\/wp\/v2\/pages\/4217\/revisions"}],"predecessor-version":[{"id":6323,"href":"https:\/\/www.hestiahotels.com\/europa\/wp-json\/wp\/v2\/pages\/4217\/revisions\/6323"}],"wp:featuredmedia":[{"embeddable":true,"href":"https:\/\/www.hestiahotels.com\/europa\/wp-json\/wp\/v2\/media\/1003"}],"wp:attachment":[{"href":"https:\/\/www.hestiahotels.com\/europa\/wp-json\/wp\/v2\/media?parent=4217"}],"curies":[{"name":"wp","href":"https:\/\/api.w.org\/{rel}","templated":true}]}}