{"id":4235,"date":"2022-05-17T09:00:18","date_gmt":"2022-05-17T09:00:18","guid":{"rendered":"https:\/\/www.hestiahotels.com\/europa\/?page_id=4235"},"modified":"2026-01-02T08:16:13","modified_gmt":"2026-01-02T08:16:13","slug":"hommikusook","status":"publish","type":"page","link":"https:\/\/www.hestiahotels.com\/europa\/hommikusook\/","title":{"rendered":"Hommikus\u00f6\u00f6k"},"content":{"rendered":"<p>&nbsp;<\/p>\n<p>&nbsp;<\/p>\n<p>&nbsp;<\/p>\n<p>&nbsp;<\/p>\n<p>&nbsp;<\/p>\n<p>&nbsp;<\/p>\n<p>&nbsp;<\/p>\n<p>&nbsp;<\/p>\n<p>&nbsp;<\/p>\n<p>&nbsp;<\/p>\n<p>&nbsp;<\/p>\n<p>&nbsp;<\/p>\n<p>&nbsp;<\/p>\n<p>&nbsp;<\/p>\n","protected":false},"excerpt":{"rendered":"<p>&nbsp; &nbsp; &nbsp; &nbsp; &nbsp; &nbsp; &nbsp; &nbsp; &nbsp; &nbsp; &nbsp; &nbsp; &nbsp; &nbsp;<\/p>\n","protected":false},"author":49,"featured_media":0,"parent":0,"menu_order":0,"comment_status":"closed","ping_status":"closed","template":"","meta":{"_acf_changed":false,"footnotes":""},"class_list":["post-4235","page","type-page","status-publish","hentry"],"acf":[],"yoast_head":"<!-- This site is optimized with the Yoast SEO plugin v27.2 - https:\/\/yoast.com\/product\/yoast-seo-wordpress\/ -->\n<title>Tallinna restoranid |\u00a0Baarle Resto | Hestia Hotel Europa<\/title>\n<meta name=\"description\" content=\"Parimad Tallinna restoranid asuvad Tallinna kesklinnas. Hestia Hotel Europas asuv Baarle Resto pakub h\u00f5rgutavat valikut rahvusvahelise k\u00f6\u00f6gi lemmikutest.\" \/>\n<meta name=\"robots\" content=\"index, follow, max-snippet:-1, max-image-preview:large, max-video-preview:-1\" \/>\n<link rel=\"canonical\" href=\"https:\/\/www.hestiahotels.com\/europa\/hommikusook\/\" \/>\n<meta property=\"og:locale\" content=\"et_EE\" \/>\n<meta property=\"og:type\" content=\"article\" \/>\n<meta property=\"og:title\" content=\"Tallinna restoranid |\u00a0Baarle Resto | Hestia Hotel Europa\" \/>\n<meta property=\"og:description\" content=\"Parimad Tallinna restoranid asuvad Tallinna kesklinnas. Hestia Hotel Europas asuv Baarle Resto pakub h\u00f5rgutavat valikut rahvusvahelise k\u00f6\u00f6gi lemmikutest.\" \/>\n<meta property=\"og:url\" content=\"https:\/\/www.hestiahotels.com\/europa\/hommikusook\/\" \/>\n<meta property=\"og:site_name\" content=\"Hestia Hotel Europa\" \/>\n<meta property=\"article:modified_time\" content=\"2026-01-02T08:16:13+00:00\" \/>\n<meta name=\"twitter:card\" content=\"summary_large_image\" \/>\n<meta name=\"twitter:label1\" content=\"Est. reading time\" \/>\n\t<meta name=\"twitter:data1\" content=\"3 minutit\" \/>\n<script type=\"application\/ld+json\" class=\"yoast-schema-graph\">{\"@context\":\"https:\/\/schema.org\",\"@graph\":[{\"@type\":\"WebPage\",\"@id\":\"https:\/\/www.hestiahotels.com\/europa\/hommikusook\/\",\"url\":\"https:\/\/www.hestiahotels.com\/europa\/hommikusook\/\",\"name\":\"Tallinna restoranid |\u00a0Baarle Resto | Hestia Hotel Europa\",\"isPartOf\":{\"@id\":\"https:\/\/www.hestiahotels.com\/europa\/#website\"},\"datePublished\":\"2022-05-17T09:00:18+00:00\",\"dateModified\":\"2026-01-02T08:16:13+00:00\",\"description\":\"Parimad Tallinna restoranid asuvad Tallinna kesklinnas. Hestia Hotel Europas asuv Baarle Resto pakub h\u00f5rgutavat valikut rahvusvahelise k\u00f6\u00f6gi lemmikutest.\",\"breadcrumb\":{\"@id\":\"https:\/\/www.hestiahotels.com\/europa\/hommikusook\/#breadcrumb\"},\"inLanguage\":\"et\",\"potentialAction\":[{\"@type\":\"ReadAction\",\"target\":[\"https:\/\/www.hestiahotels.com\/europa\/hommikusook\/\"]}]},{\"@type\":\"BreadcrumbList\",\"@id\":\"https:\/\/www.hestiahotels.com\/europa\/hommikusook\/#breadcrumb\",\"itemListElement\":[{\"@type\":\"ListItem\",\"position\":1,\"name\":\"Home\",\"item\":\"https:\/\/www.hestiahotels.com\/europa\/\"},{\"@type\":\"ListItem\",\"position\":2,\"name\":\"Hommikus\u00f6\u00f6k\"}]},{\"@type\":\"WebSite\",\"@id\":\"https:\/\/www.hestiahotels.com\/europa\/#website\",\"url\":\"https:\/\/www.hestiahotels.com\/europa\/\",\"name\":\"Hestia Hotel Europa\",\"description\":\"Just another Hestia Group Network site\",\"potentialAction\":[{\"@type\":\"SearchAction\",\"target\":{\"@type\":\"EntryPoint\",\"urlTemplate\":\"https:\/\/www.hestiahotels.com\/europa\/?s={search_term_string}\"},\"query-input\":{\"@type\":\"PropertyValueSpecification\",\"valueRequired\":true,\"valueName\":\"search_term_string\"}}],\"inLanguage\":\"et\"}]}<\/script>\n<!-- \/ Yoast SEO plugin. -->","yoast_head_json":{"title":"Tallinna restoranid |\u00a0Baarle Resto | Hestia Hotel Europa","description":"Parimad Tallinna restoranid asuvad Tallinna kesklinnas. Hestia Hotel Europas asuv Baarle Resto pakub h\u00f5rgutavat valikut rahvusvahelise k\u00f6\u00f6gi lemmikutest.","robots":{"index":"index","follow":"follow","max-snippet":"max-snippet:-1","max-image-preview":"max-image-preview:large","max-video-preview":"max-video-preview:-1"},"canonical":"https:\/\/www.hestiahotels.com\/europa\/hommikusook\/","og_locale":"et_EE","og_type":"article","og_title":"Tallinna restoranid |\u00a0Baarle Resto | Hestia Hotel Europa","og_description":"Parimad Tallinna restoranid asuvad Tallinna kesklinnas. Hestia Hotel Europas asuv Baarle Resto pakub h\u00f5rgutavat valikut rahvusvahelise k\u00f6\u00f6gi lemmikutest.","og_url":"https:\/\/www.hestiahotels.com\/europa\/hommikusook\/","og_site_name":"Hestia Hotel Europa","article_modified_time":"2026-01-02T08:16:13+00:00","twitter_card":"summary_large_image","twitter_misc":{"Est. reading time":"3 minutit"},"schema":{"@context":"https:\/\/schema.org","@graph":[{"@type":"WebPage","@id":"https:\/\/www.hestiahotels.com\/europa\/hommikusook\/","url":"https:\/\/www.hestiahotels.com\/europa\/hommikusook\/","name":"Tallinna restoranid |\u00a0Baarle Resto | Hestia Hotel Europa","isPartOf":{"@id":"https:\/\/www.hestiahotels.com\/europa\/#website"},"datePublished":"2022-05-17T09:00:18+00:00","dateModified":"2026-01-02T08:16:13+00:00","description":"Parimad Tallinna restoranid asuvad Tallinna kesklinnas. Hestia Hotel Europas asuv Baarle Resto pakub h\u00f5rgutavat valikut rahvusvahelise k\u00f6\u00f6gi lemmikutest.","breadcrumb":{"@id":"https:\/\/www.hestiahotels.com\/europa\/hommikusook\/#breadcrumb"},"inLanguage":"et","potentialAction":[{"@type":"ReadAction","target":["https:\/\/www.hestiahotels.com\/europa\/hommikusook\/"]}]},{"@type":"BreadcrumbList","@id":"https:\/\/www.hestiahotels.com\/europa\/hommikusook\/#breadcrumb","itemListElement":[{"@type":"ListItem","position":1,"name":"Home","item":"https:\/\/www.hestiahotels.com\/europa\/"},{"@type":"ListItem","position":2,"name":"Hommikus\u00f6\u00f6k"}]},{"@type":"WebSite","@id":"https:\/\/www.hestiahotels.com\/europa\/#website","url":"https:\/\/www.hestiahotels.com\/europa\/","name":"Hestia Hotel Europa","description":"Just another Hestia Group Network site","potentialAction":[{"@type":"SearchAction","target":{"@type":"EntryPoint","urlTemplate":"https:\/\/www.hestiahotels.com\/europa\/?s={search_term_string}"},"query-input":{"@type":"PropertyValueSpecification","valueRequired":true,"valueName":"search_term_string"}}],"inLanguage":"et"}]}},"_links":{"self":[{"href":"https:\/\/www.hestiahotels.com\/europa\/wp-json\/wp\/v2\/pages\/4235","targetHints":{"allow":["GET"]}}],"collection":[{"href":"https:\/\/www.hestiahotels.com\/europa\/wp-json\/wp\/v2\/pages"}],"about":[{"href":"https:\/\/www.hestiahotels.com\/europa\/wp-json\/wp\/v2\/types\/page"}],"author":[{"embeddable":true,"href":"https:\/\/www.hestiahotels.com\/europa\/wp-json\/wp\/v2\/users\/49"}],"replies":[{"embeddable":true,"href":"https:\/\/www.hestiahotels.com\/europa\/wp-json\/wp\/v2\/comments?post=4235"}],"version-history":[{"count":9,"href":"https:\/\/www.hestiahotels.com\/europa\/wp-json\/wp\/v2\/pages\/4235\/revisions"}],"predecessor-version":[{"id":7478,"href":"https:\/\/www.hestiahotels.com\/europa\/wp-json\/wp\/v2\/pages\/4235\/revisions\/7478"}],"wp:attachment":[{"href":"https:\/\/www.hestiahotels.com\/europa\/wp-json\/wp\/v2\/media?parent=4235"}],"curies":[{"name":"wp","href":"https:\/\/api.w.org\/{rel}","templated":true}]}}