{"id":15678,"date":"2024-01-17T06:53:14","date_gmt":"2024-01-17T04:53:14","guid":{"rendered":"https:\/\/www.hestiahotels.com\/laulasmaa\/?page_id=15678"},"modified":"2026-01-13T11:33:28","modified_gmt":"2026-01-13T09:33:28","slug":"blu-holm-ravintola","status":"publish","type":"page","link":"https:\/\/www.hestiahotels.com\/haapsaluspa\/fi\/blu-holm-ravintola\/","title":{"rendered":"Blu Holm-ravintola"},"content":{"rendered":"<p>&nbsp;<\/p>\n<p>&nbsp;<\/p>\n<p>&nbsp;<\/p>\n<p>&nbsp;<\/p>\n<p>&nbsp;<\/p>\n","protected":false},"excerpt":{"rendered":"<p>&nbsp; &nbsp; &nbsp; &nbsp; &nbsp;<\/p>\n","protected":false},"author":49,"featured_media":0,"parent":0,"menu_order":165,"comment_status":"closed","ping_status":"closed","template":"","meta":{"_acf_changed":false,"footnotes":""},"class_list":["post-15678","page","type-page","status-publish","hentry"],"acf":[],"yoast_head":"<!-- This site is optimized with the Yoast SEO plugin v27.2 - https:\/\/yoast.com\/product\/yoast-seo-wordpress\/ -->\n<title>Blu Holm -ravintola |\u00a0Hestia Hotel Haapsalu Spa<\/title>\n<meta name=\"description\" content=\"Blu Holm resto pakub maitsvat l\u00f5una- ja \u00f5htus\u00f6\u00f6ki. Alati v\u00e4rske, puhtad maitsed ja v\u00e4rvilised road - tulemuseks on toit, mis on tulvil kontraste, kuid olemuselt rahulik ja harmooniline, just nagu eestlane isegi\" \/>\n<meta name=\"robots\" content=\"index, follow, max-snippet:-1, max-image-preview:large, max-video-preview:-1\" \/>\n<link rel=\"canonical\" href=\"https:\/\/www.hestiahotels.com\/haapsaluspa\/fi\/blu-holm-ravintola\/\" \/>\n<meta property=\"og:locale\" content=\"fi_FI\" \/>\n<meta property=\"og:type\" content=\"article\" \/>\n<meta property=\"og:title\" content=\"Blu Holm -ravintola |\u00a0Hestia Hotel Haapsalu Spa\" \/>\n<meta property=\"og:description\" content=\"Blu Holm resto pakub maitsvat l\u00f5una- ja \u00f5htus\u00f6\u00f6ki. Alati v\u00e4rske, puhtad maitsed ja v\u00e4rvilised road - tulemuseks on toit, mis on tulvil kontraste, kuid olemuselt rahulik ja harmooniline, just nagu eestlane isegi\" \/>\n<meta property=\"og:url\" content=\"https:\/\/www.hestiahotels.com\/haapsaluspa\/fi\/blu-holm-ravintola\/\" \/>\n<meta property=\"og:site_name\" content=\"Hestia Hotel Haapsalu Spa\" \/>\n<meta property=\"article:publisher\" content=\"https:\/\/www.facebook.com\/HaapsaluSpa\" \/>\n<meta property=\"article:modified_time\" content=\"2026-01-13T09:33:28+00:00\" \/>\n<meta name=\"twitter:card\" content=\"summary_large_image\" \/>\n<meta name=\"twitter:label1\" content=\"Arvioitu lukuaika\" \/>\n\t<meta name=\"twitter:data1\" content=\"2 minuuttia\" \/>\n<script type=\"application\/ld+json\" class=\"yoast-schema-graph\">{\"@context\":\"https:\/\/schema.org\",\"@graph\":[{\"@type\":\"WebPage\",\"@id\":\"https:\/\/www.hestiahotels.com\/haapsaluspa\/fi\/blu-holm-ravintola\/\",\"url\":\"https:\/\/www.hestiahotels.com\/haapsaluspa\/fi\/blu-holm-ravintola\/\",\"name\":\"Blu Holm -ravintola |\u00a0Hestia Hotel Haapsalu Spa\",\"isPartOf\":{\"@id\":\"https:\/\/www.hestiahotels.com\/haapsaluspa\/#website\"},\"datePublished\":\"2024-01-17T04:53:14+00:00\",\"dateModified\":\"2026-01-13T09:33:28+00:00\",\"description\":\"Blu Holm resto pakub maitsvat l\u00f5una- ja \u00f5htus\u00f6\u00f6ki. Alati v\u00e4rske, puhtad maitsed ja v\u00e4rvilised road - tulemuseks on toit, mis on tulvil kontraste, kuid olemuselt rahulik ja harmooniline, just nagu eestlane isegi\",\"breadcrumb\":{\"@id\":\"https:\/\/www.hestiahotels.com\/haapsaluspa\/fi\/blu-holm-ravintola\/#breadcrumb\"},\"inLanguage\":\"fi\",\"potentialAction\":[{\"@type\":\"ReadAction\",\"target\":[\"https:\/\/www.hestiahotels.com\/haapsaluspa\/fi\/blu-holm-ravintola\/\"]}]},{\"@type\":\"BreadcrumbList\",\"@id\":\"https:\/\/www.hestiahotels.com\/haapsaluspa\/fi\/blu-holm-ravintola\/#breadcrumb\",\"itemListElement\":[{\"@type\":\"ListItem\",\"position\":1,\"name\":\"Home\",\"item\":\"https:\/\/www.hestiahotels.com\/haapsaluspa\/fi\/\"},{\"@type\":\"ListItem\",\"position\":2,\"name\":\"Blu Holm-ravintola\"}]},{\"@type\":\"WebSite\",\"@id\":\"https:\/\/www.hestiahotels.com\/haapsaluspa\/#website\",\"url\":\"https:\/\/www.hestiahotels.com\/haapsaluspa\/\",\"name\":\"Hestia Hotel Haapsalu Spa\",\"description\":\"Hestia Group\",\"potentialAction\":[{\"@type\":\"SearchAction\",\"target\":{\"@type\":\"EntryPoint\",\"urlTemplate\":\"https:\/\/www.hestiahotels.com\/haapsaluspa\/?s={search_term_string}\"},\"query-input\":{\"@type\":\"PropertyValueSpecification\",\"valueRequired\":true,\"valueName\":\"search_term_string\"}}],\"inLanguage\":\"fi\"}]}<\/script>\n<!-- \/ Yoast SEO plugin. -->","yoast_head_json":{"title":"Blu Holm -ravintola |\u00a0Hestia Hotel Haapsalu Spa","description":"Blu Holm resto pakub maitsvat l\u00f5una- ja \u00f5htus\u00f6\u00f6ki. Alati v\u00e4rske, puhtad maitsed ja v\u00e4rvilised road - tulemuseks on toit, mis on tulvil kontraste, kuid olemuselt rahulik ja harmooniline, just nagu eestlane isegi","robots":{"index":"index","follow":"follow","max-snippet":"max-snippet:-1","max-image-preview":"max-image-preview:large","max-video-preview":"max-video-preview:-1"},"canonical":"https:\/\/www.hestiahotels.com\/haapsaluspa\/fi\/blu-holm-ravintola\/","og_locale":"fi_FI","og_type":"article","og_title":"Blu Holm -ravintola |\u00a0Hestia Hotel Haapsalu Spa","og_description":"Blu Holm resto pakub maitsvat l\u00f5una- ja \u00f5htus\u00f6\u00f6ki. Alati v\u00e4rske, puhtad maitsed ja v\u00e4rvilised road - tulemuseks on toit, mis on tulvil kontraste, kuid olemuselt rahulik ja harmooniline, just nagu eestlane isegi","og_url":"https:\/\/www.hestiahotels.com\/haapsaluspa\/fi\/blu-holm-ravintola\/","og_site_name":"Hestia Hotel Haapsalu Spa","article_publisher":"https:\/\/www.facebook.com\/HaapsaluSpa","article_modified_time":"2026-01-13T09:33:28+00:00","twitter_card":"summary_large_image","twitter_misc":{"Arvioitu lukuaika":"2 minuuttia"},"schema":{"@context":"https:\/\/schema.org","@graph":[{"@type":"WebPage","@id":"https:\/\/www.hestiahotels.com\/haapsaluspa\/fi\/blu-holm-ravintola\/","url":"https:\/\/www.hestiahotels.com\/haapsaluspa\/fi\/blu-holm-ravintola\/","name":"Blu Holm -ravintola |\u00a0Hestia Hotel Haapsalu Spa","isPartOf":{"@id":"https:\/\/www.hestiahotels.com\/haapsaluspa\/#website"},"datePublished":"2024-01-17T04:53:14+00:00","dateModified":"2026-01-13T09:33:28+00:00","description":"Blu Holm resto pakub maitsvat l\u00f5una- ja \u00f5htus\u00f6\u00f6ki. Alati v\u00e4rske, puhtad maitsed ja v\u00e4rvilised road - tulemuseks on toit, mis on tulvil kontraste, kuid olemuselt rahulik ja harmooniline, just nagu eestlane isegi","breadcrumb":{"@id":"https:\/\/www.hestiahotels.com\/haapsaluspa\/fi\/blu-holm-ravintola\/#breadcrumb"},"inLanguage":"fi","potentialAction":[{"@type":"ReadAction","target":["https:\/\/www.hestiahotels.com\/haapsaluspa\/fi\/blu-holm-ravintola\/"]}]},{"@type":"BreadcrumbList","@id":"https:\/\/www.hestiahotels.com\/haapsaluspa\/fi\/blu-holm-ravintola\/#breadcrumb","itemListElement":[{"@type":"ListItem","position":1,"name":"Home","item":"https:\/\/www.hestiahotels.com\/haapsaluspa\/fi\/"},{"@type":"ListItem","position":2,"name":"Blu Holm-ravintola"}]},{"@type":"WebSite","@id":"https:\/\/www.hestiahotels.com\/haapsaluspa\/#website","url":"https:\/\/www.hestiahotels.com\/haapsaluspa\/","name":"Hestia Hotel Haapsalu Spa","description":"Hestia Group","potentialAction":[{"@type":"SearchAction","target":{"@type":"EntryPoint","urlTemplate":"https:\/\/www.hestiahotels.com\/haapsaluspa\/?s={search_term_string}"},"query-input":{"@type":"PropertyValueSpecification","valueRequired":true,"valueName":"search_term_string"}}],"inLanguage":"fi"}]}},"_links":{"self":[{"href":"https:\/\/www.hestiahotels.com\/haapsaluspa\/fi\/wp-json\/wp\/v2\/pages\/15678","targetHints":{"allow":["GET"]}}],"collection":[{"href":"https:\/\/www.hestiahotels.com\/haapsaluspa\/fi\/wp-json\/wp\/v2\/pages"}],"about":[{"href":"https:\/\/www.hestiahotels.com\/haapsaluspa\/fi\/wp-json\/wp\/v2\/types\/page"}],"author":[{"embeddable":true,"href":"https:\/\/www.hestiahotels.com\/haapsaluspa\/fi\/wp-json\/wp\/v2\/users\/49"}],"replies":[{"embeddable":true,"href":"https:\/\/www.hestiahotels.com\/haapsaluspa\/fi\/wp-json\/wp\/v2\/comments?post=15678"}],"version-history":[{"count":9,"href":"https:\/\/www.hestiahotels.com\/haapsaluspa\/fi\/wp-json\/wp\/v2\/pages\/15678\/revisions"}],"predecessor-version":[{"id":31932,"href":"https:\/\/www.hestiahotels.com\/haapsaluspa\/fi\/wp-json\/wp\/v2\/pages\/15678\/revisions\/31932"}],"wp:attachment":[{"href":"https:\/\/www.hestiahotels.com\/haapsaluspa\/fi\/wp-json\/wp\/v2\/media?parent=15678"}],"curies":[{"name":"wp","href":"https:\/\/api.w.org\/{rel}","templated":true}]}}