{"id":25667,"date":"2024-01-18T21:59:03","date_gmt":"2024-01-18T19:59:03","guid":{"rendered":"https:\/\/www.hestiahotels.com\/haapsaluspa\/?page_id=25667"},"modified":"2024-02-06T18:55:09","modified_gmt":"2024-02-06T16:55:09","slug":"pilates-videotreenit","status":"publish","type":"page","link":"https:\/\/www.hestiahotels.com\/haapsaluspa\/fi\/aktiiviloma\/pilates-videotreenit\/","title":{"rendered":"Pilates-videotreenit"},"content":{"rendered":"","protected":false},"excerpt":{"rendered":"<p>Vie kehosi ja mielesi rentoutuminen uudelle tasolle. Kerttu T\u00e4navan ohjaamien Pilates-harjoitusvideoiden kautta p\u00e4\u00e4set kohottamaan henkist\u00e4 ja fyysist\u00e4 kuntoasi hyvinvointikylpyl\u00e4ss\u00e4mme. 30 minuutin video tarjoaa eritt\u00e4in selke\u00e4t ohjeet ja selitykset eri harjoitusten oikein tekemiseen. Hyvinvointikylpyl\u00e4ss\u00e4 j\u00e4rjestet\u00e4\u00e4n videotreenej\u00e4 joka tasatunti klo 10.00-19.00.<\/p>\n","protected":false},"author":49,"featured_media":25673,"parent":27793,"menu_order":86,"comment_status":"closed","ping_status":"closed","template":"","meta":{"_acf_changed":false,"footnotes":""},"class_list":["post-25667","page","type-page","status-publish","has-post-thumbnail","hentry"],"acf":[],"yoast_head":"<!-- This site is optimized with the Yoast SEO plugin v27.2 - https:\/\/yoast.com\/product\/yoast-seo-wordpress\/ -->\n<title>Pilates-videotreenit | Hestia Hotel Haapsalu Spa |\u00a0Aktiiviloma<\/title>\n<meta name=\"description\" content=\"Kerttu T\u00e4navan ohjaamien Pilates-harjoitusvideoiden kautta p\u00e4\u00e4set kohottamaan henkist\u00e4 ja fyysist\u00e4 kuntoasi hyvinvointikylpyl\u00e4ss\u00e4mme.\" \/>\n<meta name=\"robots\" content=\"index, follow, max-snippet:-1, max-image-preview:large, max-video-preview:-1\" \/>\n<link rel=\"canonical\" href=\"https:\/\/www.hestiahotels.com\/haapsaluspa\/fi\/aktiiviloma\/pilates-videotreenit\/\" \/>\n<meta property=\"og:locale\" content=\"fi_FI\" \/>\n<meta property=\"og:type\" content=\"article\" \/>\n<meta property=\"og:title\" content=\"Pilates-videotreenit | Hestia Hotel Haapsalu Spa |\u00a0Aktiiviloma\" \/>\n<meta property=\"og:description\" content=\"Kerttu T\u00e4navan ohjaamien Pilates-harjoitusvideoiden kautta p\u00e4\u00e4set kohottamaan henkist\u00e4 ja fyysist\u00e4 kuntoasi hyvinvointikylpyl\u00e4ss\u00e4mme.\" \/>\n<meta property=\"og:url\" content=\"https:\/\/www.hestiahotels.com\/haapsaluspa\/fi\/aktiiviloma\/pilates-videotreenit\/\" \/>\n<meta property=\"og:site_name\" content=\"Hestia Hotel Haapsalu Spa\" \/>\n<meta property=\"article:publisher\" content=\"https:\/\/www.facebook.com\/HaapsaluSpa\" \/>\n<meta property=\"article:modified_time\" content=\"2024-02-06T16:55:09+00:00\" \/>\n<meta property=\"og:image\" content=\"https:\/\/www.hestiahotels.com\/wp-content\/uploads\/sites\/7\/2023\/02\/Hestia-pildid-1920x1080-Landscape-19.jpg\" \/>\n\t<meta property=\"og:image:width\" content=\"1920\" \/>\n\t<meta property=\"og:image:height\" content=\"1080\" \/>\n\t<meta property=\"og:image:type\" content=\"image\/jpeg\" \/>\n<meta name=\"twitter:card\" content=\"summary_large_image\" \/>\n<meta name=\"twitter:label1\" content=\"Arvioitu lukuaika\" \/>\n\t<meta name=\"twitter:data1\" content=\"2 minuuttia\" \/>\n<script type=\"application\/ld+json\" class=\"yoast-schema-graph\">{\"@context\":\"https:\/\/schema.org\",\"@graph\":[{\"@type\":\"WebPage\",\"@id\":\"https:\/\/www.hestiahotels.com\/haapsaluspa\/fi\/aktiiviloma\/pilates-videotreenit\/\",\"url\":\"https:\/\/www.hestiahotels.com\/haapsaluspa\/fi\/aktiiviloma\/pilates-videotreenit\/\",\"name\":\"Pilates-videotreenit | Hestia Hotel Haapsalu Spa |\u00a0Aktiiviloma\",\"isPartOf\":{\"@id\":\"https:\/\/www.hestiahotels.com\/haapsaluspa\/#website\"},\"primaryImageOfPage\":{\"@id\":\"https:\/\/www.hestiahotels.com\/haapsaluspa\/fi\/aktiiviloma\/pilates-videotreenit\/#primaryimage\"},\"image\":{\"@id\":\"https:\/\/www.hestiahotels.com\/haapsaluspa\/fi\/aktiiviloma\/pilates-videotreenit\/#primaryimage\"},\"thumbnailUrl\":\"\/wp-content\/uploads\/sites\/7\/2023\/02\/Hestia-pildid-1920x1080-Landscape-19.jpg\",\"datePublished\":\"2024-01-18T19:59:03+00:00\",\"dateModified\":\"2024-02-06T16:55:09+00:00\",\"description\":\"Kerttu T\u00e4navan ohjaamien Pilates-harjoitusvideoiden kautta p\u00e4\u00e4set kohottamaan henkist\u00e4 ja fyysist\u00e4 kuntoasi hyvinvointikylpyl\u00e4ss\u00e4mme.\",\"breadcrumb\":{\"@id\":\"https:\/\/www.hestiahotels.com\/haapsaluspa\/fi\/aktiiviloma\/pilates-videotreenit\/#breadcrumb\"},\"inLanguage\":\"fi\",\"potentialAction\":[{\"@type\":\"ReadAction\",\"target\":[\"https:\/\/www.hestiahotels.com\/haapsaluspa\/fi\/aktiiviloma\/pilates-videotreenit\/\"]}]},{\"@type\":\"ImageObject\",\"inLanguage\":\"fi\",\"@id\":\"https:\/\/www.hestiahotels.com\/haapsaluspa\/fi\/aktiiviloma\/pilates-videotreenit\/#primaryimage\",\"url\":\"\/wp-content\/uploads\/sites\/7\/2023\/02\/Hestia-pildid-1920x1080-Landscape-19.jpg\",\"contentUrl\":\"\/wp-content\/uploads\/sites\/7\/2023\/02\/Hestia-pildid-1920x1080-Landscape-19.jpg\",\"width\":1920,\"height\":1080},{\"@type\":\"BreadcrumbList\",\"@id\":\"https:\/\/www.hestiahotels.com\/haapsaluspa\/fi\/aktiiviloma\/pilates-videotreenit\/#breadcrumb\",\"itemListElement\":[{\"@type\":\"ListItem\",\"position\":1,\"name\":\"Home\",\"item\":\"https:\/\/www.hestiahotels.com\/haapsaluspa\/fi\/\"},{\"@type\":\"ListItem\",\"position\":2,\"name\":\"Aktiiviloma\",\"item\":\"https:\/\/www.hestiahotels.com\/haapsaluspa\/fi\/aktiiviloma\/\"},{\"@type\":\"ListItem\",\"position\":3,\"name\":\"Pilates-videotreenit\"}]},{\"@type\":\"WebSite\",\"@id\":\"https:\/\/www.hestiahotels.com\/haapsaluspa\/#website\",\"url\":\"https:\/\/www.hestiahotels.com\/haapsaluspa\/\",\"name\":\"Hestia Hotel Haapsalu Spa\",\"description\":\"Hestia Group\",\"potentialAction\":[{\"@type\":\"SearchAction\",\"target\":{\"@type\":\"EntryPoint\",\"urlTemplate\":\"https:\/\/www.hestiahotels.com\/haapsaluspa\/?s={search_term_string}\"},\"query-input\":{\"@type\":\"PropertyValueSpecification\",\"valueRequired\":true,\"valueName\":\"search_term_string\"}}],\"inLanguage\":\"fi\"}]}<\/script>\n<!-- \/ Yoast SEO plugin. -->","yoast_head_json":{"title":"Pilates-videotreenit | Hestia Hotel Haapsalu Spa |\u00a0Aktiiviloma","description":"Kerttu T\u00e4navan ohjaamien Pilates-harjoitusvideoiden kautta p\u00e4\u00e4set kohottamaan henkist\u00e4 ja fyysist\u00e4 kuntoasi hyvinvointikylpyl\u00e4ss\u00e4mme.","robots":{"index":"index","follow":"follow","max-snippet":"max-snippet:-1","max-image-preview":"max-image-preview:large","max-video-preview":"max-video-preview:-1"},"canonical":"https:\/\/www.hestiahotels.com\/haapsaluspa\/fi\/aktiiviloma\/pilates-videotreenit\/","og_locale":"fi_FI","og_type":"article","og_title":"Pilates-videotreenit | Hestia Hotel Haapsalu Spa |\u00a0Aktiiviloma","og_description":"Kerttu T\u00e4navan ohjaamien Pilates-harjoitusvideoiden kautta p\u00e4\u00e4set kohottamaan henkist\u00e4 ja fyysist\u00e4 kuntoasi hyvinvointikylpyl\u00e4ss\u00e4mme.","og_url":"https:\/\/www.hestiahotels.com\/haapsaluspa\/fi\/aktiiviloma\/pilates-videotreenit\/","og_site_name":"Hestia Hotel Haapsalu Spa","article_publisher":"https:\/\/www.facebook.com\/HaapsaluSpa","article_modified_time":"2024-02-06T16:55:09+00:00","og_image":[{"width":1920,"height":1080,"url":"https:\/\/www.hestiahotels.com\/wp-content\/uploads\/sites\/7\/2023\/02\/Hestia-pildid-1920x1080-Landscape-19.jpg","type":"image\/jpeg"}],"twitter_card":"summary_large_image","twitter_misc":{"Arvioitu lukuaika":"2 minuuttia"},"schema":{"@context":"https:\/\/schema.org","@graph":[{"@type":"WebPage","@id":"https:\/\/www.hestiahotels.com\/haapsaluspa\/fi\/aktiiviloma\/pilates-videotreenit\/","url":"https:\/\/www.hestiahotels.com\/haapsaluspa\/fi\/aktiiviloma\/pilates-videotreenit\/","name":"Pilates-videotreenit | Hestia Hotel Haapsalu Spa |\u00a0Aktiiviloma","isPartOf":{"@id":"https:\/\/www.hestiahotels.com\/haapsaluspa\/#website"},"primaryImageOfPage":{"@id":"https:\/\/www.hestiahotels.com\/haapsaluspa\/fi\/aktiiviloma\/pilates-videotreenit\/#primaryimage"},"image":{"@id":"https:\/\/www.hestiahotels.com\/haapsaluspa\/fi\/aktiiviloma\/pilates-videotreenit\/#primaryimage"},"thumbnailUrl":"\/wp-content\/uploads\/sites\/7\/2023\/02\/Hestia-pildid-1920x1080-Landscape-19.jpg","datePublished":"2024-01-18T19:59:03+00:00","dateModified":"2024-02-06T16:55:09+00:00","description":"Kerttu T\u00e4navan ohjaamien Pilates-harjoitusvideoiden kautta p\u00e4\u00e4set kohottamaan henkist\u00e4 ja fyysist\u00e4 kuntoasi hyvinvointikylpyl\u00e4ss\u00e4mme.","breadcrumb":{"@id":"https:\/\/www.hestiahotels.com\/haapsaluspa\/fi\/aktiiviloma\/pilates-videotreenit\/#breadcrumb"},"inLanguage":"fi","potentialAction":[{"@type":"ReadAction","target":["https:\/\/www.hestiahotels.com\/haapsaluspa\/fi\/aktiiviloma\/pilates-videotreenit\/"]}]},{"@type":"ImageObject","inLanguage":"fi","@id":"https:\/\/www.hestiahotels.com\/haapsaluspa\/fi\/aktiiviloma\/pilates-videotreenit\/#primaryimage","url":"\/wp-content\/uploads\/sites\/7\/2023\/02\/Hestia-pildid-1920x1080-Landscape-19.jpg","contentUrl":"\/wp-content\/uploads\/sites\/7\/2023\/02\/Hestia-pildid-1920x1080-Landscape-19.jpg","width":1920,"height":1080},{"@type":"BreadcrumbList","@id":"https:\/\/www.hestiahotels.com\/haapsaluspa\/fi\/aktiiviloma\/pilates-videotreenit\/#breadcrumb","itemListElement":[{"@type":"ListItem","position":1,"name":"Home","item":"https:\/\/www.hestiahotels.com\/haapsaluspa\/fi\/"},{"@type":"ListItem","position":2,"name":"Aktiiviloma","item":"https:\/\/www.hestiahotels.com\/haapsaluspa\/fi\/aktiiviloma\/"},{"@type":"ListItem","position":3,"name":"Pilates-videotreenit"}]},{"@type":"WebSite","@id":"https:\/\/www.hestiahotels.com\/haapsaluspa\/#website","url":"https:\/\/www.hestiahotels.com\/haapsaluspa\/","name":"Hestia Hotel Haapsalu Spa","description":"Hestia Group","potentialAction":[{"@type":"SearchAction","target":{"@type":"EntryPoint","urlTemplate":"https:\/\/www.hestiahotels.com\/haapsaluspa\/?s={search_term_string}"},"query-input":{"@type":"PropertyValueSpecification","valueRequired":true,"valueName":"search_term_string"}}],"inLanguage":"fi"}]}},"_links":{"self":[{"href":"https:\/\/www.hestiahotels.com\/haapsaluspa\/fi\/wp-json\/wp\/v2\/pages\/25667","targetHints":{"allow":["GET"]}}],"collection":[{"href":"https:\/\/www.hestiahotels.com\/haapsaluspa\/fi\/wp-json\/wp\/v2\/pages"}],"about":[{"href":"https:\/\/www.hestiahotels.com\/haapsaluspa\/fi\/wp-json\/wp\/v2\/types\/page"}],"author":[{"embeddable":true,"href":"https:\/\/www.hestiahotels.com\/haapsaluspa\/fi\/wp-json\/wp\/v2\/users\/49"}],"replies":[{"embeddable":true,"href":"https:\/\/www.hestiahotels.com\/haapsaluspa\/fi\/wp-json\/wp\/v2\/comments?post=25667"}],"version-history":[{"count":3,"href":"https:\/\/www.hestiahotels.com\/haapsaluspa\/fi\/wp-json\/wp\/v2\/pages\/25667\/revisions"}],"predecessor-version":[{"id":28470,"href":"https:\/\/www.hestiahotels.com\/haapsaluspa\/fi\/wp-json\/wp\/v2\/pages\/25667\/revisions\/28470"}],"up":[{"embeddable":true,"href":"https:\/\/www.hestiahotels.com\/haapsaluspa\/fi\/wp-json\/wp\/v2\/pages\/27793"}],"wp:featuredmedia":[{"embeddable":true,"href":"https:\/\/www.hestiahotels.com\/haapsaluspa\/fi\/wp-json\/wp\/v2\/media\/25673"}],"wp:attachment":[{"href":"https:\/\/www.hestiahotels.com\/haapsaluspa\/fi\/wp-json\/wp\/v2\/media?parent=25667"}],"curies":[{"name":"wp","href":"https:\/\/api.w.org\/{rel}","templated":true}]}}