{"id":29381,"date":"2024-09-19T12:07:15","date_gmt":"2024-09-19T09:07:15","guid":{"rendered":"https:\/\/www.hestiahotels.com\/haapsaluspa\/?page_id=29381"},"modified":"2025-07-01T11:38:25","modified_gmt":"2025-07-01T08:38:25","slug":"kuukauden-tarjous","status":"publish","type":"page","link":"https:\/\/www.hestiahotels.com\/haapsaluspa\/fi\/kuukauden-tarjous\/","title":{"rendered":"Kuukauden tarjous"},"content":{"rendered":"","protected":false},"excerpt":{"rendered":"","protected":false},"author":49,"featured_media":0,"parent":0,"menu_order":69,"comment_status":"closed","ping_status":"closed","template":"","meta":{"_acf_changed":false,"footnotes":""},"class_list":["post-29381","page","type-page","status-publish","hentry"],"acf":[],"yoast_head":"<!-- This site is optimized with the Yoast SEO plugin v27.2 - https:\/\/yoast.com\/product\/yoast-seo-wordpress\/ -->\n<title>Kuukauden tarjous | Hestia Hotel Haapsalu Spa<\/title>\n<meta name=\"description\" content=\"Rullahieronta stimuloi imusuonistoa toimintaa, mik\u00e4 auttaa poistamaan kehosta kertyneit\u00e4 myrkkyj\u00e4 ja parantaa aineenvaihduntaa, v\u00e4hent\u00e4\u00e4 kudosten turvotusta ja auttaa taistelemaan imusuonistoon h\u00e4iri\u00f6it\u00e4 vastaan, kuten selluliittia. S\u00e4\u00e4nn\u00f6lliset rullahierontahoidot auttavat my\u00f6s poistamaan aineenvaihdunnan h\u00e4iri\u00f6it\u00e4. Edell\u00e4 mainittujen lis\u00e4ksi rullahieronta antaa kehol miellytt\u00e4v\u00e4n rentoutuneen ja hyv\u00e4n olon.\" \/>\n<meta name=\"robots\" content=\"index, follow, max-snippet:-1, max-image-preview:large, max-video-preview:-1\" \/>\n<link rel=\"canonical\" href=\"https:\/\/www.hestiahotels.com\/haapsaluspa\/fi\/kuukauden-tarjous\/\" \/>\n<meta property=\"og:locale\" content=\"fi_FI\" \/>\n<meta property=\"og:type\" content=\"article\" \/>\n<meta property=\"og:title\" content=\"Kuukauden tarjous | Hestia Hotel Haapsalu Spa\" \/>\n<meta property=\"og:description\" content=\"Rullahieronta stimuloi imusuonistoa toimintaa, mik\u00e4 auttaa poistamaan kehosta kertyneit\u00e4 myrkkyj\u00e4 ja parantaa aineenvaihduntaa, v\u00e4hent\u00e4\u00e4 kudosten turvotusta ja auttaa taistelemaan imusuonistoon h\u00e4iri\u00f6it\u00e4 vastaan, kuten selluliittia. S\u00e4\u00e4nn\u00f6lliset rullahierontahoidot auttavat my\u00f6s poistamaan aineenvaihdunnan h\u00e4iri\u00f6it\u00e4. Edell\u00e4 mainittujen lis\u00e4ksi rullahieronta antaa kehol miellytt\u00e4v\u00e4n rentoutuneen ja hyv\u00e4n olon.\" \/>\n<meta property=\"og:url\" content=\"https:\/\/www.hestiahotels.com\/haapsaluspa\/fi\/kuukauden-tarjous\/\" \/>\n<meta property=\"og:site_name\" content=\"Hestia Hotel Haapsalu Spa\" \/>\n<meta property=\"article:publisher\" content=\"https:\/\/www.facebook.com\/HaapsaluSpa\" \/>\n<meta property=\"article:modified_time\" content=\"2025-07-01T08:38:25+00:00\" \/>\n<meta name=\"twitter:card\" content=\"summary_large_image\" \/>\n<meta name=\"twitter:label1\" content=\"Arvioitu lukuaika\" \/>\n\t<meta name=\"twitter:data1\" content=\"1 minuutti\" \/>\n<script type=\"application\/ld+json\" class=\"yoast-schema-graph\">{\"@context\":\"https:\/\/schema.org\",\"@graph\":[{\"@type\":\"WebPage\",\"@id\":\"https:\/\/www.hestiahotels.com\/haapsaluspa\/fi\/kuukauden-tarjous\/\",\"url\":\"https:\/\/www.hestiahotels.com\/haapsaluspa\/fi\/kuukauden-tarjous\/\",\"name\":\"Kuukauden tarjous | Hestia Hotel Haapsalu Spa\",\"isPartOf\":{\"@id\":\"https:\/\/www.hestiahotels.com\/haapsaluspa\/#website\"},\"datePublished\":\"2024-09-19T09:07:15+00:00\",\"dateModified\":\"2025-07-01T08:38:25+00:00\",\"description\":\"Rullahieronta stimuloi imusuonistoa toimintaa, mik\u00e4 auttaa poistamaan kehosta kertyneit\u00e4 myrkkyj\u00e4 ja parantaa aineenvaihduntaa, v\u00e4hent\u00e4\u00e4 kudosten turvotusta ja auttaa taistelemaan imusuonistoon h\u00e4iri\u00f6it\u00e4 vastaan, kuten selluliittia. S\u00e4\u00e4nn\u00f6lliset rullahierontahoidot auttavat my\u00f6s poistamaan aineenvaihdunnan h\u00e4iri\u00f6it\u00e4. Edell\u00e4 mainittujen lis\u00e4ksi rullahieronta antaa kehol miellytt\u00e4v\u00e4n rentoutuneen ja hyv\u00e4n olon.\",\"breadcrumb\":{\"@id\":\"https:\/\/www.hestiahotels.com\/haapsaluspa\/fi\/kuukauden-tarjous\/#breadcrumb\"},\"inLanguage\":\"fi\",\"potentialAction\":[{\"@type\":\"ReadAction\",\"target\":[\"https:\/\/www.hestiahotels.com\/haapsaluspa\/fi\/kuukauden-tarjous\/\"]}]},{\"@type\":\"BreadcrumbList\",\"@id\":\"https:\/\/www.hestiahotels.com\/haapsaluspa\/fi\/kuukauden-tarjous\/#breadcrumb\",\"itemListElement\":[{\"@type\":\"ListItem\",\"position\":1,\"name\":\"Home\",\"item\":\"https:\/\/www.hestiahotels.com\/haapsaluspa\/fi\/\"},{\"@type\":\"ListItem\",\"position\":2,\"name\":\"Kuukauden tarjous\"}]},{\"@type\":\"WebSite\",\"@id\":\"https:\/\/www.hestiahotels.com\/haapsaluspa\/#website\",\"url\":\"https:\/\/www.hestiahotels.com\/haapsaluspa\/\",\"name\":\"Hestia Hotel Haapsalu Spa\",\"description\":\"Hestia Group\",\"potentialAction\":[{\"@type\":\"SearchAction\",\"target\":{\"@type\":\"EntryPoint\",\"urlTemplate\":\"https:\/\/www.hestiahotels.com\/haapsaluspa\/?s={search_term_string}\"},\"query-input\":{\"@type\":\"PropertyValueSpecification\",\"valueRequired\":true,\"valueName\":\"search_term_string\"}}],\"inLanguage\":\"fi\"}]}<\/script>\n<!-- \/ Yoast SEO plugin. -->","yoast_head_json":{"title":"Kuukauden tarjous | Hestia Hotel Haapsalu Spa","description":"Rullahieronta stimuloi imusuonistoa toimintaa, mik\u00e4 auttaa poistamaan kehosta kertyneit\u00e4 myrkkyj\u00e4 ja parantaa aineenvaihduntaa, v\u00e4hent\u00e4\u00e4 kudosten turvotusta ja auttaa taistelemaan imusuonistoon h\u00e4iri\u00f6it\u00e4 vastaan, kuten selluliittia. S\u00e4\u00e4nn\u00f6lliset rullahierontahoidot auttavat my\u00f6s poistamaan aineenvaihdunnan h\u00e4iri\u00f6it\u00e4. Edell\u00e4 mainittujen lis\u00e4ksi rullahieronta antaa kehol miellytt\u00e4v\u00e4n rentoutuneen ja hyv\u00e4n olon.","robots":{"index":"index","follow":"follow","max-snippet":"max-snippet:-1","max-image-preview":"max-image-preview:large","max-video-preview":"max-video-preview:-1"},"canonical":"https:\/\/www.hestiahotels.com\/haapsaluspa\/fi\/kuukauden-tarjous\/","og_locale":"fi_FI","og_type":"article","og_title":"Kuukauden tarjous | Hestia Hotel Haapsalu Spa","og_description":"Rullahieronta stimuloi imusuonistoa toimintaa, mik\u00e4 auttaa poistamaan kehosta kertyneit\u00e4 myrkkyj\u00e4 ja parantaa aineenvaihduntaa, v\u00e4hent\u00e4\u00e4 kudosten turvotusta ja auttaa taistelemaan imusuonistoon h\u00e4iri\u00f6it\u00e4 vastaan, kuten selluliittia. S\u00e4\u00e4nn\u00f6lliset rullahierontahoidot auttavat my\u00f6s poistamaan aineenvaihdunnan h\u00e4iri\u00f6it\u00e4. Edell\u00e4 mainittujen lis\u00e4ksi rullahieronta antaa kehol miellytt\u00e4v\u00e4n rentoutuneen ja hyv\u00e4n olon.","og_url":"https:\/\/www.hestiahotels.com\/haapsaluspa\/fi\/kuukauden-tarjous\/","og_site_name":"Hestia Hotel Haapsalu Spa","article_publisher":"https:\/\/www.facebook.com\/HaapsaluSpa","article_modified_time":"2025-07-01T08:38:25+00:00","twitter_card":"summary_large_image","twitter_misc":{"Arvioitu lukuaika":"1 minuutti"},"schema":{"@context":"https:\/\/schema.org","@graph":[{"@type":"WebPage","@id":"https:\/\/www.hestiahotels.com\/haapsaluspa\/fi\/kuukauden-tarjous\/","url":"https:\/\/www.hestiahotels.com\/haapsaluspa\/fi\/kuukauden-tarjous\/","name":"Kuukauden tarjous | Hestia Hotel Haapsalu Spa","isPartOf":{"@id":"https:\/\/www.hestiahotels.com\/haapsaluspa\/#website"},"datePublished":"2024-09-19T09:07:15+00:00","dateModified":"2025-07-01T08:38:25+00:00","description":"Rullahieronta stimuloi imusuonistoa toimintaa, mik\u00e4 auttaa poistamaan kehosta kertyneit\u00e4 myrkkyj\u00e4 ja parantaa aineenvaihduntaa, v\u00e4hent\u00e4\u00e4 kudosten turvotusta ja auttaa taistelemaan imusuonistoon h\u00e4iri\u00f6it\u00e4 vastaan, kuten selluliittia. S\u00e4\u00e4nn\u00f6lliset rullahierontahoidot auttavat my\u00f6s poistamaan aineenvaihdunnan h\u00e4iri\u00f6it\u00e4. Edell\u00e4 mainittujen lis\u00e4ksi rullahieronta antaa kehol miellytt\u00e4v\u00e4n rentoutuneen ja hyv\u00e4n olon.","breadcrumb":{"@id":"https:\/\/www.hestiahotels.com\/haapsaluspa\/fi\/kuukauden-tarjous\/#breadcrumb"},"inLanguage":"fi","potentialAction":[{"@type":"ReadAction","target":["https:\/\/www.hestiahotels.com\/haapsaluspa\/fi\/kuukauden-tarjous\/"]}]},{"@type":"BreadcrumbList","@id":"https:\/\/www.hestiahotels.com\/haapsaluspa\/fi\/kuukauden-tarjous\/#breadcrumb","itemListElement":[{"@type":"ListItem","position":1,"name":"Home","item":"https:\/\/www.hestiahotels.com\/haapsaluspa\/fi\/"},{"@type":"ListItem","position":2,"name":"Kuukauden tarjous"}]},{"@type":"WebSite","@id":"https:\/\/www.hestiahotels.com\/haapsaluspa\/#website","url":"https:\/\/www.hestiahotels.com\/haapsaluspa\/","name":"Hestia Hotel Haapsalu Spa","description":"Hestia Group","potentialAction":[{"@type":"SearchAction","target":{"@type":"EntryPoint","urlTemplate":"https:\/\/www.hestiahotels.com\/haapsaluspa\/?s={search_term_string}"},"query-input":{"@type":"PropertyValueSpecification","valueRequired":true,"valueName":"search_term_string"}}],"inLanguage":"fi"}]}},"_links":{"self":[{"href":"https:\/\/www.hestiahotels.com\/haapsaluspa\/fi\/wp-json\/wp\/v2\/pages\/29381","targetHints":{"allow":["GET"]}}],"collection":[{"href":"https:\/\/www.hestiahotels.com\/haapsaluspa\/fi\/wp-json\/wp\/v2\/pages"}],"about":[{"href":"https:\/\/www.hestiahotels.com\/haapsaluspa\/fi\/wp-json\/wp\/v2\/types\/page"}],"author":[{"embeddable":true,"href":"https:\/\/www.hestiahotels.com\/haapsaluspa\/fi\/wp-json\/wp\/v2\/users\/49"}],"replies":[{"embeddable":true,"href":"https:\/\/www.hestiahotels.com\/haapsaluspa\/fi\/wp-json\/wp\/v2\/comments?post=29381"}],"version-history":[{"count":7,"href":"https:\/\/www.hestiahotels.com\/haapsaluspa\/fi\/wp-json\/wp\/v2\/pages\/29381\/revisions"}],"predecessor-version":[{"id":31089,"href":"https:\/\/www.hestiahotels.com\/haapsaluspa\/fi\/wp-json\/wp\/v2\/pages\/29381\/revisions\/31089"}],"wp:attachment":[{"href":"https:\/\/www.hestiahotels.com\/haapsaluspa\/fi\/wp-json\/wp\/v2\/media?parent=29381"}],"curies":[{"name":"wp","href":"https:\/\/api.w.org\/{rel}","templated":true}]}}