{"id":27993,"date":"2022-03-09T10:44:21","date_gmt":"2022-03-09T08:44:21","guid":{"rendered":"https:\/\/www.hestiahotels.com\/haapsaluspa\/toode\/ravimuda-turba-turjamassaaz\/"},"modified":"2025-12-01T06:35:14","modified_gmt":"2025-12-01T04:35:14","slug":"muta-turve-niska-ja-hartia-alueen-hieronta","status":"publish","type":"product","link":"https:\/\/www.hestiahotels.com\/haapsaluspa\/fi\/toode\/muta-turve-niska-ja-hartia-alueen-hieronta\/","title":{"rendered":"Muta-turve niska- ja hartia-alueen hieronta"},"content":{"rendered":"","protected":false},"excerpt":{"rendered":"<p>Ensin niskan ja hartioiden alue peitet\u00e4\u00e4n muta-turve-hauteella. Muta-turve-sekoitus on eritt\u00e4in tehokas yhdistelm\u00e4, jossa eri ainesosat vahvistavat toisiaan. Mudan ja turpeen yhdistelm\u00e4 lievitt\u00e4\u00e4 tulehdusta ja kipua sek\u00e4 j\u00e4nnityst\u00e4. Hoito p\u00e4\u00e4ttyy niska- ja hartia-alueen hierontaan virolaisella l\u00e4\u00e4kemutahierontavoiteella, joka auttaa v\u00e4hent\u00e4m\u00e4\u00e4n kivun tunnetta ja pident\u00e4\u00e4 hieronnan positiivista vaikutusta. Hoito sopii ihanteellisesti ihmiselle, jolla niskakipuja ja niihin liittyvi\u00e4 ongelmia on ilmennyt jatkuvan \u00e4lylaitteiden ja tietokoneella katselun aiheuttaman pakkoasennon takia. Pidenn\u00e4 hieronnan iloa 15 minuutilla 16 \u20ac.<\/p>\n","protected":false},"featured_media":30671,"template":"","meta":{"_acf_changed":false},"product_brand":[],"product_cat":[87,204],"product_tag":[],"class_list":{"0":"post-27993","1":"product","2":"type-product","3":"status-publish","4":"has-post-thumbnail","6":"product_cat-hieronnat","7":"product_cat-muta-terapia","9":"first","10":"instock","11":"shipping-taxable","12":"purchasable","13":"product-type-simple"},"acf":[],"yoast_head":"<!-- This site is optimized with the Yoast SEO plugin v27.2 - https:\/\/yoast.com\/product\/yoast-seo-wordpress\/ -->\n<title>Muta-turve niska- ja hartia-alueen hieronta | Hestia Hotel Haapsalu Spa<\/title>\n<meta name=\"robots\" content=\"index, follow, max-snippet:-1, max-image-preview:large, max-video-preview:-1\" \/>\n<link rel=\"canonical\" href=\"https:\/\/www.hestiahotels.com\/haapsaluspa\/fi\/toode\/muta-turve-niska-ja-hartia-alueen-hieronta\/\" \/>\n<meta property=\"og:locale\" content=\"fi_FI\" \/>\n<meta property=\"og:type\" content=\"article\" \/>\n<meta property=\"og:title\" content=\"Muta-turve niska- ja hartia-alueen hieronta | Hestia Hotel Haapsalu Spa\" \/>\n<meta property=\"og:description\" content=\"Ensin niskan ja hartioiden alue peitet\u00e4\u00e4n muta-turve-hauteella. Muta-turve-sekoitus on eritt\u00e4in tehokas yhdistelm\u00e4, jossa eri ainesosat vahvistavat toisiaan. Mudan ja turpeen yhdistelm\u00e4 lievitt\u00e4\u00e4 tulehdusta ja kipua sek\u00e4 j\u00e4nnityst\u00e4. Hoito p\u00e4\u00e4ttyy niska- ja hartia-alueen hierontaan virolaisella l\u00e4\u00e4kemutahierontavoiteella, joka auttaa v\u00e4hent\u00e4m\u00e4\u00e4n kivun tunnetta ja pident\u00e4\u00e4 hieronnan positiivista vaikutusta. Hoito sopii ihanteellisesti ihmiselle, jolla niskakipuja ja niihin liittyvi\u00e4 ongelmia on ilmennyt jatkuvan \u00e4lylaitteiden ja tietokoneella katselun aiheuttaman pakkoasennon takia. Pidenn\u00e4 hieronnan iloa 15 minuutilla 16 \u20ac.\" \/>\n<meta property=\"og:url\" content=\"https:\/\/www.hestiahotels.com\/haapsaluspa\/fi\/toode\/muta-turve-niska-ja-hartia-alueen-hieronta\/\" \/>\n<meta property=\"og:site_name\" content=\"Hestia Hotel Haapsalu Spa\" \/>\n<meta property=\"article:publisher\" content=\"https:\/\/www.facebook.com\/HaapsaluSpa\" \/>\n<meta property=\"article:modified_time\" content=\"2025-12-01T04:35:14+00:00\" \/>\n<meta property=\"og:image\" content=\"https:\/\/www.hestiahotels.com\/wp-content\/uploads\/sites\/7\/2022\/03\/Ravimuda-turba-turjamassaaz.jpg\" \/>\n\t<meta property=\"og:image:width\" content=\"1920\" \/>\n\t<meta property=\"og:image:height\" content=\"1080\" \/>\n\t<meta property=\"og:image:type\" content=\"image\/jpeg\" \/>\n<meta name=\"twitter:card\" content=\"summary_large_image\" \/>\n<meta name=\"twitter:label1\" content=\"Arvioitu lukuaika\" \/>\n\t<meta name=\"twitter:data1\" content=\"1 minuutti\" \/>\n<script type=\"application\/ld+json\" class=\"yoast-schema-graph\">{\"@context\":\"https:\/\/schema.org\",\"@graph\":[{\"@type\":\"WebPage\",\"@id\":\"https:\/\/www.hestiahotels.com\/haapsaluspa\/fi\/toode\/muta-turve-niska-ja-hartia-alueen-hieronta\/\",\"url\":\"https:\/\/www.hestiahotels.com\/haapsaluspa\/fi\/toode\/muta-turve-niska-ja-hartia-alueen-hieronta\/\",\"name\":\"Muta-turve niska- ja hartia-alueen hieronta | Hestia Hotel Haapsalu Spa\",\"isPartOf\":{\"@id\":\"https:\/\/www.hestiahotels.com\/haapsaluspa\/#website\"},\"primaryImageOfPage\":{\"@id\":\"https:\/\/www.hestiahotels.com\/haapsaluspa\/fi\/toode\/muta-turve-niska-ja-hartia-alueen-hieronta\/#primaryimage\"},\"image\":{\"@id\":\"https:\/\/www.hestiahotels.com\/haapsaluspa\/fi\/toode\/muta-turve-niska-ja-hartia-alueen-hieronta\/#primaryimage\"},\"thumbnailUrl\":\"\/wp-content\/uploads\/sites\/7\/2022\/03\/Ravimuda-turba-turjamassaaz.jpg\",\"datePublished\":\"2022-03-09T08:44:21+00:00\",\"dateModified\":\"2025-12-01T04:35:14+00:00\",\"breadcrumb\":{\"@id\":\"https:\/\/www.hestiahotels.com\/haapsaluspa\/fi\/toode\/muta-turve-niska-ja-hartia-alueen-hieronta\/#breadcrumb\"},\"inLanguage\":\"fi\",\"potentialAction\":[{\"@type\":\"ReadAction\",\"target\":[\"https:\/\/www.hestiahotels.com\/haapsaluspa\/fi\/toode\/muta-turve-niska-ja-hartia-alueen-hieronta\/\"]}]},{\"@type\":\"ImageObject\",\"inLanguage\":\"fi\",\"@id\":\"https:\/\/www.hestiahotels.com\/haapsaluspa\/fi\/toode\/muta-turve-niska-ja-hartia-alueen-hieronta\/#primaryimage\",\"url\":\"\/wp-content\/uploads\/sites\/7\/2022\/03\/Ravimuda-turba-turjamassaaz.jpg\",\"contentUrl\":\"\/wp-content\/uploads\/sites\/7\/2022\/03\/Ravimuda-turba-turjamassaaz.jpg\",\"width\":1920,\"height\":1080},{\"@type\":\"BreadcrumbList\",\"@id\":\"https:\/\/www.hestiahotels.com\/haapsaluspa\/fi\/toode\/muta-turve-niska-ja-hartia-alueen-hieronta\/#breadcrumb\",\"itemListElement\":[{\"@type\":\"ListItem\",\"position\":1,\"name\":\"Home\",\"item\":\"https:\/\/www.hestiahotels.com\/haapsaluspa\/fi\/\"},{\"@type\":\"ListItem\",\"position\":2,\"name\":\"Hibiscus spa hoidot\",\"item\":\"https:\/\/www.hestiahotels.com\/haapsaluspa\/fi\/hibiscus-spa-hoidot\/\"},{\"@type\":\"ListItem\",\"position\":3,\"name\":\"Muta-turve niska- ja hartia-alueen hieronta\"}]},{\"@type\":\"WebSite\",\"@id\":\"https:\/\/www.hestiahotels.com\/haapsaluspa\/#website\",\"url\":\"https:\/\/www.hestiahotels.com\/haapsaluspa\/\",\"name\":\"Hestia Hotel Haapsalu Spa\",\"description\":\"Hestia Group\",\"potentialAction\":[{\"@type\":\"SearchAction\",\"target\":{\"@type\":\"EntryPoint\",\"urlTemplate\":\"https:\/\/www.hestiahotels.com\/haapsaluspa\/?s={search_term_string}\"},\"query-input\":{\"@type\":\"PropertyValueSpecification\",\"valueRequired\":true,\"valueName\":\"search_term_string\"}}],\"inLanguage\":\"fi\"}]}<\/script>\n<!-- \/ Yoast SEO plugin. -->","yoast_head_json":{"title":"Muta-turve niska- ja hartia-alueen hieronta | Hestia Hotel Haapsalu Spa","robots":{"index":"index","follow":"follow","max-snippet":"max-snippet:-1","max-image-preview":"max-image-preview:large","max-video-preview":"max-video-preview:-1"},"canonical":"https:\/\/www.hestiahotels.com\/haapsaluspa\/fi\/toode\/muta-turve-niska-ja-hartia-alueen-hieronta\/","og_locale":"fi_FI","og_type":"article","og_title":"Muta-turve niska- ja hartia-alueen hieronta | Hestia Hotel Haapsalu Spa","og_description":"Ensin niskan ja hartioiden alue peitet\u00e4\u00e4n muta-turve-hauteella. Muta-turve-sekoitus on eritt\u00e4in tehokas yhdistelm\u00e4, jossa eri ainesosat vahvistavat toisiaan. Mudan ja turpeen yhdistelm\u00e4 lievitt\u00e4\u00e4 tulehdusta ja kipua sek\u00e4 j\u00e4nnityst\u00e4. Hoito p\u00e4\u00e4ttyy niska- ja hartia-alueen hierontaan virolaisella l\u00e4\u00e4kemutahierontavoiteella, joka auttaa v\u00e4hent\u00e4m\u00e4\u00e4n kivun tunnetta ja pident\u00e4\u00e4 hieronnan positiivista vaikutusta. Hoito sopii ihanteellisesti ihmiselle, jolla niskakipuja ja niihin liittyvi\u00e4 ongelmia on ilmennyt jatkuvan \u00e4lylaitteiden ja tietokoneella katselun aiheuttaman pakkoasennon takia. Pidenn\u00e4 hieronnan iloa 15 minuutilla 16 \u20ac.","og_url":"https:\/\/www.hestiahotels.com\/haapsaluspa\/fi\/toode\/muta-turve-niska-ja-hartia-alueen-hieronta\/","og_site_name":"Hestia Hotel Haapsalu Spa","article_publisher":"https:\/\/www.facebook.com\/HaapsaluSpa","article_modified_time":"2025-12-01T04:35:14+00:00","og_image":[{"width":1920,"height":1080,"url":"https:\/\/www.hestiahotels.com\/wp-content\/uploads\/sites\/7\/2022\/03\/Ravimuda-turba-turjamassaaz.jpg","type":"image\/jpeg"}],"twitter_card":"summary_large_image","twitter_misc":{"Arvioitu lukuaika":"1 minuutti"},"schema":{"@context":"https:\/\/schema.org","@graph":[{"@type":"WebPage","@id":"https:\/\/www.hestiahotels.com\/haapsaluspa\/fi\/toode\/muta-turve-niska-ja-hartia-alueen-hieronta\/","url":"https:\/\/www.hestiahotels.com\/haapsaluspa\/fi\/toode\/muta-turve-niska-ja-hartia-alueen-hieronta\/","name":"Muta-turve niska- ja hartia-alueen hieronta | Hestia Hotel Haapsalu Spa","isPartOf":{"@id":"https:\/\/www.hestiahotels.com\/haapsaluspa\/#website"},"primaryImageOfPage":{"@id":"https:\/\/www.hestiahotels.com\/haapsaluspa\/fi\/toode\/muta-turve-niska-ja-hartia-alueen-hieronta\/#primaryimage"},"image":{"@id":"https:\/\/www.hestiahotels.com\/haapsaluspa\/fi\/toode\/muta-turve-niska-ja-hartia-alueen-hieronta\/#primaryimage"},"thumbnailUrl":"\/wp-content\/uploads\/sites\/7\/2022\/03\/Ravimuda-turba-turjamassaaz.jpg","datePublished":"2022-03-09T08:44:21+00:00","dateModified":"2025-12-01T04:35:14+00:00","breadcrumb":{"@id":"https:\/\/www.hestiahotels.com\/haapsaluspa\/fi\/toode\/muta-turve-niska-ja-hartia-alueen-hieronta\/#breadcrumb"},"inLanguage":"fi","potentialAction":[{"@type":"ReadAction","target":["https:\/\/www.hestiahotels.com\/haapsaluspa\/fi\/toode\/muta-turve-niska-ja-hartia-alueen-hieronta\/"]}]},{"@type":"ImageObject","inLanguage":"fi","@id":"https:\/\/www.hestiahotels.com\/haapsaluspa\/fi\/toode\/muta-turve-niska-ja-hartia-alueen-hieronta\/#primaryimage","url":"\/wp-content\/uploads\/sites\/7\/2022\/03\/Ravimuda-turba-turjamassaaz.jpg","contentUrl":"\/wp-content\/uploads\/sites\/7\/2022\/03\/Ravimuda-turba-turjamassaaz.jpg","width":1920,"height":1080},{"@type":"BreadcrumbList","@id":"https:\/\/www.hestiahotels.com\/haapsaluspa\/fi\/toode\/muta-turve-niska-ja-hartia-alueen-hieronta\/#breadcrumb","itemListElement":[{"@type":"ListItem","position":1,"name":"Home","item":"https:\/\/www.hestiahotels.com\/haapsaluspa\/fi\/"},{"@type":"ListItem","position":2,"name":"Hibiscus spa hoidot","item":"https:\/\/www.hestiahotels.com\/haapsaluspa\/fi\/hibiscus-spa-hoidot\/"},{"@type":"ListItem","position":3,"name":"Muta-turve niska- ja hartia-alueen hieronta"}]},{"@type":"WebSite","@id":"https:\/\/www.hestiahotels.com\/haapsaluspa\/#website","url":"https:\/\/www.hestiahotels.com\/haapsaluspa\/","name":"Hestia Hotel Haapsalu Spa","description":"Hestia Group","potentialAction":[{"@type":"SearchAction","target":{"@type":"EntryPoint","urlTemplate":"https:\/\/www.hestiahotels.com\/haapsaluspa\/?s={search_term_string}"},"query-input":{"@type":"PropertyValueSpecification","valueRequired":true,"valueName":"search_term_string"}}],"inLanguage":"fi"}]}},"_links":{"self":[{"href":"https:\/\/www.hestiahotels.com\/haapsaluspa\/fi\/wp-json\/wp\/v2\/product\/27993","targetHints":{"allow":["GET"]}}],"collection":[{"href":"https:\/\/www.hestiahotels.com\/haapsaluspa\/fi\/wp-json\/wp\/v2\/product"}],"about":[{"href":"https:\/\/www.hestiahotels.com\/haapsaluspa\/fi\/wp-json\/wp\/v2\/types\/product"}],"wp:featuredmedia":[{"embeddable":true,"href":"https:\/\/www.hestiahotels.com\/haapsaluspa\/fi\/wp-json\/wp\/v2\/media\/30671"}],"wp:attachment":[{"href":"https:\/\/www.hestiahotels.com\/haapsaluspa\/fi\/wp-json\/wp\/v2\/media?parent=27993"}],"wp:term":[{"taxonomy":"product_brand","embeddable":true,"href":"https:\/\/www.hestiahotels.com\/haapsaluspa\/fi\/wp-json\/wp\/v2\/product_brand?post=27993"},{"taxonomy":"product_cat","embeddable":true,"href":"https:\/\/www.hestiahotels.com\/haapsaluspa\/fi\/wp-json\/wp\/v2\/product_cat?post=27993"},{"taxonomy":"product_tag","embeddable":true,"href":"https:\/\/www.hestiahotels.com\/haapsaluspa\/fi\/wp-json\/wp\/v2\/product_tag?post=27993"}],"curies":[{"name":"wp","href":"https:\/\/api.w.org\/{rel}","templated":true}]}}