{"id":27998,"date":"2021-11-16T00:51:49","date_gmt":"2021-11-15T22:51:49","guid":{"rendered":"https:\/\/www.hestiahotels.com\/haapsaluspa\/toode\/aromaatne-punase-veini-vahuvann\/"},"modified":"2024-01-15T18:53:25","modified_gmt":"2024-01-15T16:53:25","slug":"aromaattinen-punaviinivaahtokylpy","status":"publish","type":"product","link":"https:\/\/www.hestiahotels.com\/haapsaluspa\/fi\/toode\/aromaattinen-punaviinivaahtokylpy\/","title":{"rendered":"Aromaattinen punaviinivaahtokylpy"},"content":{"rendered":"","protected":false},"excerpt":{"rendered":"<p>Aromaattinen punaviinivaahtokylpy sis\u00e4lt\u00e4\u00e4 punaviiniuutteita ja ryp\u00e4leensiemen\u00f6ljy\u00e4, s\u00e4\u00e4telee painoa ja parantaa ihon aineenvaihduntaa. Lis\u00e4\u00e4mme vaahtokylpyyn my\u00f6s luomupunaviini\u00e4, joka palauttaa kollageenin ja ihon elastiset kudokset. Punaviini sis\u00e4lt\u00e4\u00e4 my\u00f6s polyfenoleja, jotka est\u00e4v\u00e4t ihon sameutumista ja palauttavat iholle sen luonnollisen hehkun.<\/p>\n","protected":false},"featured_media":21496,"template":"","meta":{"_acf_changed":false},"product_brand":[],"product_cat":[82],"product_tag":[],"class_list":{"0":"post-27998","1":"product","2":"type-product","3":"status-publish","4":"has-post-thumbnail","6":"product_cat-vesi","8":"first","9":"instock","10":"shipping-taxable","11":"purchasable","12":"product-type-simple"},"acf":[],"yoast_head":"<!-- This site is optimized with the Yoast SEO plugin v27.2 - https:\/\/yoast.com\/product\/yoast-seo-wordpress\/ -->\n<title>Aromaattinen punaviinivaahtokylpy | Hestia Hotel Haapsalu Spa<\/title>\n<meta name=\"robots\" content=\"index, follow, max-snippet:-1, max-image-preview:large, max-video-preview:-1\" \/>\n<link rel=\"canonical\" href=\"https:\/\/www.hestiahotels.com\/haapsaluspa\/fi\/toode\/aromaattinen-punaviinivaahtokylpy\/\" \/>\n<meta property=\"og:locale\" content=\"fi_FI\" \/>\n<meta property=\"og:type\" content=\"article\" \/>\n<meta property=\"og:title\" content=\"Aromaattinen punaviinivaahtokylpy | Hestia Hotel Haapsalu Spa\" \/>\n<meta property=\"og:description\" content=\"Aromaattinen punaviinivaahtokylpy sis\u00e4lt\u00e4\u00e4 punaviiniuutteita ja ryp\u00e4leensiemen\u00f6ljy\u00e4, s\u00e4\u00e4telee painoa ja parantaa ihon aineenvaihduntaa. Lis\u00e4\u00e4mme vaahtokylpyyn my\u00f6s luomupunaviini\u00e4, joka palauttaa kollageenin ja ihon elastiset kudokset. Punaviini sis\u00e4lt\u00e4\u00e4 my\u00f6s polyfenoleja, jotka est\u00e4v\u00e4t ihon sameutumista ja palauttavat iholle sen luonnollisen hehkun.\" \/>\n<meta property=\"og:url\" content=\"https:\/\/www.hestiahotels.com\/haapsaluspa\/fi\/toode\/aromaattinen-punaviinivaahtokylpy\/\" \/>\n<meta property=\"og:site_name\" content=\"Hestia Hotel Haapsalu Spa\" \/>\n<meta property=\"article:publisher\" content=\"https:\/\/www.facebook.com\/HaapsaluSpa\" \/>\n<meta property=\"article:modified_time\" content=\"2024-01-15T16:53:25+00:00\" \/>\n<meta property=\"og:image\" content=\"https:\/\/www.hestiahotels.com\/wp-content\/uploads\/sites\/7\/2021\/12\/Untitled-design-48.jpg\" \/>\n\t<meta property=\"og:image:width\" content=\"1920\" \/>\n\t<meta property=\"og:image:height\" content=\"1080\" \/>\n\t<meta property=\"og:image:type\" content=\"image\/jpeg\" \/>\n<meta name=\"twitter:card\" content=\"summary_large_image\" \/>\n<meta name=\"twitter:label1\" content=\"Arvioitu lukuaika\" \/>\n\t<meta name=\"twitter:data1\" content=\"1 minuutti\" \/>\n<script type=\"application\/ld+json\" class=\"yoast-schema-graph\">{\"@context\":\"https:\/\/schema.org\",\"@graph\":[{\"@type\":\"WebPage\",\"@id\":\"https:\/\/www.hestiahotels.com\/haapsaluspa\/fi\/toode\/aromaattinen-punaviinivaahtokylpy\/\",\"url\":\"https:\/\/www.hestiahotels.com\/haapsaluspa\/fi\/toode\/aromaattinen-punaviinivaahtokylpy\/\",\"name\":\"Aromaattinen punaviinivaahtokylpy | Hestia Hotel Haapsalu Spa\",\"isPartOf\":{\"@id\":\"https:\/\/www.hestiahotels.com\/haapsaluspa\/#website\"},\"primaryImageOfPage\":{\"@id\":\"https:\/\/www.hestiahotels.com\/haapsaluspa\/fi\/toode\/aromaattinen-punaviinivaahtokylpy\/#primaryimage\"},\"image\":{\"@id\":\"https:\/\/www.hestiahotels.com\/haapsaluspa\/fi\/toode\/aromaattinen-punaviinivaahtokylpy\/#primaryimage\"},\"thumbnailUrl\":\"\/wp-content\/uploads\/sites\/7\/2021\/12\/Untitled-design-48.jpg\",\"datePublished\":\"2021-11-15T22:51:49+00:00\",\"dateModified\":\"2024-01-15T16:53:25+00:00\",\"breadcrumb\":{\"@id\":\"https:\/\/www.hestiahotels.com\/haapsaluspa\/fi\/toode\/aromaattinen-punaviinivaahtokylpy\/#breadcrumb\"},\"inLanguage\":\"fi\",\"potentialAction\":[{\"@type\":\"ReadAction\",\"target\":[\"https:\/\/www.hestiahotels.com\/haapsaluspa\/fi\/toode\/aromaattinen-punaviinivaahtokylpy\/\"]}]},{\"@type\":\"ImageObject\",\"inLanguage\":\"fi\",\"@id\":\"https:\/\/www.hestiahotels.com\/haapsaluspa\/fi\/toode\/aromaattinen-punaviinivaahtokylpy\/#primaryimage\",\"url\":\"\/wp-content\/uploads\/sites\/7\/2021\/12\/Untitled-design-48.jpg\",\"contentUrl\":\"\/wp-content\/uploads\/sites\/7\/2021\/12\/Untitled-design-48.jpg\",\"width\":1920,\"height\":1080},{\"@type\":\"BreadcrumbList\",\"@id\":\"https:\/\/www.hestiahotels.com\/haapsaluspa\/fi\/toode\/aromaattinen-punaviinivaahtokylpy\/#breadcrumb\",\"itemListElement\":[{\"@type\":\"ListItem\",\"position\":1,\"name\":\"Home\",\"item\":\"https:\/\/www.hestiahotels.com\/haapsaluspa\/fi\/\"},{\"@type\":\"ListItem\",\"position\":2,\"name\":\"Hibiscus spa hoidot\",\"item\":\"https:\/\/www.hestiahotels.com\/haapsaluspa\/fi\/hibiscus-spa-hoidot\/\"},{\"@type\":\"ListItem\",\"position\":3,\"name\":\"Aromaattinen punaviinivaahtokylpy\"}]},{\"@type\":\"WebSite\",\"@id\":\"https:\/\/www.hestiahotels.com\/haapsaluspa\/#website\",\"url\":\"https:\/\/www.hestiahotels.com\/haapsaluspa\/\",\"name\":\"Hestia Hotel Haapsalu Spa\",\"description\":\"Hestia Group\",\"potentialAction\":[{\"@type\":\"SearchAction\",\"target\":{\"@type\":\"EntryPoint\",\"urlTemplate\":\"https:\/\/www.hestiahotels.com\/haapsaluspa\/?s={search_term_string}\"},\"query-input\":{\"@type\":\"PropertyValueSpecification\",\"valueRequired\":true,\"valueName\":\"search_term_string\"}}],\"inLanguage\":\"fi\"}]}<\/script>\n<!-- \/ Yoast SEO plugin. -->","yoast_head_json":{"title":"Aromaattinen punaviinivaahtokylpy | Hestia Hotel Haapsalu Spa","robots":{"index":"index","follow":"follow","max-snippet":"max-snippet:-1","max-image-preview":"max-image-preview:large","max-video-preview":"max-video-preview:-1"},"canonical":"https:\/\/www.hestiahotels.com\/haapsaluspa\/fi\/toode\/aromaattinen-punaviinivaahtokylpy\/","og_locale":"fi_FI","og_type":"article","og_title":"Aromaattinen punaviinivaahtokylpy | Hestia Hotel Haapsalu Spa","og_description":"Aromaattinen punaviinivaahtokylpy sis\u00e4lt\u00e4\u00e4 punaviiniuutteita ja ryp\u00e4leensiemen\u00f6ljy\u00e4, s\u00e4\u00e4telee painoa ja parantaa ihon aineenvaihduntaa. Lis\u00e4\u00e4mme vaahtokylpyyn my\u00f6s luomupunaviini\u00e4, joka palauttaa kollageenin ja ihon elastiset kudokset. Punaviini sis\u00e4lt\u00e4\u00e4 my\u00f6s polyfenoleja, jotka est\u00e4v\u00e4t ihon sameutumista ja palauttavat iholle sen luonnollisen hehkun.","og_url":"https:\/\/www.hestiahotels.com\/haapsaluspa\/fi\/toode\/aromaattinen-punaviinivaahtokylpy\/","og_site_name":"Hestia Hotel Haapsalu Spa","article_publisher":"https:\/\/www.facebook.com\/HaapsaluSpa","article_modified_time":"2024-01-15T16:53:25+00:00","og_image":[{"width":1920,"height":1080,"url":"https:\/\/www.hestiahotels.com\/wp-content\/uploads\/sites\/7\/2021\/12\/Untitled-design-48.jpg","type":"image\/jpeg"}],"twitter_card":"summary_large_image","twitter_misc":{"Arvioitu lukuaika":"1 minuutti"},"schema":{"@context":"https:\/\/schema.org","@graph":[{"@type":"WebPage","@id":"https:\/\/www.hestiahotels.com\/haapsaluspa\/fi\/toode\/aromaattinen-punaviinivaahtokylpy\/","url":"https:\/\/www.hestiahotels.com\/haapsaluspa\/fi\/toode\/aromaattinen-punaviinivaahtokylpy\/","name":"Aromaattinen punaviinivaahtokylpy | Hestia Hotel Haapsalu Spa","isPartOf":{"@id":"https:\/\/www.hestiahotels.com\/haapsaluspa\/#website"},"primaryImageOfPage":{"@id":"https:\/\/www.hestiahotels.com\/haapsaluspa\/fi\/toode\/aromaattinen-punaviinivaahtokylpy\/#primaryimage"},"image":{"@id":"https:\/\/www.hestiahotels.com\/haapsaluspa\/fi\/toode\/aromaattinen-punaviinivaahtokylpy\/#primaryimage"},"thumbnailUrl":"\/wp-content\/uploads\/sites\/7\/2021\/12\/Untitled-design-48.jpg","datePublished":"2021-11-15T22:51:49+00:00","dateModified":"2024-01-15T16:53:25+00:00","breadcrumb":{"@id":"https:\/\/www.hestiahotels.com\/haapsaluspa\/fi\/toode\/aromaattinen-punaviinivaahtokylpy\/#breadcrumb"},"inLanguage":"fi","potentialAction":[{"@type":"ReadAction","target":["https:\/\/www.hestiahotels.com\/haapsaluspa\/fi\/toode\/aromaattinen-punaviinivaahtokylpy\/"]}]},{"@type":"ImageObject","inLanguage":"fi","@id":"https:\/\/www.hestiahotels.com\/haapsaluspa\/fi\/toode\/aromaattinen-punaviinivaahtokylpy\/#primaryimage","url":"\/wp-content\/uploads\/sites\/7\/2021\/12\/Untitled-design-48.jpg","contentUrl":"\/wp-content\/uploads\/sites\/7\/2021\/12\/Untitled-design-48.jpg","width":1920,"height":1080},{"@type":"BreadcrumbList","@id":"https:\/\/www.hestiahotels.com\/haapsaluspa\/fi\/toode\/aromaattinen-punaviinivaahtokylpy\/#breadcrumb","itemListElement":[{"@type":"ListItem","position":1,"name":"Home","item":"https:\/\/www.hestiahotels.com\/haapsaluspa\/fi\/"},{"@type":"ListItem","position":2,"name":"Hibiscus spa hoidot","item":"https:\/\/www.hestiahotels.com\/haapsaluspa\/fi\/hibiscus-spa-hoidot\/"},{"@type":"ListItem","position":3,"name":"Aromaattinen punaviinivaahtokylpy"}]},{"@type":"WebSite","@id":"https:\/\/www.hestiahotels.com\/haapsaluspa\/#website","url":"https:\/\/www.hestiahotels.com\/haapsaluspa\/","name":"Hestia Hotel Haapsalu Spa","description":"Hestia Group","potentialAction":[{"@type":"SearchAction","target":{"@type":"EntryPoint","urlTemplate":"https:\/\/www.hestiahotels.com\/haapsaluspa\/?s={search_term_string}"},"query-input":{"@type":"PropertyValueSpecification","valueRequired":true,"valueName":"search_term_string"}}],"inLanguage":"fi"}]}},"_links":{"self":[{"href":"https:\/\/www.hestiahotels.com\/haapsaluspa\/fi\/wp-json\/wp\/v2\/product\/27998","targetHints":{"allow":["GET"]}}],"collection":[{"href":"https:\/\/www.hestiahotels.com\/haapsaluspa\/fi\/wp-json\/wp\/v2\/product"}],"about":[{"href":"https:\/\/www.hestiahotels.com\/haapsaluspa\/fi\/wp-json\/wp\/v2\/types\/product"}],"wp:featuredmedia":[{"embeddable":true,"href":"https:\/\/www.hestiahotels.com\/haapsaluspa\/fi\/wp-json\/wp\/v2\/media\/21496"}],"wp:attachment":[{"href":"https:\/\/www.hestiahotels.com\/haapsaluspa\/fi\/wp-json\/wp\/v2\/media?parent=27998"}],"wp:term":[{"taxonomy":"product_brand","embeddable":true,"href":"https:\/\/www.hestiahotels.com\/haapsaluspa\/fi\/wp-json\/wp\/v2\/product_brand?post=27998"},{"taxonomy":"product_cat","embeddable":true,"href":"https:\/\/www.hestiahotels.com\/haapsaluspa\/fi\/wp-json\/wp\/v2\/product_cat?post=27998"},{"taxonomy":"product_tag","embeddable":true,"href":"https:\/\/www.hestiahotels.com\/haapsaluspa\/fi\/wp-json\/wp\/v2\/product_tag?post=27998"}],"curies":[{"name":"wp","href":"https:\/\/api.w.org\/{rel}","templated":true}]}}