{"id":28044,"date":"2022-07-04T22:50:15","date_gmt":"2022-07-04T19:50:15","guid":{"rendered":"https:\/\/www.hestiahotels.com\/haapsaluspa\/toode\/magneesiumimahis-jalgadele-ulakeha-massaaziga\/"},"modified":"2024-07-01T00:00:10","modified_gmt":"2024-06-30T21:00:10","slug":"magnesiumkaare-jaloille-seka-ylavartalon-hieronta","status":"publish","type":"product","link":"https:\/\/www.hestiahotels.com\/haapsaluspa\/fi\/toode\/magnesiumkaare-jaloille-seka-ylavartalon-hieronta\/","title":{"rendered":"Magnesiumk\u00e4\u00e4re jaloille sek\u00e4 yl\u00e4vartalon hieronta"},"content":{"rendered":"","protected":false},"excerpt":{"rendered":"<p>Hoidon alussa levitet\u00e4\u00e4n magnesiumk\u00e4\u00e4re jalkater\u00e4st\u00e4 reiteen. T\u00e4m\u00e4 on puhdas virolainen luonnontuote, ja merivedest\u00e4 valmistetun magnesiumk\u00e4\u00e4reen voimakas vaikutus n\u00e4kyy jo ensimm\u00e4isen k\u00e4sittelyn j\u00e4lkeen. Ihon l\u00e4pi imeytyess\u00e4\u00e4n magnesiumilla on rentouttava vaikutus hermostoon, ja se auttaa poistamaan tukoksia ja lihaskramppeja.<\/p>\n","protected":false},"featured_media":28045,"template":"","meta":{"_acf_changed":false},"product_brand":[],"product_cat":[93],"product_tag":[],"class_list":{"0":"post-28044","1":"product","2":"type-product","3":"status-publish","4":"has-post-thumbnail","6":"product_cat-kasi-ja-jalkahoidot","8":"first","9":"instock","10":"shipping-taxable","11":"purchasable","12":"product-type-simple"},"acf":[],"yoast_head":"<!-- This site is optimized with the Yoast SEO plugin v27.2 - https:\/\/yoast.com\/product\/yoast-seo-wordpress\/ -->\n<title>Magnesiumk\u00e4\u00e4re jaloille sek\u00e4 yl\u00e4vartalon hieronta | Hestia Hotel Haapsalu Spa<\/title>\n<meta name=\"robots\" content=\"index, follow, max-snippet:-1, max-image-preview:large, max-video-preview:-1\" \/>\n<link rel=\"canonical\" href=\"https:\/\/www.hestiahotels.com\/haapsaluspa\/fi\/toode\/magnesiumkaare-jaloille-seka-ylavartalon-hieronta\/\" \/>\n<meta property=\"og:locale\" content=\"fi_FI\" \/>\n<meta property=\"og:type\" content=\"article\" \/>\n<meta property=\"og:title\" content=\"Magnesiumk\u00e4\u00e4re jaloille sek\u00e4 yl\u00e4vartalon hieronta | Hestia Hotel Haapsalu Spa\" \/>\n<meta property=\"og:description\" content=\"Hoidon alussa levitet\u00e4\u00e4n magnesiumk\u00e4\u00e4re jalkater\u00e4st\u00e4 reiteen. T\u00e4m\u00e4 on puhdas virolainen luonnontuote, ja merivedest\u00e4 valmistetun magnesiumk\u00e4\u00e4reen voimakas vaikutus n\u00e4kyy jo ensimm\u00e4isen k\u00e4sittelyn j\u00e4lkeen. Ihon l\u00e4pi imeytyess\u00e4\u00e4n magnesiumilla on rentouttava vaikutus hermostoon, ja se auttaa poistamaan tukoksia ja lihaskramppeja.\" \/>\n<meta property=\"og:url\" content=\"https:\/\/www.hestiahotels.com\/haapsaluspa\/fi\/toode\/magnesiumkaare-jaloille-seka-ylavartalon-hieronta\/\" \/>\n<meta property=\"og:site_name\" content=\"Hestia Hotel Haapsalu Spa\" \/>\n<meta property=\"article:publisher\" content=\"https:\/\/www.facebook.com\/HaapsaluSpa\" \/>\n<meta property=\"article:modified_time\" content=\"2024-06-30T21:00:10+00:00\" \/>\n<meta property=\"og:image\" content=\"https:\/\/www.hestiahotels.com\/wp-content\/uploads\/sites\/7\/2022\/07\/mahis1.jpg\" \/>\n\t<meta property=\"og:image:width\" content=\"1920\" \/>\n\t<meta property=\"og:image:height\" content=\"1080\" \/>\n\t<meta property=\"og:image:type\" content=\"image\/jpeg\" \/>\n<meta name=\"twitter:card\" content=\"summary_large_image\" \/>\n<meta name=\"twitter:label1\" content=\"Arvioitu lukuaika\" \/>\n\t<meta name=\"twitter:data1\" content=\"1 minuutti\" \/>\n<script type=\"application\/ld+json\" class=\"yoast-schema-graph\">{\"@context\":\"https:\/\/schema.org\",\"@graph\":[{\"@type\":\"WebPage\",\"@id\":\"https:\/\/www.hestiahotels.com\/haapsaluspa\/fi\/toode\/magnesiumkaare-jaloille-seka-ylavartalon-hieronta\/\",\"url\":\"https:\/\/www.hestiahotels.com\/haapsaluspa\/fi\/toode\/magnesiumkaare-jaloille-seka-ylavartalon-hieronta\/\",\"name\":\"Magnesiumk\u00e4\u00e4re jaloille sek\u00e4 yl\u00e4vartalon hieronta | Hestia Hotel Haapsalu Spa\",\"isPartOf\":{\"@id\":\"https:\/\/www.hestiahotels.com\/haapsaluspa\/#website\"},\"primaryImageOfPage\":{\"@id\":\"https:\/\/www.hestiahotels.com\/haapsaluspa\/fi\/toode\/magnesiumkaare-jaloille-seka-ylavartalon-hieronta\/#primaryimage\"},\"image\":{\"@id\":\"https:\/\/www.hestiahotels.com\/haapsaluspa\/fi\/toode\/magnesiumkaare-jaloille-seka-ylavartalon-hieronta\/#primaryimage\"},\"thumbnailUrl\":\"\/wp-content\/uploads\/sites\/7\/2022\/07\/mahis1.jpg\",\"datePublished\":\"2022-07-04T19:50:15+00:00\",\"dateModified\":\"2024-06-30T21:00:10+00:00\",\"breadcrumb\":{\"@id\":\"https:\/\/www.hestiahotels.com\/haapsaluspa\/fi\/toode\/magnesiumkaare-jaloille-seka-ylavartalon-hieronta\/#breadcrumb\"},\"inLanguage\":\"fi\",\"potentialAction\":[{\"@type\":\"ReadAction\",\"target\":[\"https:\/\/www.hestiahotels.com\/haapsaluspa\/fi\/toode\/magnesiumkaare-jaloille-seka-ylavartalon-hieronta\/\"]}]},{\"@type\":\"ImageObject\",\"inLanguage\":\"fi\",\"@id\":\"https:\/\/www.hestiahotels.com\/haapsaluspa\/fi\/toode\/magnesiumkaare-jaloille-seka-ylavartalon-hieronta\/#primaryimage\",\"url\":\"\/wp-content\/uploads\/sites\/7\/2022\/07\/mahis1.jpg\",\"contentUrl\":\"\/wp-content\/uploads\/sites\/7\/2022\/07\/mahis1.jpg\",\"width\":1920,\"height\":1080},{\"@type\":\"BreadcrumbList\",\"@id\":\"https:\/\/www.hestiahotels.com\/haapsaluspa\/fi\/toode\/magnesiumkaare-jaloille-seka-ylavartalon-hieronta\/#breadcrumb\",\"itemListElement\":[{\"@type\":\"ListItem\",\"position\":1,\"name\":\"Home\",\"item\":\"https:\/\/www.hestiahotels.com\/haapsaluspa\/fi\/\"},{\"@type\":\"ListItem\",\"position\":2,\"name\":\"Hibiscus spa hoidot\",\"item\":\"https:\/\/www.hestiahotels.com\/haapsaluspa\/fi\/hibiscus-spa-hoidot\/\"},{\"@type\":\"ListItem\",\"position\":3,\"name\":\"Magnesiumk\u00e4\u00e4re jaloille sek\u00e4 yl\u00e4vartalon hieronta\"}]},{\"@type\":\"WebSite\",\"@id\":\"https:\/\/www.hestiahotels.com\/haapsaluspa\/#website\",\"url\":\"https:\/\/www.hestiahotels.com\/haapsaluspa\/\",\"name\":\"Hestia Hotel Haapsalu Spa\",\"description\":\"Hestia Group\",\"potentialAction\":[{\"@type\":\"SearchAction\",\"target\":{\"@type\":\"EntryPoint\",\"urlTemplate\":\"https:\/\/www.hestiahotels.com\/haapsaluspa\/?s={search_term_string}\"},\"query-input\":{\"@type\":\"PropertyValueSpecification\",\"valueRequired\":true,\"valueName\":\"search_term_string\"}}],\"inLanguage\":\"fi\"}]}<\/script>\n<!-- \/ Yoast SEO plugin. -->","yoast_head_json":{"title":"Magnesiumk\u00e4\u00e4re jaloille sek\u00e4 yl\u00e4vartalon hieronta | Hestia Hotel Haapsalu Spa","robots":{"index":"index","follow":"follow","max-snippet":"max-snippet:-1","max-image-preview":"max-image-preview:large","max-video-preview":"max-video-preview:-1"},"canonical":"https:\/\/www.hestiahotels.com\/haapsaluspa\/fi\/toode\/magnesiumkaare-jaloille-seka-ylavartalon-hieronta\/","og_locale":"fi_FI","og_type":"article","og_title":"Magnesiumk\u00e4\u00e4re jaloille sek\u00e4 yl\u00e4vartalon hieronta | Hestia Hotel Haapsalu Spa","og_description":"Hoidon alussa levitet\u00e4\u00e4n magnesiumk\u00e4\u00e4re jalkater\u00e4st\u00e4 reiteen. T\u00e4m\u00e4 on puhdas virolainen luonnontuote, ja merivedest\u00e4 valmistetun magnesiumk\u00e4\u00e4reen voimakas vaikutus n\u00e4kyy jo ensimm\u00e4isen k\u00e4sittelyn j\u00e4lkeen. Ihon l\u00e4pi imeytyess\u00e4\u00e4n magnesiumilla on rentouttava vaikutus hermostoon, ja se auttaa poistamaan tukoksia ja lihaskramppeja.","og_url":"https:\/\/www.hestiahotels.com\/haapsaluspa\/fi\/toode\/magnesiumkaare-jaloille-seka-ylavartalon-hieronta\/","og_site_name":"Hestia Hotel Haapsalu Spa","article_publisher":"https:\/\/www.facebook.com\/HaapsaluSpa","article_modified_time":"2024-06-30T21:00:10+00:00","og_image":[{"width":1920,"height":1080,"url":"https:\/\/www.hestiahotels.com\/wp-content\/uploads\/sites\/7\/2022\/07\/mahis1.jpg","type":"image\/jpeg"}],"twitter_card":"summary_large_image","twitter_misc":{"Arvioitu lukuaika":"1 minuutti"},"schema":{"@context":"https:\/\/schema.org","@graph":[{"@type":"WebPage","@id":"https:\/\/www.hestiahotels.com\/haapsaluspa\/fi\/toode\/magnesiumkaare-jaloille-seka-ylavartalon-hieronta\/","url":"https:\/\/www.hestiahotels.com\/haapsaluspa\/fi\/toode\/magnesiumkaare-jaloille-seka-ylavartalon-hieronta\/","name":"Magnesiumk\u00e4\u00e4re jaloille sek\u00e4 yl\u00e4vartalon hieronta | Hestia Hotel Haapsalu Spa","isPartOf":{"@id":"https:\/\/www.hestiahotels.com\/haapsaluspa\/#website"},"primaryImageOfPage":{"@id":"https:\/\/www.hestiahotels.com\/haapsaluspa\/fi\/toode\/magnesiumkaare-jaloille-seka-ylavartalon-hieronta\/#primaryimage"},"image":{"@id":"https:\/\/www.hestiahotels.com\/haapsaluspa\/fi\/toode\/magnesiumkaare-jaloille-seka-ylavartalon-hieronta\/#primaryimage"},"thumbnailUrl":"\/wp-content\/uploads\/sites\/7\/2022\/07\/mahis1.jpg","datePublished":"2022-07-04T19:50:15+00:00","dateModified":"2024-06-30T21:00:10+00:00","breadcrumb":{"@id":"https:\/\/www.hestiahotels.com\/haapsaluspa\/fi\/toode\/magnesiumkaare-jaloille-seka-ylavartalon-hieronta\/#breadcrumb"},"inLanguage":"fi","potentialAction":[{"@type":"ReadAction","target":["https:\/\/www.hestiahotels.com\/haapsaluspa\/fi\/toode\/magnesiumkaare-jaloille-seka-ylavartalon-hieronta\/"]}]},{"@type":"ImageObject","inLanguage":"fi","@id":"https:\/\/www.hestiahotels.com\/haapsaluspa\/fi\/toode\/magnesiumkaare-jaloille-seka-ylavartalon-hieronta\/#primaryimage","url":"\/wp-content\/uploads\/sites\/7\/2022\/07\/mahis1.jpg","contentUrl":"\/wp-content\/uploads\/sites\/7\/2022\/07\/mahis1.jpg","width":1920,"height":1080},{"@type":"BreadcrumbList","@id":"https:\/\/www.hestiahotels.com\/haapsaluspa\/fi\/toode\/magnesiumkaare-jaloille-seka-ylavartalon-hieronta\/#breadcrumb","itemListElement":[{"@type":"ListItem","position":1,"name":"Home","item":"https:\/\/www.hestiahotels.com\/haapsaluspa\/fi\/"},{"@type":"ListItem","position":2,"name":"Hibiscus spa hoidot","item":"https:\/\/www.hestiahotels.com\/haapsaluspa\/fi\/hibiscus-spa-hoidot\/"},{"@type":"ListItem","position":3,"name":"Magnesiumk\u00e4\u00e4re jaloille sek\u00e4 yl\u00e4vartalon hieronta"}]},{"@type":"WebSite","@id":"https:\/\/www.hestiahotels.com\/haapsaluspa\/#website","url":"https:\/\/www.hestiahotels.com\/haapsaluspa\/","name":"Hestia Hotel Haapsalu Spa","description":"Hestia Group","potentialAction":[{"@type":"SearchAction","target":{"@type":"EntryPoint","urlTemplate":"https:\/\/www.hestiahotels.com\/haapsaluspa\/?s={search_term_string}"},"query-input":{"@type":"PropertyValueSpecification","valueRequired":true,"valueName":"search_term_string"}}],"inLanguage":"fi"}]}},"_links":{"self":[{"href":"https:\/\/www.hestiahotels.com\/haapsaluspa\/fi\/wp-json\/wp\/v2\/product\/28044","targetHints":{"allow":["GET"]}}],"collection":[{"href":"https:\/\/www.hestiahotels.com\/haapsaluspa\/fi\/wp-json\/wp\/v2\/product"}],"about":[{"href":"https:\/\/www.hestiahotels.com\/haapsaluspa\/fi\/wp-json\/wp\/v2\/types\/product"}],"wp:featuredmedia":[{"embeddable":true,"href":"https:\/\/www.hestiahotels.com\/haapsaluspa\/fi\/wp-json\/wp\/v2\/media\/28045"}],"wp:attachment":[{"href":"https:\/\/www.hestiahotels.com\/haapsaluspa\/fi\/wp-json\/wp\/v2\/media?parent=28044"}],"wp:term":[{"taxonomy":"product_brand","embeddable":true,"href":"https:\/\/www.hestiahotels.com\/haapsaluspa\/fi\/wp-json\/wp\/v2\/product_brand?post=28044"},{"taxonomy":"product_cat","embeddable":true,"href":"https:\/\/www.hestiahotels.com\/haapsaluspa\/fi\/wp-json\/wp\/v2\/product_cat?post=28044"},{"taxonomy":"product_tag","embeddable":true,"href":"https:\/\/www.hestiahotels.com\/haapsaluspa\/fi\/wp-json\/wp\/v2\/product_tag?post=28044"}],"curies":[{"name":"wp","href":"https:\/\/api.w.org\/{rel}","templated":true}]}}