{"id":28047,"date":"2022-07-28T13:05:46","date_gmt":"2022-07-28T10:05:46","guid":{"rendered":"https:\/\/www.hestiahotels.com\/haapsaluspa\/toode\/pisipreili-rabarberi-juuksehoolitsus-punutisega-juustele\/"},"modified":"2026-04-17T11:45:42","modified_gmt":"2026-04-17T08:45:42","slug":"raparperihiushoito-nuorelle-sisaltaen-letityksen","status":"publish","type":"product","link":"https:\/\/www.hestiahotels.com\/haapsaluspa\/fi\/toode\/raparperihiushoito-nuorelle-sisaltaen-letityksen\/","title":{"rendered":"Raparperihiushoito nuorelle sis\u00e4lt\u00e4en letityksen"},"content":{"rendered":"","protected":false},"excerpt":{"rendered":"<p>Hoidon alussa hiukset pest\u00e4\u00e4n aloe-uutetta sis\u00e4lt\u00e4v\u00e4ll\u00e4 raparperishampoolla, joka antaa hiuksille raikkautta, s\u00e4teily\u00e4 ja kiiltoa. Sitten hiuksiin levitet\u00e4\u00e4n luonnollinen raparperihiusnaamio risiini\u00f6ljyll\u00e4, joka parantaa hiusten rakennetta ja v\u00e4hent\u00e4\u00e4 p\u00f6rr\u00f6isyytt\u00e4. Hoito p\u00e4\u00e4ttyy nuoren valitsemaan lettiin, jonka kanssa voi jatkaa rentouttavaa lomaa.<\/p>\n<p>Ik\u00e4suositus hoitoon on 15 vuoden ik\u00e4\u00e4n asti.<\/p>\n","protected":false},"featured_media":28048,"template":"","meta":{"_acf_changed":false},"product_brand":[],"product_cat":[206,104],"product_tag":[],"class_list":{"0":"post-28047","1":"product","2":"type-product","3":"status-publish","4":"has-post-thumbnail","6":"product_cat-hiukset","7":"product_cat-lasten-spa","9":"first","10":"instock","11":"shipping-taxable","12":"purchasable","13":"product-type-simple"},"acf":[],"yoast_head":"<!-- This site is optimized with the Yoast SEO plugin v27.2 - https:\/\/yoast.com\/product\/yoast-seo-wordpress\/ -->\n<title>Raparperihiushoito nuorelle sis\u00e4lt\u00e4en letityksen | Hestia Hotel Haapsalu Spa<\/title>\n<meta name=\"robots\" content=\"index, follow, max-snippet:-1, max-image-preview:large, max-video-preview:-1\" \/>\n<link rel=\"canonical\" href=\"https:\/\/www.hestiahotels.com\/haapsaluspa\/fi\/toode\/raparperihiushoito-nuorelle-sisaltaen-letityksen\/\" \/>\n<meta property=\"og:locale\" content=\"fi_FI\" \/>\n<meta property=\"og:type\" content=\"article\" \/>\n<meta property=\"og:title\" content=\"Raparperihiushoito nuorelle sis\u00e4lt\u00e4en letityksen | Hestia Hotel Haapsalu Spa\" \/>\n<meta property=\"og:description\" content=\"Hoidon alussa hiukset pest\u00e4\u00e4n aloe-uutetta sis\u00e4lt\u00e4v\u00e4ll\u00e4 raparperishampoolla, joka antaa hiuksille raikkautta, s\u00e4teily\u00e4 ja kiiltoa. Sitten hiuksiin levitet\u00e4\u00e4n luonnollinen raparperihiusnaamio risiini\u00f6ljyll\u00e4, joka parantaa hiusten rakennetta ja v\u00e4hent\u00e4\u00e4 p\u00f6rr\u00f6isyytt\u00e4. Hoito p\u00e4\u00e4ttyy nuoren valitsemaan lettiin, jonka kanssa voi jatkaa rentouttavaa lomaa.  Ik\u00e4suositus hoitoon on 15 vuoden ik\u00e4\u00e4n asti.\" \/>\n<meta property=\"og:url\" content=\"https:\/\/www.hestiahotels.com\/haapsaluspa\/fi\/toode\/raparperihiushoito-nuorelle-sisaltaen-letityksen\/\" \/>\n<meta property=\"og:site_name\" content=\"Hestia Hotel Haapsalu Spa\" \/>\n<meta property=\"article:publisher\" content=\"https:\/\/www.facebook.com\/HaapsaluSpa\" \/>\n<meta property=\"article:modified_time\" content=\"2026-04-17T08:45:42+00:00\" \/>\n<meta property=\"og:image\" content=\"https:\/\/www.hestiahotels.com\/wp-content\/uploads\/sites\/7\/2022\/07\/punutis1.jpg\" \/>\n\t<meta property=\"og:image:width\" content=\"1920\" \/>\n\t<meta property=\"og:image:height\" content=\"1080\" \/>\n\t<meta property=\"og:image:type\" content=\"image\/jpeg\" \/>\n<meta name=\"twitter:card\" content=\"summary_large_image\" \/>\n<meta name=\"twitter:label1\" content=\"Arvioitu lukuaika\" \/>\n\t<meta name=\"twitter:data1\" content=\"1 minuutti\" \/>\n<script type=\"application\/ld+json\" class=\"yoast-schema-graph\">{\"@context\":\"https:\/\/schema.org\",\"@graph\":[{\"@type\":\"WebPage\",\"@id\":\"https:\/\/www.hestiahotels.com\/haapsaluspa\/fi\/toode\/raparperihiushoito-nuorelle-sisaltaen-letityksen\/\",\"url\":\"https:\/\/www.hestiahotels.com\/haapsaluspa\/fi\/toode\/raparperihiushoito-nuorelle-sisaltaen-letityksen\/\",\"name\":\"Raparperihiushoito nuorelle sis\u00e4lt\u00e4en letityksen | Hestia Hotel Haapsalu Spa\",\"isPartOf\":{\"@id\":\"https:\/\/www.hestiahotels.com\/haapsaluspa\/#website\"},\"primaryImageOfPage\":{\"@id\":\"https:\/\/www.hestiahotels.com\/haapsaluspa\/fi\/toode\/raparperihiushoito-nuorelle-sisaltaen-letityksen\/#primaryimage\"},\"image\":{\"@id\":\"https:\/\/www.hestiahotels.com\/haapsaluspa\/fi\/toode\/raparperihiushoito-nuorelle-sisaltaen-letityksen\/#primaryimage\"},\"thumbnailUrl\":\"\/wp-content\/uploads\/sites\/7\/2022\/07\/punutis1.jpg\",\"datePublished\":\"2022-07-28T10:05:46+00:00\",\"dateModified\":\"2026-04-17T08:45:42+00:00\",\"breadcrumb\":{\"@id\":\"https:\/\/www.hestiahotels.com\/haapsaluspa\/fi\/toode\/raparperihiushoito-nuorelle-sisaltaen-letityksen\/#breadcrumb\"},\"inLanguage\":\"fi\",\"potentialAction\":[{\"@type\":\"ReadAction\",\"target\":[\"https:\/\/www.hestiahotels.com\/haapsaluspa\/fi\/toode\/raparperihiushoito-nuorelle-sisaltaen-letityksen\/\"]}]},{\"@type\":\"ImageObject\",\"inLanguage\":\"fi\",\"@id\":\"https:\/\/www.hestiahotels.com\/haapsaluspa\/fi\/toode\/raparperihiushoito-nuorelle-sisaltaen-letityksen\/#primaryimage\",\"url\":\"\/wp-content\/uploads\/sites\/7\/2022\/07\/punutis1.jpg\",\"contentUrl\":\"\/wp-content\/uploads\/sites\/7\/2022\/07\/punutis1.jpg\",\"width\":1920,\"height\":1080},{\"@type\":\"BreadcrumbList\",\"@id\":\"https:\/\/www.hestiahotels.com\/haapsaluspa\/fi\/toode\/raparperihiushoito-nuorelle-sisaltaen-letityksen\/#breadcrumb\",\"itemListElement\":[{\"@type\":\"ListItem\",\"position\":1,\"name\":\"Home\",\"item\":\"https:\/\/www.hestiahotels.com\/haapsaluspa\/fi\/\"},{\"@type\":\"ListItem\",\"position\":2,\"name\":\"Hibiscus spa hoidot\",\"item\":\"https:\/\/www.hestiahotels.com\/haapsaluspa\/fi\/hibiscus-spa-hoidot\/\"},{\"@type\":\"ListItem\",\"position\":3,\"name\":\"Raparperihiushoito nuorelle sis\u00e4lt\u00e4en letityksen\"}]},{\"@type\":\"WebSite\",\"@id\":\"https:\/\/www.hestiahotels.com\/haapsaluspa\/#website\",\"url\":\"https:\/\/www.hestiahotels.com\/haapsaluspa\/\",\"name\":\"Hestia Hotel Haapsalu Spa\",\"description\":\"Hestia Group\",\"potentialAction\":[{\"@type\":\"SearchAction\",\"target\":{\"@type\":\"EntryPoint\",\"urlTemplate\":\"https:\/\/www.hestiahotels.com\/haapsaluspa\/?s={search_term_string}\"},\"query-input\":{\"@type\":\"PropertyValueSpecification\",\"valueRequired\":true,\"valueName\":\"search_term_string\"}}],\"inLanguage\":\"fi\"}]}<\/script>\n<!-- \/ Yoast SEO plugin. -->","yoast_head_json":{"title":"Raparperihiushoito nuorelle sis\u00e4lt\u00e4en letityksen | Hestia Hotel Haapsalu Spa","robots":{"index":"index","follow":"follow","max-snippet":"max-snippet:-1","max-image-preview":"max-image-preview:large","max-video-preview":"max-video-preview:-1"},"canonical":"https:\/\/www.hestiahotels.com\/haapsaluspa\/fi\/toode\/raparperihiushoito-nuorelle-sisaltaen-letityksen\/","og_locale":"fi_FI","og_type":"article","og_title":"Raparperihiushoito nuorelle sis\u00e4lt\u00e4en letityksen | Hestia Hotel Haapsalu Spa","og_description":"Hoidon alussa hiukset pest\u00e4\u00e4n aloe-uutetta sis\u00e4lt\u00e4v\u00e4ll\u00e4 raparperishampoolla, joka antaa hiuksille raikkautta, s\u00e4teily\u00e4 ja kiiltoa. Sitten hiuksiin levitet\u00e4\u00e4n luonnollinen raparperihiusnaamio risiini\u00f6ljyll\u00e4, joka parantaa hiusten rakennetta ja v\u00e4hent\u00e4\u00e4 p\u00f6rr\u00f6isyytt\u00e4. Hoito p\u00e4\u00e4ttyy nuoren valitsemaan lettiin, jonka kanssa voi jatkaa rentouttavaa lomaa.  Ik\u00e4suositus hoitoon on 15 vuoden ik\u00e4\u00e4n asti.","og_url":"https:\/\/www.hestiahotels.com\/haapsaluspa\/fi\/toode\/raparperihiushoito-nuorelle-sisaltaen-letityksen\/","og_site_name":"Hestia Hotel Haapsalu Spa","article_publisher":"https:\/\/www.facebook.com\/HaapsaluSpa","article_modified_time":"2026-04-17T08:45:42+00:00","og_image":[{"width":1920,"height":1080,"url":"https:\/\/www.hestiahotels.com\/wp-content\/uploads\/sites\/7\/2022\/07\/punutis1.jpg","type":"image\/jpeg"}],"twitter_card":"summary_large_image","twitter_misc":{"Arvioitu lukuaika":"1 minuutti"},"schema":{"@context":"https:\/\/schema.org","@graph":[{"@type":"WebPage","@id":"https:\/\/www.hestiahotels.com\/haapsaluspa\/fi\/toode\/raparperihiushoito-nuorelle-sisaltaen-letityksen\/","url":"https:\/\/www.hestiahotels.com\/haapsaluspa\/fi\/toode\/raparperihiushoito-nuorelle-sisaltaen-letityksen\/","name":"Raparperihiushoito nuorelle sis\u00e4lt\u00e4en letityksen | Hestia Hotel Haapsalu Spa","isPartOf":{"@id":"https:\/\/www.hestiahotels.com\/haapsaluspa\/#website"},"primaryImageOfPage":{"@id":"https:\/\/www.hestiahotels.com\/haapsaluspa\/fi\/toode\/raparperihiushoito-nuorelle-sisaltaen-letityksen\/#primaryimage"},"image":{"@id":"https:\/\/www.hestiahotels.com\/haapsaluspa\/fi\/toode\/raparperihiushoito-nuorelle-sisaltaen-letityksen\/#primaryimage"},"thumbnailUrl":"\/wp-content\/uploads\/sites\/7\/2022\/07\/punutis1.jpg","datePublished":"2022-07-28T10:05:46+00:00","dateModified":"2026-04-17T08:45:42+00:00","breadcrumb":{"@id":"https:\/\/www.hestiahotels.com\/haapsaluspa\/fi\/toode\/raparperihiushoito-nuorelle-sisaltaen-letityksen\/#breadcrumb"},"inLanguage":"fi","potentialAction":[{"@type":"ReadAction","target":["https:\/\/www.hestiahotels.com\/haapsaluspa\/fi\/toode\/raparperihiushoito-nuorelle-sisaltaen-letityksen\/"]}]},{"@type":"ImageObject","inLanguage":"fi","@id":"https:\/\/www.hestiahotels.com\/haapsaluspa\/fi\/toode\/raparperihiushoito-nuorelle-sisaltaen-letityksen\/#primaryimage","url":"\/wp-content\/uploads\/sites\/7\/2022\/07\/punutis1.jpg","contentUrl":"\/wp-content\/uploads\/sites\/7\/2022\/07\/punutis1.jpg","width":1920,"height":1080},{"@type":"BreadcrumbList","@id":"https:\/\/www.hestiahotels.com\/haapsaluspa\/fi\/toode\/raparperihiushoito-nuorelle-sisaltaen-letityksen\/#breadcrumb","itemListElement":[{"@type":"ListItem","position":1,"name":"Home","item":"https:\/\/www.hestiahotels.com\/haapsaluspa\/fi\/"},{"@type":"ListItem","position":2,"name":"Hibiscus spa hoidot","item":"https:\/\/www.hestiahotels.com\/haapsaluspa\/fi\/hibiscus-spa-hoidot\/"},{"@type":"ListItem","position":3,"name":"Raparperihiushoito nuorelle sis\u00e4lt\u00e4en letityksen"}]},{"@type":"WebSite","@id":"https:\/\/www.hestiahotels.com\/haapsaluspa\/#website","url":"https:\/\/www.hestiahotels.com\/haapsaluspa\/","name":"Hestia Hotel Haapsalu Spa","description":"Hestia Group","potentialAction":[{"@type":"SearchAction","target":{"@type":"EntryPoint","urlTemplate":"https:\/\/www.hestiahotels.com\/haapsaluspa\/?s={search_term_string}"},"query-input":{"@type":"PropertyValueSpecification","valueRequired":true,"valueName":"search_term_string"}}],"inLanguage":"fi"}]}},"_links":{"self":[{"href":"https:\/\/www.hestiahotels.com\/haapsaluspa\/fi\/wp-json\/wp\/v2\/product\/28047","targetHints":{"allow":["GET"]}}],"collection":[{"href":"https:\/\/www.hestiahotels.com\/haapsaluspa\/fi\/wp-json\/wp\/v2\/product"}],"about":[{"href":"https:\/\/www.hestiahotels.com\/haapsaluspa\/fi\/wp-json\/wp\/v2\/types\/product"}],"wp:featuredmedia":[{"embeddable":true,"href":"https:\/\/www.hestiahotels.com\/haapsaluspa\/fi\/wp-json\/wp\/v2\/media\/28048"}],"wp:attachment":[{"href":"https:\/\/www.hestiahotels.com\/haapsaluspa\/fi\/wp-json\/wp\/v2\/media?parent=28047"}],"wp:term":[{"taxonomy":"product_brand","embeddable":true,"href":"https:\/\/www.hestiahotels.com\/haapsaluspa\/fi\/wp-json\/wp\/v2\/product_brand?post=28047"},{"taxonomy":"product_cat","embeddable":true,"href":"https:\/\/www.hestiahotels.com\/haapsaluspa\/fi\/wp-json\/wp\/v2\/product_cat?post=28047"},{"taxonomy":"product_tag","embeddable":true,"href":"https:\/\/www.hestiahotels.com\/haapsaluspa\/fi\/wp-json\/wp\/v2\/product_tag?post=28047"}],"curies":[{"name":"wp","href":"https:\/\/api.w.org\/{rel}","templated":true}]}}