{"id":28072,"date":"2021-04-05T20:09:17","date_gmt":"2021-04-05T17:09:17","guid":{"rendered":"https:\/\/www.hestiahotels.com\/haapsaluspa\/toode\/ravimuda-turba-salendav-kehahoolitsus\/"},"modified":"2025-06-01T01:00:03","modified_gmt":"2025-05-31T22:00:03","slug":"hoikistava-mutahieronta","status":"publish","type":"product","link":"https:\/\/www.hestiahotels.com\/haapsaluspa\/fi\/toode\/hoikistava-mutahieronta\/","title":{"rendered":"Hoikistava mutahieronta"},"content":{"rendered":"","protected":false},"excerpt":{"rendered":"<p>Koko vartalo kuoritaan lev\u00e4\u00e4 sislt\u00e4v\u00e4ll\u00e4 kuorinta-aineella. Sen j\u00e4lkeen vartalo peitet\u00e4\u00e4n muta-turve-hauteella. Muta-turve-sekoitus on eritt\u00e4in tehokas yhdistelm\u00e4, jossa eri ainesosat vahvistavat toisiaan. Muta ja turve lievent\u00e4v\u00e4t tulehduksia, v\u00e4hent\u00e4v\u00e4t j\u00e4nnitteit\u00e4, vilkastuttavat aineenvaihduntaa ja poistavat tehokkaasti kuona-aineita. Hoidon lopuksi koko vartalo hierotaan kosteusvoiteella. Hoidon j\u00e4lkeen on mahdollista nauttia runsaasti mineraaleja sis\u00e4lt\u00e4v\u00e4\u00e4 savijuomaa. Juoma vilkastuttaa verenkiertoa ja puhdistaa elimist\u00f6\u00e4, mik\u00e4 tukee hyvin erilaisia dieettej\u00e4.<\/p>\n","protected":false},"featured_media":30679,"template":"","meta":{"_acf_changed":false},"product_brand":[],"product_cat":[204,85],"product_tag":[],"class_list":{"0":"post-28072","1":"product","2":"type-product","3":"status-publish","4":"has-post-thumbnail","6":"product_cat-muta-terapia","7":"product_cat-vartalo","9":"first","10":"instock","11":"shipping-taxable","12":"purchasable","13":"product-type-simple"},"acf":[],"yoast_head":"<!-- This site is optimized with the Yoast SEO plugin v27.2 - https:\/\/yoast.com\/product\/yoast-seo-wordpress\/ -->\n<title>Hoikistava mutahieronta | Hestia Hotel Haapsalu Spa<\/title>\n<meta name=\"robots\" content=\"index, follow, max-snippet:-1, max-image-preview:large, max-video-preview:-1\" \/>\n<link rel=\"canonical\" href=\"https:\/\/www.hestiahotels.com\/haapsaluspa\/fi\/toode\/hoikistava-mutahieronta\/\" \/>\n<meta property=\"og:locale\" content=\"fi_FI\" \/>\n<meta property=\"og:type\" content=\"article\" \/>\n<meta property=\"og:title\" content=\"Hoikistava mutahieronta | Hestia Hotel Haapsalu Spa\" \/>\n<meta property=\"og:description\" content=\"Koko vartalo kuoritaan lev\u00e4\u00e4 sislt\u00e4v\u00e4ll\u00e4 kuorinta-aineella. Sen j\u00e4lkeen vartalo peitet\u00e4\u00e4n muta-turve-hauteella. Muta-turve-sekoitus on eritt\u00e4in tehokas yhdistelm\u00e4, jossa eri ainesosat vahvistavat toisiaan. Muta ja turve lievent\u00e4v\u00e4t tulehduksia, v\u00e4hent\u00e4v\u00e4t j\u00e4nnitteit\u00e4, vilkastuttavat aineenvaihduntaa ja poistavat tehokkaasti kuona-aineita. Hoidon lopuksi koko vartalo hierotaan kosteusvoiteella. Hoidon j\u00e4lkeen on mahdollista nauttia runsaasti mineraaleja sis\u00e4lt\u00e4v\u00e4\u00e4 savijuomaa. Juoma vilkastuttaa verenkiertoa ja puhdistaa elimist\u00f6\u00e4, mik\u00e4 tukee hyvin erilaisia dieettej\u00e4.\" \/>\n<meta property=\"og:url\" content=\"https:\/\/www.hestiahotels.com\/haapsaluspa\/fi\/toode\/hoikistava-mutahieronta\/\" \/>\n<meta property=\"og:site_name\" content=\"Hestia Hotel Haapsalu Spa\" \/>\n<meta property=\"article:publisher\" content=\"https:\/\/www.facebook.com\/HaapsaluSpa\" \/>\n<meta property=\"article:modified_time\" content=\"2025-05-31T22:00:03+00:00\" \/>\n<meta property=\"og:image\" content=\"https:\/\/www.hestiahotels.com\/wp-content\/uploads\/sites\/7\/2021\/04\/Ravimuda-turba-salendav-kehahoolitsus.jpg\" \/>\n\t<meta property=\"og:image:width\" content=\"1920\" \/>\n\t<meta property=\"og:image:height\" content=\"1080\" \/>\n\t<meta property=\"og:image:type\" content=\"image\/jpeg\" \/>\n<meta name=\"twitter:card\" content=\"summary_large_image\" \/>\n<meta name=\"twitter:label1\" content=\"Arvioitu lukuaika\" \/>\n\t<meta name=\"twitter:data1\" content=\"1 minuutti\" \/>\n<script type=\"application\/ld+json\" class=\"yoast-schema-graph\">{\"@context\":\"https:\/\/schema.org\",\"@graph\":[{\"@type\":\"WebPage\",\"@id\":\"https:\/\/www.hestiahotels.com\/haapsaluspa\/fi\/toode\/hoikistava-mutahieronta\/\",\"url\":\"https:\/\/www.hestiahotels.com\/haapsaluspa\/fi\/toode\/hoikistava-mutahieronta\/\",\"name\":\"Hoikistava mutahieronta | Hestia Hotel Haapsalu Spa\",\"isPartOf\":{\"@id\":\"https:\/\/www.hestiahotels.com\/haapsaluspa\/#website\"},\"primaryImageOfPage\":{\"@id\":\"https:\/\/www.hestiahotels.com\/haapsaluspa\/fi\/toode\/hoikistava-mutahieronta\/#primaryimage\"},\"image\":{\"@id\":\"https:\/\/www.hestiahotels.com\/haapsaluspa\/fi\/toode\/hoikistava-mutahieronta\/#primaryimage\"},\"thumbnailUrl\":\"\/wp-content\/uploads\/sites\/7\/2021\/04\/Ravimuda-turba-salendav-kehahoolitsus.jpg\",\"datePublished\":\"2021-04-05T17:09:17+00:00\",\"dateModified\":\"2025-05-31T22:00:03+00:00\",\"breadcrumb\":{\"@id\":\"https:\/\/www.hestiahotels.com\/haapsaluspa\/fi\/toode\/hoikistava-mutahieronta\/#breadcrumb\"},\"inLanguage\":\"fi\",\"potentialAction\":[{\"@type\":\"ReadAction\",\"target\":[\"https:\/\/www.hestiahotels.com\/haapsaluspa\/fi\/toode\/hoikistava-mutahieronta\/\"]}]},{\"@type\":\"ImageObject\",\"inLanguage\":\"fi\",\"@id\":\"https:\/\/www.hestiahotels.com\/haapsaluspa\/fi\/toode\/hoikistava-mutahieronta\/#primaryimage\",\"url\":\"\/wp-content\/uploads\/sites\/7\/2021\/04\/Ravimuda-turba-salendav-kehahoolitsus.jpg\",\"contentUrl\":\"\/wp-content\/uploads\/sites\/7\/2021\/04\/Ravimuda-turba-salendav-kehahoolitsus.jpg\",\"width\":1920,\"height\":1080},{\"@type\":\"BreadcrumbList\",\"@id\":\"https:\/\/www.hestiahotels.com\/haapsaluspa\/fi\/toode\/hoikistava-mutahieronta\/#breadcrumb\",\"itemListElement\":[{\"@type\":\"ListItem\",\"position\":1,\"name\":\"Home\",\"item\":\"https:\/\/www.hestiahotels.com\/haapsaluspa\/fi\/\"},{\"@type\":\"ListItem\",\"position\":2,\"name\":\"Hibiscus spa hoidot\",\"item\":\"https:\/\/www.hestiahotels.com\/haapsaluspa\/fi\/hibiscus-spa-hoidot\/\"},{\"@type\":\"ListItem\",\"position\":3,\"name\":\"Hoikistava mutahieronta\"}]},{\"@type\":\"WebSite\",\"@id\":\"https:\/\/www.hestiahotels.com\/haapsaluspa\/#website\",\"url\":\"https:\/\/www.hestiahotels.com\/haapsaluspa\/\",\"name\":\"Hestia Hotel Haapsalu Spa\",\"description\":\"Hestia Group\",\"potentialAction\":[{\"@type\":\"SearchAction\",\"target\":{\"@type\":\"EntryPoint\",\"urlTemplate\":\"https:\/\/www.hestiahotels.com\/haapsaluspa\/?s={search_term_string}\"},\"query-input\":{\"@type\":\"PropertyValueSpecification\",\"valueRequired\":true,\"valueName\":\"search_term_string\"}}],\"inLanguage\":\"fi\"}]}<\/script>\n<!-- \/ Yoast SEO plugin. -->","yoast_head_json":{"title":"Hoikistava mutahieronta | Hestia Hotel Haapsalu Spa","robots":{"index":"index","follow":"follow","max-snippet":"max-snippet:-1","max-image-preview":"max-image-preview:large","max-video-preview":"max-video-preview:-1"},"canonical":"https:\/\/www.hestiahotels.com\/haapsaluspa\/fi\/toode\/hoikistava-mutahieronta\/","og_locale":"fi_FI","og_type":"article","og_title":"Hoikistava mutahieronta | Hestia Hotel Haapsalu Spa","og_description":"Koko vartalo kuoritaan lev\u00e4\u00e4 sislt\u00e4v\u00e4ll\u00e4 kuorinta-aineella. Sen j\u00e4lkeen vartalo peitet\u00e4\u00e4n muta-turve-hauteella. Muta-turve-sekoitus on eritt\u00e4in tehokas yhdistelm\u00e4, jossa eri ainesosat vahvistavat toisiaan. Muta ja turve lievent\u00e4v\u00e4t tulehduksia, v\u00e4hent\u00e4v\u00e4t j\u00e4nnitteit\u00e4, vilkastuttavat aineenvaihduntaa ja poistavat tehokkaasti kuona-aineita. Hoidon lopuksi koko vartalo hierotaan kosteusvoiteella. Hoidon j\u00e4lkeen on mahdollista nauttia runsaasti mineraaleja sis\u00e4lt\u00e4v\u00e4\u00e4 savijuomaa. Juoma vilkastuttaa verenkiertoa ja puhdistaa elimist\u00f6\u00e4, mik\u00e4 tukee hyvin erilaisia dieettej\u00e4.","og_url":"https:\/\/www.hestiahotels.com\/haapsaluspa\/fi\/toode\/hoikistava-mutahieronta\/","og_site_name":"Hestia Hotel Haapsalu Spa","article_publisher":"https:\/\/www.facebook.com\/HaapsaluSpa","article_modified_time":"2025-05-31T22:00:03+00:00","og_image":[{"width":1920,"height":1080,"url":"https:\/\/www.hestiahotels.com\/wp-content\/uploads\/sites\/7\/2021\/04\/Ravimuda-turba-salendav-kehahoolitsus.jpg","type":"image\/jpeg"}],"twitter_card":"summary_large_image","twitter_misc":{"Arvioitu lukuaika":"1 minuutti"},"schema":{"@context":"https:\/\/schema.org","@graph":[{"@type":"WebPage","@id":"https:\/\/www.hestiahotels.com\/haapsaluspa\/fi\/toode\/hoikistava-mutahieronta\/","url":"https:\/\/www.hestiahotels.com\/haapsaluspa\/fi\/toode\/hoikistava-mutahieronta\/","name":"Hoikistava mutahieronta | Hestia Hotel Haapsalu Spa","isPartOf":{"@id":"https:\/\/www.hestiahotels.com\/haapsaluspa\/#website"},"primaryImageOfPage":{"@id":"https:\/\/www.hestiahotels.com\/haapsaluspa\/fi\/toode\/hoikistava-mutahieronta\/#primaryimage"},"image":{"@id":"https:\/\/www.hestiahotels.com\/haapsaluspa\/fi\/toode\/hoikistava-mutahieronta\/#primaryimage"},"thumbnailUrl":"\/wp-content\/uploads\/sites\/7\/2021\/04\/Ravimuda-turba-salendav-kehahoolitsus.jpg","datePublished":"2021-04-05T17:09:17+00:00","dateModified":"2025-05-31T22:00:03+00:00","breadcrumb":{"@id":"https:\/\/www.hestiahotels.com\/haapsaluspa\/fi\/toode\/hoikistava-mutahieronta\/#breadcrumb"},"inLanguage":"fi","potentialAction":[{"@type":"ReadAction","target":["https:\/\/www.hestiahotels.com\/haapsaluspa\/fi\/toode\/hoikistava-mutahieronta\/"]}]},{"@type":"ImageObject","inLanguage":"fi","@id":"https:\/\/www.hestiahotels.com\/haapsaluspa\/fi\/toode\/hoikistava-mutahieronta\/#primaryimage","url":"\/wp-content\/uploads\/sites\/7\/2021\/04\/Ravimuda-turba-salendav-kehahoolitsus.jpg","contentUrl":"\/wp-content\/uploads\/sites\/7\/2021\/04\/Ravimuda-turba-salendav-kehahoolitsus.jpg","width":1920,"height":1080},{"@type":"BreadcrumbList","@id":"https:\/\/www.hestiahotels.com\/haapsaluspa\/fi\/toode\/hoikistava-mutahieronta\/#breadcrumb","itemListElement":[{"@type":"ListItem","position":1,"name":"Home","item":"https:\/\/www.hestiahotels.com\/haapsaluspa\/fi\/"},{"@type":"ListItem","position":2,"name":"Hibiscus spa hoidot","item":"https:\/\/www.hestiahotels.com\/haapsaluspa\/fi\/hibiscus-spa-hoidot\/"},{"@type":"ListItem","position":3,"name":"Hoikistava mutahieronta"}]},{"@type":"WebSite","@id":"https:\/\/www.hestiahotels.com\/haapsaluspa\/#website","url":"https:\/\/www.hestiahotels.com\/haapsaluspa\/","name":"Hestia Hotel Haapsalu Spa","description":"Hestia Group","potentialAction":[{"@type":"SearchAction","target":{"@type":"EntryPoint","urlTemplate":"https:\/\/www.hestiahotels.com\/haapsaluspa\/?s={search_term_string}"},"query-input":{"@type":"PropertyValueSpecification","valueRequired":true,"valueName":"search_term_string"}}],"inLanguage":"fi"}]}},"_links":{"self":[{"href":"https:\/\/www.hestiahotels.com\/haapsaluspa\/fi\/wp-json\/wp\/v2\/product\/28072","targetHints":{"allow":["GET"]}}],"collection":[{"href":"https:\/\/www.hestiahotels.com\/haapsaluspa\/fi\/wp-json\/wp\/v2\/product"}],"about":[{"href":"https:\/\/www.hestiahotels.com\/haapsaluspa\/fi\/wp-json\/wp\/v2\/types\/product"}],"wp:featuredmedia":[{"embeddable":true,"href":"https:\/\/www.hestiahotels.com\/haapsaluspa\/fi\/wp-json\/wp\/v2\/media\/30679"}],"wp:attachment":[{"href":"https:\/\/www.hestiahotels.com\/haapsaluspa\/fi\/wp-json\/wp\/v2\/media?parent=28072"}],"wp:term":[{"taxonomy":"product_brand","embeddable":true,"href":"https:\/\/www.hestiahotels.com\/haapsaluspa\/fi\/wp-json\/wp\/v2\/product_brand?post=28072"},{"taxonomy":"product_cat","embeddable":true,"href":"https:\/\/www.hestiahotels.com\/haapsaluspa\/fi\/wp-json\/wp\/v2\/product_cat?post=28072"},{"taxonomy":"product_tag","embeddable":true,"href":"https:\/\/www.hestiahotels.com\/haapsaluspa\/fi\/wp-json\/wp\/v2\/product_tag?post=28072"}],"curies":[{"name":"wp","href":"https:\/\/api.w.org\/{rel}","templated":true}]}}