{"id":28102,"date":"2021-04-06T10:58:33","date_gmt":"2021-04-06T07:58:33","guid":{"rendered":"https:\/\/www.hestiahotels.com\/haapsaluspa\/toode\/loogastav-ergutav-urdivann\/"},"modified":"2024-01-18T19:20:03","modified_gmt":"2024-01-18T17:20:03","slug":"rentouttava-ja-virkistava-yrttikylpy","status":"publish","type":"product","link":"https:\/\/www.hestiahotels.com\/haapsaluspa\/fi\/toode\/rentouttava-ja-virkistava-yrttikylpy\/","title":{"rendered":"Rentouttava ja virkist\u00e4v\u00e4 yrttikylpy:"},"content":{"rendered":"","protected":false},"excerpt":{"rendered":"<p>Automaattinen vesihieronta vilkastuttaa verenkiertoa ja aineenvaihduntaa aivan kuten klassinen hieronta, ja se on ylip\u00e4\u00e4t\u00e4\u00e4n rentouttava. Kylpyammeen pohjassa ja sivuilla on aukkoja, joista pulppuavat paineaallot hierovat kehoa. Hieronta v\u00e4hent\u00e4\u00e4 lihasj\u00e4nnityst\u00e4 ja kipuja. Kylpyveteen sekoitetaanm asiakkaan toiveen mukaisia, elimist\u00f6\u00e4 tervehdytt\u00e4vi\u00e4 yrttej\u00e4.<\/p>\n","protected":false},"featured_media":18089,"template":"","meta":{"_acf_changed":false},"product_brand":[],"product_cat":[82],"product_tag":[],"class_list":{"0":"post-28102","1":"product","2":"type-product","3":"status-publish","4":"has-post-thumbnail","6":"product_cat-vesi","8":"first","9":"instock","10":"shipping-taxable","11":"purchasable","12":"product-type-simple"},"acf":[],"yoast_head":"<!-- This site is optimized with the Yoast SEO plugin v27.2 - https:\/\/yoast.com\/product\/yoast-seo-wordpress\/ -->\n<title>Rentouttava ja virkist\u00e4v\u00e4 yrttikylpy: | Hestia Hotel Haapsalu Spa<\/title>\n<meta name=\"robots\" content=\"index, follow, max-snippet:-1, max-image-preview:large, max-video-preview:-1\" \/>\n<link rel=\"canonical\" href=\"https:\/\/www.hestiahotels.com\/haapsaluspa\/fi\/toode\/rentouttava-ja-virkistava-yrttikylpy\/\" \/>\n<meta property=\"og:locale\" content=\"fi_FI\" \/>\n<meta property=\"og:type\" content=\"article\" \/>\n<meta property=\"og:title\" content=\"Rentouttava ja virkist\u00e4v\u00e4 yrttikylpy: | Hestia Hotel Haapsalu Spa\" \/>\n<meta property=\"og:description\" content=\"Automaattinen vesihieronta vilkastuttaa verenkiertoa ja aineenvaihduntaa aivan kuten klassinen hieronta, ja se on ylip\u00e4\u00e4t\u00e4\u00e4n rentouttava. Kylpyammeen pohjassa ja sivuilla on aukkoja, joista pulppuavat paineaallot hierovat kehoa. Hieronta v\u00e4hent\u00e4\u00e4 lihasj\u00e4nnityst\u00e4 ja kipuja. Kylpyveteen sekoitetaanm asiakkaan toiveen mukaisia, elimist\u00f6\u00e4 tervehdytt\u00e4vi\u00e4 yrttej\u00e4.\" \/>\n<meta property=\"og:url\" content=\"https:\/\/www.hestiahotels.com\/haapsaluspa\/fi\/toode\/rentouttava-ja-virkistava-yrttikylpy\/\" \/>\n<meta property=\"og:site_name\" content=\"Hestia Hotel Haapsalu Spa\" \/>\n<meta property=\"article:publisher\" content=\"https:\/\/www.facebook.com\/HaapsaluSpa\" \/>\n<meta property=\"article:modified_time\" content=\"2024-01-18T17:20:03+00:00\" \/>\n<meta property=\"og:image\" content=\"https:\/\/www.hestiahotels.com\/wp-content\/uploads\/sites\/7\/2021\/04\/Copy-of-Hestia-1920x1080-Landscape-Screen-50.jpg\" \/>\n\t<meta property=\"og:image:width\" content=\"1920\" \/>\n\t<meta property=\"og:image:height\" content=\"1080\" \/>\n\t<meta property=\"og:image:type\" content=\"image\/jpeg\" \/>\n<meta name=\"twitter:card\" content=\"summary_large_image\" \/>\n<meta name=\"twitter:label1\" content=\"Arvioitu lukuaika\" \/>\n\t<meta name=\"twitter:data1\" content=\"1 minuutti\" \/>\n<script type=\"application\/ld+json\" class=\"yoast-schema-graph\">{\"@context\":\"https:\/\/schema.org\",\"@graph\":[{\"@type\":\"WebPage\",\"@id\":\"https:\/\/www.hestiahotels.com\/haapsaluspa\/fi\/toode\/rentouttava-ja-virkistava-yrttikylpy\/\",\"url\":\"https:\/\/www.hestiahotels.com\/haapsaluspa\/fi\/toode\/rentouttava-ja-virkistava-yrttikylpy\/\",\"name\":\"Rentouttava ja virkist\u00e4v\u00e4 yrttikylpy: | Hestia Hotel Haapsalu Spa\",\"isPartOf\":{\"@id\":\"https:\/\/www.hestiahotels.com\/haapsaluspa\/#website\"},\"primaryImageOfPage\":{\"@id\":\"https:\/\/www.hestiahotels.com\/haapsaluspa\/fi\/toode\/rentouttava-ja-virkistava-yrttikylpy\/#primaryimage\"},\"image\":{\"@id\":\"https:\/\/www.hestiahotels.com\/haapsaluspa\/fi\/toode\/rentouttava-ja-virkistava-yrttikylpy\/#primaryimage\"},\"thumbnailUrl\":\"\/wp-content\/uploads\/sites\/7\/2021\/04\/Copy-of-Hestia-1920x1080-Landscape-Screen-50.jpg\",\"datePublished\":\"2021-04-06T07:58:33+00:00\",\"dateModified\":\"2024-01-18T17:20:03+00:00\",\"breadcrumb\":{\"@id\":\"https:\/\/www.hestiahotels.com\/haapsaluspa\/fi\/toode\/rentouttava-ja-virkistava-yrttikylpy\/#breadcrumb\"},\"inLanguage\":\"fi\",\"potentialAction\":[{\"@type\":\"ReadAction\",\"target\":[\"https:\/\/www.hestiahotels.com\/haapsaluspa\/fi\/toode\/rentouttava-ja-virkistava-yrttikylpy\/\"]}]},{\"@type\":\"ImageObject\",\"inLanguage\":\"fi\",\"@id\":\"https:\/\/www.hestiahotels.com\/haapsaluspa\/fi\/toode\/rentouttava-ja-virkistava-yrttikylpy\/#primaryimage\",\"url\":\"\/wp-content\/uploads\/sites\/7\/2021\/04\/Copy-of-Hestia-1920x1080-Landscape-Screen-50.jpg\",\"contentUrl\":\"\/wp-content\/uploads\/sites\/7\/2021\/04\/Copy-of-Hestia-1920x1080-Landscape-Screen-50.jpg\",\"width\":1920,\"height\":1080},{\"@type\":\"BreadcrumbList\",\"@id\":\"https:\/\/www.hestiahotels.com\/haapsaluspa\/fi\/toode\/rentouttava-ja-virkistava-yrttikylpy\/#breadcrumb\",\"itemListElement\":[{\"@type\":\"ListItem\",\"position\":1,\"name\":\"Home\",\"item\":\"https:\/\/www.hestiahotels.com\/haapsaluspa\/fi\/\"},{\"@type\":\"ListItem\",\"position\":2,\"name\":\"Hibiscus spa hoidot\",\"item\":\"https:\/\/www.hestiahotels.com\/haapsaluspa\/fi\/hibiscus-spa-hoidot\/\"},{\"@type\":\"ListItem\",\"position\":3,\"name\":\"Rentouttava ja virkist\u00e4v\u00e4 yrttikylpy:\"}]},{\"@type\":\"WebSite\",\"@id\":\"https:\/\/www.hestiahotels.com\/haapsaluspa\/#website\",\"url\":\"https:\/\/www.hestiahotels.com\/haapsaluspa\/\",\"name\":\"Hestia Hotel Haapsalu Spa\",\"description\":\"Hestia Group\",\"potentialAction\":[{\"@type\":\"SearchAction\",\"target\":{\"@type\":\"EntryPoint\",\"urlTemplate\":\"https:\/\/www.hestiahotels.com\/haapsaluspa\/?s={search_term_string}\"},\"query-input\":{\"@type\":\"PropertyValueSpecification\",\"valueRequired\":true,\"valueName\":\"search_term_string\"}}],\"inLanguage\":\"fi\"}]}<\/script>\n<!-- \/ Yoast SEO plugin. -->","yoast_head_json":{"title":"Rentouttava ja virkist\u00e4v\u00e4 yrttikylpy: | Hestia Hotel Haapsalu Spa","robots":{"index":"index","follow":"follow","max-snippet":"max-snippet:-1","max-image-preview":"max-image-preview:large","max-video-preview":"max-video-preview:-1"},"canonical":"https:\/\/www.hestiahotels.com\/haapsaluspa\/fi\/toode\/rentouttava-ja-virkistava-yrttikylpy\/","og_locale":"fi_FI","og_type":"article","og_title":"Rentouttava ja virkist\u00e4v\u00e4 yrttikylpy: | Hestia Hotel Haapsalu Spa","og_description":"Automaattinen vesihieronta vilkastuttaa verenkiertoa ja aineenvaihduntaa aivan kuten klassinen hieronta, ja se on ylip\u00e4\u00e4t\u00e4\u00e4n rentouttava. Kylpyammeen pohjassa ja sivuilla on aukkoja, joista pulppuavat paineaallot hierovat kehoa. Hieronta v\u00e4hent\u00e4\u00e4 lihasj\u00e4nnityst\u00e4 ja kipuja. Kylpyveteen sekoitetaanm asiakkaan toiveen mukaisia, elimist\u00f6\u00e4 tervehdytt\u00e4vi\u00e4 yrttej\u00e4.","og_url":"https:\/\/www.hestiahotels.com\/haapsaluspa\/fi\/toode\/rentouttava-ja-virkistava-yrttikylpy\/","og_site_name":"Hestia Hotel Haapsalu Spa","article_publisher":"https:\/\/www.facebook.com\/HaapsaluSpa","article_modified_time":"2024-01-18T17:20:03+00:00","og_image":[{"width":1920,"height":1080,"url":"https:\/\/www.hestiahotels.com\/wp-content\/uploads\/sites\/7\/2021\/04\/Copy-of-Hestia-1920x1080-Landscape-Screen-50.jpg","type":"image\/jpeg"}],"twitter_card":"summary_large_image","twitter_misc":{"Arvioitu lukuaika":"1 minuutti"},"schema":{"@context":"https:\/\/schema.org","@graph":[{"@type":"WebPage","@id":"https:\/\/www.hestiahotels.com\/haapsaluspa\/fi\/toode\/rentouttava-ja-virkistava-yrttikylpy\/","url":"https:\/\/www.hestiahotels.com\/haapsaluspa\/fi\/toode\/rentouttava-ja-virkistava-yrttikylpy\/","name":"Rentouttava ja virkist\u00e4v\u00e4 yrttikylpy: | Hestia Hotel Haapsalu Spa","isPartOf":{"@id":"https:\/\/www.hestiahotels.com\/haapsaluspa\/#website"},"primaryImageOfPage":{"@id":"https:\/\/www.hestiahotels.com\/haapsaluspa\/fi\/toode\/rentouttava-ja-virkistava-yrttikylpy\/#primaryimage"},"image":{"@id":"https:\/\/www.hestiahotels.com\/haapsaluspa\/fi\/toode\/rentouttava-ja-virkistava-yrttikylpy\/#primaryimage"},"thumbnailUrl":"\/wp-content\/uploads\/sites\/7\/2021\/04\/Copy-of-Hestia-1920x1080-Landscape-Screen-50.jpg","datePublished":"2021-04-06T07:58:33+00:00","dateModified":"2024-01-18T17:20:03+00:00","breadcrumb":{"@id":"https:\/\/www.hestiahotels.com\/haapsaluspa\/fi\/toode\/rentouttava-ja-virkistava-yrttikylpy\/#breadcrumb"},"inLanguage":"fi","potentialAction":[{"@type":"ReadAction","target":["https:\/\/www.hestiahotels.com\/haapsaluspa\/fi\/toode\/rentouttava-ja-virkistava-yrttikylpy\/"]}]},{"@type":"ImageObject","inLanguage":"fi","@id":"https:\/\/www.hestiahotels.com\/haapsaluspa\/fi\/toode\/rentouttava-ja-virkistava-yrttikylpy\/#primaryimage","url":"\/wp-content\/uploads\/sites\/7\/2021\/04\/Copy-of-Hestia-1920x1080-Landscape-Screen-50.jpg","contentUrl":"\/wp-content\/uploads\/sites\/7\/2021\/04\/Copy-of-Hestia-1920x1080-Landscape-Screen-50.jpg","width":1920,"height":1080},{"@type":"BreadcrumbList","@id":"https:\/\/www.hestiahotels.com\/haapsaluspa\/fi\/toode\/rentouttava-ja-virkistava-yrttikylpy\/#breadcrumb","itemListElement":[{"@type":"ListItem","position":1,"name":"Home","item":"https:\/\/www.hestiahotels.com\/haapsaluspa\/fi\/"},{"@type":"ListItem","position":2,"name":"Hibiscus spa hoidot","item":"https:\/\/www.hestiahotels.com\/haapsaluspa\/fi\/hibiscus-spa-hoidot\/"},{"@type":"ListItem","position":3,"name":"Rentouttava ja virkist\u00e4v\u00e4 yrttikylpy:"}]},{"@type":"WebSite","@id":"https:\/\/www.hestiahotels.com\/haapsaluspa\/#website","url":"https:\/\/www.hestiahotels.com\/haapsaluspa\/","name":"Hestia Hotel Haapsalu Spa","description":"Hestia Group","potentialAction":[{"@type":"SearchAction","target":{"@type":"EntryPoint","urlTemplate":"https:\/\/www.hestiahotels.com\/haapsaluspa\/?s={search_term_string}"},"query-input":{"@type":"PropertyValueSpecification","valueRequired":true,"valueName":"search_term_string"}}],"inLanguage":"fi"}]}},"_links":{"self":[{"href":"https:\/\/www.hestiahotels.com\/haapsaluspa\/fi\/wp-json\/wp\/v2\/product\/28102","targetHints":{"allow":["GET"]}}],"collection":[{"href":"https:\/\/www.hestiahotels.com\/haapsaluspa\/fi\/wp-json\/wp\/v2\/product"}],"about":[{"href":"https:\/\/www.hestiahotels.com\/haapsaluspa\/fi\/wp-json\/wp\/v2\/types\/product"}],"wp:featuredmedia":[{"embeddable":true,"href":"https:\/\/www.hestiahotels.com\/haapsaluspa\/fi\/wp-json\/wp\/v2\/media\/18089"}],"wp:attachment":[{"href":"https:\/\/www.hestiahotels.com\/haapsaluspa\/fi\/wp-json\/wp\/v2\/media?parent=28102"}],"wp:term":[{"taxonomy":"product_brand","embeddable":true,"href":"https:\/\/www.hestiahotels.com\/haapsaluspa\/fi\/wp-json\/wp\/v2\/product_brand?post=28102"},{"taxonomy":"product_cat","embeddable":true,"href":"https:\/\/www.hestiahotels.com\/haapsaluspa\/fi\/wp-json\/wp\/v2\/product_cat?post=28102"},{"taxonomy":"product_tag","embeddable":true,"href":"https:\/\/www.hestiahotels.com\/haapsaluspa\/fi\/wp-json\/wp\/v2\/product_tag?post=28102"}],"curies":[{"name":"wp","href":"https:\/\/api.w.org\/{rel}","templated":true}]}}