{"id":28122,"date":"2021-04-05T21:22:27","date_gmt":"2021-04-05T18:22:27","guid":{"rendered":"https:\/\/www.hestiahotels.com\/haapsaluspa\/toode\/peamassaaz\/"},"modified":"2024-01-18T19:42:47","modified_gmt":"2024-01-18T17:42:47","slug":"paahieronta","status":"publish","type":"product","link":"https:\/\/www.hestiahotels.com\/haapsaluspa\/fi\/toode\/paahieronta\/","title":{"rendered":"P\u00e4\u00e4hieronta"},"content":{"rendered":"","protected":false},"excerpt":{"rendered":"<p>P\u00e4\u00e4hieronnassa k\u00e4ytet\u00e4\u00e4n ikivanhoja stressi\u00e4poistavia menetelmi\u00e4, joissa p\u00e4\u00e4n, kaulan, kasvojen ja hartioiden hieronnan johdosta p\u00e4\u00e4n verenkierto paranee, hiusten kasvu kiihtyy, my\u00f6s hiustenl\u00e4ht\u00f6 ja harmaantuminen v\u00e4henee. Hoito sopii hyvin my\u00f6s unettomuudesta k\u00e4rsiville. Ennen hoitoa ja sen j\u00e4lkeen t\u00e4ytyy juoda paljon vett\u00e4 tai teet\u00e4, jotta liikkeelle l\u00e4hteneet kuona-aineet poistuisivat kehosta. P\u00e4\u00e4hieronta ei sovi korkeaa verenpainetta, epilepsiaa tai erilaisia tulehdustauteja sairastaville eik\u00e4 my\u00f6sk\u00e4\u00e4n henkil\u00f6ille, joilla on todettu kasvaimia.<\/p>\n","protected":false},"featured_media":17379,"template":"","meta":{"_acf_changed":false},"product_brand":[],"product_cat":[87],"product_tag":[],"class_list":{"0":"post-28122","1":"product","2":"type-product","3":"status-publish","4":"has-post-thumbnail","6":"product_cat-hieronnat","8":"first","9":"instock","10":"shipping-taxable","11":"purchasable","12":"product-type-simple"},"acf":[],"yoast_head":"<!-- This site is optimized with the Yoast SEO plugin v27.2 - https:\/\/yoast.com\/product\/yoast-seo-wordpress\/ -->\n<title>P\u00e4\u00e4hieronta | Hestia Hotel Haapsalu Spa<\/title>\n<meta name=\"robots\" content=\"index, follow, max-snippet:-1, max-image-preview:large, max-video-preview:-1\" \/>\n<link rel=\"canonical\" href=\"https:\/\/www.hestiahotels.com\/haapsaluspa\/fi\/toode\/paahieronta\/\" \/>\n<meta property=\"og:locale\" content=\"fi_FI\" \/>\n<meta property=\"og:type\" content=\"article\" \/>\n<meta property=\"og:title\" content=\"P\u00e4\u00e4hieronta | Hestia Hotel Haapsalu Spa\" \/>\n<meta property=\"og:description\" content=\"P\u00e4\u00e4hieronnassa k\u00e4ytet\u00e4\u00e4n ikivanhoja stressi\u00e4poistavia menetelmi\u00e4, joissa p\u00e4\u00e4n, kaulan, kasvojen ja hartioiden hieronnan johdosta p\u00e4\u00e4n verenkierto paranee, hiusten kasvu kiihtyy, my\u00f6s hiustenl\u00e4ht\u00f6 ja harmaantuminen v\u00e4henee. Hoito sopii hyvin my\u00f6s unettomuudesta k\u00e4rsiville. Ennen hoitoa ja sen j\u00e4lkeen t\u00e4ytyy juoda paljon vett\u00e4 tai teet\u00e4, jotta liikkeelle l\u00e4hteneet kuona-aineet poistuisivat kehosta. P\u00e4\u00e4hieronta ei sovi korkeaa verenpainetta, epilepsiaa tai erilaisia tulehdustauteja sairastaville eik\u00e4 my\u00f6sk\u00e4\u00e4n henkil\u00f6ille, joilla on todettu kasvaimia.\" \/>\n<meta property=\"og:url\" content=\"https:\/\/www.hestiahotels.com\/haapsaluspa\/fi\/toode\/paahieronta\/\" \/>\n<meta property=\"og:site_name\" content=\"Hestia Hotel Haapsalu Spa\" \/>\n<meta property=\"article:publisher\" content=\"https:\/\/www.facebook.com\/HaapsaluSpa\" \/>\n<meta property=\"article:modified_time\" content=\"2024-01-18T17:42:47+00:00\" \/>\n<meta property=\"og:image\" content=\"https:\/\/www.hestiahotels.com\/wp-content\/uploads\/sites\/7\/2021\/03\/AdobeStock_229685641.jpg\" \/>\n\t<meta property=\"og:image:width\" content=\"1920\" \/>\n\t<meta property=\"og:image:height\" content=\"1280\" \/>\n\t<meta property=\"og:image:type\" content=\"image\/jpeg\" \/>\n<meta name=\"twitter:card\" content=\"summary_large_image\" \/>\n<meta name=\"twitter:label1\" content=\"Arvioitu lukuaika\" \/>\n\t<meta name=\"twitter:data1\" content=\"1 minuutti\" \/>\n<script type=\"application\/ld+json\" class=\"yoast-schema-graph\">{\"@context\":\"https:\/\/schema.org\",\"@graph\":[{\"@type\":\"WebPage\",\"@id\":\"https:\/\/www.hestiahotels.com\/haapsaluspa\/fi\/toode\/paahieronta\/\",\"url\":\"https:\/\/www.hestiahotels.com\/haapsaluspa\/fi\/toode\/paahieronta\/\",\"name\":\"P\u00e4\u00e4hieronta | Hestia Hotel Haapsalu Spa\",\"isPartOf\":{\"@id\":\"https:\/\/www.hestiahotels.com\/haapsaluspa\/#website\"},\"primaryImageOfPage\":{\"@id\":\"https:\/\/www.hestiahotels.com\/haapsaluspa\/fi\/toode\/paahieronta\/#primaryimage\"},\"image\":{\"@id\":\"https:\/\/www.hestiahotels.com\/haapsaluspa\/fi\/toode\/paahieronta\/#primaryimage\"},\"thumbnailUrl\":\"\/wp-content\/uploads\/sites\/7\/2021\/03\/AdobeStock_229685641.jpg\",\"datePublished\":\"2021-04-05T18:22:27+00:00\",\"dateModified\":\"2024-01-18T17:42:47+00:00\",\"breadcrumb\":{\"@id\":\"https:\/\/www.hestiahotels.com\/haapsaluspa\/fi\/toode\/paahieronta\/#breadcrumb\"},\"inLanguage\":\"fi\",\"potentialAction\":[{\"@type\":\"ReadAction\",\"target\":[\"https:\/\/www.hestiahotels.com\/haapsaluspa\/fi\/toode\/paahieronta\/\"]}]},{\"@type\":\"ImageObject\",\"inLanguage\":\"fi\",\"@id\":\"https:\/\/www.hestiahotels.com\/haapsaluspa\/fi\/toode\/paahieronta\/#primaryimage\",\"url\":\"\/wp-content\/uploads\/sites\/7\/2021\/03\/AdobeStock_229685641.jpg\",\"contentUrl\":\"\/wp-content\/uploads\/sites\/7\/2021\/03\/AdobeStock_229685641.jpg\",\"width\":1920,\"height\":1280},{\"@type\":\"BreadcrumbList\",\"@id\":\"https:\/\/www.hestiahotels.com\/haapsaluspa\/fi\/toode\/paahieronta\/#breadcrumb\",\"itemListElement\":[{\"@type\":\"ListItem\",\"position\":1,\"name\":\"Home\",\"item\":\"https:\/\/www.hestiahotels.com\/haapsaluspa\/fi\/\"},{\"@type\":\"ListItem\",\"position\":2,\"name\":\"Hibiscus spa hoidot\",\"item\":\"https:\/\/www.hestiahotels.com\/haapsaluspa\/fi\/hibiscus-spa-hoidot\/\"},{\"@type\":\"ListItem\",\"position\":3,\"name\":\"P\u00e4\u00e4hieronta\"}]},{\"@type\":\"WebSite\",\"@id\":\"https:\/\/www.hestiahotels.com\/haapsaluspa\/#website\",\"url\":\"https:\/\/www.hestiahotels.com\/haapsaluspa\/\",\"name\":\"Hestia Hotel Haapsalu Spa\",\"description\":\"Hestia Group\",\"potentialAction\":[{\"@type\":\"SearchAction\",\"target\":{\"@type\":\"EntryPoint\",\"urlTemplate\":\"https:\/\/www.hestiahotels.com\/haapsaluspa\/?s={search_term_string}\"},\"query-input\":{\"@type\":\"PropertyValueSpecification\",\"valueRequired\":true,\"valueName\":\"search_term_string\"}}],\"inLanguage\":\"fi\"}]}<\/script>\n<!-- \/ Yoast SEO plugin. -->","yoast_head_json":{"title":"P\u00e4\u00e4hieronta | Hestia Hotel Haapsalu Spa","robots":{"index":"index","follow":"follow","max-snippet":"max-snippet:-1","max-image-preview":"max-image-preview:large","max-video-preview":"max-video-preview:-1"},"canonical":"https:\/\/www.hestiahotels.com\/haapsaluspa\/fi\/toode\/paahieronta\/","og_locale":"fi_FI","og_type":"article","og_title":"P\u00e4\u00e4hieronta | Hestia Hotel Haapsalu Spa","og_description":"P\u00e4\u00e4hieronnassa k\u00e4ytet\u00e4\u00e4n ikivanhoja stressi\u00e4poistavia menetelmi\u00e4, joissa p\u00e4\u00e4n, kaulan, kasvojen ja hartioiden hieronnan johdosta p\u00e4\u00e4n verenkierto paranee, hiusten kasvu kiihtyy, my\u00f6s hiustenl\u00e4ht\u00f6 ja harmaantuminen v\u00e4henee. Hoito sopii hyvin my\u00f6s unettomuudesta k\u00e4rsiville. Ennen hoitoa ja sen j\u00e4lkeen t\u00e4ytyy juoda paljon vett\u00e4 tai teet\u00e4, jotta liikkeelle l\u00e4hteneet kuona-aineet poistuisivat kehosta. P\u00e4\u00e4hieronta ei sovi korkeaa verenpainetta, epilepsiaa tai erilaisia tulehdustauteja sairastaville eik\u00e4 my\u00f6sk\u00e4\u00e4n henkil\u00f6ille, joilla on todettu kasvaimia.","og_url":"https:\/\/www.hestiahotels.com\/haapsaluspa\/fi\/toode\/paahieronta\/","og_site_name":"Hestia Hotel Haapsalu Spa","article_publisher":"https:\/\/www.facebook.com\/HaapsaluSpa","article_modified_time":"2024-01-18T17:42:47+00:00","og_image":[{"width":1920,"height":1280,"url":"https:\/\/www.hestiahotels.com\/wp-content\/uploads\/sites\/7\/2021\/03\/AdobeStock_229685641.jpg","type":"image\/jpeg"}],"twitter_card":"summary_large_image","twitter_misc":{"Arvioitu lukuaika":"1 minuutti"},"schema":{"@context":"https:\/\/schema.org","@graph":[{"@type":"WebPage","@id":"https:\/\/www.hestiahotels.com\/haapsaluspa\/fi\/toode\/paahieronta\/","url":"https:\/\/www.hestiahotels.com\/haapsaluspa\/fi\/toode\/paahieronta\/","name":"P\u00e4\u00e4hieronta | Hestia Hotel Haapsalu Spa","isPartOf":{"@id":"https:\/\/www.hestiahotels.com\/haapsaluspa\/#website"},"primaryImageOfPage":{"@id":"https:\/\/www.hestiahotels.com\/haapsaluspa\/fi\/toode\/paahieronta\/#primaryimage"},"image":{"@id":"https:\/\/www.hestiahotels.com\/haapsaluspa\/fi\/toode\/paahieronta\/#primaryimage"},"thumbnailUrl":"\/wp-content\/uploads\/sites\/7\/2021\/03\/AdobeStock_229685641.jpg","datePublished":"2021-04-05T18:22:27+00:00","dateModified":"2024-01-18T17:42:47+00:00","breadcrumb":{"@id":"https:\/\/www.hestiahotels.com\/haapsaluspa\/fi\/toode\/paahieronta\/#breadcrumb"},"inLanguage":"fi","potentialAction":[{"@type":"ReadAction","target":["https:\/\/www.hestiahotels.com\/haapsaluspa\/fi\/toode\/paahieronta\/"]}]},{"@type":"ImageObject","inLanguage":"fi","@id":"https:\/\/www.hestiahotels.com\/haapsaluspa\/fi\/toode\/paahieronta\/#primaryimage","url":"\/wp-content\/uploads\/sites\/7\/2021\/03\/AdobeStock_229685641.jpg","contentUrl":"\/wp-content\/uploads\/sites\/7\/2021\/03\/AdobeStock_229685641.jpg","width":1920,"height":1280},{"@type":"BreadcrumbList","@id":"https:\/\/www.hestiahotels.com\/haapsaluspa\/fi\/toode\/paahieronta\/#breadcrumb","itemListElement":[{"@type":"ListItem","position":1,"name":"Home","item":"https:\/\/www.hestiahotels.com\/haapsaluspa\/fi\/"},{"@type":"ListItem","position":2,"name":"Hibiscus spa hoidot","item":"https:\/\/www.hestiahotels.com\/haapsaluspa\/fi\/hibiscus-spa-hoidot\/"},{"@type":"ListItem","position":3,"name":"P\u00e4\u00e4hieronta"}]},{"@type":"WebSite","@id":"https:\/\/www.hestiahotels.com\/haapsaluspa\/#website","url":"https:\/\/www.hestiahotels.com\/haapsaluspa\/","name":"Hestia Hotel Haapsalu Spa","description":"Hestia Group","potentialAction":[{"@type":"SearchAction","target":{"@type":"EntryPoint","urlTemplate":"https:\/\/www.hestiahotels.com\/haapsaluspa\/?s={search_term_string}"},"query-input":{"@type":"PropertyValueSpecification","valueRequired":true,"valueName":"search_term_string"}}],"inLanguage":"fi"}]}},"_links":{"self":[{"href":"https:\/\/www.hestiahotels.com\/haapsaluspa\/fi\/wp-json\/wp\/v2\/product\/28122","targetHints":{"allow":["GET"]}}],"collection":[{"href":"https:\/\/www.hestiahotels.com\/haapsaluspa\/fi\/wp-json\/wp\/v2\/product"}],"about":[{"href":"https:\/\/www.hestiahotels.com\/haapsaluspa\/fi\/wp-json\/wp\/v2\/types\/product"}],"wp:featuredmedia":[{"embeddable":true,"href":"https:\/\/www.hestiahotels.com\/haapsaluspa\/fi\/wp-json\/wp\/v2\/media\/17379"}],"wp:attachment":[{"href":"https:\/\/www.hestiahotels.com\/haapsaluspa\/fi\/wp-json\/wp\/v2\/media?parent=28122"}],"wp:term":[{"taxonomy":"product_brand","embeddable":true,"href":"https:\/\/www.hestiahotels.com\/haapsaluspa\/fi\/wp-json\/wp\/v2\/product_brand?post=28122"},{"taxonomy":"product_cat","embeddable":true,"href":"https:\/\/www.hestiahotels.com\/haapsaluspa\/fi\/wp-json\/wp\/v2\/product_cat?post=28122"},{"taxonomy":"product_tag","embeddable":true,"href":"https:\/\/www.hestiahotels.com\/haapsaluspa\/fi\/wp-json\/wp\/v2\/product_tag?post=28122"}],"curies":[{"name":"wp","href":"https:\/\/api.w.org\/{rel}","templated":true}]}}