{"id":28160,"date":"2021-04-06T11:38:50","date_gmt":"2021-04-06T08:38:50","guid":{"rendered":"https:\/\/www.hestiahotels.com\/haapsaluspa\/toode\/iluparafiin-katele\/"},"modified":"2024-01-18T20:09:37","modified_gmt":"2024-01-18T18:09:37","slug":"kasien-parafiinihoito","status":"publish","type":"product","link":"https:\/\/www.hestiahotels.com\/haapsaluspa\/fi\/toode\/kasien-parafiinihoito\/","title":{"rendered":"K\u00e4sien parafiinihoito"},"content":{"rendered":"","protected":false},"excerpt":{"rendered":"<p>Ihoa syv\u00e4lta kosteuttava, ravitseva, verenkiertoa parantava ja kynsinauhoja pehment\u00e4v\u00e4 hoito. Parafiini sis\u00e4lt\u00e4\u00e4 my\u00f6s e-vitamiinia ja lievent\u00e4\u00e4 ihon \u00e4rsyyntymist\u00e4. Hoidon aluksi k\u00e4det kuoritaan ja upotetaan l\u00e4mpim\u00e4\u00e4n parafiiniin. Sen j\u00e4lkeen k\u00e4det pujotetaan kintaisiin, jotta parafiini voisi vaikuttaa tehokkaasti. Hoidon lopuksi k\u00e4det voidellaan. Huom! Hoitoon ei sis\u00e4lly manikyyria eik\u00e4 kynsien lakkausta.<\/p>\n","protected":false},"featured_media":28161,"template":"","meta":{"_acf_changed":false},"product_brand":[],"product_cat":[93],"product_tag":[],"class_list":{"0":"post-28160","1":"product","2":"type-product","3":"status-publish","4":"has-post-thumbnail","6":"product_cat-kasi-ja-jalkahoidot","8":"first","9":"instock","10":"shipping-taxable","11":"purchasable","12":"product-type-simple"},"acf":[],"yoast_head":"<!-- This site is optimized with the Yoast SEO plugin v27.2 - https:\/\/yoast.com\/product\/yoast-seo-wordpress\/ -->\n<title>K\u00e4sien parafiinihoito | Hestia Hotel Haapsalu Spa<\/title>\n<meta name=\"robots\" content=\"index, follow, max-snippet:-1, max-image-preview:large, max-video-preview:-1\" \/>\n<link rel=\"canonical\" href=\"https:\/\/www.hestiahotels.com\/haapsaluspa\/fi\/toode\/kasien-parafiinihoito\/\" \/>\n<meta property=\"og:locale\" content=\"fi_FI\" \/>\n<meta property=\"og:type\" content=\"article\" \/>\n<meta property=\"og:title\" content=\"K\u00e4sien parafiinihoito | Hestia Hotel Haapsalu Spa\" \/>\n<meta property=\"og:description\" content=\"Ihoa syv\u00e4lta kosteuttava, ravitseva, verenkiertoa parantava ja kynsinauhoja pehment\u00e4v\u00e4 hoito. Parafiini sis\u00e4lt\u00e4\u00e4 my\u00f6s e-vitamiinia ja lievent\u00e4\u00e4 ihon \u00e4rsyyntymist\u00e4. Hoidon aluksi k\u00e4det kuoritaan ja upotetaan l\u00e4mpim\u00e4\u00e4n parafiiniin. Sen j\u00e4lkeen k\u00e4det pujotetaan kintaisiin, jotta parafiini voisi vaikuttaa tehokkaasti. Hoidon lopuksi k\u00e4det voidellaan. Huom! Hoitoon ei sis\u00e4lly manikyyria eik\u00e4 kynsien lakkausta.\" \/>\n<meta property=\"og:url\" content=\"https:\/\/www.hestiahotels.com\/haapsaluspa\/fi\/toode\/kasien-parafiinihoito\/\" \/>\n<meta property=\"og:site_name\" content=\"Hestia Hotel Haapsalu Spa\" \/>\n<meta property=\"article:publisher\" content=\"https:\/\/www.facebook.com\/HaapsaluSpa\" \/>\n<meta property=\"article:modified_time\" content=\"2024-01-18T18:09:37+00:00\" \/>\n<meta property=\"og:image\" content=\"https:\/\/www.hestiahotels.com\/wp-content\/uploads\/sites\/7\/2021\/04\/Hestia-pildid-1920x1080-Landscape-Screen-75.jpg\" \/>\n\t<meta property=\"og:image:width\" content=\"1920\" \/>\n\t<meta property=\"og:image:height\" content=\"1080\" \/>\n\t<meta property=\"og:image:type\" content=\"image\/jpeg\" \/>\n<meta name=\"twitter:card\" content=\"summary_large_image\" \/>\n<meta name=\"twitter:label1\" content=\"Arvioitu lukuaika\" \/>\n\t<meta name=\"twitter:data1\" content=\"1 minuutti\" \/>\n<script type=\"application\/ld+json\" class=\"yoast-schema-graph\">{\"@context\":\"https:\/\/schema.org\",\"@graph\":[{\"@type\":\"WebPage\",\"@id\":\"https:\/\/www.hestiahotels.com\/haapsaluspa\/fi\/toode\/kasien-parafiinihoito\/\",\"url\":\"https:\/\/www.hestiahotels.com\/haapsaluspa\/fi\/toode\/kasien-parafiinihoito\/\",\"name\":\"K\u00e4sien parafiinihoito | Hestia Hotel Haapsalu Spa\",\"isPartOf\":{\"@id\":\"https:\/\/www.hestiahotels.com\/haapsaluspa\/#website\"},\"primaryImageOfPage\":{\"@id\":\"https:\/\/www.hestiahotels.com\/haapsaluspa\/fi\/toode\/kasien-parafiinihoito\/#primaryimage\"},\"image\":{\"@id\":\"https:\/\/www.hestiahotels.com\/haapsaluspa\/fi\/toode\/kasien-parafiinihoito\/#primaryimage\"},\"thumbnailUrl\":\"\/wp-content\/uploads\/sites\/7\/2021\/04\/Hestia-pildid-1920x1080-Landscape-Screen-75.jpg\",\"datePublished\":\"2021-04-06T08:38:50+00:00\",\"dateModified\":\"2024-01-18T18:09:37+00:00\",\"breadcrumb\":{\"@id\":\"https:\/\/www.hestiahotels.com\/haapsaluspa\/fi\/toode\/kasien-parafiinihoito\/#breadcrumb\"},\"inLanguage\":\"fi\",\"potentialAction\":[{\"@type\":\"ReadAction\",\"target\":[\"https:\/\/www.hestiahotels.com\/haapsaluspa\/fi\/toode\/kasien-parafiinihoito\/\"]}]},{\"@type\":\"ImageObject\",\"inLanguage\":\"fi\",\"@id\":\"https:\/\/www.hestiahotels.com\/haapsaluspa\/fi\/toode\/kasien-parafiinihoito\/#primaryimage\",\"url\":\"\/wp-content\/uploads\/sites\/7\/2021\/04\/Hestia-pildid-1920x1080-Landscape-Screen-75.jpg\",\"contentUrl\":\"\/wp-content\/uploads\/sites\/7\/2021\/04\/Hestia-pildid-1920x1080-Landscape-Screen-75.jpg\",\"width\":1920,\"height\":1080},{\"@type\":\"BreadcrumbList\",\"@id\":\"https:\/\/www.hestiahotels.com\/haapsaluspa\/fi\/toode\/kasien-parafiinihoito\/#breadcrumb\",\"itemListElement\":[{\"@type\":\"ListItem\",\"position\":1,\"name\":\"Home\",\"item\":\"https:\/\/www.hestiahotels.com\/haapsaluspa\/fi\/\"},{\"@type\":\"ListItem\",\"position\":2,\"name\":\"Hibiscus spa hoidot\",\"item\":\"https:\/\/www.hestiahotels.com\/haapsaluspa\/fi\/hibiscus-spa-hoidot\/\"},{\"@type\":\"ListItem\",\"position\":3,\"name\":\"K\u00e4sien parafiinihoito\"}]},{\"@type\":\"WebSite\",\"@id\":\"https:\/\/www.hestiahotels.com\/haapsaluspa\/#website\",\"url\":\"https:\/\/www.hestiahotels.com\/haapsaluspa\/\",\"name\":\"Hestia Hotel Haapsalu Spa\",\"description\":\"Hestia Group\",\"potentialAction\":[{\"@type\":\"SearchAction\",\"target\":{\"@type\":\"EntryPoint\",\"urlTemplate\":\"https:\/\/www.hestiahotels.com\/haapsaluspa\/?s={search_term_string}\"},\"query-input\":{\"@type\":\"PropertyValueSpecification\",\"valueRequired\":true,\"valueName\":\"search_term_string\"}}],\"inLanguage\":\"fi\"}]}<\/script>\n<!-- \/ Yoast SEO plugin. -->","yoast_head_json":{"title":"K\u00e4sien parafiinihoito | Hestia Hotel Haapsalu Spa","robots":{"index":"index","follow":"follow","max-snippet":"max-snippet:-1","max-image-preview":"max-image-preview:large","max-video-preview":"max-video-preview:-1"},"canonical":"https:\/\/www.hestiahotels.com\/haapsaluspa\/fi\/toode\/kasien-parafiinihoito\/","og_locale":"fi_FI","og_type":"article","og_title":"K\u00e4sien parafiinihoito | Hestia Hotel Haapsalu Spa","og_description":"Ihoa syv\u00e4lta kosteuttava, ravitseva, verenkiertoa parantava ja kynsinauhoja pehment\u00e4v\u00e4 hoito. Parafiini sis\u00e4lt\u00e4\u00e4 my\u00f6s e-vitamiinia ja lievent\u00e4\u00e4 ihon \u00e4rsyyntymist\u00e4. Hoidon aluksi k\u00e4det kuoritaan ja upotetaan l\u00e4mpim\u00e4\u00e4n parafiiniin. Sen j\u00e4lkeen k\u00e4det pujotetaan kintaisiin, jotta parafiini voisi vaikuttaa tehokkaasti. Hoidon lopuksi k\u00e4det voidellaan. Huom! Hoitoon ei sis\u00e4lly manikyyria eik\u00e4 kynsien lakkausta.","og_url":"https:\/\/www.hestiahotels.com\/haapsaluspa\/fi\/toode\/kasien-parafiinihoito\/","og_site_name":"Hestia Hotel Haapsalu Spa","article_publisher":"https:\/\/www.facebook.com\/HaapsaluSpa","article_modified_time":"2024-01-18T18:09:37+00:00","og_image":[{"width":1920,"height":1080,"url":"https:\/\/www.hestiahotels.com\/wp-content\/uploads\/sites\/7\/2021\/04\/Hestia-pildid-1920x1080-Landscape-Screen-75.jpg","type":"image\/jpeg"}],"twitter_card":"summary_large_image","twitter_misc":{"Arvioitu lukuaika":"1 minuutti"},"schema":{"@context":"https:\/\/schema.org","@graph":[{"@type":"WebPage","@id":"https:\/\/www.hestiahotels.com\/haapsaluspa\/fi\/toode\/kasien-parafiinihoito\/","url":"https:\/\/www.hestiahotels.com\/haapsaluspa\/fi\/toode\/kasien-parafiinihoito\/","name":"K\u00e4sien parafiinihoito | Hestia Hotel Haapsalu Spa","isPartOf":{"@id":"https:\/\/www.hestiahotels.com\/haapsaluspa\/#website"},"primaryImageOfPage":{"@id":"https:\/\/www.hestiahotels.com\/haapsaluspa\/fi\/toode\/kasien-parafiinihoito\/#primaryimage"},"image":{"@id":"https:\/\/www.hestiahotels.com\/haapsaluspa\/fi\/toode\/kasien-parafiinihoito\/#primaryimage"},"thumbnailUrl":"\/wp-content\/uploads\/sites\/7\/2021\/04\/Hestia-pildid-1920x1080-Landscape-Screen-75.jpg","datePublished":"2021-04-06T08:38:50+00:00","dateModified":"2024-01-18T18:09:37+00:00","breadcrumb":{"@id":"https:\/\/www.hestiahotels.com\/haapsaluspa\/fi\/toode\/kasien-parafiinihoito\/#breadcrumb"},"inLanguage":"fi","potentialAction":[{"@type":"ReadAction","target":["https:\/\/www.hestiahotels.com\/haapsaluspa\/fi\/toode\/kasien-parafiinihoito\/"]}]},{"@type":"ImageObject","inLanguage":"fi","@id":"https:\/\/www.hestiahotels.com\/haapsaluspa\/fi\/toode\/kasien-parafiinihoito\/#primaryimage","url":"\/wp-content\/uploads\/sites\/7\/2021\/04\/Hestia-pildid-1920x1080-Landscape-Screen-75.jpg","contentUrl":"\/wp-content\/uploads\/sites\/7\/2021\/04\/Hestia-pildid-1920x1080-Landscape-Screen-75.jpg","width":1920,"height":1080},{"@type":"BreadcrumbList","@id":"https:\/\/www.hestiahotels.com\/haapsaluspa\/fi\/toode\/kasien-parafiinihoito\/#breadcrumb","itemListElement":[{"@type":"ListItem","position":1,"name":"Home","item":"https:\/\/www.hestiahotels.com\/haapsaluspa\/fi\/"},{"@type":"ListItem","position":2,"name":"Hibiscus spa hoidot","item":"https:\/\/www.hestiahotels.com\/haapsaluspa\/fi\/hibiscus-spa-hoidot\/"},{"@type":"ListItem","position":3,"name":"K\u00e4sien parafiinihoito"}]},{"@type":"WebSite","@id":"https:\/\/www.hestiahotels.com\/haapsaluspa\/#website","url":"https:\/\/www.hestiahotels.com\/haapsaluspa\/","name":"Hestia Hotel Haapsalu Spa","description":"Hestia Group","potentialAction":[{"@type":"SearchAction","target":{"@type":"EntryPoint","urlTemplate":"https:\/\/www.hestiahotels.com\/haapsaluspa\/?s={search_term_string}"},"query-input":{"@type":"PropertyValueSpecification","valueRequired":true,"valueName":"search_term_string"}}],"inLanguage":"fi"}]}},"_links":{"self":[{"href":"https:\/\/www.hestiahotels.com\/haapsaluspa\/fi\/wp-json\/wp\/v2\/product\/28160","targetHints":{"allow":["GET"]}}],"collection":[{"href":"https:\/\/www.hestiahotels.com\/haapsaluspa\/fi\/wp-json\/wp\/v2\/product"}],"about":[{"href":"https:\/\/www.hestiahotels.com\/haapsaluspa\/fi\/wp-json\/wp\/v2\/types\/product"}],"wp:featuredmedia":[{"embeddable":true,"href":"https:\/\/www.hestiahotels.com\/haapsaluspa\/fi\/wp-json\/wp\/v2\/media\/28161"}],"wp:attachment":[{"href":"https:\/\/www.hestiahotels.com\/haapsaluspa\/fi\/wp-json\/wp\/v2\/media?parent=28160"}],"wp:term":[{"taxonomy":"product_brand","embeddable":true,"href":"https:\/\/www.hestiahotels.com\/haapsaluspa\/fi\/wp-json\/wp\/v2\/product_brand?post=28160"},{"taxonomy":"product_cat","embeddable":true,"href":"https:\/\/www.hestiahotels.com\/haapsaluspa\/fi\/wp-json\/wp\/v2\/product_cat?post=28160"},{"taxonomy":"product_tag","embeddable":true,"href":"https:\/\/www.hestiahotels.com\/haapsaluspa\/fi\/wp-json\/wp\/v2\/product_tag?post=28160"}],"curies":[{"name":"wp","href":"https:\/\/api.w.org\/{rel}","templated":true}]}}