{"id":28814,"date":"2024-04-04T11:02:30","date_gmt":"2024-04-04T08:02:30","guid":{"rendered":"https:\/\/www.hestiahotels.com\/haapsaluspa\/?post_type=product&#038;p=28814"},"modified":"2024-05-01T00:11:08","modified_gmt":"2024-04-30T21:11:08","slug":"laihduttava-ja-muotoileva-vartalonhoito","status":"publish","type":"product","link":"https:\/\/www.hestiahotels.com\/haapsaluspa\/fi\/toode\/laihduttava-ja-muotoileva-vartalonhoito\/","title":{"rendered":"Laihduttava ja muotoileva vartalonhoito"},"content":{"rendered":"<p>Hoito p\u00e4\u00e4ttyy kevyeen, vapaamuotoiseen hierontaan, jossa k\u00e4ytet\u00e4\u00e4n meriaktiivisia ainesosia sis\u00e4lt\u00e4v\u00e4\u00e4 hoikentavaa hierontatiivistett\u00e4, joka taistelee appelsiininkuorta ja selluliittij\u00e4\u00e4mi\u00e4 vastaan kehon ongelma-alueilla.<\/p>\n<p>Hoito suoritetaan ranskalaisen Phytomer-merkin laadukkailla salongituotteilla.<\/p>\n","protected":false},"excerpt":{"rendered":"<p>Koe vartalonhoitomme taika, joka on suunniteltu erityisesti vatsalle, pakaralle ja reisille. T\u00e4m\u00e4 toimenpide ei ainoastaan \u200b\u200bpoista kuona-aineita kehosta, vaan auttaa my\u00f6s tasoittamaan selluliittia ja aktivoimaan rasvanpoistoa. Hoidon aikana vatsa, pakarat ja reidet kuoritaan merisuolakiteill\u00e4 ja punalev\u00e4 \u00f6ljyuutteella. T\u00e4m\u00e4n j\u00e4lkeen kuorituille alueille levitet\u00e4\u00e4n erityinen itsekuumeneva k\u00e4\u00e4re, joka nopeuttaa lipolyyttist\u00e4 vaikutusta ja aktivoi kompaktien rasvakerrostumien poistumisen.<\/p>\n","protected":false},"featured_media":28827,"template":"","meta":{"_acf_changed":false},"product_brand":[],"product_cat":[85],"product_tag":[],"class_list":{"0":"post-28814","1":"product","2":"type-product","3":"status-publish","4":"has-post-thumbnail","6":"product_cat-vartalo","8":"first","9":"instock","10":"shipping-taxable","11":"purchasable","12":"product-type-simple"},"acf":[],"yoast_head":"<!-- This site is optimized with the Yoast SEO plugin v27.2 - https:\/\/yoast.com\/product\/yoast-seo-wordpress\/ -->\n<title>Laihduttava ja muotoileva vartalonhoito | Hestia Hotel Haapsalu Spa<\/title>\n<meta name=\"robots\" content=\"index, follow, max-snippet:-1, max-image-preview:large, max-video-preview:-1\" \/>\n<link rel=\"canonical\" href=\"https:\/\/www.hestiahotels.com\/haapsaluspa\/fi\/toode\/laihduttava-ja-muotoileva-vartalonhoito\/\" \/>\n<meta property=\"og:locale\" content=\"fi_FI\" \/>\n<meta property=\"og:type\" content=\"article\" \/>\n<meta property=\"og:title\" content=\"Laihduttava ja muotoileva vartalonhoito | Hestia Hotel Haapsalu Spa\" \/>\n<meta property=\"og:description\" content=\"Koe vartalonhoitomme taika, joka on suunniteltu erityisesti vatsalle, pakaralle ja reisille. T\u00e4m\u00e4 toimenpide ei ainoastaan \u200b\u200bpoista kuona-aineita kehosta, vaan auttaa my\u00f6s tasoittamaan selluliittia ja aktivoimaan rasvanpoistoa. Hoidon aikana vatsa, pakarat ja reidet kuoritaan merisuolakiteill\u00e4 ja punalev\u00e4 \u00f6ljyuutteella. T\u00e4m\u00e4n j\u00e4lkeen kuorituille alueille levitet\u00e4\u00e4n erityinen itsekuumeneva k\u00e4\u00e4re, joka nopeuttaa lipolyyttist\u00e4 vaikutusta ja aktivoi kompaktien rasvakerrostumien poistumisen.\" \/>\n<meta property=\"og:url\" content=\"https:\/\/www.hestiahotels.com\/haapsaluspa\/fi\/toode\/laihduttava-ja-muotoileva-vartalonhoito\/\" \/>\n<meta property=\"og:site_name\" content=\"Hestia Hotel Haapsalu Spa\" \/>\n<meta property=\"article:publisher\" content=\"https:\/\/www.facebook.com\/HaapsaluSpa\" \/>\n<meta property=\"article:modified_time\" content=\"2024-04-30T21:11:08+00:00\" \/>\n<meta property=\"og:image\" content=\"https:\/\/www.hestiahotels.com\/wp-content\/uploads\/sites\/7\/2024\/04\/Hestia-pildid-1920x1080px-51.jpg\" \/>\n\t<meta property=\"og:image:width\" content=\"1920\" \/>\n\t<meta property=\"og:image:height\" content=\"1080\" \/>\n\t<meta property=\"og:image:type\" content=\"image\/jpeg\" \/>\n<meta name=\"twitter:card\" content=\"summary_large_image\" \/>\n<meta name=\"twitter:label1\" content=\"Arvioitu lukuaika\" \/>\n\t<meta name=\"twitter:data1\" content=\"1 minuutti\" \/>\n<script type=\"application\/ld+json\" class=\"yoast-schema-graph\">{\"@context\":\"https:\/\/schema.org\",\"@graph\":[{\"@type\":\"WebPage\",\"@id\":\"https:\/\/www.hestiahotels.com\/haapsaluspa\/fi\/toode\/laihduttava-ja-muotoileva-vartalonhoito\/\",\"url\":\"https:\/\/www.hestiahotels.com\/haapsaluspa\/fi\/toode\/laihduttava-ja-muotoileva-vartalonhoito\/\",\"name\":\"Laihduttava ja muotoileva vartalonhoito | Hestia Hotel Haapsalu Spa\",\"isPartOf\":{\"@id\":\"https:\/\/www.hestiahotels.com\/haapsaluspa\/#website\"},\"primaryImageOfPage\":{\"@id\":\"https:\/\/www.hestiahotels.com\/haapsaluspa\/fi\/toode\/laihduttava-ja-muotoileva-vartalonhoito\/#primaryimage\"},\"image\":{\"@id\":\"https:\/\/www.hestiahotels.com\/haapsaluspa\/fi\/toode\/laihduttava-ja-muotoileva-vartalonhoito\/#primaryimage\"},\"thumbnailUrl\":\"\/wp-content\/uploads\/sites\/7\/2024\/04\/Hestia-pildid-1920x1080px-51.jpg\",\"datePublished\":\"2024-04-04T08:02:30+00:00\",\"dateModified\":\"2024-04-30T21:11:08+00:00\",\"breadcrumb\":{\"@id\":\"https:\/\/www.hestiahotels.com\/haapsaluspa\/fi\/toode\/laihduttava-ja-muotoileva-vartalonhoito\/#breadcrumb\"},\"inLanguage\":\"fi\",\"potentialAction\":[{\"@type\":\"ReadAction\",\"target\":[\"https:\/\/www.hestiahotels.com\/haapsaluspa\/fi\/toode\/laihduttava-ja-muotoileva-vartalonhoito\/\"]}]},{\"@type\":\"ImageObject\",\"inLanguage\":\"fi\",\"@id\":\"https:\/\/www.hestiahotels.com\/haapsaluspa\/fi\/toode\/laihduttava-ja-muotoileva-vartalonhoito\/#primaryimage\",\"url\":\"\/wp-content\/uploads\/sites\/7\/2024\/04\/Hestia-pildid-1920x1080px-51.jpg\",\"contentUrl\":\"\/wp-content\/uploads\/sites\/7\/2024\/04\/Hestia-pildid-1920x1080px-51.jpg\",\"width\":1920,\"height\":1080},{\"@type\":\"BreadcrumbList\",\"@id\":\"https:\/\/www.hestiahotels.com\/haapsaluspa\/fi\/toode\/laihduttava-ja-muotoileva-vartalonhoito\/#breadcrumb\",\"itemListElement\":[{\"@type\":\"ListItem\",\"position\":1,\"name\":\"Home\",\"item\":\"https:\/\/www.hestiahotels.com\/haapsaluspa\/fi\/\"},{\"@type\":\"ListItem\",\"position\":2,\"name\":\"Hibiscus spa hoidot\",\"item\":\"https:\/\/www.hestiahotels.com\/haapsaluspa\/fi\/hibiscus-spa-hoidot\/\"},{\"@type\":\"ListItem\",\"position\":3,\"name\":\"Laihduttava ja muotoileva vartalonhoito\"}]},{\"@type\":\"WebSite\",\"@id\":\"https:\/\/www.hestiahotels.com\/haapsaluspa\/#website\",\"url\":\"https:\/\/www.hestiahotels.com\/haapsaluspa\/\",\"name\":\"Hestia Hotel Haapsalu Spa\",\"description\":\"Hestia Group\",\"potentialAction\":[{\"@type\":\"SearchAction\",\"target\":{\"@type\":\"EntryPoint\",\"urlTemplate\":\"https:\/\/www.hestiahotels.com\/haapsaluspa\/?s={search_term_string}\"},\"query-input\":{\"@type\":\"PropertyValueSpecification\",\"valueRequired\":true,\"valueName\":\"search_term_string\"}}],\"inLanguage\":\"fi\"}]}<\/script>\n<!-- \/ Yoast SEO plugin. -->","yoast_head_json":{"title":"Laihduttava ja muotoileva vartalonhoito | Hestia Hotel Haapsalu Spa","robots":{"index":"index","follow":"follow","max-snippet":"max-snippet:-1","max-image-preview":"max-image-preview:large","max-video-preview":"max-video-preview:-1"},"canonical":"https:\/\/www.hestiahotels.com\/haapsaluspa\/fi\/toode\/laihduttava-ja-muotoileva-vartalonhoito\/","og_locale":"fi_FI","og_type":"article","og_title":"Laihduttava ja muotoileva vartalonhoito | Hestia Hotel Haapsalu Spa","og_description":"Koe vartalonhoitomme taika, joka on suunniteltu erityisesti vatsalle, pakaralle ja reisille. T\u00e4m\u00e4 toimenpide ei ainoastaan \u200b\u200bpoista kuona-aineita kehosta, vaan auttaa my\u00f6s tasoittamaan selluliittia ja aktivoimaan rasvanpoistoa. Hoidon aikana vatsa, pakarat ja reidet kuoritaan merisuolakiteill\u00e4 ja punalev\u00e4 \u00f6ljyuutteella. T\u00e4m\u00e4n j\u00e4lkeen kuorituille alueille levitet\u00e4\u00e4n erityinen itsekuumeneva k\u00e4\u00e4re, joka nopeuttaa lipolyyttist\u00e4 vaikutusta ja aktivoi kompaktien rasvakerrostumien poistumisen.","og_url":"https:\/\/www.hestiahotels.com\/haapsaluspa\/fi\/toode\/laihduttava-ja-muotoileva-vartalonhoito\/","og_site_name":"Hestia Hotel Haapsalu Spa","article_publisher":"https:\/\/www.facebook.com\/HaapsaluSpa","article_modified_time":"2024-04-30T21:11:08+00:00","og_image":[{"width":1920,"height":1080,"url":"https:\/\/www.hestiahotels.com\/wp-content\/uploads\/sites\/7\/2024\/04\/Hestia-pildid-1920x1080px-51.jpg","type":"image\/jpeg"}],"twitter_card":"summary_large_image","twitter_misc":{"Arvioitu lukuaika":"1 minuutti"},"schema":{"@context":"https:\/\/schema.org","@graph":[{"@type":"WebPage","@id":"https:\/\/www.hestiahotels.com\/haapsaluspa\/fi\/toode\/laihduttava-ja-muotoileva-vartalonhoito\/","url":"https:\/\/www.hestiahotels.com\/haapsaluspa\/fi\/toode\/laihduttava-ja-muotoileva-vartalonhoito\/","name":"Laihduttava ja muotoileva vartalonhoito | Hestia Hotel Haapsalu Spa","isPartOf":{"@id":"https:\/\/www.hestiahotels.com\/haapsaluspa\/#website"},"primaryImageOfPage":{"@id":"https:\/\/www.hestiahotels.com\/haapsaluspa\/fi\/toode\/laihduttava-ja-muotoileva-vartalonhoito\/#primaryimage"},"image":{"@id":"https:\/\/www.hestiahotels.com\/haapsaluspa\/fi\/toode\/laihduttava-ja-muotoileva-vartalonhoito\/#primaryimage"},"thumbnailUrl":"\/wp-content\/uploads\/sites\/7\/2024\/04\/Hestia-pildid-1920x1080px-51.jpg","datePublished":"2024-04-04T08:02:30+00:00","dateModified":"2024-04-30T21:11:08+00:00","breadcrumb":{"@id":"https:\/\/www.hestiahotels.com\/haapsaluspa\/fi\/toode\/laihduttava-ja-muotoileva-vartalonhoito\/#breadcrumb"},"inLanguage":"fi","potentialAction":[{"@type":"ReadAction","target":["https:\/\/www.hestiahotels.com\/haapsaluspa\/fi\/toode\/laihduttava-ja-muotoileva-vartalonhoito\/"]}]},{"@type":"ImageObject","inLanguage":"fi","@id":"https:\/\/www.hestiahotels.com\/haapsaluspa\/fi\/toode\/laihduttava-ja-muotoileva-vartalonhoito\/#primaryimage","url":"\/wp-content\/uploads\/sites\/7\/2024\/04\/Hestia-pildid-1920x1080px-51.jpg","contentUrl":"\/wp-content\/uploads\/sites\/7\/2024\/04\/Hestia-pildid-1920x1080px-51.jpg","width":1920,"height":1080},{"@type":"BreadcrumbList","@id":"https:\/\/www.hestiahotels.com\/haapsaluspa\/fi\/toode\/laihduttava-ja-muotoileva-vartalonhoito\/#breadcrumb","itemListElement":[{"@type":"ListItem","position":1,"name":"Home","item":"https:\/\/www.hestiahotels.com\/haapsaluspa\/fi\/"},{"@type":"ListItem","position":2,"name":"Hibiscus spa hoidot","item":"https:\/\/www.hestiahotels.com\/haapsaluspa\/fi\/hibiscus-spa-hoidot\/"},{"@type":"ListItem","position":3,"name":"Laihduttava ja muotoileva vartalonhoito"}]},{"@type":"WebSite","@id":"https:\/\/www.hestiahotels.com\/haapsaluspa\/#website","url":"https:\/\/www.hestiahotels.com\/haapsaluspa\/","name":"Hestia Hotel Haapsalu Spa","description":"Hestia Group","potentialAction":[{"@type":"SearchAction","target":{"@type":"EntryPoint","urlTemplate":"https:\/\/www.hestiahotels.com\/haapsaluspa\/?s={search_term_string}"},"query-input":{"@type":"PropertyValueSpecification","valueRequired":true,"valueName":"search_term_string"}}],"inLanguage":"fi"}]}},"_links":{"self":[{"href":"https:\/\/www.hestiahotels.com\/haapsaluspa\/fi\/wp-json\/wp\/v2\/product\/28814","targetHints":{"allow":["GET"]}}],"collection":[{"href":"https:\/\/www.hestiahotels.com\/haapsaluspa\/fi\/wp-json\/wp\/v2\/product"}],"about":[{"href":"https:\/\/www.hestiahotels.com\/haapsaluspa\/fi\/wp-json\/wp\/v2\/types\/product"}],"wp:featuredmedia":[{"embeddable":true,"href":"https:\/\/www.hestiahotels.com\/haapsaluspa\/fi\/wp-json\/wp\/v2\/media\/28827"}],"wp:attachment":[{"href":"https:\/\/www.hestiahotels.com\/haapsaluspa\/fi\/wp-json\/wp\/v2\/media?parent=28814"}],"wp:term":[{"taxonomy":"product_brand","embeddable":true,"href":"https:\/\/www.hestiahotels.com\/haapsaluspa\/fi\/wp-json\/wp\/v2\/product_brand?post=28814"},{"taxonomy":"product_cat","embeddable":true,"href":"https:\/\/www.hestiahotels.com\/haapsaluspa\/fi\/wp-json\/wp\/v2\/product_cat?post=28814"},{"taxonomy":"product_tag","embeddable":true,"href":"https:\/\/www.hestiahotels.com\/haapsaluspa\/fi\/wp-json\/wp\/v2\/product_tag?post=28814"}],"curies":[{"name":"wp","href":"https:\/\/api.w.org\/{rel}","templated":true}]}}