{"id":29708,"date":"2024-10-18T15:42:13","date_gmt":"2024-10-18T13:48:58","guid":{"rendered":"https:\/\/www.hestiahotels.com\/haapsaluspa\/?post_type=product&#038;p=29708"},"modified":"2024-10-18T16:48:58","modified_gmt":"2024-10-18T13:48:58","slug":"yhdistetty-hieronta","status":"publish","type":"product","link":"https:\/\/www.hestiahotels.com\/haapsaluspa\/fi\/toode\/yhdistetty-hieronta\/","title":{"rendered":"Yhdistetty hieronta"},"content":{"rendered":"","protected":false},"excerpt":{"rendered":"<p>Yhdistetty hieronta keskittyy p\u00e4\u00e4asiallisiin huolenaiheisiisi, tarjoten helpotusta erityisesti ongelmallisille alueille. Hieronnassa k\u00e4ytet\u00e4\u00e4n erilaisia tekniikoita, jotka ovat tehokkaita lihasj\u00e4nnityksen v\u00e4hent\u00e4misess\u00e4. Tarvittaessa hieroja voi k\u00e4ytt\u00e4\u00e4 my\u00f6s hierontakuppeja ja muita apuv\u00e4lineit\u00e4. Hieronnan alussa ja lopussa k\u00e4ytet\u00e4\u00e4n l\u00e4mpimi\u00e4 laavakivi\u00e4, jotta lihakset rentoutuvat paremmin.<\/p>\n","protected":false},"featured_media":29052,"template":"","meta":{"_acf_changed":false},"product_brand":[],"product_cat":[87],"product_tag":[],"class_list":{"0":"post-29708","1":"product","2":"type-product","3":"status-publish","4":"has-post-thumbnail","6":"product_cat-hieronnat","8":"first","9":"instock","10":"shipping-taxable","11":"purchasable","12":"product-type-simple"},"acf":[],"yoast_head":"<!-- This site is optimized with the Yoast SEO plugin v27.2 - https:\/\/yoast.com\/product\/yoast-seo-wordpress\/ -->\n<title>Yhdistetty hieronta | Hestia Hotel Haapsalu Spa<\/title>\n<meta name=\"description\" content=\"Yhdistetty hieronta keskittyy p\u00e4\u00e4asiallisiin huolenaiheisiisi, tarjoten helpotusta erityisesti ongelmallisille alueille. Hieronnassa k\u00e4ytet\u00e4\u00e4n erilaisia tekniikoita, jotka ovat tehokkaita lihasj\u00e4nnityksen v\u00e4hent\u00e4misess\u00e4.\" \/>\n<meta name=\"robots\" content=\"index, follow, max-snippet:-1, max-image-preview:large, max-video-preview:-1\" \/>\n<link rel=\"canonical\" href=\"https:\/\/www.hestiahotels.com\/haapsaluspa\/fi\/toode\/yhdistetty-hieronta\/\" \/>\n<meta property=\"og:locale\" content=\"fi_FI\" \/>\n<meta property=\"og:type\" content=\"article\" \/>\n<meta property=\"og:title\" content=\"Yhdistetty hieronta | Hestia Hotel Haapsalu Spa\" \/>\n<meta property=\"og:description\" content=\"Yhdistetty hieronta keskittyy p\u00e4\u00e4asiallisiin huolenaiheisiisi, tarjoten helpotusta erityisesti ongelmallisille alueille. Hieronnassa k\u00e4ytet\u00e4\u00e4n erilaisia tekniikoita, jotka ovat tehokkaita lihasj\u00e4nnityksen v\u00e4hent\u00e4misess\u00e4.\" \/>\n<meta property=\"og:url\" content=\"https:\/\/www.hestiahotels.com\/haapsaluspa\/fi\/toode\/yhdistetty-hieronta\/\" \/>\n<meta property=\"og:site_name\" content=\"Hestia Hotel Haapsalu Spa\" \/>\n<meta property=\"article:publisher\" content=\"https:\/\/www.facebook.com\/HaapsaluSpa\" \/>\n<meta property=\"og:image\" content=\"https:\/\/www.hestiahotels.com\/wp-content\/uploads\/sites\/7\/2024\/06\/Hestia-pildid-1920x1080px-63.jpg\" \/>\n\t<meta property=\"og:image:width\" content=\"1920\" \/>\n\t<meta property=\"og:image:height\" content=\"1080\" \/>\n\t<meta property=\"og:image:type\" content=\"image\/jpeg\" \/>\n<meta name=\"twitter:card\" content=\"summary_large_image\" \/>\n<meta name=\"twitter:label1\" content=\"Arvioitu lukuaika\" \/>\n\t<meta name=\"twitter:data1\" content=\"1 minuutti\" \/>\n<script type=\"application\/ld+json\" class=\"yoast-schema-graph\">{\"@context\":\"https:\/\/schema.org\",\"@graph\":[{\"@type\":\"WebPage\",\"@id\":\"https:\/\/www.hestiahotels.com\/haapsaluspa\/fi\/toode\/yhdistetty-hieronta\/\",\"url\":\"https:\/\/www.hestiahotels.com\/haapsaluspa\/fi\/toode\/yhdistetty-hieronta\/\",\"name\":\"Yhdistetty hieronta | Hestia Hotel Haapsalu Spa\",\"isPartOf\":{\"@id\":\"https:\/\/www.hestiahotels.com\/haapsaluspa\/#website\"},\"primaryImageOfPage\":{\"@id\":\"https:\/\/www.hestiahotels.com\/haapsaluspa\/fi\/toode\/yhdistetty-hieronta\/#primaryimage\"},\"image\":{\"@id\":\"https:\/\/www.hestiahotels.com\/haapsaluspa\/fi\/toode\/yhdistetty-hieronta\/#primaryimage\"},\"thumbnailUrl\":\"\/wp-content\/uploads\/sites\/7\/2024\/06\/Hestia-pildid-1920x1080px-63.jpg\",\"datePublished\":\"2024-10-18T13:48:58+00:00\",\"description\":\"Yhdistetty hieronta keskittyy p\u00e4\u00e4asiallisiin huolenaiheisiisi, tarjoten helpotusta erityisesti ongelmallisille alueille. Hieronnassa k\u00e4ytet\u00e4\u00e4n erilaisia tekniikoita, jotka ovat tehokkaita lihasj\u00e4nnityksen v\u00e4hent\u00e4misess\u00e4.\",\"breadcrumb\":{\"@id\":\"https:\/\/www.hestiahotels.com\/haapsaluspa\/fi\/toode\/yhdistetty-hieronta\/#breadcrumb\"},\"inLanguage\":\"fi\",\"potentialAction\":[{\"@type\":\"ReadAction\",\"target\":[\"https:\/\/www.hestiahotels.com\/haapsaluspa\/fi\/toode\/yhdistetty-hieronta\/\"]}]},{\"@type\":\"ImageObject\",\"inLanguage\":\"fi\",\"@id\":\"https:\/\/www.hestiahotels.com\/haapsaluspa\/fi\/toode\/yhdistetty-hieronta\/#primaryimage\",\"url\":\"\/wp-content\/uploads\/sites\/7\/2024\/06\/Hestia-pildid-1920x1080px-63.jpg\",\"contentUrl\":\"\/wp-content\/uploads\/sites\/7\/2024\/06\/Hestia-pildid-1920x1080px-63.jpg\",\"width\":1920,\"height\":1080},{\"@type\":\"BreadcrumbList\",\"@id\":\"https:\/\/www.hestiahotels.com\/haapsaluspa\/fi\/toode\/yhdistetty-hieronta\/#breadcrumb\",\"itemListElement\":[{\"@type\":\"ListItem\",\"position\":1,\"name\":\"Home\",\"item\":\"https:\/\/www.hestiahotels.com\/haapsaluspa\/fi\/\"},{\"@type\":\"ListItem\",\"position\":2,\"name\":\"Hibiscus spa hoidot\",\"item\":\"https:\/\/www.hestiahotels.com\/haapsaluspa\/fi\/hibiscus-spa-hoidot\/\"},{\"@type\":\"ListItem\",\"position\":3,\"name\":\"Yhdistetty hieronta\"}]},{\"@type\":\"WebSite\",\"@id\":\"https:\/\/www.hestiahotels.com\/haapsaluspa\/#website\",\"url\":\"https:\/\/www.hestiahotels.com\/haapsaluspa\/\",\"name\":\"Hestia Hotel Haapsalu Spa\",\"description\":\"Hestia Group\",\"potentialAction\":[{\"@type\":\"SearchAction\",\"target\":{\"@type\":\"EntryPoint\",\"urlTemplate\":\"https:\/\/www.hestiahotels.com\/haapsaluspa\/?s={search_term_string}\"},\"query-input\":{\"@type\":\"PropertyValueSpecification\",\"valueRequired\":true,\"valueName\":\"search_term_string\"}}],\"inLanguage\":\"fi\"}]}<\/script>\n<!-- \/ Yoast SEO plugin. -->","yoast_head_json":{"title":"Yhdistetty hieronta | Hestia Hotel Haapsalu Spa","description":"Yhdistetty hieronta keskittyy p\u00e4\u00e4asiallisiin huolenaiheisiisi, tarjoten helpotusta erityisesti ongelmallisille alueille. Hieronnassa k\u00e4ytet\u00e4\u00e4n erilaisia tekniikoita, jotka ovat tehokkaita lihasj\u00e4nnityksen v\u00e4hent\u00e4misess\u00e4.","robots":{"index":"index","follow":"follow","max-snippet":"max-snippet:-1","max-image-preview":"max-image-preview:large","max-video-preview":"max-video-preview:-1"},"canonical":"https:\/\/www.hestiahotels.com\/haapsaluspa\/fi\/toode\/yhdistetty-hieronta\/","og_locale":"fi_FI","og_type":"article","og_title":"Yhdistetty hieronta | Hestia Hotel Haapsalu Spa","og_description":"Yhdistetty hieronta keskittyy p\u00e4\u00e4asiallisiin huolenaiheisiisi, tarjoten helpotusta erityisesti ongelmallisille alueille. Hieronnassa k\u00e4ytet\u00e4\u00e4n erilaisia tekniikoita, jotka ovat tehokkaita lihasj\u00e4nnityksen v\u00e4hent\u00e4misess\u00e4.","og_url":"https:\/\/www.hestiahotels.com\/haapsaluspa\/fi\/toode\/yhdistetty-hieronta\/","og_site_name":"Hestia Hotel Haapsalu Spa","article_publisher":"https:\/\/www.facebook.com\/HaapsaluSpa","og_image":[{"width":1920,"height":1080,"url":"https:\/\/www.hestiahotels.com\/wp-content\/uploads\/sites\/7\/2024\/06\/Hestia-pildid-1920x1080px-63.jpg","type":"image\/jpeg"}],"twitter_card":"summary_large_image","twitter_misc":{"Arvioitu lukuaika":"1 minuutti"},"schema":{"@context":"https:\/\/schema.org","@graph":[{"@type":"WebPage","@id":"https:\/\/www.hestiahotels.com\/haapsaluspa\/fi\/toode\/yhdistetty-hieronta\/","url":"https:\/\/www.hestiahotels.com\/haapsaluspa\/fi\/toode\/yhdistetty-hieronta\/","name":"Yhdistetty hieronta | Hestia Hotel Haapsalu Spa","isPartOf":{"@id":"https:\/\/www.hestiahotels.com\/haapsaluspa\/#website"},"primaryImageOfPage":{"@id":"https:\/\/www.hestiahotels.com\/haapsaluspa\/fi\/toode\/yhdistetty-hieronta\/#primaryimage"},"image":{"@id":"https:\/\/www.hestiahotels.com\/haapsaluspa\/fi\/toode\/yhdistetty-hieronta\/#primaryimage"},"thumbnailUrl":"\/wp-content\/uploads\/sites\/7\/2024\/06\/Hestia-pildid-1920x1080px-63.jpg","datePublished":"2024-10-18T13:48:58+00:00","description":"Yhdistetty hieronta keskittyy p\u00e4\u00e4asiallisiin huolenaiheisiisi, tarjoten helpotusta erityisesti ongelmallisille alueille. Hieronnassa k\u00e4ytet\u00e4\u00e4n erilaisia tekniikoita, jotka ovat tehokkaita lihasj\u00e4nnityksen v\u00e4hent\u00e4misess\u00e4.","breadcrumb":{"@id":"https:\/\/www.hestiahotels.com\/haapsaluspa\/fi\/toode\/yhdistetty-hieronta\/#breadcrumb"},"inLanguage":"fi","potentialAction":[{"@type":"ReadAction","target":["https:\/\/www.hestiahotels.com\/haapsaluspa\/fi\/toode\/yhdistetty-hieronta\/"]}]},{"@type":"ImageObject","inLanguage":"fi","@id":"https:\/\/www.hestiahotels.com\/haapsaluspa\/fi\/toode\/yhdistetty-hieronta\/#primaryimage","url":"\/wp-content\/uploads\/sites\/7\/2024\/06\/Hestia-pildid-1920x1080px-63.jpg","contentUrl":"\/wp-content\/uploads\/sites\/7\/2024\/06\/Hestia-pildid-1920x1080px-63.jpg","width":1920,"height":1080},{"@type":"BreadcrumbList","@id":"https:\/\/www.hestiahotels.com\/haapsaluspa\/fi\/toode\/yhdistetty-hieronta\/#breadcrumb","itemListElement":[{"@type":"ListItem","position":1,"name":"Home","item":"https:\/\/www.hestiahotels.com\/haapsaluspa\/fi\/"},{"@type":"ListItem","position":2,"name":"Hibiscus spa hoidot","item":"https:\/\/www.hestiahotels.com\/haapsaluspa\/fi\/hibiscus-spa-hoidot\/"},{"@type":"ListItem","position":3,"name":"Yhdistetty hieronta"}]},{"@type":"WebSite","@id":"https:\/\/www.hestiahotels.com\/haapsaluspa\/#website","url":"https:\/\/www.hestiahotels.com\/haapsaluspa\/","name":"Hestia Hotel Haapsalu Spa","description":"Hestia Group","potentialAction":[{"@type":"SearchAction","target":{"@type":"EntryPoint","urlTemplate":"https:\/\/www.hestiahotels.com\/haapsaluspa\/?s={search_term_string}"},"query-input":{"@type":"PropertyValueSpecification","valueRequired":true,"valueName":"search_term_string"}}],"inLanguage":"fi"}]}},"_links":{"self":[{"href":"https:\/\/www.hestiahotels.com\/haapsaluspa\/fi\/wp-json\/wp\/v2\/product\/29708","targetHints":{"allow":["GET"]}}],"collection":[{"href":"https:\/\/www.hestiahotels.com\/haapsaluspa\/fi\/wp-json\/wp\/v2\/product"}],"about":[{"href":"https:\/\/www.hestiahotels.com\/haapsaluspa\/fi\/wp-json\/wp\/v2\/types\/product"}],"wp:featuredmedia":[{"embeddable":true,"href":"https:\/\/www.hestiahotels.com\/haapsaluspa\/fi\/wp-json\/wp\/v2\/media\/29052"}],"wp:attachment":[{"href":"https:\/\/www.hestiahotels.com\/haapsaluspa\/fi\/wp-json\/wp\/v2\/media?parent=29708"}],"wp:term":[{"taxonomy":"product_brand","embeddable":true,"href":"https:\/\/www.hestiahotels.com\/haapsaluspa\/fi\/wp-json\/wp\/v2\/product_brand?post=29708"},{"taxonomy":"product_cat","embeddable":true,"href":"https:\/\/www.hestiahotels.com\/haapsaluspa\/fi\/wp-json\/wp\/v2\/product_cat?post=29708"},{"taxonomy":"product_tag","embeddable":true,"href":"https:\/\/www.hestiahotels.com\/haapsaluspa\/fi\/wp-json\/wp\/v2\/product_tag?post=29708"}],"curies":[{"name":"wp","href":"https:\/\/api.w.org\/{rel}","templated":true}]}}