{"id":30072,"date":"2024-12-06T12:19:29","date_gmt":"2024-12-06T10:19:29","guid":{"rendered":"https:\/\/www.hestiahotels.com\/haapsaluspa\/?post_type=product&#038;p=30072"},"modified":"2025-03-03T11:06:43","modified_gmt":"2025-03-03T09:06:43","slug":"physiodermie-clinical-swiss-sadehoito","status":"publish","type":"product","link":"https:\/\/www.hestiahotels.com\/haapsaluspa\/fi\/toode\/physiodermie-clinical-swiss-sadehoito\/","title":{"rendered":"Physiodermie Clinical Swiss s\u00e4dehoito"},"content":{"rendered":"<p>Hoito sis\u00e4lt\u00e4\u00e4 ihon syv\u00e4puhdistuksen 10-prosenttisella maitohappokuorinnalla, joka detoksifioi ihoa poistamalla ep\u00e4puhtaudet ja kuolleet ihosolut. Tuloksena iho muuttuu tasaisemmaksi. Hoito viimeistell\u00e4\u00e4n erityisell\u00e4 seerumilla ja emulsiolla, jotka yhdess\u00e4 kosteuttavat ja vahvistavat ihon luonnollista suojakerrosta. Hoito antaa iholle v\u00e4litt\u00f6m\u00e4n hehkun, ja maksimaalinen vaikutus saavutetaan kahden p\u00e4iv\u00e4n kuluessa. Hoito sopii naisille, miehille ja nuorille 14-vuotiaasta alkaen. Hoito ei sovi voimakkaista iho-ongelmista k\u00e4rsiville eik\u00e4 raskaana oleville.<\/p>\n","protected":false},"excerpt":{"rendered":"<p>Methode Physiodermie on Sveitsin ihonhoidon asiantuntija vuodesta 1974. Kliininen ja tieteeseen perustuva l\u00e4hestymistapa yhdistettyn\u00e4 luonnollisiin ainesosiin ja ainutlaatuisiin k\u00e4sin teht\u00e4viin tekniikoihin takaavat Physiodermie-hoidoilla n\u00e4kyv\u00e4t tulokset sek\u00e4 terveen ja tasapainoisen ihon.<\/p>\n","protected":false},"featured_media":30150,"template":"","meta":{"_acf_changed":false},"product_brand":[],"product_cat":[155,208],"product_tag":[],"class_list":{"0":"post-30072","1":"product","2":"type-product","3":"status-publish","4":"has-post-thumbnail","6":"product_cat-kasvot","7":"product_cat-suosikit","9":"first","10":"instock","11":"shipping-taxable","12":"purchasable","13":"product-type-simple"},"acf":[],"yoast_head":"<!-- This site is optimized with the Yoast SEO plugin v27.2 - https:\/\/yoast.com\/product\/yoast-seo-wordpress\/ -->\n<title>Physiodermie Clinical Swiss s\u00e4dehoito | Hestia Hotel Haapsalu Spa<\/title>\n<meta name=\"description\" content=\"Methode Physiodermie on Sveitsin ihonhoidon asiantuntija vuodesta 1974. Kliininen ja tieteeseen perustuva l\u00e4hestymistapa yhdistettyn\u00e4 luonnollisiin ainesosiin ja ainutlaatuisiin k\u00e4sin teht\u00e4viin tekniikoihin takaavat Physiodermie-hoidoilla n\u00e4kyv\u00e4t tulokset sek\u00e4 terveen ja tasapainoisen ihon.\" \/>\n<meta name=\"robots\" content=\"index, follow, max-snippet:-1, max-image-preview:large, max-video-preview:-1\" \/>\n<link rel=\"canonical\" href=\"https:\/\/www.hestiahotels.com\/haapsaluspa\/fi\/toode\/physiodermie-clinical-swiss-sadehoito\/\" \/>\n<meta property=\"og:locale\" content=\"fi_FI\" \/>\n<meta property=\"og:type\" content=\"article\" \/>\n<meta property=\"og:title\" content=\"Physiodermie Clinical Swiss s\u00e4dehoito | Hestia Hotel Haapsalu Spa\" \/>\n<meta property=\"og:description\" content=\"Methode Physiodermie on Sveitsin ihonhoidon asiantuntija vuodesta 1974. Kliininen ja tieteeseen perustuva l\u00e4hestymistapa yhdistettyn\u00e4 luonnollisiin ainesosiin ja ainutlaatuisiin k\u00e4sin teht\u00e4viin tekniikoihin takaavat Physiodermie-hoidoilla n\u00e4kyv\u00e4t tulokset sek\u00e4 terveen ja tasapainoisen ihon.\" \/>\n<meta property=\"og:url\" content=\"https:\/\/www.hestiahotels.com\/haapsaluspa\/fi\/toode\/physiodermie-clinical-swiss-sadehoito\/\" \/>\n<meta property=\"og:site_name\" content=\"Hestia Hotel Haapsalu Spa\" \/>\n<meta property=\"article:publisher\" content=\"https:\/\/www.facebook.com\/HaapsaluSpa\" \/>\n<meta property=\"article:modified_time\" content=\"2025-03-03T09:06:43+00:00\" \/>\n<meta property=\"og:image\" content=\"https:\/\/www.hestiahotels.com\/wp-content\/uploads\/sites\/7\/2024\/12\/Physiodermie-sara.jpg\" \/>\n\t<meta property=\"og:image:width\" content=\"1920\" \/>\n\t<meta property=\"og:image:height\" content=\"1080\" \/>\n\t<meta property=\"og:image:type\" content=\"image\/jpeg\" \/>\n<meta name=\"twitter:card\" content=\"summary_large_image\" \/>\n<meta name=\"twitter:label1\" content=\"Arvioitu lukuaika\" \/>\n\t<meta name=\"twitter:data1\" content=\"1 minuutti\" \/>\n<script type=\"application\/ld+json\" class=\"yoast-schema-graph\">{\"@context\":\"https:\/\/schema.org\",\"@graph\":[{\"@type\":\"WebPage\",\"@id\":\"https:\/\/www.hestiahotels.com\/haapsaluspa\/fi\/toode\/physiodermie-clinical-swiss-sadehoito\/\",\"url\":\"https:\/\/www.hestiahotels.com\/haapsaluspa\/fi\/toode\/physiodermie-clinical-swiss-sadehoito\/\",\"name\":\"Physiodermie Clinical Swiss s\u00e4dehoito | Hestia Hotel Haapsalu Spa\",\"isPartOf\":{\"@id\":\"https:\/\/www.hestiahotels.com\/haapsaluspa\/#website\"},\"primaryImageOfPage\":{\"@id\":\"https:\/\/www.hestiahotels.com\/haapsaluspa\/fi\/toode\/physiodermie-clinical-swiss-sadehoito\/#primaryimage\"},\"image\":{\"@id\":\"https:\/\/www.hestiahotels.com\/haapsaluspa\/fi\/toode\/physiodermie-clinical-swiss-sadehoito\/#primaryimage\"},\"thumbnailUrl\":\"\/wp-content\/uploads\/sites\/7\/2024\/12\/Physiodermie-sara.jpg\",\"datePublished\":\"2024-12-06T10:19:29+00:00\",\"dateModified\":\"2025-03-03T09:06:43+00:00\",\"description\":\"Methode Physiodermie on Sveitsin ihonhoidon asiantuntija vuodesta 1974. Kliininen ja tieteeseen perustuva l\u00e4hestymistapa yhdistettyn\u00e4 luonnollisiin ainesosiin ja ainutlaatuisiin k\u00e4sin teht\u00e4viin tekniikoihin takaavat Physiodermie-hoidoilla n\u00e4kyv\u00e4t tulokset sek\u00e4 terveen ja tasapainoisen ihon.\",\"breadcrumb\":{\"@id\":\"https:\/\/www.hestiahotels.com\/haapsaluspa\/fi\/toode\/physiodermie-clinical-swiss-sadehoito\/#breadcrumb\"},\"inLanguage\":\"fi\",\"potentialAction\":[{\"@type\":\"ReadAction\",\"target\":[\"https:\/\/www.hestiahotels.com\/haapsaluspa\/fi\/toode\/physiodermie-clinical-swiss-sadehoito\/\"]}]},{\"@type\":\"ImageObject\",\"inLanguage\":\"fi\",\"@id\":\"https:\/\/www.hestiahotels.com\/haapsaluspa\/fi\/toode\/physiodermie-clinical-swiss-sadehoito\/#primaryimage\",\"url\":\"\/wp-content\/uploads\/sites\/7\/2024\/12\/Physiodermie-sara.jpg\",\"contentUrl\":\"\/wp-content\/uploads\/sites\/7\/2024\/12\/Physiodermie-sara.jpg\",\"width\":1920,\"height\":1080},{\"@type\":\"BreadcrumbList\",\"@id\":\"https:\/\/www.hestiahotels.com\/haapsaluspa\/fi\/toode\/physiodermie-clinical-swiss-sadehoito\/#breadcrumb\",\"itemListElement\":[{\"@type\":\"ListItem\",\"position\":1,\"name\":\"Home\",\"item\":\"https:\/\/www.hestiahotels.com\/haapsaluspa\/fi\/\"},{\"@type\":\"ListItem\",\"position\":2,\"name\":\"Hibiscus spa hoidot\",\"item\":\"https:\/\/www.hestiahotels.com\/haapsaluspa\/fi\/hibiscus-spa-hoidot\/\"},{\"@type\":\"ListItem\",\"position\":3,\"name\":\"Physiodermie Clinical Swiss s\u00e4dehoito\"}]},{\"@type\":\"WebSite\",\"@id\":\"https:\/\/www.hestiahotels.com\/haapsaluspa\/#website\",\"url\":\"https:\/\/www.hestiahotels.com\/haapsaluspa\/\",\"name\":\"Hestia Hotel Haapsalu Spa\",\"description\":\"Hestia Group\",\"potentialAction\":[{\"@type\":\"SearchAction\",\"target\":{\"@type\":\"EntryPoint\",\"urlTemplate\":\"https:\/\/www.hestiahotels.com\/haapsaluspa\/?s={search_term_string}\"},\"query-input\":{\"@type\":\"PropertyValueSpecification\",\"valueRequired\":true,\"valueName\":\"search_term_string\"}}],\"inLanguage\":\"fi\"}]}<\/script>\n<!-- \/ Yoast SEO plugin. -->","yoast_head_json":{"title":"Physiodermie Clinical Swiss s\u00e4dehoito | Hestia Hotel Haapsalu Spa","description":"Methode Physiodermie on Sveitsin ihonhoidon asiantuntija vuodesta 1974. Kliininen ja tieteeseen perustuva l\u00e4hestymistapa yhdistettyn\u00e4 luonnollisiin ainesosiin ja ainutlaatuisiin k\u00e4sin teht\u00e4viin tekniikoihin takaavat Physiodermie-hoidoilla n\u00e4kyv\u00e4t tulokset sek\u00e4 terveen ja tasapainoisen ihon.","robots":{"index":"index","follow":"follow","max-snippet":"max-snippet:-1","max-image-preview":"max-image-preview:large","max-video-preview":"max-video-preview:-1"},"canonical":"https:\/\/www.hestiahotels.com\/haapsaluspa\/fi\/toode\/physiodermie-clinical-swiss-sadehoito\/","og_locale":"fi_FI","og_type":"article","og_title":"Physiodermie Clinical Swiss s\u00e4dehoito | Hestia Hotel Haapsalu Spa","og_description":"Methode Physiodermie on Sveitsin ihonhoidon asiantuntija vuodesta 1974. Kliininen ja tieteeseen perustuva l\u00e4hestymistapa yhdistettyn\u00e4 luonnollisiin ainesosiin ja ainutlaatuisiin k\u00e4sin teht\u00e4viin tekniikoihin takaavat Physiodermie-hoidoilla n\u00e4kyv\u00e4t tulokset sek\u00e4 terveen ja tasapainoisen ihon.","og_url":"https:\/\/www.hestiahotels.com\/haapsaluspa\/fi\/toode\/physiodermie-clinical-swiss-sadehoito\/","og_site_name":"Hestia Hotel Haapsalu Spa","article_publisher":"https:\/\/www.facebook.com\/HaapsaluSpa","article_modified_time":"2025-03-03T09:06:43+00:00","og_image":[{"width":1920,"height":1080,"url":"https:\/\/www.hestiahotels.com\/wp-content\/uploads\/sites\/7\/2024\/12\/Physiodermie-sara.jpg","type":"image\/jpeg"}],"twitter_card":"summary_large_image","twitter_misc":{"Arvioitu lukuaika":"1 minuutti"},"schema":{"@context":"https:\/\/schema.org","@graph":[{"@type":"WebPage","@id":"https:\/\/www.hestiahotels.com\/haapsaluspa\/fi\/toode\/physiodermie-clinical-swiss-sadehoito\/","url":"https:\/\/www.hestiahotels.com\/haapsaluspa\/fi\/toode\/physiodermie-clinical-swiss-sadehoito\/","name":"Physiodermie Clinical Swiss s\u00e4dehoito | Hestia Hotel Haapsalu Spa","isPartOf":{"@id":"https:\/\/www.hestiahotels.com\/haapsaluspa\/#website"},"primaryImageOfPage":{"@id":"https:\/\/www.hestiahotels.com\/haapsaluspa\/fi\/toode\/physiodermie-clinical-swiss-sadehoito\/#primaryimage"},"image":{"@id":"https:\/\/www.hestiahotels.com\/haapsaluspa\/fi\/toode\/physiodermie-clinical-swiss-sadehoito\/#primaryimage"},"thumbnailUrl":"\/wp-content\/uploads\/sites\/7\/2024\/12\/Physiodermie-sara.jpg","datePublished":"2024-12-06T10:19:29+00:00","dateModified":"2025-03-03T09:06:43+00:00","description":"Methode Physiodermie on Sveitsin ihonhoidon asiantuntija vuodesta 1974. Kliininen ja tieteeseen perustuva l\u00e4hestymistapa yhdistettyn\u00e4 luonnollisiin ainesosiin ja ainutlaatuisiin k\u00e4sin teht\u00e4viin tekniikoihin takaavat Physiodermie-hoidoilla n\u00e4kyv\u00e4t tulokset sek\u00e4 terveen ja tasapainoisen ihon.","breadcrumb":{"@id":"https:\/\/www.hestiahotels.com\/haapsaluspa\/fi\/toode\/physiodermie-clinical-swiss-sadehoito\/#breadcrumb"},"inLanguage":"fi","potentialAction":[{"@type":"ReadAction","target":["https:\/\/www.hestiahotels.com\/haapsaluspa\/fi\/toode\/physiodermie-clinical-swiss-sadehoito\/"]}]},{"@type":"ImageObject","inLanguage":"fi","@id":"https:\/\/www.hestiahotels.com\/haapsaluspa\/fi\/toode\/physiodermie-clinical-swiss-sadehoito\/#primaryimage","url":"\/wp-content\/uploads\/sites\/7\/2024\/12\/Physiodermie-sara.jpg","contentUrl":"\/wp-content\/uploads\/sites\/7\/2024\/12\/Physiodermie-sara.jpg","width":1920,"height":1080},{"@type":"BreadcrumbList","@id":"https:\/\/www.hestiahotels.com\/haapsaluspa\/fi\/toode\/physiodermie-clinical-swiss-sadehoito\/#breadcrumb","itemListElement":[{"@type":"ListItem","position":1,"name":"Home","item":"https:\/\/www.hestiahotels.com\/haapsaluspa\/fi\/"},{"@type":"ListItem","position":2,"name":"Hibiscus spa hoidot","item":"https:\/\/www.hestiahotels.com\/haapsaluspa\/fi\/hibiscus-spa-hoidot\/"},{"@type":"ListItem","position":3,"name":"Physiodermie Clinical Swiss s\u00e4dehoito"}]},{"@type":"WebSite","@id":"https:\/\/www.hestiahotels.com\/haapsaluspa\/#website","url":"https:\/\/www.hestiahotels.com\/haapsaluspa\/","name":"Hestia Hotel Haapsalu Spa","description":"Hestia Group","potentialAction":[{"@type":"SearchAction","target":{"@type":"EntryPoint","urlTemplate":"https:\/\/www.hestiahotels.com\/haapsaluspa\/?s={search_term_string}"},"query-input":{"@type":"PropertyValueSpecification","valueRequired":true,"valueName":"search_term_string"}}],"inLanguage":"fi"}]}},"_links":{"self":[{"href":"https:\/\/www.hestiahotels.com\/haapsaluspa\/fi\/wp-json\/wp\/v2\/product\/30072","targetHints":{"allow":["GET"]}}],"collection":[{"href":"https:\/\/www.hestiahotels.com\/haapsaluspa\/fi\/wp-json\/wp\/v2\/product"}],"about":[{"href":"https:\/\/www.hestiahotels.com\/haapsaluspa\/fi\/wp-json\/wp\/v2\/types\/product"}],"wp:featuredmedia":[{"embeddable":true,"href":"https:\/\/www.hestiahotels.com\/haapsaluspa\/fi\/wp-json\/wp\/v2\/media\/30150"}],"wp:attachment":[{"href":"https:\/\/www.hestiahotels.com\/haapsaluspa\/fi\/wp-json\/wp\/v2\/media?parent=30072"}],"wp:term":[{"taxonomy":"product_brand","embeddable":true,"href":"https:\/\/www.hestiahotels.com\/haapsaluspa\/fi\/wp-json\/wp\/v2\/product_brand?post=30072"},{"taxonomy":"product_cat","embeddable":true,"href":"https:\/\/www.hestiahotels.com\/haapsaluspa\/fi\/wp-json\/wp\/v2\/product_cat?post=30072"},{"taxonomy":"product_tag","embeddable":true,"href":"https:\/\/www.hestiahotels.com\/haapsaluspa\/fi\/wp-json\/wp\/v2\/product_tag?post=30072"}],"curies":[{"name":"wp","href":"https:\/\/api.w.org\/{rel}","templated":true}]}}