{"id":30928,"date":"2025-06-09T16:04:40","date_gmt":"2025-06-09T13:04:40","guid":{"rendered":"https:\/\/www.hestiahotels.com\/haapsaluspa\/?post_type=product&#038;p=30928"},"modified":"2025-06-09T16:40:59","modified_gmt":"2025-06-09T13:40:59","slug":"energiahoito-miehille-kopeeri","status":"publish","type":"product","link":"https:\/\/www.hestiahotels.com\/haapsaluspa\/fi\/toode\/energiahoito-miehille-kopeeri\/","title":{"rendered":"Physiodermie kasvohoito miehille"},"content":{"rendered":"","protected":false},"excerpt":{"rendered":"<p>Huippuluokan sveitsil\u00e4iseen teknologiaan perustuva kasvohoito, joka puhdistaa, rauhoittaa ja auttaa palauttamaan ihon suojakerroksen. Hoito on nopea, tehokas ja antaa tuloksia v\u00e4litt\u00f6m\u00e4sti ensimm\u00e4isen hoitokerran j\u00e4lkeen.<\/p>\n<p>Ennen hoitoa kosmetologi tekee ihoanalyysin valitakseen sinulle sopivimmat hoitotuotteet. Hoito sis\u00e4lt\u00e4\u00e4 puhdistuksen, kuorinnan, kosteutuksen ja ihon suojakerroksen palauttamisen. Hoito sopii, jos iho on kuiva, karhea, finninaamainen, punoittava tai ep\u00e4tasainen sek\u00e4 v\u00e4synyt ja stressaantunut.<\/p>\n","protected":false},"featured_media":30932,"template":"","meta":{"_acf_changed":false},"product_brand":[],"product_cat":[155,205],"product_tag":[],"class_list":{"0":"post-30928","1":"product","2":"type-product","3":"status-publish","4":"has-post-thumbnail","6":"product_cat-kasvot","7":"product_cat-miehille","9":"first","10":"instock","11":"shipping-taxable","12":"purchasable","13":"product-type-simple"},"acf":[],"yoast_head":"<!-- This site is optimized with the Yoast SEO plugin v27.2 - https:\/\/yoast.com\/product\/yoast-seo-wordpress\/ -->\n<title>Physiodermie kasvohoito miehille | Hestia Hotel Haapsalu Spa<\/title>\n<meta name=\"robots\" content=\"index, follow, max-snippet:-1, max-image-preview:large, max-video-preview:-1\" \/>\n<link rel=\"canonical\" href=\"https:\/\/www.hestiahotels.com\/haapsaluspa\/fi\/toode\/energiahoito-miehille-kopeeri\/\" \/>\n<meta property=\"og:locale\" content=\"fi_FI\" \/>\n<meta property=\"og:type\" content=\"article\" \/>\n<meta property=\"og:title\" content=\"Physiodermie kasvohoito miehille | Hestia Hotel Haapsalu Spa\" \/>\n<meta property=\"og:description\" content=\"Huippuluokan sveitsil\u00e4iseen teknologiaan perustuva kasvohoito, joka puhdistaa, rauhoittaa ja auttaa palauttamaan ihon suojakerroksen. Hoito on nopea, tehokas ja antaa tuloksia v\u00e4litt\u00f6m\u00e4sti ensimm\u00e4isen hoitokerran j\u00e4lkeen.  Ennen hoitoa kosmetologi tekee ihoanalyysin valitakseen sinulle sopivimmat hoitotuotteet. Hoito sis\u00e4lt\u00e4\u00e4 puhdistuksen, kuorinnan, kosteutuksen ja ihon suojakerroksen palauttamisen. Hoito sopii, jos iho on kuiva, karhea, finninaamainen, punoittava tai ep\u00e4tasainen sek\u00e4 v\u00e4synyt ja stressaantunut.\" \/>\n<meta property=\"og:url\" content=\"https:\/\/www.hestiahotels.com\/haapsaluspa\/fi\/toode\/energiahoito-miehille-kopeeri\/\" \/>\n<meta property=\"og:site_name\" content=\"Hestia Hotel Haapsalu Spa\" \/>\n<meta property=\"article:publisher\" content=\"https:\/\/www.facebook.com\/HaapsaluSpa\" \/>\n<meta property=\"article:modified_time\" content=\"2025-06-09T13:40:59+00:00\" \/>\n<meta property=\"og:image\" content=\"https:\/\/www.hestiahotels.com\/wp-content\/uploads\/sites\/7\/2025\/06\/Physiodermie-meeste.jpg\" \/>\n\t<meta property=\"og:image:width\" content=\"1920\" \/>\n\t<meta property=\"og:image:height\" content=\"1080\" \/>\n\t<meta property=\"og:image:type\" content=\"image\/jpeg\" \/>\n<meta name=\"twitter:card\" content=\"summary_large_image\" \/>\n<meta name=\"twitter:label1\" content=\"Arvioitu lukuaika\" \/>\n\t<meta name=\"twitter:data1\" content=\"1 minuutti\" \/>\n<script type=\"application\/ld+json\" class=\"yoast-schema-graph\">{\"@context\":\"https:\/\/schema.org\",\"@graph\":[{\"@type\":\"WebPage\",\"@id\":\"https:\/\/www.hestiahotels.com\/haapsaluspa\/fi\/toode\/energiahoito-miehille-kopeeri\/\",\"url\":\"https:\/\/www.hestiahotels.com\/haapsaluspa\/fi\/toode\/energiahoito-miehille-kopeeri\/\",\"name\":\"Physiodermie kasvohoito miehille | Hestia Hotel Haapsalu Spa\",\"isPartOf\":{\"@id\":\"https:\/\/www.hestiahotels.com\/haapsaluspa\/#website\"},\"primaryImageOfPage\":{\"@id\":\"https:\/\/www.hestiahotels.com\/haapsaluspa\/fi\/toode\/energiahoito-miehille-kopeeri\/#primaryimage\"},\"image\":{\"@id\":\"https:\/\/www.hestiahotels.com\/haapsaluspa\/fi\/toode\/energiahoito-miehille-kopeeri\/#primaryimage\"},\"thumbnailUrl\":\"\/wp-content\/uploads\/sites\/7\/2025\/06\/Physiodermie-meeste.jpg\",\"datePublished\":\"2025-06-09T13:04:40+00:00\",\"dateModified\":\"2025-06-09T13:40:59+00:00\",\"breadcrumb\":{\"@id\":\"https:\/\/www.hestiahotels.com\/haapsaluspa\/fi\/toode\/energiahoito-miehille-kopeeri\/#breadcrumb\"},\"inLanguage\":\"fi\",\"potentialAction\":[{\"@type\":\"ReadAction\",\"target\":[\"https:\/\/www.hestiahotels.com\/haapsaluspa\/fi\/toode\/energiahoito-miehille-kopeeri\/\"]}]},{\"@type\":\"ImageObject\",\"inLanguage\":\"fi\",\"@id\":\"https:\/\/www.hestiahotels.com\/haapsaluspa\/fi\/toode\/energiahoito-miehille-kopeeri\/#primaryimage\",\"url\":\"\/wp-content\/uploads\/sites\/7\/2025\/06\/Physiodermie-meeste.jpg\",\"contentUrl\":\"\/wp-content\/uploads\/sites\/7\/2025\/06\/Physiodermie-meeste.jpg\",\"width\":1920,\"height\":1080},{\"@type\":\"BreadcrumbList\",\"@id\":\"https:\/\/www.hestiahotels.com\/haapsaluspa\/fi\/toode\/energiahoito-miehille-kopeeri\/#breadcrumb\",\"itemListElement\":[{\"@type\":\"ListItem\",\"position\":1,\"name\":\"Home\",\"item\":\"https:\/\/www.hestiahotels.com\/haapsaluspa\/fi\/\"},{\"@type\":\"ListItem\",\"position\":2,\"name\":\"Hibiscus spa hoidot\",\"item\":\"https:\/\/www.hestiahotels.com\/haapsaluspa\/fi\/hibiscus-spa-hoidot\/\"},{\"@type\":\"ListItem\",\"position\":3,\"name\":\"Physiodermie kasvohoito miehille\"}]},{\"@type\":\"WebSite\",\"@id\":\"https:\/\/www.hestiahotels.com\/haapsaluspa\/#website\",\"url\":\"https:\/\/www.hestiahotels.com\/haapsaluspa\/\",\"name\":\"Hestia Hotel Haapsalu Spa\",\"description\":\"Hestia Group\",\"potentialAction\":[{\"@type\":\"SearchAction\",\"target\":{\"@type\":\"EntryPoint\",\"urlTemplate\":\"https:\/\/www.hestiahotels.com\/haapsaluspa\/?s={search_term_string}\"},\"query-input\":{\"@type\":\"PropertyValueSpecification\",\"valueRequired\":true,\"valueName\":\"search_term_string\"}}],\"inLanguage\":\"fi\"}]}<\/script>\n<!-- \/ Yoast SEO plugin. -->","yoast_head_json":{"title":"Physiodermie kasvohoito miehille | Hestia Hotel Haapsalu Spa","robots":{"index":"index","follow":"follow","max-snippet":"max-snippet:-1","max-image-preview":"max-image-preview:large","max-video-preview":"max-video-preview:-1"},"canonical":"https:\/\/www.hestiahotels.com\/haapsaluspa\/fi\/toode\/energiahoito-miehille-kopeeri\/","og_locale":"fi_FI","og_type":"article","og_title":"Physiodermie kasvohoito miehille | Hestia Hotel Haapsalu Spa","og_description":"Huippuluokan sveitsil\u00e4iseen teknologiaan perustuva kasvohoito, joka puhdistaa, rauhoittaa ja auttaa palauttamaan ihon suojakerroksen. Hoito on nopea, tehokas ja antaa tuloksia v\u00e4litt\u00f6m\u00e4sti ensimm\u00e4isen hoitokerran j\u00e4lkeen.  Ennen hoitoa kosmetologi tekee ihoanalyysin valitakseen sinulle sopivimmat hoitotuotteet. Hoito sis\u00e4lt\u00e4\u00e4 puhdistuksen, kuorinnan, kosteutuksen ja ihon suojakerroksen palauttamisen. Hoito sopii, jos iho on kuiva, karhea, finninaamainen, punoittava tai ep\u00e4tasainen sek\u00e4 v\u00e4synyt ja stressaantunut.","og_url":"https:\/\/www.hestiahotels.com\/haapsaluspa\/fi\/toode\/energiahoito-miehille-kopeeri\/","og_site_name":"Hestia Hotel Haapsalu Spa","article_publisher":"https:\/\/www.facebook.com\/HaapsaluSpa","article_modified_time":"2025-06-09T13:40:59+00:00","og_image":[{"width":1920,"height":1080,"url":"https:\/\/www.hestiahotels.com\/wp-content\/uploads\/sites\/7\/2025\/06\/Physiodermie-meeste.jpg","type":"image\/jpeg"}],"twitter_card":"summary_large_image","twitter_misc":{"Arvioitu lukuaika":"1 minuutti"},"schema":{"@context":"https:\/\/schema.org","@graph":[{"@type":"WebPage","@id":"https:\/\/www.hestiahotels.com\/haapsaluspa\/fi\/toode\/energiahoito-miehille-kopeeri\/","url":"https:\/\/www.hestiahotels.com\/haapsaluspa\/fi\/toode\/energiahoito-miehille-kopeeri\/","name":"Physiodermie kasvohoito miehille | Hestia Hotel Haapsalu Spa","isPartOf":{"@id":"https:\/\/www.hestiahotels.com\/haapsaluspa\/#website"},"primaryImageOfPage":{"@id":"https:\/\/www.hestiahotels.com\/haapsaluspa\/fi\/toode\/energiahoito-miehille-kopeeri\/#primaryimage"},"image":{"@id":"https:\/\/www.hestiahotels.com\/haapsaluspa\/fi\/toode\/energiahoito-miehille-kopeeri\/#primaryimage"},"thumbnailUrl":"\/wp-content\/uploads\/sites\/7\/2025\/06\/Physiodermie-meeste.jpg","datePublished":"2025-06-09T13:04:40+00:00","dateModified":"2025-06-09T13:40:59+00:00","breadcrumb":{"@id":"https:\/\/www.hestiahotels.com\/haapsaluspa\/fi\/toode\/energiahoito-miehille-kopeeri\/#breadcrumb"},"inLanguage":"fi","potentialAction":[{"@type":"ReadAction","target":["https:\/\/www.hestiahotels.com\/haapsaluspa\/fi\/toode\/energiahoito-miehille-kopeeri\/"]}]},{"@type":"ImageObject","inLanguage":"fi","@id":"https:\/\/www.hestiahotels.com\/haapsaluspa\/fi\/toode\/energiahoito-miehille-kopeeri\/#primaryimage","url":"\/wp-content\/uploads\/sites\/7\/2025\/06\/Physiodermie-meeste.jpg","contentUrl":"\/wp-content\/uploads\/sites\/7\/2025\/06\/Physiodermie-meeste.jpg","width":1920,"height":1080},{"@type":"BreadcrumbList","@id":"https:\/\/www.hestiahotels.com\/haapsaluspa\/fi\/toode\/energiahoito-miehille-kopeeri\/#breadcrumb","itemListElement":[{"@type":"ListItem","position":1,"name":"Home","item":"https:\/\/www.hestiahotels.com\/haapsaluspa\/fi\/"},{"@type":"ListItem","position":2,"name":"Hibiscus spa hoidot","item":"https:\/\/www.hestiahotels.com\/haapsaluspa\/fi\/hibiscus-spa-hoidot\/"},{"@type":"ListItem","position":3,"name":"Physiodermie kasvohoito miehille"}]},{"@type":"WebSite","@id":"https:\/\/www.hestiahotels.com\/haapsaluspa\/#website","url":"https:\/\/www.hestiahotels.com\/haapsaluspa\/","name":"Hestia Hotel Haapsalu Spa","description":"Hestia Group","potentialAction":[{"@type":"SearchAction","target":{"@type":"EntryPoint","urlTemplate":"https:\/\/www.hestiahotels.com\/haapsaluspa\/?s={search_term_string}"},"query-input":{"@type":"PropertyValueSpecification","valueRequired":true,"valueName":"search_term_string"}}],"inLanguage":"fi"}]}},"_links":{"self":[{"href":"https:\/\/www.hestiahotels.com\/haapsaluspa\/fi\/wp-json\/wp\/v2\/product\/30928","targetHints":{"allow":["GET"]}}],"collection":[{"href":"https:\/\/www.hestiahotels.com\/haapsaluspa\/fi\/wp-json\/wp\/v2\/product"}],"about":[{"href":"https:\/\/www.hestiahotels.com\/haapsaluspa\/fi\/wp-json\/wp\/v2\/types\/product"}],"wp:featuredmedia":[{"embeddable":true,"href":"https:\/\/www.hestiahotels.com\/haapsaluspa\/fi\/wp-json\/wp\/v2\/media\/30932"}],"wp:attachment":[{"href":"https:\/\/www.hestiahotels.com\/haapsaluspa\/fi\/wp-json\/wp\/v2\/media?parent=30928"}],"wp:term":[{"taxonomy":"product_brand","embeddable":true,"href":"https:\/\/www.hestiahotels.com\/haapsaluspa\/fi\/wp-json\/wp\/v2\/product_brand?post=30928"},{"taxonomy":"product_cat","embeddable":true,"href":"https:\/\/www.hestiahotels.com\/haapsaluspa\/fi\/wp-json\/wp\/v2\/product_cat?post=30928"},{"taxonomy":"product_tag","embeddable":true,"href":"https:\/\/www.hestiahotels.com\/haapsaluspa\/fi\/wp-json\/wp\/v2\/product_tag?post=30928"}],"curies":[{"name":"wp","href":"https:\/\/api.w.org\/{rel}","templated":true}]}}