{"id":31953,"date":"2026-01-19T16:26:19","date_gmt":"2026-01-19T14:26:19","guid":{"rendered":"https:\/\/www.hestiahotels.com\/haapsaluspa\/?post_type=product&#038;p=31953"},"modified":"2026-04-07T11:36:26","modified_gmt":"2026-04-07T08:36:26","slug":"ddifference-rauhoittava-kasvohoito-ongelmaiselle-iholle","status":"publish","type":"product","link":"https:\/\/www.hestiahotels.com\/haapsaluspa\/fi\/toode\/ddifference-rauhoittava-kasvohoito-ongelmaiselle-iholle\/","title":{"rendered":"D\u00b4Difference rauhoittava kasvohoito ongelmaiselle iholle"},"content":{"rendered":"<p>Hoito sis\u00e4lt\u00e4\u00e4 kasvojen puhdistuksen puhdistusvaahdolla, kuorinnan sek\u00e4 naamion erityisesti D\u00b4Difference-tuotteilla. Hoito viimeistell\u00e4\u00e4n voiteella, joka auttaa v\u00e4hent\u00e4m\u00e4\u00e4n punoitusta, ep\u00e4puhtauksia ja n\u00e4ppyj\u00e4, tarjoaa pitk\u00e4kestoista kosteutusta sek\u00e4 tasapainottaa ja vahvistaa ihon suojabarri\u00e4\u00e4ri\u00e4.<\/p>\n","protected":false},"excerpt":{"rendered":"<p>T\u00e4m\u00e4 hoito sopii sinulle erinomaisesti, jos ihosi on sekaiho ja\/tai rasvainen, siin\u00e4 on tukkeutuneita ihohuokosia ja komedoja tai se on akneen taipuvainen.<\/p>\n","protected":false},"featured_media":31952,"template":"","meta":{"_acf_changed":false},"product_brand":[],"product_cat":[155,208],"product_tag":[],"class_list":{"0":"post-31953","1":"product","2":"type-product","3":"status-publish","4":"has-post-thumbnail","6":"product_cat-kasvot","7":"product_cat-suosikit","9":"first","10":"instock","11":"shipping-taxable","12":"purchasable","13":"product-type-simple"},"acf":[],"yoast_head":"<!-- This site is optimized with the Yoast SEO plugin v27.2 - https:\/\/yoast.com\/product\/yoast-seo-wordpress\/ -->\n<title>D\u00b4Difference rauhoittava kasvohoito ongelmaiselle iholle | Hestia Hotel Haapsalu Spa<\/title>\n<meta name=\"robots\" content=\"index, follow, max-snippet:-1, max-image-preview:large, max-video-preview:-1\" \/>\n<link rel=\"canonical\" href=\"https:\/\/www.hestiahotels.com\/haapsaluspa\/fi\/toode\/ddifference-rauhoittava-kasvohoito-ongelmaiselle-iholle\/\" \/>\n<meta property=\"og:locale\" content=\"fi_FI\" \/>\n<meta property=\"og:type\" content=\"article\" \/>\n<meta property=\"og:title\" content=\"D\u00b4Difference rauhoittava kasvohoito ongelmaiselle iholle | Hestia Hotel Haapsalu Spa\" \/>\n<meta property=\"og:description\" content=\"T\u00e4m\u00e4 hoito sopii sinulle erinomaisesti, jos ihosi on sekaiho ja\/tai rasvainen, siin\u00e4 on tukkeutuneita ihohuokosia ja komedoja tai se on akneen taipuvainen.\" \/>\n<meta property=\"og:url\" content=\"https:\/\/www.hestiahotels.com\/haapsaluspa\/fi\/toode\/ddifference-rauhoittava-kasvohoito-ongelmaiselle-iholle\/\" \/>\n<meta property=\"og:site_name\" content=\"Hestia Hotel Haapsalu Spa\" \/>\n<meta property=\"article:publisher\" content=\"https:\/\/www.facebook.com\/HaapsaluSpa\" \/>\n<meta property=\"article:modified_time\" content=\"2026-04-07T08:36:26+00:00\" \/>\n<meta property=\"og:image\" content=\"https:\/\/www.hestiahotels.com\/wp-content\/uploads\/sites\/7\/2026\/01\/probleemse-naha-hooldus.jpg\" \/>\n\t<meta property=\"og:image:width\" content=\"1920\" \/>\n\t<meta property=\"og:image:height\" content=\"1080\" \/>\n\t<meta property=\"og:image:type\" content=\"image\/jpeg\" \/>\n<meta name=\"twitter:card\" content=\"summary_large_image\" \/>\n<meta name=\"twitter:label1\" content=\"Arvioitu lukuaika\" \/>\n\t<meta name=\"twitter:data1\" content=\"1 minuutti\" \/>\n<script type=\"application\/ld+json\" class=\"yoast-schema-graph\">{\"@context\":\"https:\/\/schema.org\",\"@graph\":[{\"@type\":\"WebPage\",\"@id\":\"https:\/\/www.hestiahotels.com\/haapsaluspa\/fi\/toode\/ddifference-rauhoittava-kasvohoito-ongelmaiselle-iholle\/\",\"url\":\"https:\/\/www.hestiahotels.com\/haapsaluspa\/fi\/toode\/ddifference-rauhoittava-kasvohoito-ongelmaiselle-iholle\/\",\"name\":\"D\u00b4Difference rauhoittava kasvohoito ongelmaiselle iholle | Hestia Hotel Haapsalu Spa\",\"isPartOf\":{\"@id\":\"https:\/\/www.hestiahotels.com\/haapsaluspa\/#website\"},\"primaryImageOfPage\":{\"@id\":\"https:\/\/www.hestiahotels.com\/haapsaluspa\/fi\/toode\/ddifference-rauhoittava-kasvohoito-ongelmaiselle-iholle\/#primaryimage\"},\"image\":{\"@id\":\"https:\/\/www.hestiahotels.com\/haapsaluspa\/fi\/toode\/ddifference-rauhoittava-kasvohoito-ongelmaiselle-iholle\/#primaryimage\"},\"thumbnailUrl\":\"\/wp-content\/uploads\/sites\/7\/2026\/01\/probleemse-naha-hooldus.jpg\",\"datePublished\":\"2026-01-19T14:26:19+00:00\",\"dateModified\":\"2026-04-07T08:36:26+00:00\",\"breadcrumb\":{\"@id\":\"https:\/\/www.hestiahotels.com\/haapsaluspa\/fi\/toode\/ddifference-rauhoittava-kasvohoito-ongelmaiselle-iholle\/#breadcrumb\"},\"inLanguage\":\"fi\",\"potentialAction\":[{\"@type\":\"ReadAction\",\"target\":[\"https:\/\/www.hestiahotels.com\/haapsaluspa\/fi\/toode\/ddifference-rauhoittava-kasvohoito-ongelmaiselle-iholle\/\"]}]},{\"@type\":\"ImageObject\",\"inLanguage\":\"fi\",\"@id\":\"https:\/\/www.hestiahotels.com\/haapsaluspa\/fi\/toode\/ddifference-rauhoittava-kasvohoito-ongelmaiselle-iholle\/#primaryimage\",\"url\":\"\/wp-content\/uploads\/sites\/7\/2026\/01\/probleemse-naha-hooldus.jpg\",\"contentUrl\":\"\/wp-content\/uploads\/sites\/7\/2026\/01\/probleemse-naha-hooldus.jpg\",\"width\":1920,\"height\":1080},{\"@type\":\"BreadcrumbList\",\"@id\":\"https:\/\/www.hestiahotels.com\/haapsaluspa\/fi\/toode\/ddifference-rauhoittava-kasvohoito-ongelmaiselle-iholle\/#breadcrumb\",\"itemListElement\":[{\"@type\":\"ListItem\",\"position\":1,\"name\":\"Home\",\"item\":\"https:\/\/www.hestiahotels.com\/haapsaluspa\/fi\/\"},{\"@type\":\"ListItem\",\"position\":2,\"name\":\"Hibiscus spa hoidot\",\"item\":\"https:\/\/www.hestiahotels.com\/haapsaluspa\/fi\/hibiscus-spa-hoidot\/\"},{\"@type\":\"ListItem\",\"position\":3,\"name\":\"D\u00b4Difference rauhoittava kasvohoito ongelmaiselle iholle\"}]},{\"@type\":\"WebSite\",\"@id\":\"https:\/\/www.hestiahotels.com\/haapsaluspa\/#website\",\"url\":\"https:\/\/www.hestiahotels.com\/haapsaluspa\/\",\"name\":\"Hestia Hotel Haapsalu Spa\",\"description\":\"Hestia Group\",\"potentialAction\":[{\"@type\":\"SearchAction\",\"target\":{\"@type\":\"EntryPoint\",\"urlTemplate\":\"https:\/\/www.hestiahotels.com\/haapsaluspa\/?s={search_term_string}\"},\"query-input\":{\"@type\":\"PropertyValueSpecification\",\"valueRequired\":true,\"valueName\":\"search_term_string\"}}],\"inLanguage\":\"fi\"}]}<\/script>\n<!-- \/ Yoast SEO plugin. -->","yoast_head_json":{"title":"D\u00b4Difference rauhoittava kasvohoito ongelmaiselle iholle | Hestia Hotel Haapsalu Spa","robots":{"index":"index","follow":"follow","max-snippet":"max-snippet:-1","max-image-preview":"max-image-preview:large","max-video-preview":"max-video-preview:-1"},"canonical":"https:\/\/www.hestiahotels.com\/haapsaluspa\/fi\/toode\/ddifference-rauhoittava-kasvohoito-ongelmaiselle-iholle\/","og_locale":"fi_FI","og_type":"article","og_title":"D\u00b4Difference rauhoittava kasvohoito ongelmaiselle iholle | Hestia Hotel Haapsalu Spa","og_description":"T\u00e4m\u00e4 hoito sopii sinulle erinomaisesti, jos ihosi on sekaiho ja\/tai rasvainen, siin\u00e4 on tukkeutuneita ihohuokosia ja komedoja tai se on akneen taipuvainen.","og_url":"https:\/\/www.hestiahotels.com\/haapsaluspa\/fi\/toode\/ddifference-rauhoittava-kasvohoito-ongelmaiselle-iholle\/","og_site_name":"Hestia Hotel Haapsalu Spa","article_publisher":"https:\/\/www.facebook.com\/HaapsaluSpa","article_modified_time":"2026-04-07T08:36:26+00:00","og_image":[{"width":1920,"height":1080,"url":"https:\/\/www.hestiahotels.com\/wp-content\/uploads\/sites\/7\/2026\/01\/probleemse-naha-hooldus.jpg","type":"image\/jpeg"}],"twitter_card":"summary_large_image","twitter_misc":{"Arvioitu lukuaika":"1 minuutti"},"schema":{"@context":"https:\/\/schema.org","@graph":[{"@type":"WebPage","@id":"https:\/\/www.hestiahotels.com\/haapsaluspa\/fi\/toode\/ddifference-rauhoittava-kasvohoito-ongelmaiselle-iholle\/","url":"https:\/\/www.hestiahotels.com\/haapsaluspa\/fi\/toode\/ddifference-rauhoittava-kasvohoito-ongelmaiselle-iholle\/","name":"D\u00b4Difference rauhoittava kasvohoito ongelmaiselle iholle | Hestia Hotel Haapsalu Spa","isPartOf":{"@id":"https:\/\/www.hestiahotels.com\/haapsaluspa\/#website"},"primaryImageOfPage":{"@id":"https:\/\/www.hestiahotels.com\/haapsaluspa\/fi\/toode\/ddifference-rauhoittava-kasvohoito-ongelmaiselle-iholle\/#primaryimage"},"image":{"@id":"https:\/\/www.hestiahotels.com\/haapsaluspa\/fi\/toode\/ddifference-rauhoittava-kasvohoito-ongelmaiselle-iholle\/#primaryimage"},"thumbnailUrl":"\/wp-content\/uploads\/sites\/7\/2026\/01\/probleemse-naha-hooldus.jpg","datePublished":"2026-01-19T14:26:19+00:00","dateModified":"2026-04-07T08:36:26+00:00","breadcrumb":{"@id":"https:\/\/www.hestiahotels.com\/haapsaluspa\/fi\/toode\/ddifference-rauhoittava-kasvohoito-ongelmaiselle-iholle\/#breadcrumb"},"inLanguage":"fi","potentialAction":[{"@type":"ReadAction","target":["https:\/\/www.hestiahotels.com\/haapsaluspa\/fi\/toode\/ddifference-rauhoittava-kasvohoito-ongelmaiselle-iholle\/"]}]},{"@type":"ImageObject","inLanguage":"fi","@id":"https:\/\/www.hestiahotels.com\/haapsaluspa\/fi\/toode\/ddifference-rauhoittava-kasvohoito-ongelmaiselle-iholle\/#primaryimage","url":"\/wp-content\/uploads\/sites\/7\/2026\/01\/probleemse-naha-hooldus.jpg","contentUrl":"\/wp-content\/uploads\/sites\/7\/2026\/01\/probleemse-naha-hooldus.jpg","width":1920,"height":1080},{"@type":"BreadcrumbList","@id":"https:\/\/www.hestiahotels.com\/haapsaluspa\/fi\/toode\/ddifference-rauhoittava-kasvohoito-ongelmaiselle-iholle\/#breadcrumb","itemListElement":[{"@type":"ListItem","position":1,"name":"Home","item":"https:\/\/www.hestiahotels.com\/haapsaluspa\/fi\/"},{"@type":"ListItem","position":2,"name":"Hibiscus spa hoidot","item":"https:\/\/www.hestiahotels.com\/haapsaluspa\/fi\/hibiscus-spa-hoidot\/"},{"@type":"ListItem","position":3,"name":"D\u00b4Difference rauhoittava kasvohoito ongelmaiselle iholle"}]},{"@type":"WebSite","@id":"https:\/\/www.hestiahotels.com\/haapsaluspa\/#website","url":"https:\/\/www.hestiahotels.com\/haapsaluspa\/","name":"Hestia Hotel Haapsalu Spa","description":"Hestia Group","potentialAction":[{"@type":"SearchAction","target":{"@type":"EntryPoint","urlTemplate":"https:\/\/www.hestiahotels.com\/haapsaluspa\/?s={search_term_string}"},"query-input":{"@type":"PropertyValueSpecification","valueRequired":true,"valueName":"search_term_string"}}],"inLanguage":"fi"}]}},"_links":{"self":[{"href":"https:\/\/www.hestiahotels.com\/haapsaluspa\/fi\/wp-json\/wp\/v2\/product\/31953","targetHints":{"allow":["GET"]}}],"collection":[{"href":"https:\/\/www.hestiahotels.com\/haapsaluspa\/fi\/wp-json\/wp\/v2\/product"}],"about":[{"href":"https:\/\/www.hestiahotels.com\/haapsaluspa\/fi\/wp-json\/wp\/v2\/types\/product"}],"wp:featuredmedia":[{"embeddable":true,"href":"https:\/\/www.hestiahotels.com\/haapsaluspa\/fi\/wp-json\/wp\/v2\/media\/31952"}],"wp:attachment":[{"href":"https:\/\/www.hestiahotels.com\/haapsaluspa\/fi\/wp-json\/wp\/v2\/media?parent=31953"}],"wp:term":[{"taxonomy":"product_brand","embeddable":true,"href":"https:\/\/www.hestiahotels.com\/haapsaluspa\/fi\/wp-json\/wp\/v2\/product_brand?post=31953"},{"taxonomy":"product_cat","embeddable":true,"href":"https:\/\/www.hestiahotels.com\/haapsaluspa\/fi\/wp-json\/wp\/v2\/product_cat?post=31953"},{"taxonomy":"product_tag","embeddable":true,"href":"https:\/\/www.hestiahotels.com\/haapsaluspa\/fi\/wp-json\/wp\/v2\/product_tag?post=31953"}],"curies":[{"name":"wp","href":"https:\/\/api.w.org\/{rel}","templated":true}]}}