{"id":32306,"date":"2026-03-26T14:28:07","date_gmt":"2026-03-26T12:28:07","guid":{"rendered":"https:\/\/www.hestiahotels.com\/haapsaluspa\/?post_type=product&#038;p=32306"},"modified":"2026-04-01T11:32:50","modified_gmt":"2026-04-01T08:32:50","slug":"hiuspohjan-hoito-hiusten-kasvun-edistamiseksi","status":"publish","type":"product","link":"https:\/\/www.hestiahotels.com\/haapsaluspa\/fi\/toode\/hiuspohjan-hoito-hiusten-kasvun-edistamiseksi\/","title":{"rendered":"Hiuspohjan hoito hiusten kasvun edist\u00e4miseksi"},"content":{"rendered":"<p data-start=\"0\" data-end=\"211\">Hoito hy\u00f6dynt\u00e4\u00e4 puhtaita ja huolellisesti valittuja luonnonkosmetiikkatuotteita My Veg -sarjasta, jotka on suunniteltu parantamaan hiuspohjan verenkiertoa, poistamaan ep\u00e4puhtauksia ja vahvistamaan hiustuppeja. Hoito alkaa rentouttavalla, aisteja her\u00e4ttelev\u00e4ll\u00e4 vaiheella, jota seuraa orgaanisista ja puhtaista kasviuutteista valmistettu naamio sek\u00e4 hiuspohjaa stimuloiva hieronta, joka aktivoi verenkiertoa. Hoito viimeistell\u00e4\u00e4n erityisell\u00e4, huolellisesti valituista kasviuutteista valmistetulla hoitonesteell\u00e4, joka tasapainottaa hiuspohjaa ja tukee hiusten kasvua.<\/p>\n","protected":false},"excerpt":{"rendered":"<p>Hoito auttaa parantamaan hiuspohjan verenkiertoa, poistamaan ep\u00e4puhtauksia ja vahvistamaan hiustuppeja. Hoidossa k\u00e4ytet\u00e4\u00e4n puhtaita ja huolellisesti valittuja My Veg -sarjan luonnonkosmetiikkatuotteita.<\/p>\n","protected":false},"featured_media":32286,"template":"","meta":{"_acf_changed":false},"product_brand":[],"product_cat":[206,208],"product_tag":[],"class_list":{"0":"post-32306","1":"product","2":"type-product","3":"status-publish","4":"has-post-thumbnail","6":"product_cat-hiukset","7":"product_cat-suosikit","9":"first","10":"instock","11":"sale","12":"shipping-taxable","13":"purchasable","14":"product-type-simple"},"acf":[],"yoast_head":"<!-- This site is optimized with the Yoast SEO plugin v27.2 - https:\/\/yoast.com\/product\/yoast-seo-wordpress\/ -->\n<title>Hiuspohjan hoito hiusten kasvun edist\u00e4miseksi | Hestia Hotel Haapsalu Spa<\/title>\n<meta name=\"description\" content=\"Hoito auttaa parantamaan hiuspohjan verenkiertoa, poistamaan ep\u00e4puhtauksia ja vahvistamaan hiustuppeja. Hoidossa k\u00e4ytet\u00e4\u00e4n puhtaita ja huolellisesti valittuja My Veg -sarjan luonnonkosmetiikkatuotteita.\" \/>\n<meta name=\"robots\" content=\"index, follow, max-snippet:-1, max-image-preview:large, max-video-preview:-1\" \/>\n<link rel=\"canonical\" href=\"https:\/\/www.hestiahotels.com\/haapsaluspa\/fi\/toode\/hiuspohjan-hoito-hiusten-kasvun-edistamiseksi\/\" \/>\n<meta property=\"og:locale\" content=\"fi_FI\" \/>\n<meta property=\"og:type\" content=\"article\" \/>\n<meta property=\"og:title\" content=\"Hiuspohjan hoito hiusten kasvun edist\u00e4miseksi | Hestia Hotel Haapsalu Spa\" \/>\n<meta property=\"og:description\" content=\"Hoito auttaa parantamaan hiuspohjan verenkiertoa, poistamaan ep\u00e4puhtauksia ja vahvistamaan hiustuppeja. Hoidossa k\u00e4ytet\u00e4\u00e4n puhtaita ja huolellisesti valittuja My Veg -sarjan luonnonkosmetiikkatuotteita.\" \/>\n<meta property=\"og:url\" content=\"https:\/\/www.hestiahotels.com\/haapsaluspa\/fi\/toode\/hiuspohjan-hoito-hiusten-kasvun-edistamiseksi\/\" \/>\n<meta property=\"og:site_name\" content=\"Hestia Hotel Haapsalu Spa\" \/>\n<meta property=\"article:publisher\" content=\"https:\/\/www.facebook.com\/HaapsaluSpa\" \/>\n<meta property=\"article:modified_time\" content=\"2026-04-01T08:32:50+00:00\" \/>\n<meta property=\"og:image\" content=\"https:\/\/www.hestiahotels.com\/wp-content\/uploads\/sites\/7\/2021\/07\/peanaha-hoolitsus.jpg\" \/>\n\t<meta property=\"og:image:width\" content=\"1920\" \/>\n\t<meta property=\"og:image:height\" content=\"1080\" \/>\n\t<meta property=\"og:image:type\" content=\"image\/jpeg\" \/>\n<meta name=\"twitter:card\" content=\"summary_large_image\" \/>\n<meta name=\"twitter:label1\" content=\"Arvioitu lukuaika\" \/>\n\t<meta name=\"twitter:data1\" content=\"1 minuutti\" \/>\n<script type=\"application\/ld+json\" class=\"yoast-schema-graph\">{\"@context\":\"https:\/\/schema.org\",\"@graph\":[{\"@type\":\"WebPage\",\"@id\":\"https:\/\/www.hestiahotels.com\/haapsaluspa\/fi\/toode\/hiuspohjan-hoito-hiusten-kasvun-edistamiseksi\/\",\"url\":\"https:\/\/www.hestiahotels.com\/haapsaluspa\/fi\/toode\/hiuspohjan-hoito-hiusten-kasvun-edistamiseksi\/\",\"name\":\"Hiuspohjan hoito hiusten kasvun edist\u00e4miseksi | Hestia Hotel Haapsalu Spa\",\"isPartOf\":{\"@id\":\"https:\/\/www.hestiahotels.com\/haapsaluspa\/#website\"},\"primaryImageOfPage\":{\"@id\":\"https:\/\/www.hestiahotels.com\/haapsaluspa\/fi\/toode\/hiuspohjan-hoito-hiusten-kasvun-edistamiseksi\/#primaryimage\"},\"image\":{\"@id\":\"https:\/\/www.hestiahotels.com\/haapsaluspa\/fi\/toode\/hiuspohjan-hoito-hiusten-kasvun-edistamiseksi\/#primaryimage\"},\"thumbnailUrl\":\"\/wp-content\/uploads\/sites\/7\/2021\/07\/peanaha-hoolitsus.jpg\",\"datePublished\":\"2026-03-26T12:28:07+00:00\",\"dateModified\":\"2026-04-01T08:32:50+00:00\",\"description\":\"Hoito auttaa parantamaan hiuspohjan verenkiertoa, poistamaan ep\u00e4puhtauksia ja vahvistamaan hiustuppeja. Hoidossa k\u00e4ytet\u00e4\u00e4n puhtaita ja huolellisesti valittuja My Veg -sarjan luonnonkosmetiikkatuotteita.\",\"breadcrumb\":{\"@id\":\"https:\/\/www.hestiahotels.com\/haapsaluspa\/fi\/toode\/hiuspohjan-hoito-hiusten-kasvun-edistamiseksi\/#breadcrumb\"},\"inLanguage\":\"fi\",\"potentialAction\":[{\"@type\":\"ReadAction\",\"target\":[\"https:\/\/www.hestiahotels.com\/haapsaluspa\/fi\/toode\/hiuspohjan-hoito-hiusten-kasvun-edistamiseksi\/\"]}]},{\"@type\":\"ImageObject\",\"inLanguage\":\"fi\",\"@id\":\"https:\/\/www.hestiahotels.com\/haapsaluspa\/fi\/toode\/hiuspohjan-hoito-hiusten-kasvun-edistamiseksi\/#primaryimage\",\"url\":\"\/wp-content\/uploads\/sites\/7\/2021\/07\/peanaha-hoolitsus.jpg\",\"contentUrl\":\"\/wp-content\/uploads\/sites\/7\/2021\/07\/peanaha-hoolitsus.jpg\",\"width\":1920,\"height\":1080},{\"@type\":\"BreadcrumbList\",\"@id\":\"https:\/\/www.hestiahotels.com\/haapsaluspa\/fi\/toode\/hiuspohjan-hoito-hiusten-kasvun-edistamiseksi\/#breadcrumb\",\"itemListElement\":[{\"@type\":\"ListItem\",\"position\":1,\"name\":\"Home\",\"item\":\"https:\/\/www.hestiahotels.com\/haapsaluspa\/fi\/\"},{\"@type\":\"ListItem\",\"position\":2,\"name\":\"Hibiscus spa hoidot\",\"item\":\"https:\/\/www.hestiahotels.com\/haapsaluspa\/fi\/hibiscus-spa-hoidot\/\"},{\"@type\":\"ListItem\",\"position\":3,\"name\":\"Hiuspohjan hoito hiusten kasvun edist\u00e4miseksi\"}]},{\"@type\":\"WebSite\",\"@id\":\"https:\/\/www.hestiahotels.com\/haapsaluspa\/#website\",\"url\":\"https:\/\/www.hestiahotels.com\/haapsaluspa\/\",\"name\":\"Hestia Hotel Haapsalu Spa\",\"description\":\"Hestia Group\",\"potentialAction\":[{\"@type\":\"SearchAction\",\"target\":{\"@type\":\"EntryPoint\",\"urlTemplate\":\"https:\/\/www.hestiahotels.com\/haapsaluspa\/?s={search_term_string}\"},\"query-input\":{\"@type\":\"PropertyValueSpecification\",\"valueRequired\":true,\"valueName\":\"search_term_string\"}}],\"inLanguage\":\"fi\"}]}<\/script>\n<!-- \/ Yoast SEO plugin. -->","yoast_head_json":{"title":"Hiuspohjan hoito hiusten kasvun edist\u00e4miseksi | Hestia Hotel Haapsalu Spa","description":"Hoito auttaa parantamaan hiuspohjan verenkiertoa, poistamaan ep\u00e4puhtauksia ja vahvistamaan hiustuppeja. Hoidossa k\u00e4ytet\u00e4\u00e4n puhtaita ja huolellisesti valittuja My Veg -sarjan luonnonkosmetiikkatuotteita.","robots":{"index":"index","follow":"follow","max-snippet":"max-snippet:-1","max-image-preview":"max-image-preview:large","max-video-preview":"max-video-preview:-1"},"canonical":"https:\/\/www.hestiahotels.com\/haapsaluspa\/fi\/toode\/hiuspohjan-hoito-hiusten-kasvun-edistamiseksi\/","og_locale":"fi_FI","og_type":"article","og_title":"Hiuspohjan hoito hiusten kasvun edist\u00e4miseksi | Hestia Hotel Haapsalu Spa","og_description":"Hoito auttaa parantamaan hiuspohjan verenkiertoa, poistamaan ep\u00e4puhtauksia ja vahvistamaan hiustuppeja. Hoidossa k\u00e4ytet\u00e4\u00e4n puhtaita ja huolellisesti valittuja My Veg -sarjan luonnonkosmetiikkatuotteita.","og_url":"https:\/\/www.hestiahotels.com\/haapsaluspa\/fi\/toode\/hiuspohjan-hoito-hiusten-kasvun-edistamiseksi\/","og_site_name":"Hestia Hotel Haapsalu Spa","article_publisher":"https:\/\/www.facebook.com\/HaapsaluSpa","article_modified_time":"2026-04-01T08:32:50+00:00","og_image":[{"width":1920,"height":1080,"url":"https:\/\/www.hestiahotels.com\/wp-content\/uploads\/sites\/7\/2021\/07\/peanaha-hoolitsus.jpg","type":"image\/jpeg"}],"twitter_card":"summary_large_image","twitter_misc":{"Arvioitu lukuaika":"1 minuutti"},"schema":{"@context":"https:\/\/schema.org","@graph":[{"@type":"WebPage","@id":"https:\/\/www.hestiahotels.com\/haapsaluspa\/fi\/toode\/hiuspohjan-hoito-hiusten-kasvun-edistamiseksi\/","url":"https:\/\/www.hestiahotels.com\/haapsaluspa\/fi\/toode\/hiuspohjan-hoito-hiusten-kasvun-edistamiseksi\/","name":"Hiuspohjan hoito hiusten kasvun edist\u00e4miseksi | Hestia Hotel Haapsalu Spa","isPartOf":{"@id":"https:\/\/www.hestiahotels.com\/haapsaluspa\/#website"},"primaryImageOfPage":{"@id":"https:\/\/www.hestiahotels.com\/haapsaluspa\/fi\/toode\/hiuspohjan-hoito-hiusten-kasvun-edistamiseksi\/#primaryimage"},"image":{"@id":"https:\/\/www.hestiahotels.com\/haapsaluspa\/fi\/toode\/hiuspohjan-hoito-hiusten-kasvun-edistamiseksi\/#primaryimage"},"thumbnailUrl":"\/wp-content\/uploads\/sites\/7\/2021\/07\/peanaha-hoolitsus.jpg","datePublished":"2026-03-26T12:28:07+00:00","dateModified":"2026-04-01T08:32:50+00:00","description":"Hoito auttaa parantamaan hiuspohjan verenkiertoa, poistamaan ep\u00e4puhtauksia ja vahvistamaan hiustuppeja. Hoidossa k\u00e4ytet\u00e4\u00e4n puhtaita ja huolellisesti valittuja My Veg -sarjan luonnonkosmetiikkatuotteita.","breadcrumb":{"@id":"https:\/\/www.hestiahotels.com\/haapsaluspa\/fi\/toode\/hiuspohjan-hoito-hiusten-kasvun-edistamiseksi\/#breadcrumb"},"inLanguage":"fi","potentialAction":[{"@type":"ReadAction","target":["https:\/\/www.hestiahotels.com\/haapsaluspa\/fi\/toode\/hiuspohjan-hoito-hiusten-kasvun-edistamiseksi\/"]}]},{"@type":"ImageObject","inLanguage":"fi","@id":"https:\/\/www.hestiahotels.com\/haapsaluspa\/fi\/toode\/hiuspohjan-hoito-hiusten-kasvun-edistamiseksi\/#primaryimage","url":"\/wp-content\/uploads\/sites\/7\/2021\/07\/peanaha-hoolitsus.jpg","contentUrl":"\/wp-content\/uploads\/sites\/7\/2021\/07\/peanaha-hoolitsus.jpg","width":1920,"height":1080},{"@type":"BreadcrumbList","@id":"https:\/\/www.hestiahotels.com\/haapsaluspa\/fi\/toode\/hiuspohjan-hoito-hiusten-kasvun-edistamiseksi\/#breadcrumb","itemListElement":[{"@type":"ListItem","position":1,"name":"Home","item":"https:\/\/www.hestiahotels.com\/haapsaluspa\/fi\/"},{"@type":"ListItem","position":2,"name":"Hibiscus spa hoidot","item":"https:\/\/www.hestiahotels.com\/haapsaluspa\/fi\/hibiscus-spa-hoidot\/"},{"@type":"ListItem","position":3,"name":"Hiuspohjan hoito hiusten kasvun edist\u00e4miseksi"}]},{"@type":"WebSite","@id":"https:\/\/www.hestiahotels.com\/haapsaluspa\/#website","url":"https:\/\/www.hestiahotels.com\/haapsaluspa\/","name":"Hestia Hotel Haapsalu Spa","description":"Hestia Group","potentialAction":[{"@type":"SearchAction","target":{"@type":"EntryPoint","urlTemplate":"https:\/\/www.hestiahotels.com\/haapsaluspa\/?s={search_term_string}"},"query-input":{"@type":"PropertyValueSpecification","valueRequired":true,"valueName":"search_term_string"}}],"inLanguage":"fi"}]}},"_links":{"self":[{"href":"https:\/\/www.hestiahotels.com\/haapsaluspa\/fi\/wp-json\/wp\/v2\/product\/32306","targetHints":{"allow":["GET"]}}],"collection":[{"href":"https:\/\/www.hestiahotels.com\/haapsaluspa\/fi\/wp-json\/wp\/v2\/product"}],"about":[{"href":"https:\/\/www.hestiahotels.com\/haapsaluspa\/fi\/wp-json\/wp\/v2\/types\/product"}],"wp:featuredmedia":[{"embeddable":true,"href":"https:\/\/www.hestiahotels.com\/haapsaluspa\/fi\/wp-json\/wp\/v2\/media\/32286"}],"wp:attachment":[{"href":"https:\/\/www.hestiahotels.com\/haapsaluspa\/fi\/wp-json\/wp\/v2\/media?parent=32306"}],"wp:term":[{"taxonomy":"product_brand","embeddable":true,"href":"https:\/\/www.hestiahotels.com\/haapsaluspa\/fi\/wp-json\/wp\/v2\/product_brand?post=32306"},{"taxonomy":"product_cat","embeddable":true,"href":"https:\/\/www.hestiahotels.com\/haapsaluspa\/fi\/wp-json\/wp\/v2\/product_cat?post=32306"},{"taxonomy":"product_tag","embeddable":true,"href":"https:\/\/www.hestiahotels.com\/haapsaluspa\/fi\/wp-json\/wp\/v2\/product_tag?post=32306"}],"curies":[{"name":"wp","href":"https:\/\/api.w.org\/{rel}","templated":true}]}}