{"id":18304,"date":"2021-04-27T14:57:58","date_gmt":"2021-04-27T11:57:58","guid":{"rendered":"https:\/\/www.hestiahotels.com\/haapsaluspa\/?page_id=18304"},"modified":"2022-06-22T15:21:10","modified_gmt":"2022-06-22T12:21:10","slug":"bolt-elektritoukerattad","status":"publish","type":"page","link":"https:\/\/www.hestiahotels.com\/haapsaluspa\/aktiivne-puhkus\/bolt-elektritoukerattad\/","title":{"rendered":"Bolt elektrit\u00f5ukerattad"},"content":{"rendered":"","protected":false},"excerpt":{"rendered":"<p>Avasta Haapsalu linna Bolt elektrit\u00f5ukerattaga. T\u00f5ukerattad asuvad meie hotelli territooriumil. <\/p>\n<p>Renditasud Haapsalus: 0,50 \u20ac s\u00f5idu alustamine, 0,15 \u20ac iga s\u00f5idetud minuti eest.<\/p>\n","protected":false},"author":49,"featured_media":18319,"parent":8930,"menu_order":90,"comment_status":"closed","ping_status":"closed","template":"","meta":{"_acf_changed":false,"footnotes":""},"class_list":["post-18304","page","type-page","status-publish","has-post-thumbnail","hentry"],"acf":[],"yoast_head":"<!-- This site is optimized with the Yoast SEO plugin v27.2 - https:\/\/yoast.com\/product\/yoast-seo-wordpress\/ -->\n<title>Bolt elektrit\u00f5ukerattad | Hestia Hotel Haapsalu Spa<\/title>\n<meta name=\"robots\" content=\"index, follow, max-snippet:-1, max-image-preview:large, max-video-preview:-1\" \/>\n<link rel=\"canonical\" href=\"https:\/\/www.hestiahotels.com\/haapsaluspa\/aktiivne-puhkus\/bolt-elektritoukerattad\/\" \/>\n<meta property=\"og:locale\" content=\"et_EE\" \/>\n<meta property=\"og:type\" content=\"article\" \/>\n<meta property=\"og:title\" content=\"Bolt elektrit\u00f5ukerattad | Hestia Hotel Haapsalu Spa\" \/>\n<meta property=\"og:description\" content=\"Avasta Haapsalu linna Bolt elektrit\u00f5ukerattaga. T\u00f5ukerattad asuvad meie hotelli territooriumil.   Renditasud Haapsalus: 0,50 \u20ac s\u00f5idu alustamine, 0,15 \u20ac iga s\u00f5idetud minuti eest.\" \/>\n<meta property=\"og:url\" content=\"https:\/\/www.hestiahotels.com\/haapsaluspa\/aktiivne-puhkus\/bolt-elektritoukerattad\/\" \/>\n<meta property=\"og:site_name\" content=\"Hestia Hotel Haapsalu Spa\" \/>\n<meta property=\"article:publisher\" content=\"https:\/\/www.facebook.com\/HaapsaluSpa\" \/>\n<meta property=\"article:modified_time\" content=\"2022-06-22T12:21:10+00:00\" \/>\n<meta property=\"og:image\" content=\"https:\/\/www.hestiahotels.com\/wp-content\/uploads\/sites\/7\/2021\/04\/bolt-toukerattad.jpg\" \/>\n\t<meta property=\"og:image:width\" content=\"1920\" \/>\n\t<meta property=\"og:image:height\" content=\"1440\" \/>\n\t<meta property=\"og:image:type\" content=\"image\/jpeg\" \/>\n<meta name=\"twitter:card\" content=\"summary_large_image\" \/>\n<script type=\"application\/ld+json\" class=\"yoast-schema-graph\">{\"@context\":\"https:\/\/schema.org\",\"@graph\":[{\"@type\":\"WebPage\",\"@id\":\"https:\/\/www.hestiahotels.com\/haapsaluspa\/aktiivne-puhkus\/bolt-elektritoukerattad\/\",\"url\":\"https:\/\/www.hestiahotels.com\/haapsaluspa\/aktiivne-puhkus\/bolt-elektritoukerattad\/\",\"name\":\"Bolt elektrit\u00f5ukerattad | Hestia Hotel Haapsalu Spa\",\"isPartOf\":{\"@id\":\"https:\/\/www.hestiahotels.com\/haapsaluspa\/#website\"},\"primaryImageOfPage\":{\"@id\":\"https:\/\/www.hestiahotels.com\/haapsaluspa\/aktiivne-puhkus\/bolt-elektritoukerattad\/#primaryimage\"},\"image\":{\"@id\":\"https:\/\/www.hestiahotels.com\/haapsaluspa\/aktiivne-puhkus\/bolt-elektritoukerattad\/#primaryimage\"},\"thumbnailUrl\":\"\/wp-content\/uploads\/sites\/7\/2021\/04\/bolt-toukerattad.jpg\",\"datePublished\":\"2021-04-27T11:57:58+00:00\",\"dateModified\":\"2022-06-22T12:21:10+00:00\",\"breadcrumb\":{\"@id\":\"https:\/\/www.hestiahotels.com\/haapsaluspa\/aktiivne-puhkus\/bolt-elektritoukerattad\/#breadcrumb\"},\"inLanguage\":\"et\",\"potentialAction\":[{\"@type\":\"ReadAction\",\"target\":[\"https:\/\/www.hestiahotels.com\/haapsaluspa\/aktiivne-puhkus\/bolt-elektritoukerattad\/\"]}]},{\"@type\":\"ImageObject\",\"inLanguage\":\"et\",\"@id\":\"https:\/\/www.hestiahotels.com\/haapsaluspa\/aktiivne-puhkus\/bolt-elektritoukerattad\/#primaryimage\",\"url\":\"\/wp-content\/uploads\/sites\/7\/2021\/04\/bolt-toukerattad.jpg\",\"contentUrl\":\"\/wp-content\/uploads\/sites\/7\/2021\/04\/bolt-toukerattad.jpg\",\"width\":1920,\"height\":1440},{\"@type\":\"BreadcrumbList\",\"@id\":\"https:\/\/www.hestiahotels.com\/haapsaluspa\/aktiivne-puhkus\/bolt-elektritoukerattad\/#breadcrumb\",\"itemListElement\":[{\"@type\":\"ListItem\",\"position\":1,\"name\":\"Home\",\"item\":\"https:\/\/www.hestiahotels.com\/haapsaluspa\/\"},{\"@type\":\"ListItem\",\"position\":2,\"name\":\"Aktiivne puhkus\",\"item\":\"https:\/\/www.hestiahotels.com\/haapsaluspa\/aktiivne-puhkus\/\"},{\"@type\":\"ListItem\",\"position\":3,\"name\":\"Bolt elektrit\u00f5ukerattad\"}]},{\"@type\":\"WebSite\",\"@id\":\"https:\/\/www.hestiahotels.com\/haapsaluspa\/#website\",\"url\":\"https:\/\/www.hestiahotels.com\/haapsaluspa\/\",\"name\":\"Hestia Hotel Haapsalu Spa\",\"description\":\"Hestia Hotel Haapsalu Spa on kolmest k\u00fcljest merega piiratud V\u00e4ikese viigi kaldal, vaid jalutusk\u00e4igu kaugusel maalilisest Haapsalu vanalinnast.\",\"potentialAction\":[{\"@type\":\"SearchAction\",\"target\":{\"@type\":\"EntryPoint\",\"urlTemplate\":\"https:\/\/www.hestiahotels.com\/haapsaluspa\/?s={search_term_string}\"},\"query-input\":{\"@type\":\"PropertyValueSpecification\",\"valueRequired\":true,\"valueName\":\"search_term_string\"}}],\"inLanguage\":\"et\"}]}<\/script>\n<!-- \/ Yoast SEO plugin. -->","yoast_head_json":{"title":"Bolt elektrit\u00f5ukerattad | Hestia Hotel Haapsalu Spa","robots":{"index":"index","follow":"follow","max-snippet":"max-snippet:-1","max-image-preview":"max-image-preview:large","max-video-preview":"max-video-preview:-1"},"canonical":"https:\/\/www.hestiahotels.com\/haapsaluspa\/aktiivne-puhkus\/bolt-elektritoukerattad\/","og_locale":"et_EE","og_type":"article","og_title":"Bolt elektrit\u00f5ukerattad | Hestia Hotel Haapsalu Spa","og_description":"Avasta Haapsalu linna Bolt elektrit\u00f5ukerattaga. T\u00f5ukerattad asuvad meie hotelli territooriumil.   Renditasud Haapsalus: 0,50 \u20ac s\u00f5idu alustamine, 0,15 \u20ac iga s\u00f5idetud minuti eest.","og_url":"https:\/\/www.hestiahotels.com\/haapsaluspa\/aktiivne-puhkus\/bolt-elektritoukerattad\/","og_site_name":"Hestia Hotel Haapsalu Spa","article_publisher":"https:\/\/www.facebook.com\/HaapsaluSpa","article_modified_time":"2022-06-22T12:21:10+00:00","og_image":[{"width":1920,"height":1440,"url":"https:\/\/www.hestiahotels.com\/wp-content\/uploads\/sites\/7\/2021\/04\/bolt-toukerattad.jpg","type":"image\/jpeg"}],"twitter_card":"summary_large_image","schema":{"@context":"https:\/\/schema.org","@graph":[{"@type":"WebPage","@id":"https:\/\/www.hestiahotels.com\/haapsaluspa\/aktiivne-puhkus\/bolt-elektritoukerattad\/","url":"https:\/\/www.hestiahotels.com\/haapsaluspa\/aktiivne-puhkus\/bolt-elektritoukerattad\/","name":"Bolt elektrit\u00f5ukerattad | Hestia Hotel Haapsalu Spa","isPartOf":{"@id":"https:\/\/www.hestiahotels.com\/haapsaluspa\/#website"},"primaryImageOfPage":{"@id":"https:\/\/www.hestiahotels.com\/haapsaluspa\/aktiivne-puhkus\/bolt-elektritoukerattad\/#primaryimage"},"image":{"@id":"https:\/\/www.hestiahotels.com\/haapsaluspa\/aktiivne-puhkus\/bolt-elektritoukerattad\/#primaryimage"},"thumbnailUrl":"\/wp-content\/uploads\/sites\/7\/2021\/04\/bolt-toukerattad.jpg","datePublished":"2021-04-27T11:57:58+00:00","dateModified":"2022-06-22T12:21:10+00:00","breadcrumb":{"@id":"https:\/\/www.hestiahotels.com\/haapsaluspa\/aktiivne-puhkus\/bolt-elektritoukerattad\/#breadcrumb"},"inLanguage":"et","potentialAction":[{"@type":"ReadAction","target":["https:\/\/www.hestiahotels.com\/haapsaluspa\/aktiivne-puhkus\/bolt-elektritoukerattad\/"]}]},{"@type":"ImageObject","inLanguage":"et","@id":"https:\/\/www.hestiahotels.com\/haapsaluspa\/aktiivne-puhkus\/bolt-elektritoukerattad\/#primaryimage","url":"\/wp-content\/uploads\/sites\/7\/2021\/04\/bolt-toukerattad.jpg","contentUrl":"\/wp-content\/uploads\/sites\/7\/2021\/04\/bolt-toukerattad.jpg","width":1920,"height":1440},{"@type":"BreadcrumbList","@id":"https:\/\/www.hestiahotels.com\/haapsaluspa\/aktiivne-puhkus\/bolt-elektritoukerattad\/#breadcrumb","itemListElement":[{"@type":"ListItem","position":1,"name":"Home","item":"https:\/\/www.hestiahotels.com\/haapsaluspa\/"},{"@type":"ListItem","position":2,"name":"Aktiivne puhkus","item":"https:\/\/www.hestiahotels.com\/haapsaluspa\/aktiivne-puhkus\/"},{"@type":"ListItem","position":3,"name":"Bolt elektrit\u00f5ukerattad"}]},{"@type":"WebSite","@id":"https:\/\/www.hestiahotels.com\/haapsaluspa\/#website","url":"https:\/\/www.hestiahotels.com\/haapsaluspa\/","name":"Hestia Hotel Haapsalu Spa","description":"Hestia Hotel Haapsalu Spa on kolmest k\u00fcljest merega piiratud V\u00e4ikese viigi kaldal, vaid jalutusk\u00e4igu kaugusel maalilisest Haapsalu vanalinnast.","potentialAction":[{"@type":"SearchAction","target":{"@type":"EntryPoint","urlTemplate":"https:\/\/www.hestiahotels.com\/haapsaluspa\/?s={search_term_string}"},"query-input":{"@type":"PropertyValueSpecification","valueRequired":true,"valueName":"search_term_string"}}],"inLanguage":"et"}]}},"_links":{"self":[{"href":"https:\/\/www.hestiahotels.com\/haapsaluspa\/wp-json\/wp\/v2\/pages\/18304","targetHints":{"allow":["GET"]}}],"collection":[{"href":"https:\/\/www.hestiahotels.com\/haapsaluspa\/wp-json\/wp\/v2\/pages"}],"about":[{"href":"https:\/\/www.hestiahotels.com\/haapsaluspa\/wp-json\/wp\/v2\/types\/page"}],"author":[{"embeddable":true,"href":"https:\/\/www.hestiahotels.com\/haapsaluspa\/wp-json\/wp\/v2\/users\/49"}],"replies":[{"embeddable":true,"href":"https:\/\/www.hestiahotels.com\/haapsaluspa\/wp-json\/wp\/v2\/comments?post=18304"}],"version-history":[{"count":3,"href":"https:\/\/www.hestiahotels.com\/haapsaluspa\/wp-json\/wp\/v2\/pages\/18304\/revisions"}],"predecessor-version":[{"id":22925,"href":"https:\/\/www.hestiahotels.com\/haapsaluspa\/wp-json\/wp\/v2\/pages\/18304\/revisions\/22925"}],"up":[{"embeddable":true,"href":"https:\/\/www.hestiahotels.com\/haapsaluspa\/wp-json\/wp\/v2\/pages\/8930"}],"wp:featuredmedia":[{"embeddable":true,"href":"https:\/\/www.hestiahotels.com\/haapsaluspa\/wp-json\/wp\/v2\/media\/18319"}],"wp:attachment":[{"href":"https:\/\/www.hestiahotels.com\/haapsaluspa\/wp-json\/wp\/v2\/media?parent=18304"}],"curies":[{"name":"wp","href":"https:\/\/api.w.org\/{rel}","templated":true}]}}