{"id":18339,"date":"2021-04-29T16:55:22","date_gmt":"2021-04-29T13:55:22","guid":{"rendered":"https:\/\/www.hestiahotels.com\/haapsaluspa\/?page_id=18339"},"modified":"2023-02-01T10:12:02","modified_gmt":"2023-02-01T08:12:02","slug":"naojooga","status":"publish","type":"page","link":"https:\/\/www.hestiahotels.com\/haapsaluspa\/aktiivne-puhkus\/naojooga\/","title":{"rendered":"N\u00e4ojooga"},"content":{"rendered":"","protected":false},"excerpt":{"rendered":"<p>N\u00e4ojooga on ainulaadne treeningmeetod nooruslikuma ja s\u00e4ravama v\u00e4ljan\u00e4gemise saavutamiseks. <\/p>\n<p>Hotellik\u00fclalisele on n\u00e4ojooga tasuta.<\/p>\n","protected":false},"author":49,"featured_media":18343,"parent":8930,"menu_order":82,"comment_status":"closed","ping_status":"closed","template":"","meta":{"_acf_changed":false,"footnotes":""},"class_list":["post-18339","page","type-page","status-publish","has-post-thumbnail","hentry"],"acf":[],"yoast_head":"<!-- This site is optimized with the Yoast SEO plugin v27.2 - https:\/\/yoast.com\/product\/yoast-seo-wordpress\/ -->\n<title>N\u00e4ojooga | Hestia Hotel Haapsalu Spa |\u00a0Aktiivne puhkus<\/title>\n<meta name=\"description\" content=\"N\u00e4ojooga on ainulaadne treeningmeetod nooruslikuma ja s\u00e4ravama v\u00e4ljan\u00e4gemise saavutamiseks. Hotellik\u00fclalisele on n\u00e4ojooga tasuta.\" \/>\n<meta name=\"robots\" content=\"index, follow, max-snippet:-1, max-image-preview:large, max-video-preview:-1\" \/>\n<link rel=\"canonical\" href=\"https:\/\/www.hestiahotels.com\/haapsaluspa\/aktiivne-puhkus\/naojooga\/\" \/>\n<meta property=\"og:locale\" content=\"et_EE\" \/>\n<meta property=\"og:type\" content=\"article\" \/>\n<meta property=\"og:title\" content=\"N\u00e4ojooga | Hestia Hotel Haapsalu Spa |\u00a0Aktiivne puhkus\" \/>\n<meta property=\"og:description\" content=\"N\u00e4ojooga on ainulaadne treeningmeetod nooruslikuma ja s\u00e4ravama v\u00e4ljan\u00e4gemise saavutamiseks. Hotellik\u00fclalisele on n\u00e4ojooga tasuta.\" \/>\n<meta property=\"og:url\" content=\"https:\/\/www.hestiahotels.com\/haapsaluspa\/aktiivne-puhkus\/naojooga\/\" \/>\n<meta property=\"og:site_name\" content=\"Hestia Hotel Haapsalu Spa\" \/>\n<meta property=\"article:publisher\" content=\"https:\/\/www.facebook.com\/HaapsaluSpa\" \/>\n<meta property=\"article:modified_time\" content=\"2023-02-01T08:12:02+00:00\" \/>\n<meta property=\"og:image\" content=\"https:\/\/www.hestiahotels.com\/wp-content\/uploads\/sites\/7\/2021\/04\/Copy-of-Hestia-1920x1080-Landscape-Screen-67.jpg\" \/>\n\t<meta property=\"og:image:width\" content=\"1920\" \/>\n\t<meta property=\"og:image:height\" content=\"1080\" \/>\n\t<meta property=\"og:image:type\" content=\"image\/jpeg\" \/>\n<meta name=\"twitter:card\" content=\"summary_large_image\" \/>\n<script type=\"application\/ld+json\" class=\"yoast-schema-graph\">{\"@context\":\"https:\/\/schema.org\",\"@graph\":[{\"@type\":\"WebPage\",\"@id\":\"https:\/\/www.hestiahotels.com\/haapsaluspa\/aktiivne-puhkus\/naojooga\/\",\"url\":\"https:\/\/www.hestiahotels.com\/haapsaluspa\/aktiivne-puhkus\/naojooga\/\",\"name\":\"N\u00e4ojooga | Hestia Hotel Haapsalu Spa |\u00a0Aktiivne puhkus\",\"isPartOf\":{\"@id\":\"https:\/\/www.hestiahotels.com\/haapsaluspa\/#website\"},\"primaryImageOfPage\":{\"@id\":\"https:\/\/www.hestiahotels.com\/haapsaluspa\/aktiivne-puhkus\/naojooga\/#primaryimage\"},\"image\":{\"@id\":\"https:\/\/www.hestiahotels.com\/haapsaluspa\/aktiivne-puhkus\/naojooga\/#primaryimage\"},\"thumbnailUrl\":\"\/wp-content\/uploads\/sites\/7\/2021\/04\/Copy-of-Hestia-1920x1080-Landscape-Screen-67.jpg\",\"datePublished\":\"2021-04-29T13:55:22+00:00\",\"dateModified\":\"2023-02-01T08:12:02+00:00\",\"description\":\"N\u00e4ojooga on ainulaadne treeningmeetod nooruslikuma ja s\u00e4ravama v\u00e4ljan\u00e4gemise saavutamiseks. Hotellik\u00fclalisele on n\u00e4ojooga tasuta.\",\"breadcrumb\":{\"@id\":\"https:\/\/www.hestiahotels.com\/haapsaluspa\/aktiivne-puhkus\/naojooga\/#breadcrumb\"},\"inLanguage\":\"et\",\"potentialAction\":[{\"@type\":\"ReadAction\",\"target\":[\"https:\/\/www.hestiahotels.com\/haapsaluspa\/aktiivne-puhkus\/naojooga\/\"]}]},{\"@type\":\"ImageObject\",\"inLanguage\":\"et\",\"@id\":\"https:\/\/www.hestiahotels.com\/haapsaluspa\/aktiivne-puhkus\/naojooga\/#primaryimage\",\"url\":\"\/wp-content\/uploads\/sites\/7\/2021\/04\/Copy-of-Hestia-1920x1080-Landscape-Screen-67.jpg\",\"contentUrl\":\"\/wp-content\/uploads\/sites\/7\/2021\/04\/Copy-of-Hestia-1920x1080-Landscape-Screen-67.jpg\",\"width\":1920,\"height\":1080},{\"@type\":\"BreadcrumbList\",\"@id\":\"https:\/\/www.hestiahotels.com\/haapsaluspa\/aktiivne-puhkus\/naojooga\/#breadcrumb\",\"itemListElement\":[{\"@type\":\"ListItem\",\"position\":1,\"name\":\"Home\",\"item\":\"https:\/\/www.hestiahotels.com\/haapsaluspa\/\"},{\"@type\":\"ListItem\",\"position\":2,\"name\":\"Aktiivne puhkus\",\"item\":\"https:\/\/www.hestiahotels.com\/haapsaluspa\/aktiivne-puhkus\/\"},{\"@type\":\"ListItem\",\"position\":3,\"name\":\"N\u00e4ojooga\"}]},{\"@type\":\"WebSite\",\"@id\":\"https:\/\/www.hestiahotels.com\/haapsaluspa\/#website\",\"url\":\"https:\/\/www.hestiahotels.com\/haapsaluspa\/\",\"name\":\"Hestia Hotel Haapsalu Spa\",\"description\":\"Hestia Hotel Haapsalu Spa on kolmest k\u00fcljest merega piiratud V\u00e4ikese viigi kaldal, vaid jalutusk\u00e4igu kaugusel maalilisest Haapsalu vanalinnast.\",\"potentialAction\":[{\"@type\":\"SearchAction\",\"target\":{\"@type\":\"EntryPoint\",\"urlTemplate\":\"https:\/\/www.hestiahotels.com\/haapsaluspa\/?s={search_term_string}\"},\"query-input\":{\"@type\":\"PropertyValueSpecification\",\"valueRequired\":true,\"valueName\":\"search_term_string\"}}],\"inLanguage\":\"et\"}]}<\/script>\n<!-- \/ Yoast SEO plugin. -->","yoast_head_json":{"title":"N\u00e4ojooga | Hestia Hotel Haapsalu Spa |\u00a0Aktiivne puhkus","description":"N\u00e4ojooga on ainulaadne treeningmeetod nooruslikuma ja s\u00e4ravama v\u00e4ljan\u00e4gemise saavutamiseks. Hotellik\u00fclalisele on n\u00e4ojooga tasuta.","robots":{"index":"index","follow":"follow","max-snippet":"max-snippet:-1","max-image-preview":"max-image-preview:large","max-video-preview":"max-video-preview:-1"},"canonical":"https:\/\/www.hestiahotels.com\/haapsaluspa\/aktiivne-puhkus\/naojooga\/","og_locale":"et_EE","og_type":"article","og_title":"N\u00e4ojooga | Hestia Hotel Haapsalu Spa |\u00a0Aktiivne puhkus","og_description":"N\u00e4ojooga on ainulaadne treeningmeetod nooruslikuma ja s\u00e4ravama v\u00e4ljan\u00e4gemise saavutamiseks. Hotellik\u00fclalisele on n\u00e4ojooga tasuta.","og_url":"https:\/\/www.hestiahotels.com\/haapsaluspa\/aktiivne-puhkus\/naojooga\/","og_site_name":"Hestia Hotel Haapsalu Spa","article_publisher":"https:\/\/www.facebook.com\/HaapsaluSpa","article_modified_time":"2023-02-01T08:12:02+00:00","og_image":[{"width":1920,"height":1080,"url":"https:\/\/www.hestiahotels.com\/wp-content\/uploads\/sites\/7\/2021\/04\/Copy-of-Hestia-1920x1080-Landscape-Screen-67.jpg","type":"image\/jpeg"}],"twitter_card":"summary_large_image","schema":{"@context":"https:\/\/schema.org","@graph":[{"@type":"WebPage","@id":"https:\/\/www.hestiahotels.com\/haapsaluspa\/aktiivne-puhkus\/naojooga\/","url":"https:\/\/www.hestiahotels.com\/haapsaluspa\/aktiivne-puhkus\/naojooga\/","name":"N\u00e4ojooga | Hestia Hotel Haapsalu Spa |\u00a0Aktiivne puhkus","isPartOf":{"@id":"https:\/\/www.hestiahotels.com\/haapsaluspa\/#website"},"primaryImageOfPage":{"@id":"https:\/\/www.hestiahotels.com\/haapsaluspa\/aktiivne-puhkus\/naojooga\/#primaryimage"},"image":{"@id":"https:\/\/www.hestiahotels.com\/haapsaluspa\/aktiivne-puhkus\/naojooga\/#primaryimage"},"thumbnailUrl":"\/wp-content\/uploads\/sites\/7\/2021\/04\/Copy-of-Hestia-1920x1080-Landscape-Screen-67.jpg","datePublished":"2021-04-29T13:55:22+00:00","dateModified":"2023-02-01T08:12:02+00:00","description":"N\u00e4ojooga on ainulaadne treeningmeetod nooruslikuma ja s\u00e4ravama v\u00e4ljan\u00e4gemise saavutamiseks. Hotellik\u00fclalisele on n\u00e4ojooga tasuta.","breadcrumb":{"@id":"https:\/\/www.hestiahotels.com\/haapsaluspa\/aktiivne-puhkus\/naojooga\/#breadcrumb"},"inLanguage":"et","potentialAction":[{"@type":"ReadAction","target":["https:\/\/www.hestiahotels.com\/haapsaluspa\/aktiivne-puhkus\/naojooga\/"]}]},{"@type":"ImageObject","inLanguage":"et","@id":"https:\/\/www.hestiahotels.com\/haapsaluspa\/aktiivne-puhkus\/naojooga\/#primaryimage","url":"\/wp-content\/uploads\/sites\/7\/2021\/04\/Copy-of-Hestia-1920x1080-Landscape-Screen-67.jpg","contentUrl":"\/wp-content\/uploads\/sites\/7\/2021\/04\/Copy-of-Hestia-1920x1080-Landscape-Screen-67.jpg","width":1920,"height":1080},{"@type":"BreadcrumbList","@id":"https:\/\/www.hestiahotels.com\/haapsaluspa\/aktiivne-puhkus\/naojooga\/#breadcrumb","itemListElement":[{"@type":"ListItem","position":1,"name":"Home","item":"https:\/\/www.hestiahotels.com\/haapsaluspa\/"},{"@type":"ListItem","position":2,"name":"Aktiivne puhkus","item":"https:\/\/www.hestiahotels.com\/haapsaluspa\/aktiivne-puhkus\/"},{"@type":"ListItem","position":3,"name":"N\u00e4ojooga"}]},{"@type":"WebSite","@id":"https:\/\/www.hestiahotels.com\/haapsaluspa\/#website","url":"https:\/\/www.hestiahotels.com\/haapsaluspa\/","name":"Hestia Hotel Haapsalu Spa","description":"Hestia Hotel Haapsalu Spa on kolmest k\u00fcljest merega piiratud V\u00e4ikese viigi kaldal, vaid jalutusk\u00e4igu kaugusel maalilisest Haapsalu vanalinnast.","potentialAction":[{"@type":"SearchAction","target":{"@type":"EntryPoint","urlTemplate":"https:\/\/www.hestiahotels.com\/haapsaluspa\/?s={search_term_string}"},"query-input":{"@type":"PropertyValueSpecification","valueRequired":true,"valueName":"search_term_string"}}],"inLanguage":"et"}]}},"_links":{"self":[{"href":"https:\/\/www.hestiahotels.com\/haapsaluspa\/wp-json\/wp\/v2\/pages\/18339","targetHints":{"allow":["GET"]}}],"collection":[{"href":"https:\/\/www.hestiahotels.com\/haapsaluspa\/wp-json\/wp\/v2\/pages"}],"about":[{"href":"https:\/\/www.hestiahotels.com\/haapsaluspa\/wp-json\/wp\/v2\/types\/page"}],"author":[{"embeddable":true,"href":"https:\/\/www.hestiahotels.com\/haapsaluspa\/wp-json\/wp\/v2\/users\/49"}],"replies":[{"embeddable":true,"href":"https:\/\/www.hestiahotels.com\/haapsaluspa\/wp-json\/wp\/v2\/comments?post=18339"}],"version-history":[{"count":3,"href":"https:\/\/www.hestiahotels.com\/haapsaluspa\/wp-json\/wp\/v2\/pages\/18339\/revisions"}],"predecessor-version":[{"id":25469,"href":"https:\/\/www.hestiahotels.com\/haapsaluspa\/wp-json\/wp\/v2\/pages\/18339\/revisions\/25469"}],"up":[{"embeddable":true,"href":"https:\/\/www.hestiahotels.com\/haapsaluspa\/wp-json\/wp\/v2\/pages\/8930"}],"wp:featuredmedia":[{"embeddable":true,"href":"https:\/\/www.hestiahotels.com\/haapsaluspa\/wp-json\/wp\/v2\/media\/18343"}],"wp:attachment":[{"href":"https:\/\/www.hestiahotels.com\/haapsaluspa\/wp-json\/wp\/v2\/media?parent=18339"}],"curies":[{"name":"wp","href":"https:\/\/api.w.org\/{rel}","templated":true}]}}