{"id":25142,"date":"2023-01-10T13:41:50","date_gmt":"2023-01-10T11:41:50","guid":{"rendered":"https:\/\/www.hestiahotels.com\/haapsaluspa\/?page_id=25142"},"modified":"2026-02-05T16:30:10","modified_gmt":"2026-02-05T14:30:10","slug":"laste-sunnipaevad","status":"publish","type":"page","link":"https:\/\/www.hestiahotels.com\/haapsaluspa\/laste-sunnipaevad\/","title":{"rendered":"Laste s\u00fcnnip\u00e4evad"},"content":{"rendered":"","protected":false},"excerpt":{"rendered":"<p>Muuda lapse eriline p\u00e4ev meeldej\u00e4\u00e4vaks ja korralda ta s\u00fcnnip\u00e4ev Hestia Hotel Haapsalu Spas! See on kindel, et lastel j\u00e4tkub muljetamist veel kauaks. Oleme meeldej\u00e4\u00e4vaks p\u00e4evaks pannud kokku s\u00fcnnip\u00e4evapaketi. Loomulikult saame seda vastavalt s\u00fcnnip\u00e4evasangari soovidele muuta. Vahva ja elamusi t\u00e4is s\u00fcnnip\u00e4ev ootab!<\/p>\n","protected":false},"author":49,"featured_media":25106,"parent":0,"menu_order":16,"comment_status":"closed","ping_status":"closed","template":"","meta":{"_acf_changed":false,"footnotes":""},"class_list":["post-25142","page","type-page","status-publish","has-post-thumbnail","hentry"],"acf":[],"yoast_head":"<!-- This site is optimized with the Yoast SEO plugin v27.2 - https:\/\/yoast.com\/product\/yoast-seo-wordpress\/ -->\n<title>Laste s\u00fcnnip\u00e4evad | Hestia Hotel Haapsalu Spa<\/title>\n<meta name=\"robots\" content=\"index, follow, max-snippet:-1, max-image-preview:large, max-video-preview:-1\" \/>\n<link rel=\"canonical\" href=\"https:\/\/www.hestiahotels.com\/haapsaluspa\/laste-sunnipaevad\/\" \/>\n<meta property=\"og:locale\" content=\"et_EE\" \/>\n<meta property=\"og:type\" content=\"article\" \/>\n<meta property=\"og:title\" content=\"Laste s\u00fcnnip\u00e4evad | Hestia Hotel Haapsalu Spa\" \/>\n<meta property=\"og:description\" content=\"Muuda lapse eriline p\u00e4ev meeldej\u00e4\u00e4vaks ja korralda ta s\u00fcnnip\u00e4ev Hestia Hotel Haapsalu Spas! See on kindel, et lastel j\u00e4tkub muljetamist veel kauaks. Oleme meeldej\u00e4\u00e4vaks p\u00e4evaks pannud kokku s\u00fcnnip\u00e4evapaketi. Loomulikult saame seda vastavalt s\u00fcnnip\u00e4evasangari soovidele muuta. Vahva ja elamusi t\u00e4is s\u00fcnnip\u00e4ev ootab!\" \/>\n<meta property=\"og:url\" content=\"https:\/\/www.hestiahotels.com\/haapsaluspa\/laste-sunnipaevad\/\" \/>\n<meta property=\"og:site_name\" content=\"Hestia Hotel Haapsalu Spa\" \/>\n<meta property=\"article:publisher\" content=\"https:\/\/www.facebook.com\/HaapsaluSpa\" \/>\n<meta property=\"article:modified_time\" content=\"2026-02-05T14:30:10+00:00\" \/>\n<meta property=\"og:image\" content=\"https:\/\/www.hestiahotels.com\/wp-content\/uploads\/sites\/7\/2023\/01\/Hestia-pildid-1920x1080-Landscape-5-1.jpg\" \/>\n\t<meta property=\"og:image:width\" content=\"1920\" \/>\n\t<meta property=\"og:image:height\" content=\"1080\" \/>\n\t<meta property=\"og:image:type\" content=\"image\/jpeg\" \/>\n<meta name=\"twitter:card\" content=\"summary_large_image\" \/>\n<meta name=\"twitter:label1\" content=\"Est. reading time\" \/>\n\t<meta name=\"twitter:data1\" content=\"4 minutit\" \/>\n<script type=\"application\/ld+json\" class=\"yoast-schema-graph\">{\"@context\":\"https:\/\/schema.org\",\"@graph\":[{\"@type\":\"WebPage\",\"@id\":\"https:\/\/www.hestiahotels.com\/haapsaluspa\/laste-sunnipaevad\/\",\"url\":\"https:\/\/www.hestiahotels.com\/haapsaluspa\/laste-sunnipaevad\/\",\"name\":\"Laste s\u00fcnnip\u00e4evad | Hestia Hotel Haapsalu Spa\",\"isPartOf\":{\"@id\":\"https:\/\/www.hestiahotels.com\/haapsaluspa\/#website\"},\"primaryImageOfPage\":{\"@id\":\"https:\/\/www.hestiahotels.com\/haapsaluspa\/laste-sunnipaevad\/#primaryimage\"},\"image\":{\"@id\":\"https:\/\/www.hestiahotels.com\/haapsaluspa\/laste-sunnipaevad\/#primaryimage\"},\"thumbnailUrl\":\"\/wp-content\/uploads\/sites\/7\/2023\/01\/Hestia-pildid-1920x1080-Landscape-5-1.jpg\",\"datePublished\":\"2023-01-10T11:41:50+00:00\",\"dateModified\":\"2026-02-05T14:30:10+00:00\",\"breadcrumb\":{\"@id\":\"https:\/\/www.hestiahotels.com\/haapsaluspa\/laste-sunnipaevad\/#breadcrumb\"},\"inLanguage\":\"et\",\"potentialAction\":[{\"@type\":\"ReadAction\",\"target\":[\"https:\/\/www.hestiahotels.com\/haapsaluspa\/laste-sunnipaevad\/\"]}]},{\"@type\":\"ImageObject\",\"inLanguage\":\"et\",\"@id\":\"https:\/\/www.hestiahotels.com\/haapsaluspa\/laste-sunnipaevad\/#primaryimage\",\"url\":\"\/wp-content\/uploads\/sites\/7\/2023\/01\/Hestia-pildid-1920x1080-Landscape-5-1.jpg\",\"contentUrl\":\"\/wp-content\/uploads\/sites\/7\/2023\/01\/Hestia-pildid-1920x1080-Landscape-5-1.jpg\",\"width\":1920,\"height\":1080},{\"@type\":\"BreadcrumbList\",\"@id\":\"https:\/\/www.hestiahotels.com\/haapsaluspa\/laste-sunnipaevad\/#breadcrumb\",\"itemListElement\":[{\"@type\":\"ListItem\",\"position\":1,\"name\":\"Home\",\"item\":\"https:\/\/www.hestiahotels.com\/haapsaluspa\/\"},{\"@type\":\"ListItem\",\"position\":2,\"name\":\"Laste s\u00fcnnip\u00e4evad\"}]},{\"@type\":\"WebSite\",\"@id\":\"https:\/\/www.hestiahotels.com\/haapsaluspa\/#website\",\"url\":\"https:\/\/www.hestiahotels.com\/haapsaluspa\/\",\"name\":\"Hestia Hotel Haapsalu Spa\",\"description\":\"Hestia Hotel Haapsalu Spa on kolmest k\u00fcljest merega piiratud V\u00e4ikese viigi kaldal, vaid jalutusk\u00e4igu kaugusel maalilisest Haapsalu vanalinnast.\",\"potentialAction\":[{\"@type\":\"SearchAction\",\"target\":{\"@type\":\"EntryPoint\",\"urlTemplate\":\"https:\/\/www.hestiahotels.com\/haapsaluspa\/?s={search_term_string}\"},\"query-input\":{\"@type\":\"PropertyValueSpecification\",\"valueRequired\":true,\"valueName\":\"search_term_string\"}}],\"inLanguage\":\"et\"}]}<\/script>\n<!-- \/ Yoast SEO plugin. -->","yoast_head_json":{"title":"Laste s\u00fcnnip\u00e4evad | Hestia Hotel Haapsalu Spa","robots":{"index":"index","follow":"follow","max-snippet":"max-snippet:-1","max-image-preview":"max-image-preview:large","max-video-preview":"max-video-preview:-1"},"canonical":"https:\/\/www.hestiahotels.com\/haapsaluspa\/laste-sunnipaevad\/","og_locale":"et_EE","og_type":"article","og_title":"Laste s\u00fcnnip\u00e4evad | Hestia Hotel Haapsalu Spa","og_description":"Muuda lapse eriline p\u00e4ev meeldej\u00e4\u00e4vaks ja korralda ta s\u00fcnnip\u00e4ev Hestia Hotel Haapsalu Spas! See on kindel, et lastel j\u00e4tkub muljetamist veel kauaks. Oleme meeldej\u00e4\u00e4vaks p\u00e4evaks pannud kokku s\u00fcnnip\u00e4evapaketi. Loomulikult saame seda vastavalt s\u00fcnnip\u00e4evasangari soovidele muuta. Vahva ja elamusi t\u00e4is s\u00fcnnip\u00e4ev ootab!","og_url":"https:\/\/www.hestiahotels.com\/haapsaluspa\/laste-sunnipaevad\/","og_site_name":"Hestia Hotel Haapsalu Spa","article_publisher":"https:\/\/www.facebook.com\/HaapsaluSpa","article_modified_time":"2026-02-05T14:30:10+00:00","og_image":[{"width":1920,"height":1080,"url":"https:\/\/www.hestiahotels.com\/wp-content\/uploads\/sites\/7\/2023\/01\/Hestia-pildid-1920x1080-Landscape-5-1.jpg","type":"image\/jpeg"}],"twitter_card":"summary_large_image","twitter_misc":{"Est. reading time":"4 minutit"},"schema":{"@context":"https:\/\/schema.org","@graph":[{"@type":"WebPage","@id":"https:\/\/www.hestiahotels.com\/haapsaluspa\/laste-sunnipaevad\/","url":"https:\/\/www.hestiahotels.com\/haapsaluspa\/laste-sunnipaevad\/","name":"Laste s\u00fcnnip\u00e4evad | Hestia Hotel Haapsalu Spa","isPartOf":{"@id":"https:\/\/www.hestiahotels.com\/haapsaluspa\/#website"},"primaryImageOfPage":{"@id":"https:\/\/www.hestiahotels.com\/haapsaluspa\/laste-sunnipaevad\/#primaryimage"},"image":{"@id":"https:\/\/www.hestiahotels.com\/haapsaluspa\/laste-sunnipaevad\/#primaryimage"},"thumbnailUrl":"\/wp-content\/uploads\/sites\/7\/2023\/01\/Hestia-pildid-1920x1080-Landscape-5-1.jpg","datePublished":"2023-01-10T11:41:50+00:00","dateModified":"2026-02-05T14:30:10+00:00","breadcrumb":{"@id":"https:\/\/www.hestiahotels.com\/haapsaluspa\/laste-sunnipaevad\/#breadcrumb"},"inLanguage":"et","potentialAction":[{"@type":"ReadAction","target":["https:\/\/www.hestiahotels.com\/haapsaluspa\/laste-sunnipaevad\/"]}]},{"@type":"ImageObject","inLanguage":"et","@id":"https:\/\/www.hestiahotels.com\/haapsaluspa\/laste-sunnipaevad\/#primaryimage","url":"\/wp-content\/uploads\/sites\/7\/2023\/01\/Hestia-pildid-1920x1080-Landscape-5-1.jpg","contentUrl":"\/wp-content\/uploads\/sites\/7\/2023\/01\/Hestia-pildid-1920x1080-Landscape-5-1.jpg","width":1920,"height":1080},{"@type":"BreadcrumbList","@id":"https:\/\/www.hestiahotels.com\/haapsaluspa\/laste-sunnipaevad\/#breadcrumb","itemListElement":[{"@type":"ListItem","position":1,"name":"Home","item":"https:\/\/www.hestiahotels.com\/haapsaluspa\/"},{"@type":"ListItem","position":2,"name":"Laste s\u00fcnnip\u00e4evad"}]},{"@type":"WebSite","@id":"https:\/\/www.hestiahotels.com\/haapsaluspa\/#website","url":"https:\/\/www.hestiahotels.com\/haapsaluspa\/","name":"Hestia Hotel Haapsalu Spa","description":"Hestia Hotel Haapsalu Spa on kolmest k\u00fcljest merega piiratud V\u00e4ikese viigi kaldal, vaid jalutusk\u00e4igu kaugusel maalilisest Haapsalu vanalinnast.","potentialAction":[{"@type":"SearchAction","target":{"@type":"EntryPoint","urlTemplate":"https:\/\/www.hestiahotels.com\/haapsaluspa\/?s={search_term_string}"},"query-input":{"@type":"PropertyValueSpecification","valueRequired":true,"valueName":"search_term_string"}}],"inLanguage":"et"}]}},"_links":{"self":[{"href":"https:\/\/www.hestiahotels.com\/haapsaluspa\/wp-json\/wp\/v2\/pages\/25142","targetHints":{"allow":["GET"]}}],"collection":[{"href":"https:\/\/www.hestiahotels.com\/haapsaluspa\/wp-json\/wp\/v2\/pages"}],"about":[{"href":"https:\/\/www.hestiahotels.com\/haapsaluspa\/wp-json\/wp\/v2\/types\/page"}],"author":[{"embeddable":true,"href":"https:\/\/www.hestiahotels.com\/haapsaluspa\/wp-json\/wp\/v2\/users\/49"}],"replies":[{"embeddable":true,"href":"https:\/\/www.hestiahotels.com\/haapsaluspa\/wp-json\/wp\/v2\/comments?post=25142"}],"version-history":[{"count":8,"href":"https:\/\/www.hestiahotels.com\/haapsaluspa\/wp-json\/wp\/v2\/pages\/25142\/revisions"}],"predecessor-version":[{"id":32046,"href":"https:\/\/www.hestiahotels.com\/haapsaluspa\/wp-json\/wp\/v2\/pages\/25142\/revisions\/32046"}],"wp:featuredmedia":[{"embeddable":true,"href":"https:\/\/www.hestiahotels.com\/haapsaluspa\/wp-json\/wp\/v2\/media\/25106"}],"wp:attachment":[{"href":"https:\/\/www.hestiahotels.com\/haapsaluspa\/wp-json\/wp\/v2\/media?parent=25142"}],"curies":[{"name":"wp","href":"https:\/\/api.w.org\/{rel}","templated":true}]}}