{"id":25157,"date":"2023-01-10T14:28:07","date_gmt":"2023-01-10T12:28:07","guid":{"rendered":"https:\/\/www.hestiahotels.com\/haapsaluspa\/?page_id=25157"},"modified":"2025-06-09T16:50:17","modified_gmt":"2025-06-09T13:50:17","slug":"privaatspaa","status":"publish","type":"page","link":"https:\/\/www.hestiahotels.com\/haapsaluspa\/privaatspaa\/","title":{"rendered":"Privaatspaa"},"content":{"rendered":"","protected":false},"excerpt":{"rendered":"<p>Hilis\u00f5htune spaa vaid omade seltsis! Sind on ootamas privaatspaa ainult sulle ja sinu seltskonnale. Korralda vee- ja saunaspaas s\u00fcnnip\u00e4evapidu v\u00f5i t\u00f6\u00f6kaaslastega tiimi\u00fcritus. Kogu spaa on vaid teie p\u00e4ralt!<\/p>\n","protected":false},"author":49,"featured_media":24490,"parent":0,"menu_order":24,"comment_status":"closed","ping_status":"closed","template":"","meta":{"_acf_changed":false,"footnotes":""},"class_list":["post-25157","page","type-page","status-publish","has-post-thumbnail","hentry"],"acf":[],"yoast_head":"<!-- This site is optimized with the Yoast SEO plugin v27.2 - https:\/\/yoast.com\/product\/yoast-seo-wordpress\/ -->\n<title>Privaatspaa | Hestia Hotel Haapsalu Spa<\/title>\n<meta name=\"robots\" content=\"index, follow, max-snippet:-1, max-image-preview:large, max-video-preview:-1\" \/>\n<link rel=\"canonical\" href=\"https:\/\/www.hestiahotels.com\/haapsaluspa\/privaatspaa\/\" \/>\n<meta property=\"og:locale\" content=\"et_EE\" \/>\n<meta property=\"og:type\" content=\"article\" \/>\n<meta property=\"og:title\" content=\"Privaatspaa | Hestia Hotel Haapsalu Spa\" \/>\n<meta property=\"og:description\" content=\"Hilis\u00f5htune spaa vaid omade seltsis! Sind on ootamas privaatspaa ainult sulle ja sinu seltskonnale. Korralda vee- ja saunaspaas s\u00fcnnip\u00e4evapidu v\u00f5i t\u00f6\u00f6kaaslastega tiimi\u00fcritus. Kogu spaa on vaid teie p\u00e4ralt!\" \/>\n<meta property=\"og:url\" content=\"https:\/\/www.hestiahotels.com\/haapsaluspa\/privaatspaa\/\" \/>\n<meta property=\"og:site_name\" content=\"Hestia Hotel Haapsalu Spa\" \/>\n<meta property=\"article:publisher\" content=\"https:\/\/www.facebook.com\/HaapsaluSpa\" \/>\n<meta property=\"article:modified_time\" content=\"2025-06-09T13:50:17+00:00\" \/>\n<meta property=\"og:image\" content=\"https:\/\/www.hestiahotels.com\/wp-content\/uploads\/sites\/7\/2022\/11\/Hestia-pildid-1920x1080-Landscape-13.jpg\" \/>\n\t<meta property=\"og:image:width\" content=\"1920\" \/>\n\t<meta property=\"og:image:height\" content=\"1080\" \/>\n\t<meta property=\"og:image:type\" content=\"image\/jpeg\" \/>\n<meta name=\"twitter:card\" content=\"summary_large_image\" \/>\n<meta name=\"twitter:label1\" content=\"Est. reading time\" \/>\n\t<meta name=\"twitter:data1\" content=\"3 minutit\" \/>\n<script type=\"application\/ld+json\" class=\"yoast-schema-graph\">{\"@context\":\"https:\/\/schema.org\",\"@graph\":[{\"@type\":\"WebPage\",\"@id\":\"https:\/\/www.hestiahotels.com\/haapsaluspa\/privaatspaa\/\",\"url\":\"https:\/\/www.hestiahotels.com\/haapsaluspa\/privaatspaa\/\",\"name\":\"Privaatspaa | Hestia Hotel Haapsalu Spa\",\"isPartOf\":{\"@id\":\"https:\/\/www.hestiahotels.com\/haapsaluspa\/#website\"},\"primaryImageOfPage\":{\"@id\":\"https:\/\/www.hestiahotels.com\/haapsaluspa\/privaatspaa\/#primaryimage\"},\"image\":{\"@id\":\"https:\/\/www.hestiahotels.com\/haapsaluspa\/privaatspaa\/#primaryimage\"},\"thumbnailUrl\":\"\/wp-content\/uploads\/sites\/7\/2022\/11\/Hestia-pildid-1920x1080-Landscape-13.jpg\",\"datePublished\":\"2023-01-10T12:28:07+00:00\",\"dateModified\":\"2025-06-09T13:50:17+00:00\",\"breadcrumb\":{\"@id\":\"https:\/\/www.hestiahotels.com\/haapsaluspa\/privaatspaa\/#breadcrumb\"},\"inLanguage\":\"et\",\"potentialAction\":[{\"@type\":\"ReadAction\",\"target\":[\"https:\/\/www.hestiahotels.com\/haapsaluspa\/privaatspaa\/\"]}]},{\"@type\":\"ImageObject\",\"inLanguage\":\"et\",\"@id\":\"https:\/\/www.hestiahotels.com\/haapsaluspa\/privaatspaa\/#primaryimage\",\"url\":\"\/wp-content\/uploads\/sites\/7\/2022\/11\/Hestia-pildid-1920x1080-Landscape-13.jpg\",\"contentUrl\":\"\/wp-content\/uploads\/sites\/7\/2022\/11\/Hestia-pildid-1920x1080-Landscape-13.jpg\",\"width\":1920,\"height\":1080},{\"@type\":\"BreadcrumbList\",\"@id\":\"https:\/\/www.hestiahotels.com\/haapsaluspa\/privaatspaa\/#breadcrumb\",\"itemListElement\":[{\"@type\":\"ListItem\",\"position\":1,\"name\":\"Home\",\"item\":\"https:\/\/www.hestiahotels.com\/haapsaluspa\/\"},{\"@type\":\"ListItem\",\"position\":2,\"name\":\"Privaatspaa\"}]},{\"@type\":\"WebSite\",\"@id\":\"https:\/\/www.hestiahotels.com\/haapsaluspa\/#website\",\"url\":\"https:\/\/www.hestiahotels.com\/haapsaluspa\/\",\"name\":\"Hestia Hotel Haapsalu Spa\",\"description\":\"Hestia Hotel Haapsalu Spa on kolmest k\u00fcljest merega piiratud V\u00e4ikese viigi kaldal, vaid jalutusk\u00e4igu kaugusel maalilisest Haapsalu vanalinnast.\",\"potentialAction\":[{\"@type\":\"SearchAction\",\"target\":{\"@type\":\"EntryPoint\",\"urlTemplate\":\"https:\/\/www.hestiahotels.com\/haapsaluspa\/?s={search_term_string}\"},\"query-input\":{\"@type\":\"PropertyValueSpecification\",\"valueRequired\":true,\"valueName\":\"search_term_string\"}}],\"inLanguage\":\"et\"}]}<\/script>\n<!-- \/ Yoast SEO plugin. -->","yoast_head_json":{"title":"Privaatspaa | Hestia Hotel Haapsalu Spa","robots":{"index":"index","follow":"follow","max-snippet":"max-snippet:-1","max-image-preview":"max-image-preview:large","max-video-preview":"max-video-preview:-1"},"canonical":"https:\/\/www.hestiahotels.com\/haapsaluspa\/privaatspaa\/","og_locale":"et_EE","og_type":"article","og_title":"Privaatspaa | Hestia Hotel Haapsalu Spa","og_description":"Hilis\u00f5htune spaa vaid omade seltsis! Sind on ootamas privaatspaa ainult sulle ja sinu seltskonnale. Korralda vee- ja saunaspaas s\u00fcnnip\u00e4evapidu v\u00f5i t\u00f6\u00f6kaaslastega tiimi\u00fcritus. Kogu spaa on vaid teie p\u00e4ralt!","og_url":"https:\/\/www.hestiahotels.com\/haapsaluspa\/privaatspaa\/","og_site_name":"Hestia Hotel Haapsalu Spa","article_publisher":"https:\/\/www.facebook.com\/HaapsaluSpa","article_modified_time":"2025-06-09T13:50:17+00:00","og_image":[{"width":1920,"height":1080,"url":"https:\/\/www.hestiahotels.com\/wp-content\/uploads\/sites\/7\/2022\/11\/Hestia-pildid-1920x1080-Landscape-13.jpg","type":"image\/jpeg"}],"twitter_card":"summary_large_image","twitter_misc":{"Est. reading time":"3 minutit"},"schema":{"@context":"https:\/\/schema.org","@graph":[{"@type":"WebPage","@id":"https:\/\/www.hestiahotels.com\/haapsaluspa\/privaatspaa\/","url":"https:\/\/www.hestiahotels.com\/haapsaluspa\/privaatspaa\/","name":"Privaatspaa | Hestia Hotel Haapsalu Spa","isPartOf":{"@id":"https:\/\/www.hestiahotels.com\/haapsaluspa\/#website"},"primaryImageOfPage":{"@id":"https:\/\/www.hestiahotels.com\/haapsaluspa\/privaatspaa\/#primaryimage"},"image":{"@id":"https:\/\/www.hestiahotels.com\/haapsaluspa\/privaatspaa\/#primaryimage"},"thumbnailUrl":"\/wp-content\/uploads\/sites\/7\/2022\/11\/Hestia-pildid-1920x1080-Landscape-13.jpg","datePublished":"2023-01-10T12:28:07+00:00","dateModified":"2025-06-09T13:50:17+00:00","breadcrumb":{"@id":"https:\/\/www.hestiahotels.com\/haapsaluspa\/privaatspaa\/#breadcrumb"},"inLanguage":"et","potentialAction":[{"@type":"ReadAction","target":["https:\/\/www.hestiahotels.com\/haapsaluspa\/privaatspaa\/"]}]},{"@type":"ImageObject","inLanguage":"et","@id":"https:\/\/www.hestiahotels.com\/haapsaluspa\/privaatspaa\/#primaryimage","url":"\/wp-content\/uploads\/sites\/7\/2022\/11\/Hestia-pildid-1920x1080-Landscape-13.jpg","contentUrl":"\/wp-content\/uploads\/sites\/7\/2022\/11\/Hestia-pildid-1920x1080-Landscape-13.jpg","width":1920,"height":1080},{"@type":"BreadcrumbList","@id":"https:\/\/www.hestiahotels.com\/haapsaluspa\/privaatspaa\/#breadcrumb","itemListElement":[{"@type":"ListItem","position":1,"name":"Home","item":"https:\/\/www.hestiahotels.com\/haapsaluspa\/"},{"@type":"ListItem","position":2,"name":"Privaatspaa"}]},{"@type":"WebSite","@id":"https:\/\/www.hestiahotels.com\/haapsaluspa\/#website","url":"https:\/\/www.hestiahotels.com\/haapsaluspa\/","name":"Hestia Hotel Haapsalu Spa","description":"Hestia Hotel Haapsalu Spa on kolmest k\u00fcljest merega piiratud V\u00e4ikese viigi kaldal, vaid jalutusk\u00e4igu kaugusel maalilisest Haapsalu vanalinnast.","potentialAction":[{"@type":"SearchAction","target":{"@type":"EntryPoint","urlTemplate":"https:\/\/www.hestiahotels.com\/haapsaluspa\/?s={search_term_string}"},"query-input":{"@type":"PropertyValueSpecification","valueRequired":true,"valueName":"search_term_string"}}],"inLanguage":"et"}]}},"_links":{"self":[{"href":"https:\/\/www.hestiahotels.com\/haapsaluspa\/wp-json\/wp\/v2\/pages\/25157","targetHints":{"allow":["GET"]}}],"collection":[{"href":"https:\/\/www.hestiahotels.com\/haapsaluspa\/wp-json\/wp\/v2\/pages"}],"about":[{"href":"https:\/\/www.hestiahotels.com\/haapsaluspa\/wp-json\/wp\/v2\/types\/page"}],"author":[{"embeddable":true,"href":"https:\/\/www.hestiahotels.com\/haapsaluspa\/wp-json\/wp\/v2\/users\/49"}],"replies":[{"embeddable":true,"href":"https:\/\/www.hestiahotels.com\/haapsaluspa\/wp-json\/wp\/v2\/comments?post=25157"}],"version-history":[{"count":5,"href":"https:\/\/www.hestiahotels.com\/haapsaluspa\/wp-json\/wp\/v2\/pages\/25157\/revisions"}],"predecessor-version":[{"id":30934,"href":"https:\/\/www.hestiahotels.com\/haapsaluspa\/wp-json\/wp\/v2\/pages\/25157\/revisions\/30934"}],"wp:featuredmedia":[{"embeddable":true,"href":"https:\/\/www.hestiahotels.com\/haapsaluspa\/wp-json\/wp\/v2\/media\/24490"}],"wp:attachment":[{"href":"https:\/\/www.hestiahotels.com\/haapsaluspa\/wp-json\/wp\/v2\/media?parent=25157"}],"curies":[{"name":"wp","href":"https:\/\/api.w.org\/{rel}","templated":true}]}}