{"id":17858,"date":"2021-04-05T19:32:30","date_gmt":"2021-04-05T16:32:30","guid":{"rendered":"https:\/\/www.hestiahotels.com\/haapsaluspa\/?post_type=product&#038;p=17858"},"modified":"2026-01-14T16:15:59","modified_gmt":"2026-01-14T14:15:59","slug":"toelise-varskuse-ja-sara-hoolitsus","status":"publish","type":"product","link":"https:\/\/www.hestiahotels.com\/haapsaluspa\/toode\/toelise-varskuse-ja-sara-hoolitsus\/","title":{"rendered":"D\u00b4Difference tasakaalustav n\u00e4ohoolitsus"},"content":{"rendered":"","protected":false},"excerpt":{"rendered":"<p>Sobib v\u00e4sinud ja kurnatud nahale. Naha uuendamine, trimmimine, v\u00e4rskendamine, joonekeste silumine ning pikaajaline niiskustaseme t\u00f5stmine. Hoolitsus sisaldab puhastust, naha koorimist n\u00e4oessentsiga, kulla s\u00e4raga n\u00e4omaski kohese v\u00e4rskendava efekti andmiseks. L\u00f5petuseks kantakse n\u00e4ole seerum naha s\u00fcvakihtide niisutamiseks ja toitev n\u00e4okreem. Hoolitsus sisaldab n\u00e4o-, kaela- ja dekolteemassaa\u017ei, mis teeb hoolitsuse eriti l\u00f5\u00f5gastavaks ja t\u00f5husaks.<\/p>\n","protected":false},"featured_media":18129,"template":"","meta":{"_acf_changed":false},"product_brand":[],"product_cat":[74,194,151],"product_tag":[],"class_list":{"0":"post-17858","1":"product","2":"type-product","3":"status-publish","4":"has-post-thumbnail","6":"product_cat-beebiootel","7":"product_cat-lemmikud","8":"product_cat-naohoolitsused","10":"first","11":"instock","12":"shipping-taxable","13":"purchasable","14":"product-type-simple"},"acf":[],"yoast_head":"<!-- This site is optimized with the Yoast SEO plugin v27.2 - https:\/\/yoast.com\/product\/yoast-seo-wordpress\/ -->\n<title>D\u00b4Difference tasakaalustav n\u00e4ohoolitsus | Hestia Hotel Haapsalu Spa<\/title>\n<meta name=\"robots\" content=\"index, follow, max-snippet:-1, max-image-preview:large, max-video-preview:-1\" \/>\n<link rel=\"canonical\" href=\"https:\/\/www.hestiahotels.com\/haapsaluspa\/toode\/toelise-varskuse-ja-sara-hoolitsus\/\" \/>\n<meta property=\"og:locale\" content=\"et_EE\" \/>\n<meta property=\"og:type\" content=\"article\" \/>\n<meta property=\"og:title\" content=\"D\u00b4Difference tasakaalustav n\u00e4ohoolitsus | Hestia Hotel Haapsalu Spa\" \/>\n<meta property=\"og:description\" content=\"Sobib v\u00e4sinud ja kurnatud nahale. Naha uuendamine, trimmimine, v\u00e4rskendamine, joonekeste silumine ning pikaajaline niiskustaseme t\u00f5stmine. Hoolitsus sisaldab puhastust, naha koorimist n\u00e4oessentsiga, kulla s\u00e4raga n\u00e4omaski kohese v\u00e4rskendava efekti andmiseks. L\u00f5petuseks kantakse n\u00e4ole seerum naha s\u00fcvakihtide niisutamiseks ja toitev n\u00e4okreem. Hoolitsus sisaldab n\u00e4o-, kaela- ja dekolteemassaa\u017ei, mis teeb hoolitsuse eriti l\u00f5\u00f5gastavaks ja t\u00f5husaks.\" \/>\n<meta property=\"og:url\" content=\"https:\/\/www.hestiahotels.com\/haapsaluspa\/toode\/toelise-varskuse-ja-sara-hoolitsus\/\" \/>\n<meta property=\"og:site_name\" content=\"Hestia Hotel Haapsalu Spa\" \/>\n<meta property=\"article:publisher\" content=\"https:\/\/www.facebook.com\/HaapsaluSpa\" \/>\n<meta property=\"article:modified_time\" content=\"2026-01-14T14:15:59+00:00\" \/>\n<meta property=\"og:image\" content=\"https:\/\/www.hestiahotels.com\/wp-content\/uploads\/sites\/7\/2021\/04\/Copy-of-Hestia-1920x1080-Landscape-Screen-58.jpg\" \/>\n\t<meta property=\"og:image:width\" content=\"1920\" \/>\n\t<meta property=\"og:image:height\" content=\"1080\" \/>\n\t<meta property=\"og:image:type\" content=\"image\/jpeg\" \/>\n<meta name=\"twitter:card\" content=\"summary_large_image\" \/>\n<meta name=\"twitter:label1\" content=\"Est. reading time\" \/>\n\t<meta name=\"twitter:data1\" content=\"1 minut\" \/>\n<script type=\"application\/ld+json\" class=\"yoast-schema-graph\">{\"@context\":\"https:\/\/schema.org\",\"@graph\":[{\"@type\":\"WebPage\",\"@id\":\"https:\/\/www.hestiahotels.com\/haapsaluspa\/toode\/toelise-varskuse-ja-sara-hoolitsus\/\",\"url\":\"https:\/\/www.hestiahotels.com\/haapsaluspa\/toode\/toelise-varskuse-ja-sara-hoolitsus\/\",\"name\":\"D\u00b4Difference tasakaalustav n\u00e4ohoolitsus | Hestia Hotel Haapsalu Spa\",\"isPartOf\":{\"@id\":\"https:\/\/www.hestiahotels.com\/haapsaluspa\/#website\"},\"primaryImageOfPage\":{\"@id\":\"https:\/\/www.hestiahotels.com\/haapsaluspa\/toode\/toelise-varskuse-ja-sara-hoolitsus\/#primaryimage\"},\"image\":{\"@id\":\"https:\/\/www.hestiahotels.com\/haapsaluspa\/toode\/toelise-varskuse-ja-sara-hoolitsus\/#primaryimage\"},\"thumbnailUrl\":\"\/wp-content\/uploads\/sites\/7\/2021\/04\/Copy-of-Hestia-1920x1080-Landscape-Screen-58.jpg\",\"datePublished\":\"2021-04-05T16:32:30+00:00\",\"dateModified\":\"2026-01-14T14:15:59+00:00\",\"breadcrumb\":{\"@id\":\"https:\/\/www.hestiahotels.com\/haapsaluspa\/toode\/toelise-varskuse-ja-sara-hoolitsus\/#breadcrumb\"},\"inLanguage\":\"et\",\"potentialAction\":[{\"@type\":\"ReadAction\",\"target\":[\"https:\/\/www.hestiahotels.com\/haapsaluspa\/toode\/toelise-varskuse-ja-sara-hoolitsus\/\"]}]},{\"@type\":\"ImageObject\",\"inLanguage\":\"et\",\"@id\":\"https:\/\/www.hestiahotels.com\/haapsaluspa\/toode\/toelise-varskuse-ja-sara-hoolitsus\/#primaryimage\",\"url\":\"\/wp-content\/uploads\/sites\/7\/2021\/04\/Copy-of-Hestia-1920x1080-Landscape-Screen-58.jpg\",\"contentUrl\":\"\/wp-content\/uploads\/sites\/7\/2021\/04\/Copy-of-Hestia-1920x1080-Landscape-Screen-58.jpg\",\"width\":1920,\"height\":1080},{\"@type\":\"BreadcrumbList\",\"@id\":\"https:\/\/www.hestiahotels.com\/haapsaluspa\/toode\/toelise-varskuse-ja-sara-hoolitsus\/#breadcrumb\",\"itemListElement\":[{\"@type\":\"ListItem\",\"position\":1,\"name\":\"Home\",\"item\":\"https:\/\/www.hestiahotels.com\/haapsaluspa\/\"},{\"@type\":\"ListItem\",\"position\":2,\"name\":\"Spaa Hoolitsused\",\"item\":\"https:\/\/www.hestiahotels.com\/haapsaluspa\/spaa-hoolitused\/\"},{\"@type\":\"ListItem\",\"position\":3,\"name\":\"D\u00b4Difference tasakaalustav n\u00e4ohoolitsus\"}]},{\"@type\":\"WebSite\",\"@id\":\"https:\/\/www.hestiahotels.com\/haapsaluspa\/#website\",\"url\":\"https:\/\/www.hestiahotels.com\/haapsaluspa\/\",\"name\":\"Hestia Hotel Haapsalu Spa\",\"description\":\"Hestia Hotel Haapsalu Spa on kolmest k\u00fcljest merega piiratud V\u00e4ikese viigi kaldal, vaid jalutusk\u00e4igu kaugusel maalilisest Haapsalu vanalinnast.\",\"potentialAction\":[{\"@type\":\"SearchAction\",\"target\":{\"@type\":\"EntryPoint\",\"urlTemplate\":\"https:\/\/www.hestiahotels.com\/haapsaluspa\/?s={search_term_string}\"},\"query-input\":{\"@type\":\"PropertyValueSpecification\",\"valueRequired\":true,\"valueName\":\"search_term_string\"}}],\"inLanguage\":\"et\"}]}<\/script>\n<!-- \/ Yoast SEO plugin. -->","yoast_head_json":{"title":"D\u00b4Difference tasakaalustav n\u00e4ohoolitsus | Hestia Hotel Haapsalu Spa","robots":{"index":"index","follow":"follow","max-snippet":"max-snippet:-1","max-image-preview":"max-image-preview:large","max-video-preview":"max-video-preview:-1"},"canonical":"https:\/\/www.hestiahotels.com\/haapsaluspa\/toode\/toelise-varskuse-ja-sara-hoolitsus\/","og_locale":"et_EE","og_type":"article","og_title":"D\u00b4Difference tasakaalustav n\u00e4ohoolitsus | Hestia Hotel Haapsalu Spa","og_description":"Sobib v\u00e4sinud ja kurnatud nahale. Naha uuendamine, trimmimine, v\u00e4rskendamine, joonekeste silumine ning pikaajaline niiskustaseme t\u00f5stmine. Hoolitsus sisaldab puhastust, naha koorimist n\u00e4oessentsiga, kulla s\u00e4raga n\u00e4omaski kohese v\u00e4rskendava efekti andmiseks. L\u00f5petuseks kantakse n\u00e4ole seerum naha s\u00fcvakihtide niisutamiseks ja toitev n\u00e4okreem. Hoolitsus sisaldab n\u00e4o-, kaela- ja dekolteemassaa\u017ei, mis teeb hoolitsuse eriti l\u00f5\u00f5gastavaks ja t\u00f5husaks.","og_url":"https:\/\/www.hestiahotels.com\/haapsaluspa\/toode\/toelise-varskuse-ja-sara-hoolitsus\/","og_site_name":"Hestia Hotel Haapsalu Spa","article_publisher":"https:\/\/www.facebook.com\/HaapsaluSpa","article_modified_time":"2026-01-14T14:15:59+00:00","og_image":[{"width":1920,"height":1080,"url":"https:\/\/www.hestiahotels.com\/wp-content\/uploads\/sites\/7\/2021\/04\/Copy-of-Hestia-1920x1080-Landscape-Screen-58.jpg","type":"image\/jpeg"}],"twitter_card":"summary_large_image","twitter_misc":{"Est. reading time":"1 minut"},"schema":{"@context":"https:\/\/schema.org","@graph":[{"@type":"WebPage","@id":"https:\/\/www.hestiahotels.com\/haapsaluspa\/toode\/toelise-varskuse-ja-sara-hoolitsus\/","url":"https:\/\/www.hestiahotels.com\/haapsaluspa\/toode\/toelise-varskuse-ja-sara-hoolitsus\/","name":"D\u00b4Difference tasakaalustav n\u00e4ohoolitsus | Hestia Hotel Haapsalu Spa","isPartOf":{"@id":"https:\/\/www.hestiahotels.com\/haapsaluspa\/#website"},"primaryImageOfPage":{"@id":"https:\/\/www.hestiahotels.com\/haapsaluspa\/toode\/toelise-varskuse-ja-sara-hoolitsus\/#primaryimage"},"image":{"@id":"https:\/\/www.hestiahotels.com\/haapsaluspa\/toode\/toelise-varskuse-ja-sara-hoolitsus\/#primaryimage"},"thumbnailUrl":"\/wp-content\/uploads\/sites\/7\/2021\/04\/Copy-of-Hestia-1920x1080-Landscape-Screen-58.jpg","datePublished":"2021-04-05T16:32:30+00:00","dateModified":"2026-01-14T14:15:59+00:00","breadcrumb":{"@id":"https:\/\/www.hestiahotels.com\/haapsaluspa\/toode\/toelise-varskuse-ja-sara-hoolitsus\/#breadcrumb"},"inLanguage":"et","potentialAction":[{"@type":"ReadAction","target":["https:\/\/www.hestiahotels.com\/haapsaluspa\/toode\/toelise-varskuse-ja-sara-hoolitsus\/"]}]},{"@type":"ImageObject","inLanguage":"et","@id":"https:\/\/www.hestiahotels.com\/haapsaluspa\/toode\/toelise-varskuse-ja-sara-hoolitsus\/#primaryimage","url":"\/wp-content\/uploads\/sites\/7\/2021\/04\/Copy-of-Hestia-1920x1080-Landscape-Screen-58.jpg","contentUrl":"\/wp-content\/uploads\/sites\/7\/2021\/04\/Copy-of-Hestia-1920x1080-Landscape-Screen-58.jpg","width":1920,"height":1080},{"@type":"BreadcrumbList","@id":"https:\/\/www.hestiahotels.com\/haapsaluspa\/toode\/toelise-varskuse-ja-sara-hoolitsus\/#breadcrumb","itemListElement":[{"@type":"ListItem","position":1,"name":"Home","item":"https:\/\/www.hestiahotels.com\/haapsaluspa\/"},{"@type":"ListItem","position":2,"name":"Spaa Hoolitsused","item":"https:\/\/www.hestiahotels.com\/haapsaluspa\/spaa-hoolitused\/"},{"@type":"ListItem","position":3,"name":"D\u00b4Difference tasakaalustav n\u00e4ohoolitsus"}]},{"@type":"WebSite","@id":"https:\/\/www.hestiahotels.com\/haapsaluspa\/#website","url":"https:\/\/www.hestiahotels.com\/haapsaluspa\/","name":"Hestia Hotel Haapsalu Spa","description":"Hestia Hotel Haapsalu Spa on kolmest k\u00fcljest merega piiratud V\u00e4ikese viigi kaldal, vaid jalutusk\u00e4igu kaugusel maalilisest Haapsalu vanalinnast.","potentialAction":[{"@type":"SearchAction","target":{"@type":"EntryPoint","urlTemplate":"https:\/\/www.hestiahotels.com\/haapsaluspa\/?s={search_term_string}"},"query-input":{"@type":"PropertyValueSpecification","valueRequired":true,"valueName":"search_term_string"}}],"inLanguage":"et"}]}},"_links":{"self":[{"href":"https:\/\/www.hestiahotels.com\/haapsaluspa\/wp-json\/wp\/v2\/product\/17858","targetHints":{"allow":["GET"]}}],"collection":[{"href":"https:\/\/www.hestiahotels.com\/haapsaluspa\/wp-json\/wp\/v2\/product"}],"about":[{"href":"https:\/\/www.hestiahotels.com\/haapsaluspa\/wp-json\/wp\/v2\/types\/product"}],"wp:featuredmedia":[{"embeddable":true,"href":"https:\/\/www.hestiahotels.com\/haapsaluspa\/wp-json\/wp\/v2\/media\/18129"}],"wp:attachment":[{"href":"https:\/\/www.hestiahotels.com\/haapsaluspa\/wp-json\/wp\/v2\/media?parent=17858"}],"wp:term":[{"taxonomy":"product_brand","embeddable":true,"href":"https:\/\/www.hestiahotels.com\/haapsaluspa\/wp-json\/wp\/v2\/product_brand?post=17858"},{"taxonomy":"product_cat","embeddable":true,"href":"https:\/\/www.hestiahotels.com\/haapsaluspa\/wp-json\/wp\/v2\/product_cat?post=17858"},{"taxonomy":"product_tag","embeddable":true,"href":"https:\/\/www.hestiahotels.com\/haapsaluspa\/wp-json\/wp\/v2\/product_tag?post=17858"}],"curies":[{"name":"wp","href":"https:\/\/api.w.org\/{rel}","templated":true}]}}