{"id":17862,"date":"2021-04-05T20:09:17","date_gmt":"2021-04-05T17:09:17","guid":{"rendered":"https:\/\/www.hestiahotels.com\/haapsaluspa\/?post_type=product&#038;p=17862"},"modified":"2025-06-01T01:00:03","modified_gmt":"2025-05-31T22:00:03","slug":"ravimuda-turba-salendav-kehahoolitsus","status":"publish","type":"product","link":"https:\/\/www.hestiahotels.com\/haapsaluspa\/toode\/ravimuda-turba-salendav-kehahoolitsus\/","title":{"rendered":"Ravimuda-turba salendav kehahoolitsus"},"content":{"rendered":"<p>Soovi korral pakume p\u00e4rast hoolitsust savijooki, mis t\u00e4nu rohkele mineraalainete sisaldusele ergutab vereringet, m\u00f5jub h\u00e4sti lihastele ning puhastab organismi, mist\u00f5ttu on see hea toetaja kehale puhastuskuuride ja dieetide ajal.<\/p>\n","protected":false},"excerpt":{"rendered":"<p>Keha kooritakse vetikakoorijaga ning seej\u00e4rel kantakse kehale ravimuda turbasegu m\u00e4his. Ravimuda turbasegu on eriti v\u00f5imas kooslus, viimased v\u00f5imendavad \u00fcheskoos \u00fcksteise raviomadusi. Ravimuda turbaga kooslus on p\u00f5letikke ja valusid leevendav, pingeid maandav, ainevahetust kiirendav ning j\u00e4\u00e4kained v\u00e4ljutav. Hoolduse l\u00f5petab niisutava kreemiga tehtav kerge kehamassaa\u017e.<\/p>\n","protected":false},"featured_media":30677,"template":"","meta":{"_acf_changed":false},"product_brand":[],"product_cat":[72,158],"product_tag":[],"class_list":{"0":"post-17862","1":"product","2":"type-product","3":"status-publish","4":"has-post-thumbnail","6":"product_cat-kehahoolitsused","7":"product_cat-muda-teraapia","9":"first","10":"instock","11":"shipping-taxable","12":"purchasable","13":"product-type-simple"},"acf":[],"yoast_head":"<!-- This site is optimized with the Yoast SEO plugin v27.2 - https:\/\/yoast.com\/product\/yoast-seo-wordpress\/ -->\n<title>Ravimuda-turba salendav kehahoolitsus | Hestia Hotel Haapsalu Spa<\/title>\n<meta name=\"robots\" content=\"index, follow, max-snippet:-1, max-image-preview:large, max-video-preview:-1\" \/>\n<link rel=\"canonical\" href=\"https:\/\/www.hestiahotels.com\/haapsaluspa\/toode\/ravimuda-turba-salendav-kehahoolitsus\/\" \/>\n<meta property=\"og:locale\" content=\"et_EE\" \/>\n<meta property=\"og:type\" content=\"article\" \/>\n<meta property=\"og:title\" content=\"Ravimuda-turba salendav kehahoolitsus | Hestia Hotel Haapsalu Spa\" \/>\n<meta property=\"og:description\" content=\"Keha kooritakse vetikakoorijaga ning seej\u00e4rel kantakse kehale ravimuda turbasegu m\u00e4his. Ravimuda turbasegu on eriti v\u00f5imas kooslus, viimased v\u00f5imendavad \u00fcheskoos \u00fcksteise raviomadusi. Ravimuda turbaga kooslus on p\u00f5letikke ja valusid leevendav, pingeid maandav, ainevahetust kiirendav ning j\u00e4\u00e4kained v\u00e4ljutav. Hoolduse l\u00f5petab niisutava kreemiga tehtav kerge kehamassaa\u017e.\" \/>\n<meta property=\"og:url\" content=\"https:\/\/www.hestiahotels.com\/haapsaluspa\/toode\/ravimuda-turba-salendav-kehahoolitsus\/\" \/>\n<meta property=\"og:site_name\" content=\"Hestia Hotel Haapsalu Spa\" \/>\n<meta property=\"article:publisher\" content=\"https:\/\/www.facebook.com\/HaapsaluSpa\" \/>\n<meta property=\"article:modified_time\" content=\"2025-05-31T22:00:03+00:00\" \/>\n<meta property=\"og:image\" content=\"https:\/\/www.hestiahotels.com\/wp-content\/uploads\/sites\/7\/2021\/04\/Ravimuda-turba-salendav-kehahoolitsus.jpg\" \/>\n\t<meta property=\"og:image:width\" content=\"1920\" \/>\n\t<meta property=\"og:image:height\" content=\"1080\" \/>\n\t<meta property=\"og:image:type\" content=\"image\/jpeg\" \/>\n<meta name=\"twitter:card\" content=\"summary_large_image\" \/>\n<meta name=\"twitter:label1\" content=\"Est. reading time\" \/>\n\t<meta name=\"twitter:data1\" content=\"1 minut\" \/>\n<script type=\"application\/ld+json\" class=\"yoast-schema-graph\">{\"@context\":\"https:\/\/schema.org\",\"@graph\":[{\"@type\":\"WebPage\",\"@id\":\"https:\/\/www.hestiahotels.com\/haapsaluspa\/toode\/ravimuda-turba-salendav-kehahoolitsus\/\",\"url\":\"https:\/\/www.hestiahotels.com\/haapsaluspa\/toode\/ravimuda-turba-salendav-kehahoolitsus\/\",\"name\":\"Ravimuda-turba salendav kehahoolitsus | Hestia Hotel Haapsalu Spa\",\"isPartOf\":{\"@id\":\"https:\/\/www.hestiahotels.com\/haapsaluspa\/#website\"},\"primaryImageOfPage\":{\"@id\":\"https:\/\/www.hestiahotels.com\/haapsaluspa\/toode\/ravimuda-turba-salendav-kehahoolitsus\/#primaryimage\"},\"image\":{\"@id\":\"https:\/\/www.hestiahotels.com\/haapsaluspa\/toode\/ravimuda-turba-salendav-kehahoolitsus\/#primaryimage\"},\"thumbnailUrl\":\"\/wp-content\/uploads\/sites\/7\/2021\/04\/Ravimuda-turba-salendav-kehahoolitsus.jpg\",\"datePublished\":\"2021-04-05T17:09:17+00:00\",\"dateModified\":\"2025-05-31T22:00:03+00:00\",\"breadcrumb\":{\"@id\":\"https:\/\/www.hestiahotels.com\/haapsaluspa\/toode\/ravimuda-turba-salendav-kehahoolitsus\/#breadcrumb\"},\"inLanguage\":\"et\",\"potentialAction\":[{\"@type\":\"ReadAction\",\"target\":[\"https:\/\/www.hestiahotels.com\/haapsaluspa\/toode\/ravimuda-turba-salendav-kehahoolitsus\/\"]}]},{\"@type\":\"ImageObject\",\"inLanguage\":\"et\",\"@id\":\"https:\/\/www.hestiahotels.com\/haapsaluspa\/toode\/ravimuda-turba-salendav-kehahoolitsus\/#primaryimage\",\"url\":\"\/wp-content\/uploads\/sites\/7\/2021\/04\/Ravimuda-turba-salendav-kehahoolitsus.jpg\",\"contentUrl\":\"\/wp-content\/uploads\/sites\/7\/2021\/04\/Ravimuda-turba-salendav-kehahoolitsus.jpg\",\"width\":1920,\"height\":1080},{\"@type\":\"BreadcrumbList\",\"@id\":\"https:\/\/www.hestiahotels.com\/haapsaluspa\/toode\/ravimuda-turba-salendav-kehahoolitsus\/#breadcrumb\",\"itemListElement\":[{\"@type\":\"ListItem\",\"position\":1,\"name\":\"Home\",\"item\":\"https:\/\/www.hestiahotels.com\/haapsaluspa\/\"},{\"@type\":\"ListItem\",\"position\":2,\"name\":\"Spaa Hoolitsused\",\"item\":\"https:\/\/www.hestiahotels.com\/haapsaluspa\/spaa-hoolitused\/\"},{\"@type\":\"ListItem\",\"position\":3,\"name\":\"Ravimuda-turba salendav kehahoolitsus\"}]},{\"@type\":\"WebSite\",\"@id\":\"https:\/\/www.hestiahotels.com\/haapsaluspa\/#website\",\"url\":\"https:\/\/www.hestiahotels.com\/haapsaluspa\/\",\"name\":\"Hestia Hotel Haapsalu Spa\",\"description\":\"Hestia Hotel Haapsalu Spa on kolmest k\u00fcljest merega piiratud V\u00e4ikese viigi kaldal, vaid jalutusk\u00e4igu kaugusel maalilisest Haapsalu vanalinnast.\",\"potentialAction\":[{\"@type\":\"SearchAction\",\"target\":{\"@type\":\"EntryPoint\",\"urlTemplate\":\"https:\/\/www.hestiahotels.com\/haapsaluspa\/?s={search_term_string}\"},\"query-input\":{\"@type\":\"PropertyValueSpecification\",\"valueRequired\":true,\"valueName\":\"search_term_string\"}}],\"inLanguage\":\"et\"}]}<\/script>\n<!-- \/ Yoast SEO plugin. -->","yoast_head_json":{"title":"Ravimuda-turba salendav kehahoolitsus | Hestia Hotel Haapsalu Spa","robots":{"index":"index","follow":"follow","max-snippet":"max-snippet:-1","max-image-preview":"max-image-preview:large","max-video-preview":"max-video-preview:-1"},"canonical":"https:\/\/www.hestiahotels.com\/haapsaluspa\/toode\/ravimuda-turba-salendav-kehahoolitsus\/","og_locale":"et_EE","og_type":"article","og_title":"Ravimuda-turba salendav kehahoolitsus | Hestia Hotel Haapsalu Spa","og_description":"Keha kooritakse vetikakoorijaga ning seej\u00e4rel kantakse kehale ravimuda turbasegu m\u00e4his. Ravimuda turbasegu on eriti v\u00f5imas kooslus, viimased v\u00f5imendavad \u00fcheskoos \u00fcksteise raviomadusi. Ravimuda turbaga kooslus on p\u00f5letikke ja valusid leevendav, pingeid maandav, ainevahetust kiirendav ning j\u00e4\u00e4kained v\u00e4ljutav. Hoolduse l\u00f5petab niisutava kreemiga tehtav kerge kehamassaa\u017e.","og_url":"https:\/\/www.hestiahotels.com\/haapsaluspa\/toode\/ravimuda-turba-salendav-kehahoolitsus\/","og_site_name":"Hestia Hotel Haapsalu Spa","article_publisher":"https:\/\/www.facebook.com\/HaapsaluSpa","article_modified_time":"2025-05-31T22:00:03+00:00","og_image":[{"width":1920,"height":1080,"url":"https:\/\/www.hestiahotels.com\/wp-content\/uploads\/sites\/7\/2021\/04\/Ravimuda-turba-salendav-kehahoolitsus.jpg","type":"image\/jpeg"}],"twitter_card":"summary_large_image","twitter_misc":{"Est. reading time":"1 minut"},"schema":{"@context":"https:\/\/schema.org","@graph":[{"@type":"WebPage","@id":"https:\/\/www.hestiahotels.com\/haapsaluspa\/toode\/ravimuda-turba-salendav-kehahoolitsus\/","url":"https:\/\/www.hestiahotels.com\/haapsaluspa\/toode\/ravimuda-turba-salendav-kehahoolitsus\/","name":"Ravimuda-turba salendav kehahoolitsus | Hestia Hotel Haapsalu Spa","isPartOf":{"@id":"https:\/\/www.hestiahotels.com\/haapsaluspa\/#website"},"primaryImageOfPage":{"@id":"https:\/\/www.hestiahotels.com\/haapsaluspa\/toode\/ravimuda-turba-salendav-kehahoolitsus\/#primaryimage"},"image":{"@id":"https:\/\/www.hestiahotels.com\/haapsaluspa\/toode\/ravimuda-turba-salendav-kehahoolitsus\/#primaryimage"},"thumbnailUrl":"\/wp-content\/uploads\/sites\/7\/2021\/04\/Ravimuda-turba-salendav-kehahoolitsus.jpg","datePublished":"2021-04-05T17:09:17+00:00","dateModified":"2025-05-31T22:00:03+00:00","breadcrumb":{"@id":"https:\/\/www.hestiahotels.com\/haapsaluspa\/toode\/ravimuda-turba-salendav-kehahoolitsus\/#breadcrumb"},"inLanguage":"et","potentialAction":[{"@type":"ReadAction","target":["https:\/\/www.hestiahotels.com\/haapsaluspa\/toode\/ravimuda-turba-salendav-kehahoolitsus\/"]}]},{"@type":"ImageObject","inLanguage":"et","@id":"https:\/\/www.hestiahotels.com\/haapsaluspa\/toode\/ravimuda-turba-salendav-kehahoolitsus\/#primaryimage","url":"\/wp-content\/uploads\/sites\/7\/2021\/04\/Ravimuda-turba-salendav-kehahoolitsus.jpg","contentUrl":"\/wp-content\/uploads\/sites\/7\/2021\/04\/Ravimuda-turba-salendav-kehahoolitsus.jpg","width":1920,"height":1080},{"@type":"BreadcrumbList","@id":"https:\/\/www.hestiahotels.com\/haapsaluspa\/toode\/ravimuda-turba-salendav-kehahoolitsus\/#breadcrumb","itemListElement":[{"@type":"ListItem","position":1,"name":"Home","item":"https:\/\/www.hestiahotels.com\/haapsaluspa\/"},{"@type":"ListItem","position":2,"name":"Spaa Hoolitsused","item":"https:\/\/www.hestiahotels.com\/haapsaluspa\/spaa-hoolitused\/"},{"@type":"ListItem","position":3,"name":"Ravimuda-turba salendav kehahoolitsus"}]},{"@type":"WebSite","@id":"https:\/\/www.hestiahotels.com\/haapsaluspa\/#website","url":"https:\/\/www.hestiahotels.com\/haapsaluspa\/","name":"Hestia Hotel Haapsalu Spa","description":"Hestia Hotel Haapsalu Spa on kolmest k\u00fcljest merega piiratud V\u00e4ikese viigi kaldal, vaid jalutusk\u00e4igu kaugusel maalilisest Haapsalu vanalinnast.","potentialAction":[{"@type":"SearchAction","target":{"@type":"EntryPoint","urlTemplate":"https:\/\/www.hestiahotels.com\/haapsaluspa\/?s={search_term_string}"},"query-input":{"@type":"PropertyValueSpecification","valueRequired":true,"valueName":"search_term_string"}}],"inLanguage":"et"}]}},"_links":{"self":[{"href":"https:\/\/www.hestiahotels.com\/haapsaluspa\/wp-json\/wp\/v2\/product\/17862","targetHints":{"allow":["GET"]}}],"collection":[{"href":"https:\/\/www.hestiahotels.com\/haapsaluspa\/wp-json\/wp\/v2\/product"}],"about":[{"href":"https:\/\/www.hestiahotels.com\/haapsaluspa\/wp-json\/wp\/v2\/types\/product"}],"wp:featuredmedia":[{"embeddable":true,"href":"https:\/\/www.hestiahotels.com\/haapsaluspa\/wp-json\/wp\/v2\/media\/30677"}],"wp:attachment":[{"href":"https:\/\/www.hestiahotels.com\/haapsaluspa\/wp-json\/wp\/v2\/media?parent=17862"}],"wp:term":[{"taxonomy":"product_brand","embeddable":true,"href":"https:\/\/www.hestiahotels.com\/haapsaluspa\/wp-json\/wp\/v2\/product_brand?post=17862"},{"taxonomy":"product_cat","embeddable":true,"href":"https:\/\/www.hestiahotels.com\/haapsaluspa\/wp-json\/wp\/v2\/product_cat?post=17862"},{"taxonomy":"product_tag","embeddable":true,"href":"https:\/\/www.hestiahotels.com\/haapsaluspa\/wp-json\/wp\/v2\/product_tag?post=17862"}],"curies":[{"name":"wp","href":"https:\/\/api.w.org\/{rel}","templated":true}]}}