{"id":17865,"date":"2021-04-05T20:13:11","date_gmt":"2021-04-05T17:13:11","guid":{"rendered":"https:\/\/www.hestiahotels.com\/haapsaluspa\/?post_type=product&#038;p=17865"},"modified":"2024-06-04T16:00:16","modified_gmt":"2024-06-04T13:00:16","slug":"pohjamaa-pojad-kehahoolitsus-meestele","status":"publish","type":"product","link":"https:\/\/www.hestiahotels.com\/haapsaluspa\/toode\/pohjamaa-pojad-kehahoolitsus-meestele\/","title":{"rendered":"P\u00f5hjamaa pojad &#8211; kehahoolitsus meestele"},"content":{"rendered":"","protected":false},"excerpt":{"rendered":"<p>Keha kooritakse kaldale uhutud puude l\u00f5hnalise kehakoorijaga, millega eemaldatakse surnud naharakud. Koorimisele j\u00e4rgneb l\u00f5\u00f5gastav kehamassaa\u017e puidul\u00f5hnalise massaa\u017ei\u00f5liga, mis turgutab nahka ja kiirendab ainevahetust. P\u00e4rast hoolitsust \u00f5hkub Sinust maskuliinset energiat, enesetunne on suurep\u00e4rane ning hoolitsuse tulemusena on Sul puhas, t\u00f5husalt niisutatud ja toidetud nahk.<\/p>\n","protected":false},"featured_media":18169,"template":"","meta":{"_acf_changed":false},"product_brand":[],"product_cat":[72,159],"product_tag":[],"class_list":{"0":"post-17865","1":"product","2":"type-product","3":"status-publish","4":"has-post-thumbnail","6":"product_cat-kehahoolitsused","7":"product_cat-meestele","9":"first","10":"instock","11":"shipping-taxable","12":"purchasable","13":"product-type-simple"},"acf":[],"yoast_head":"<!-- This site is optimized with the Yoast SEO plugin v27.2 - https:\/\/yoast.com\/product\/yoast-seo-wordpress\/ -->\n<title>P\u00f5hjamaa pojad - kehahoolitsus meestele | Hestia Hotel Haapsalu Spa<\/title>\n<meta name=\"robots\" content=\"index, follow, max-snippet:-1, max-image-preview:large, max-video-preview:-1\" \/>\n<link rel=\"canonical\" href=\"https:\/\/www.hestiahotels.com\/haapsaluspa\/toode\/pohjamaa-pojad-kehahoolitsus-meestele\/\" \/>\n<meta property=\"og:locale\" content=\"et_EE\" \/>\n<meta property=\"og:type\" content=\"article\" \/>\n<meta property=\"og:title\" content=\"P\u00f5hjamaa pojad - kehahoolitsus meestele | Hestia Hotel Haapsalu Spa\" \/>\n<meta property=\"og:description\" content=\"Keha kooritakse kaldale uhutud puude l\u00f5hnalise kehakoorijaga, millega eemaldatakse surnud naharakud. Koorimisele j\u00e4rgneb l\u00f5\u00f5gastav kehamassaa\u017e puidul\u00f5hnalise massaa\u017ei\u00f5liga, mis turgutab nahka ja kiirendab ainevahetust. P\u00e4rast hoolitsust \u00f5hkub Sinust maskuliinset energiat, enesetunne on suurep\u00e4rane ning hoolitsuse tulemusena on Sul puhas, t\u00f5husalt niisutatud ja toidetud nahk.\" \/>\n<meta property=\"og:url\" content=\"https:\/\/www.hestiahotels.com\/haapsaluspa\/toode\/pohjamaa-pojad-kehahoolitsus-meestele\/\" \/>\n<meta property=\"og:site_name\" content=\"Hestia Hotel Haapsalu Spa\" \/>\n<meta property=\"article:publisher\" content=\"https:\/\/www.facebook.com\/HaapsaluSpa\" \/>\n<meta property=\"article:modified_time\" content=\"2024-06-04T13:00:16+00:00\" \/>\n<meta property=\"og:image\" content=\"https:\/\/www.hestiahotels.com\/wp-content\/uploads\/sites\/7\/2021\/04\/Copy-of-Hestia-1920x1080-Landscape-Screen-61.jpg\" \/>\n\t<meta property=\"og:image:width\" content=\"1920\" \/>\n\t<meta property=\"og:image:height\" content=\"1080\" \/>\n\t<meta property=\"og:image:type\" content=\"image\/jpeg\" \/>\n<meta name=\"twitter:card\" content=\"summary_large_image\" \/>\n<script type=\"application\/ld+json\" class=\"yoast-schema-graph\">{\"@context\":\"https:\/\/schema.org\",\"@graph\":[{\"@type\":\"WebPage\",\"@id\":\"https:\/\/www.hestiahotels.com\/haapsaluspa\/toode\/pohjamaa-pojad-kehahoolitsus-meestele\/\",\"url\":\"https:\/\/www.hestiahotels.com\/haapsaluspa\/toode\/pohjamaa-pojad-kehahoolitsus-meestele\/\",\"name\":\"P\u00f5hjamaa pojad - kehahoolitsus meestele | Hestia Hotel Haapsalu Spa\",\"isPartOf\":{\"@id\":\"https:\/\/www.hestiahotels.com\/haapsaluspa\/#website\"},\"primaryImageOfPage\":{\"@id\":\"https:\/\/www.hestiahotels.com\/haapsaluspa\/toode\/pohjamaa-pojad-kehahoolitsus-meestele\/#primaryimage\"},\"image\":{\"@id\":\"https:\/\/www.hestiahotels.com\/haapsaluspa\/toode\/pohjamaa-pojad-kehahoolitsus-meestele\/#primaryimage\"},\"thumbnailUrl\":\"\/wp-content\/uploads\/sites\/7\/2021\/04\/Copy-of-Hestia-1920x1080-Landscape-Screen-61.jpg\",\"datePublished\":\"2021-04-05T17:13:11+00:00\",\"dateModified\":\"2024-06-04T13:00:16+00:00\",\"breadcrumb\":{\"@id\":\"https:\/\/www.hestiahotels.com\/haapsaluspa\/toode\/pohjamaa-pojad-kehahoolitsus-meestele\/#breadcrumb\"},\"inLanguage\":\"et\",\"potentialAction\":[{\"@type\":\"ReadAction\",\"target\":[\"https:\/\/www.hestiahotels.com\/haapsaluspa\/toode\/pohjamaa-pojad-kehahoolitsus-meestele\/\"]}]},{\"@type\":\"ImageObject\",\"inLanguage\":\"et\",\"@id\":\"https:\/\/www.hestiahotels.com\/haapsaluspa\/toode\/pohjamaa-pojad-kehahoolitsus-meestele\/#primaryimage\",\"url\":\"\/wp-content\/uploads\/sites\/7\/2021\/04\/Copy-of-Hestia-1920x1080-Landscape-Screen-61.jpg\",\"contentUrl\":\"\/wp-content\/uploads\/sites\/7\/2021\/04\/Copy-of-Hestia-1920x1080-Landscape-Screen-61.jpg\",\"width\":1920,\"height\":1080},{\"@type\":\"BreadcrumbList\",\"@id\":\"https:\/\/www.hestiahotels.com\/haapsaluspa\/toode\/pohjamaa-pojad-kehahoolitsus-meestele\/#breadcrumb\",\"itemListElement\":[{\"@type\":\"ListItem\",\"position\":1,\"name\":\"Home\",\"item\":\"https:\/\/www.hestiahotels.com\/haapsaluspa\/\"},{\"@type\":\"ListItem\",\"position\":2,\"name\":\"Spaa Hoolitsused\",\"item\":\"https:\/\/www.hestiahotels.com\/haapsaluspa\/spaa-hoolitused\/\"},{\"@type\":\"ListItem\",\"position\":3,\"name\":\"P\u00f5hjamaa pojad &#8211; kehahoolitsus meestele\"}]},{\"@type\":\"WebSite\",\"@id\":\"https:\/\/www.hestiahotels.com\/haapsaluspa\/#website\",\"url\":\"https:\/\/www.hestiahotels.com\/haapsaluspa\/\",\"name\":\"Hestia Hotel Haapsalu Spa\",\"description\":\"Hestia Hotel Haapsalu Spa on kolmest k\u00fcljest merega piiratud V\u00e4ikese viigi kaldal, vaid jalutusk\u00e4igu kaugusel maalilisest Haapsalu vanalinnast.\",\"potentialAction\":[{\"@type\":\"SearchAction\",\"target\":{\"@type\":\"EntryPoint\",\"urlTemplate\":\"https:\/\/www.hestiahotels.com\/haapsaluspa\/?s={search_term_string}\"},\"query-input\":{\"@type\":\"PropertyValueSpecification\",\"valueRequired\":true,\"valueName\":\"search_term_string\"}}],\"inLanguage\":\"et\"}]}<\/script>\n<!-- \/ Yoast SEO plugin. -->","yoast_head_json":{"title":"P\u00f5hjamaa pojad - kehahoolitsus meestele | Hestia Hotel Haapsalu Spa","robots":{"index":"index","follow":"follow","max-snippet":"max-snippet:-1","max-image-preview":"max-image-preview:large","max-video-preview":"max-video-preview:-1"},"canonical":"https:\/\/www.hestiahotels.com\/haapsaluspa\/toode\/pohjamaa-pojad-kehahoolitsus-meestele\/","og_locale":"et_EE","og_type":"article","og_title":"P\u00f5hjamaa pojad - kehahoolitsus meestele | Hestia Hotel Haapsalu Spa","og_description":"Keha kooritakse kaldale uhutud puude l\u00f5hnalise kehakoorijaga, millega eemaldatakse surnud naharakud. Koorimisele j\u00e4rgneb l\u00f5\u00f5gastav kehamassaa\u017e puidul\u00f5hnalise massaa\u017ei\u00f5liga, mis turgutab nahka ja kiirendab ainevahetust. P\u00e4rast hoolitsust \u00f5hkub Sinust maskuliinset energiat, enesetunne on suurep\u00e4rane ning hoolitsuse tulemusena on Sul puhas, t\u00f5husalt niisutatud ja toidetud nahk.","og_url":"https:\/\/www.hestiahotels.com\/haapsaluspa\/toode\/pohjamaa-pojad-kehahoolitsus-meestele\/","og_site_name":"Hestia Hotel Haapsalu Spa","article_publisher":"https:\/\/www.facebook.com\/HaapsaluSpa","article_modified_time":"2024-06-04T13:00:16+00:00","og_image":[{"width":1920,"height":1080,"url":"https:\/\/www.hestiahotels.com\/wp-content\/uploads\/sites\/7\/2021\/04\/Copy-of-Hestia-1920x1080-Landscape-Screen-61.jpg","type":"image\/jpeg"}],"twitter_card":"summary_large_image","schema":{"@context":"https:\/\/schema.org","@graph":[{"@type":"WebPage","@id":"https:\/\/www.hestiahotels.com\/haapsaluspa\/toode\/pohjamaa-pojad-kehahoolitsus-meestele\/","url":"https:\/\/www.hestiahotels.com\/haapsaluspa\/toode\/pohjamaa-pojad-kehahoolitsus-meestele\/","name":"P\u00f5hjamaa pojad - kehahoolitsus meestele | Hestia Hotel Haapsalu Spa","isPartOf":{"@id":"https:\/\/www.hestiahotels.com\/haapsaluspa\/#website"},"primaryImageOfPage":{"@id":"https:\/\/www.hestiahotels.com\/haapsaluspa\/toode\/pohjamaa-pojad-kehahoolitsus-meestele\/#primaryimage"},"image":{"@id":"https:\/\/www.hestiahotels.com\/haapsaluspa\/toode\/pohjamaa-pojad-kehahoolitsus-meestele\/#primaryimage"},"thumbnailUrl":"\/wp-content\/uploads\/sites\/7\/2021\/04\/Copy-of-Hestia-1920x1080-Landscape-Screen-61.jpg","datePublished":"2021-04-05T17:13:11+00:00","dateModified":"2024-06-04T13:00:16+00:00","breadcrumb":{"@id":"https:\/\/www.hestiahotels.com\/haapsaluspa\/toode\/pohjamaa-pojad-kehahoolitsus-meestele\/#breadcrumb"},"inLanguage":"et","potentialAction":[{"@type":"ReadAction","target":["https:\/\/www.hestiahotels.com\/haapsaluspa\/toode\/pohjamaa-pojad-kehahoolitsus-meestele\/"]}]},{"@type":"ImageObject","inLanguage":"et","@id":"https:\/\/www.hestiahotels.com\/haapsaluspa\/toode\/pohjamaa-pojad-kehahoolitsus-meestele\/#primaryimage","url":"\/wp-content\/uploads\/sites\/7\/2021\/04\/Copy-of-Hestia-1920x1080-Landscape-Screen-61.jpg","contentUrl":"\/wp-content\/uploads\/sites\/7\/2021\/04\/Copy-of-Hestia-1920x1080-Landscape-Screen-61.jpg","width":1920,"height":1080},{"@type":"BreadcrumbList","@id":"https:\/\/www.hestiahotels.com\/haapsaluspa\/toode\/pohjamaa-pojad-kehahoolitsus-meestele\/#breadcrumb","itemListElement":[{"@type":"ListItem","position":1,"name":"Home","item":"https:\/\/www.hestiahotels.com\/haapsaluspa\/"},{"@type":"ListItem","position":2,"name":"Spaa Hoolitsused","item":"https:\/\/www.hestiahotels.com\/haapsaluspa\/spaa-hoolitused\/"},{"@type":"ListItem","position":3,"name":"P\u00f5hjamaa pojad &#8211; kehahoolitsus meestele"}]},{"@type":"WebSite","@id":"https:\/\/www.hestiahotels.com\/haapsaluspa\/#website","url":"https:\/\/www.hestiahotels.com\/haapsaluspa\/","name":"Hestia Hotel Haapsalu Spa","description":"Hestia Hotel Haapsalu Spa on kolmest k\u00fcljest merega piiratud V\u00e4ikese viigi kaldal, vaid jalutusk\u00e4igu kaugusel maalilisest Haapsalu vanalinnast.","potentialAction":[{"@type":"SearchAction","target":{"@type":"EntryPoint","urlTemplate":"https:\/\/www.hestiahotels.com\/haapsaluspa\/?s={search_term_string}"},"query-input":{"@type":"PropertyValueSpecification","valueRequired":true,"valueName":"search_term_string"}}],"inLanguage":"et"}]}},"_links":{"self":[{"href":"https:\/\/www.hestiahotels.com\/haapsaluspa\/wp-json\/wp\/v2\/product\/17865","targetHints":{"allow":["GET"]}}],"collection":[{"href":"https:\/\/www.hestiahotels.com\/haapsaluspa\/wp-json\/wp\/v2\/product"}],"about":[{"href":"https:\/\/www.hestiahotels.com\/haapsaluspa\/wp-json\/wp\/v2\/types\/product"}],"wp:featuredmedia":[{"embeddable":true,"href":"https:\/\/www.hestiahotels.com\/haapsaluspa\/wp-json\/wp\/v2\/media\/18169"}],"wp:attachment":[{"href":"https:\/\/www.hestiahotels.com\/haapsaluspa\/wp-json\/wp\/v2\/media?parent=17865"}],"wp:term":[{"taxonomy":"product_brand","embeddable":true,"href":"https:\/\/www.hestiahotels.com\/haapsaluspa\/wp-json\/wp\/v2\/product_brand?post=17865"},{"taxonomy":"product_cat","embeddable":true,"href":"https:\/\/www.hestiahotels.com\/haapsaluspa\/wp-json\/wp\/v2\/product_cat?post=17865"},{"taxonomy":"product_tag","embeddable":true,"href":"https:\/\/www.hestiahotels.com\/haapsaluspa\/wp-json\/wp\/v2\/product_tag?post=17865"}],"curies":[{"name":"wp","href":"https:\/\/api.w.org\/{rel}","templated":true}]}}