{"id":17867,"date":"2021-04-05T20:15:52","date_gmt":"2021-04-05T17:15:52","guid":{"rendered":"https:\/\/www.hestiahotels.com\/haapsaluspa\/?post_type=product&#038;p=17867"},"modified":"2024-06-04T16:01:15","modified_gmt":"2024-06-04T13:01:15","slug":"keha-koorimine-loodusliku-meresoola-kehakoorijaga","status":"publish","type":"product","link":"https:\/\/www.hestiahotels.com\/haapsaluspa\/toode\/keha-koorimine-loodusliku-meresoola-kehakoorijaga\/","title":{"rendered":"Keha koorimine loodusliku meresoola kehakoorijaga"},"content":{"rendered":"","protected":false},"excerpt":{"rendered":"<p>Masseerivate liigutustega kehale kantav koorija eemaldab nahalt surnud naharakud ning parandab vereringet. Kehakoorimine aitab kaasa naha uuendusprotsessile, v\u00e4rskendab jumet ja pehmendab nahka. Hoolduses kasutatav kehakoorija on ideaalne vahend nahahoolduseks, sest sisaldab k\u00f5iki merevee kasulikke ja ravivaid omadusi.<\/p>\n","protected":false},"featured_media":17389,"template":"","meta":{"_acf_changed":false},"product_brand":[],"product_cat":[72],"product_tag":[],"class_list":{"0":"post-17867","1":"product","2":"type-product","3":"status-publish","4":"has-post-thumbnail","6":"product_cat-kehahoolitsused","8":"first","9":"instock","10":"shipping-taxable","11":"purchasable","12":"product-type-simple"},"acf":[],"yoast_head":"<!-- This site is optimized with the Yoast SEO plugin v27.2 - https:\/\/yoast.com\/product\/yoast-seo-wordpress\/ -->\n<title>Keha koorimine loodusliku meresoola kehakoorijaga | Hestia Hotel Haapsalu Spa<\/title>\n<meta name=\"robots\" content=\"index, follow, max-snippet:-1, max-image-preview:large, max-video-preview:-1\" \/>\n<link rel=\"canonical\" href=\"https:\/\/www.hestiahotels.com\/haapsaluspa\/toode\/keha-koorimine-loodusliku-meresoola-kehakoorijaga\/\" \/>\n<meta property=\"og:locale\" content=\"et_EE\" \/>\n<meta property=\"og:type\" content=\"article\" \/>\n<meta property=\"og:title\" content=\"Keha koorimine loodusliku meresoola kehakoorijaga | Hestia Hotel Haapsalu Spa\" \/>\n<meta property=\"og:description\" content=\"Masseerivate liigutustega kehale kantav koorija eemaldab nahalt surnud naharakud ning parandab vereringet. Kehakoorimine aitab kaasa naha uuendusprotsessile, v\u00e4rskendab jumet ja pehmendab nahka. Hoolduses kasutatav kehakoorija on ideaalne vahend nahahoolduseks, sest sisaldab k\u00f5iki merevee kasulikke ja ravivaid omadusi.\" \/>\n<meta property=\"og:url\" content=\"https:\/\/www.hestiahotels.com\/haapsaluspa\/toode\/keha-koorimine-loodusliku-meresoola-kehakoorijaga\/\" \/>\n<meta property=\"og:site_name\" content=\"Hestia Hotel Haapsalu Spa\" \/>\n<meta property=\"article:publisher\" content=\"https:\/\/www.facebook.com\/HaapsaluSpa\" \/>\n<meta property=\"article:modified_time\" content=\"2024-06-04T13:01:15+00:00\" \/>\n<meta property=\"og:image\" content=\"https:\/\/www.hestiahotels.com\/wp-content\/uploads\/sites\/7\/2021\/03\/AdobeStock_306647607.jpg\" \/>\n\t<meta property=\"og:image:width\" content=\"1920\" \/>\n\t<meta property=\"og:image:height\" content=\"1280\" \/>\n\t<meta property=\"og:image:type\" content=\"image\/jpeg\" \/>\n<meta name=\"twitter:card\" content=\"summary_large_image\" \/>\n<meta name=\"twitter:label1\" content=\"Est. reading time\" \/>\n\t<meta name=\"twitter:data1\" content=\"1 minut\" \/>\n<script type=\"application\/ld+json\" class=\"yoast-schema-graph\">{\"@context\":\"https:\/\/schema.org\",\"@graph\":[{\"@type\":\"WebPage\",\"@id\":\"https:\/\/www.hestiahotels.com\/haapsaluspa\/toode\/keha-koorimine-loodusliku-meresoola-kehakoorijaga\/\",\"url\":\"https:\/\/www.hestiahotels.com\/haapsaluspa\/toode\/keha-koorimine-loodusliku-meresoola-kehakoorijaga\/\",\"name\":\"Keha koorimine loodusliku meresoola kehakoorijaga | Hestia Hotel Haapsalu Spa\",\"isPartOf\":{\"@id\":\"https:\/\/www.hestiahotels.com\/haapsaluspa\/#website\"},\"primaryImageOfPage\":{\"@id\":\"https:\/\/www.hestiahotels.com\/haapsaluspa\/toode\/keha-koorimine-loodusliku-meresoola-kehakoorijaga\/#primaryimage\"},\"image\":{\"@id\":\"https:\/\/www.hestiahotels.com\/haapsaluspa\/toode\/keha-koorimine-loodusliku-meresoola-kehakoorijaga\/#primaryimage\"},\"thumbnailUrl\":\"\/wp-content\/uploads\/sites\/7\/2021\/03\/AdobeStock_306647607.jpg\",\"datePublished\":\"2021-04-05T17:15:52+00:00\",\"dateModified\":\"2024-06-04T13:01:15+00:00\",\"breadcrumb\":{\"@id\":\"https:\/\/www.hestiahotels.com\/haapsaluspa\/toode\/keha-koorimine-loodusliku-meresoola-kehakoorijaga\/#breadcrumb\"},\"inLanguage\":\"et\",\"potentialAction\":[{\"@type\":\"ReadAction\",\"target\":[\"https:\/\/www.hestiahotels.com\/haapsaluspa\/toode\/keha-koorimine-loodusliku-meresoola-kehakoorijaga\/\"]}]},{\"@type\":\"ImageObject\",\"inLanguage\":\"et\",\"@id\":\"https:\/\/www.hestiahotels.com\/haapsaluspa\/toode\/keha-koorimine-loodusliku-meresoola-kehakoorijaga\/#primaryimage\",\"url\":\"\/wp-content\/uploads\/sites\/7\/2021\/03\/AdobeStock_306647607.jpg\",\"contentUrl\":\"\/wp-content\/uploads\/sites\/7\/2021\/03\/AdobeStock_306647607.jpg\",\"width\":1920,\"height\":1280},{\"@type\":\"BreadcrumbList\",\"@id\":\"https:\/\/www.hestiahotels.com\/haapsaluspa\/toode\/keha-koorimine-loodusliku-meresoola-kehakoorijaga\/#breadcrumb\",\"itemListElement\":[{\"@type\":\"ListItem\",\"position\":1,\"name\":\"Home\",\"item\":\"https:\/\/www.hestiahotels.com\/haapsaluspa\/\"},{\"@type\":\"ListItem\",\"position\":2,\"name\":\"Spaa Hoolitsused\",\"item\":\"https:\/\/www.hestiahotels.com\/haapsaluspa\/spaa-hoolitused\/\"},{\"@type\":\"ListItem\",\"position\":3,\"name\":\"Keha koorimine loodusliku meresoola kehakoorijaga\"}]},{\"@type\":\"WebSite\",\"@id\":\"https:\/\/www.hestiahotels.com\/haapsaluspa\/#website\",\"url\":\"https:\/\/www.hestiahotels.com\/haapsaluspa\/\",\"name\":\"Hestia Hotel Haapsalu Spa\",\"description\":\"Hestia Hotel Haapsalu Spa on kolmest k\u00fcljest merega piiratud V\u00e4ikese viigi kaldal, vaid jalutusk\u00e4igu kaugusel maalilisest Haapsalu vanalinnast.\",\"potentialAction\":[{\"@type\":\"SearchAction\",\"target\":{\"@type\":\"EntryPoint\",\"urlTemplate\":\"https:\/\/www.hestiahotels.com\/haapsaluspa\/?s={search_term_string}\"},\"query-input\":{\"@type\":\"PropertyValueSpecification\",\"valueRequired\":true,\"valueName\":\"search_term_string\"}}],\"inLanguage\":\"et\"}]}<\/script>\n<!-- \/ Yoast SEO plugin. -->","yoast_head_json":{"title":"Keha koorimine loodusliku meresoola kehakoorijaga | Hestia Hotel Haapsalu Spa","robots":{"index":"index","follow":"follow","max-snippet":"max-snippet:-1","max-image-preview":"max-image-preview:large","max-video-preview":"max-video-preview:-1"},"canonical":"https:\/\/www.hestiahotels.com\/haapsaluspa\/toode\/keha-koorimine-loodusliku-meresoola-kehakoorijaga\/","og_locale":"et_EE","og_type":"article","og_title":"Keha koorimine loodusliku meresoola kehakoorijaga | Hestia Hotel Haapsalu Spa","og_description":"Masseerivate liigutustega kehale kantav koorija eemaldab nahalt surnud naharakud ning parandab vereringet. Kehakoorimine aitab kaasa naha uuendusprotsessile, v\u00e4rskendab jumet ja pehmendab nahka. Hoolduses kasutatav kehakoorija on ideaalne vahend nahahoolduseks, sest sisaldab k\u00f5iki merevee kasulikke ja ravivaid omadusi.","og_url":"https:\/\/www.hestiahotels.com\/haapsaluspa\/toode\/keha-koorimine-loodusliku-meresoola-kehakoorijaga\/","og_site_name":"Hestia Hotel Haapsalu Spa","article_publisher":"https:\/\/www.facebook.com\/HaapsaluSpa","article_modified_time":"2024-06-04T13:01:15+00:00","og_image":[{"width":1920,"height":1280,"url":"https:\/\/www.hestiahotels.com\/wp-content\/uploads\/sites\/7\/2021\/03\/AdobeStock_306647607.jpg","type":"image\/jpeg"}],"twitter_card":"summary_large_image","twitter_misc":{"Est. reading time":"1 minut"},"schema":{"@context":"https:\/\/schema.org","@graph":[{"@type":"WebPage","@id":"https:\/\/www.hestiahotels.com\/haapsaluspa\/toode\/keha-koorimine-loodusliku-meresoola-kehakoorijaga\/","url":"https:\/\/www.hestiahotels.com\/haapsaluspa\/toode\/keha-koorimine-loodusliku-meresoola-kehakoorijaga\/","name":"Keha koorimine loodusliku meresoola kehakoorijaga | Hestia Hotel Haapsalu Spa","isPartOf":{"@id":"https:\/\/www.hestiahotels.com\/haapsaluspa\/#website"},"primaryImageOfPage":{"@id":"https:\/\/www.hestiahotels.com\/haapsaluspa\/toode\/keha-koorimine-loodusliku-meresoola-kehakoorijaga\/#primaryimage"},"image":{"@id":"https:\/\/www.hestiahotels.com\/haapsaluspa\/toode\/keha-koorimine-loodusliku-meresoola-kehakoorijaga\/#primaryimage"},"thumbnailUrl":"\/wp-content\/uploads\/sites\/7\/2021\/03\/AdobeStock_306647607.jpg","datePublished":"2021-04-05T17:15:52+00:00","dateModified":"2024-06-04T13:01:15+00:00","breadcrumb":{"@id":"https:\/\/www.hestiahotels.com\/haapsaluspa\/toode\/keha-koorimine-loodusliku-meresoola-kehakoorijaga\/#breadcrumb"},"inLanguage":"et","potentialAction":[{"@type":"ReadAction","target":["https:\/\/www.hestiahotels.com\/haapsaluspa\/toode\/keha-koorimine-loodusliku-meresoola-kehakoorijaga\/"]}]},{"@type":"ImageObject","inLanguage":"et","@id":"https:\/\/www.hestiahotels.com\/haapsaluspa\/toode\/keha-koorimine-loodusliku-meresoola-kehakoorijaga\/#primaryimage","url":"\/wp-content\/uploads\/sites\/7\/2021\/03\/AdobeStock_306647607.jpg","contentUrl":"\/wp-content\/uploads\/sites\/7\/2021\/03\/AdobeStock_306647607.jpg","width":1920,"height":1280},{"@type":"BreadcrumbList","@id":"https:\/\/www.hestiahotels.com\/haapsaluspa\/toode\/keha-koorimine-loodusliku-meresoola-kehakoorijaga\/#breadcrumb","itemListElement":[{"@type":"ListItem","position":1,"name":"Home","item":"https:\/\/www.hestiahotels.com\/haapsaluspa\/"},{"@type":"ListItem","position":2,"name":"Spaa Hoolitsused","item":"https:\/\/www.hestiahotels.com\/haapsaluspa\/spaa-hoolitused\/"},{"@type":"ListItem","position":3,"name":"Keha koorimine loodusliku meresoola kehakoorijaga"}]},{"@type":"WebSite","@id":"https:\/\/www.hestiahotels.com\/haapsaluspa\/#website","url":"https:\/\/www.hestiahotels.com\/haapsaluspa\/","name":"Hestia Hotel Haapsalu Spa","description":"Hestia Hotel Haapsalu Spa on kolmest k\u00fcljest merega piiratud V\u00e4ikese viigi kaldal, vaid jalutusk\u00e4igu kaugusel maalilisest Haapsalu vanalinnast.","potentialAction":[{"@type":"SearchAction","target":{"@type":"EntryPoint","urlTemplate":"https:\/\/www.hestiahotels.com\/haapsaluspa\/?s={search_term_string}"},"query-input":{"@type":"PropertyValueSpecification","valueRequired":true,"valueName":"search_term_string"}}],"inLanguage":"et"}]}},"_links":{"self":[{"href":"https:\/\/www.hestiahotels.com\/haapsaluspa\/wp-json\/wp\/v2\/product\/17867","targetHints":{"allow":["GET"]}}],"collection":[{"href":"https:\/\/www.hestiahotels.com\/haapsaluspa\/wp-json\/wp\/v2\/product"}],"about":[{"href":"https:\/\/www.hestiahotels.com\/haapsaluspa\/wp-json\/wp\/v2\/types\/product"}],"wp:featuredmedia":[{"embeddable":true,"href":"https:\/\/www.hestiahotels.com\/haapsaluspa\/wp-json\/wp\/v2\/media\/17389"}],"wp:attachment":[{"href":"https:\/\/www.hestiahotels.com\/haapsaluspa\/wp-json\/wp\/v2\/media?parent=17867"}],"wp:term":[{"taxonomy":"product_brand","embeddable":true,"href":"https:\/\/www.hestiahotels.com\/haapsaluspa\/wp-json\/wp\/v2\/product_brand?post=17867"},{"taxonomy":"product_cat","embeddable":true,"href":"https:\/\/www.hestiahotels.com\/haapsaluspa\/wp-json\/wp\/v2\/product_cat?post=17867"},{"taxonomy":"product_tag","embeddable":true,"href":"https:\/\/www.hestiahotels.com\/haapsaluspa\/wp-json\/wp\/v2\/product_tag?post=17867"}],"curies":[{"name":"wp","href":"https:\/\/api.w.org\/{rel}","templated":true}]}}