{"id":17877,"date":"2021-04-05T21:46:21","date_gmt":"2021-04-05T18:46:21","guid":{"rendered":"https:\/\/www.hestiahotels.com\/haapsaluspa\/?post_type=product&#038;p=17877"},"modified":"2024-11-06T15:14:11","modified_gmt":"2024-11-06T13:14:11","slug":"refleksoloogiline-jala-punktmassaaz","status":"publish","type":"product","link":"https:\/\/www.hestiahotels.com\/haapsaluspa\/toode\/refleksoloogiline-jala-punktmassaaz\/","title":{"rendered":"Refleksoloogiline jala punktmassaa\u017e"},"content":{"rendered":"<p>Pikenda oma massaa\u017ei naudingut 15 min 16 \u20ac.<\/p>\n","protected":false},"excerpt":{"rendered":"<p>Jalamassaa\u017e aitab l\u00f5\u00f5gastuda ja m\u00f5jutab kogu organismi. Jalalaba ja pahkluu piirkonna masseerimine aitab l\u00f5\u00f5gastuda ja muudab enesetunde paremaks. Konkreetsete punktide m\u00f5jutamine aitab refleksoloogiliselt tasakaalustada kogu organismi.<\/p>\n<p>Massaa\u017e viiakse l\u00e4bi k\u00e4te, massaa\u017eipulga ja massaa\u017ei\u00f5li abil. Eriti h\u00e4sti sobib see nendele, kes on palju jalgadel.<\/p>\n","protected":false},"featured_media":17884,"template":"","meta":{"_acf_changed":false},"product_brand":[],"product_cat":[50],"product_tag":[],"class_list":{"0":"post-17877","1":"product","2":"type-product","3":"status-publish","4":"has-post-thumbnail","6":"product_cat-massaaz","8":"first","9":"instock","10":"shipping-taxable","11":"purchasable","12":"product-type-simple"},"acf":[],"yoast_head":"<!-- This site is optimized with the Yoast SEO plugin v27.2 - https:\/\/yoast.com\/product\/yoast-seo-wordpress\/ -->\n<title>Refleksoloogiline jala punktmassaa\u017e | Hestia Hotel Haapsalu Spa<\/title>\n<meta name=\"robots\" content=\"index, follow, max-snippet:-1, max-image-preview:large, max-video-preview:-1\" \/>\n<link rel=\"canonical\" href=\"https:\/\/www.hestiahotels.com\/haapsaluspa\/toode\/refleksoloogiline-jala-punktmassaaz\/\" \/>\n<meta property=\"og:locale\" content=\"et_EE\" \/>\n<meta property=\"og:type\" content=\"article\" \/>\n<meta property=\"og:title\" content=\"Refleksoloogiline jala punktmassaa\u017e | Hestia Hotel Haapsalu Spa\" \/>\n<meta property=\"og:description\" content=\"Jalamassaa\u017e aitab l\u00f5\u00f5gastuda ja m\u00f5jutab kogu organismi. Jalalaba ja pahkluu piirkonna masseerimine aitab l\u00f5\u00f5gastuda ja muudab enesetunde paremaks. Konkreetsete punktide m\u00f5jutamine aitab refleksoloogiliselt tasakaalustada kogu organismi.  Massaa\u017e viiakse l\u00e4bi k\u00e4te, massaa\u017eipulga ja massaa\u017ei\u00f5li abil. Eriti h\u00e4sti sobib see nendele, kes on palju jalgadel.\" \/>\n<meta property=\"og:url\" content=\"https:\/\/www.hestiahotels.com\/haapsaluspa\/toode\/refleksoloogiline-jala-punktmassaaz\/\" \/>\n<meta property=\"og:site_name\" content=\"Hestia Hotel Haapsalu Spa\" \/>\n<meta property=\"article:publisher\" content=\"https:\/\/www.facebook.com\/HaapsaluSpa\" \/>\n<meta property=\"article:modified_time\" content=\"2024-11-06T13:14:11+00:00\" \/>\n<meta property=\"og:image\" content=\"https:\/\/www.hestiahotels.com\/wp-content\/uploads\/sites\/7\/2021\/04\/Copy-of-Hestia-1920x1080-Landscape-Screen-34.jpg\" \/>\n\t<meta property=\"og:image:width\" content=\"1920\" \/>\n\t<meta property=\"og:image:height\" content=\"1080\" \/>\n\t<meta property=\"og:image:type\" content=\"image\/jpeg\" \/>\n<meta name=\"twitter:card\" content=\"summary_large_image\" \/>\n<meta name=\"twitter:label1\" content=\"Est. reading time\" \/>\n\t<meta name=\"twitter:data1\" content=\"1 minut\" \/>\n<script type=\"application\/ld+json\" class=\"yoast-schema-graph\">{\"@context\":\"https:\/\/schema.org\",\"@graph\":[{\"@type\":\"WebPage\",\"@id\":\"https:\/\/www.hestiahotels.com\/haapsaluspa\/toode\/refleksoloogiline-jala-punktmassaaz\/\",\"url\":\"https:\/\/www.hestiahotels.com\/haapsaluspa\/toode\/refleksoloogiline-jala-punktmassaaz\/\",\"name\":\"Refleksoloogiline jala punktmassaa\u017e | Hestia Hotel Haapsalu Spa\",\"isPartOf\":{\"@id\":\"https:\/\/www.hestiahotels.com\/haapsaluspa\/#website\"},\"primaryImageOfPage\":{\"@id\":\"https:\/\/www.hestiahotels.com\/haapsaluspa\/toode\/refleksoloogiline-jala-punktmassaaz\/#primaryimage\"},\"image\":{\"@id\":\"https:\/\/www.hestiahotels.com\/haapsaluspa\/toode\/refleksoloogiline-jala-punktmassaaz\/#primaryimage\"},\"thumbnailUrl\":\"\/wp-content\/uploads\/sites\/7\/2021\/04\/Copy-of-Hestia-1920x1080-Landscape-Screen-34.jpg\",\"datePublished\":\"2021-04-05T18:46:21+00:00\",\"dateModified\":\"2024-11-06T13:14:11+00:00\",\"breadcrumb\":{\"@id\":\"https:\/\/www.hestiahotels.com\/haapsaluspa\/toode\/refleksoloogiline-jala-punktmassaaz\/#breadcrumb\"},\"inLanguage\":\"et\",\"potentialAction\":[{\"@type\":\"ReadAction\",\"target\":[\"https:\/\/www.hestiahotels.com\/haapsaluspa\/toode\/refleksoloogiline-jala-punktmassaaz\/\"]}]},{\"@type\":\"ImageObject\",\"inLanguage\":\"et\",\"@id\":\"https:\/\/www.hestiahotels.com\/haapsaluspa\/toode\/refleksoloogiline-jala-punktmassaaz\/#primaryimage\",\"url\":\"\/wp-content\/uploads\/sites\/7\/2021\/04\/Copy-of-Hestia-1920x1080-Landscape-Screen-34.jpg\",\"contentUrl\":\"\/wp-content\/uploads\/sites\/7\/2021\/04\/Copy-of-Hestia-1920x1080-Landscape-Screen-34.jpg\",\"width\":1920,\"height\":1080},{\"@type\":\"BreadcrumbList\",\"@id\":\"https:\/\/www.hestiahotels.com\/haapsaluspa\/toode\/refleksoloogiline-jala-punktmassaaz\/#breadcrumb\",\"itemListElement\":[{\"@type\":\"ListItem\",\"position\":1,\"name\":\"Home\",\"item\":\"https:\/\/www.hestiahotels.com\/haapsaluspa\/\"},{\"@type\":\"ListItem\",\"position\":2,\"name\":\"Spaa Hoolitsused\",\"item\":\"https:\/\/www.hestiahotels.com\/haapsaluspa\/spaa-hoolitused\/\"},{\"@type\":\"ListItem\",\"position\":3,\"name\":\"Refleksoloogiline jala punktmassaa\u017e\"}]},{\"@type\":\"WebSite\",\"@id\":\"https:\/\/www.hestiahotels.com\/haapsaluspa\/#website\",\"url\":\"https:\/\/www.hestiahotels.com\/haapsaluspa\/\",\"name\":\"Hestia Hotel Haapsalu Spa\",\"description\":\"Hestia Hotel Haapsalu Spa on kolmest k\u00fcljest merega piiratud V\u00e4ikese viigi kaldal, vaid jalutusk\u00e4igu kaugusel maalilisest Haapsalu vanalinnast.\",\"potentialAction\":[{\"@type\":\"SearchAction\",\"target\":{\"@type\":\"EntryPoint\",\"urlTemplate\":\"https:\/\/www.hestiahotels.com\/haapsaluspa\/?s={search_term_string}\"},\"query-input\":{\"@type\":\"PropertyValueSpecification\",\"valueRequired\":true,\"valueName\":\"search_term_string\"}}],\"inLanguage\":\"et\"}]}<\/script>\n<!-- \/ Yoast SEO plugin. -->","yoast_head_json":{"title":"Refleksoloogiline jala punktmassaa\u017e | Hestia Hotel Haapsalu Spa","robots":{"index":"index","follow":"follow","max-snippet":"max-snippet:-1","max-image-preview":"max-image-preview:large","max-video-preview":"max-video-preview:-1"},"canonical":"https:\/\/www.hestiahotels.com\/haapsaluspa\/toode\/refleksoloogiline-jala-punktmassaaz\/","og_locale":"et_EE","og_type":"article","og_title":"Refleksoloogiline jala punktmassaa\u017e | Hestia Hotel Haapsalu Spa","og_description":"Jalamassaa\u017e aitab l\u00f5\u00f5gastuda ja m\u00f5jutab kogu organismi. Jalalaba ja pahkluu piirkonna masseerimine aitab l\u00f5\u00f5gastuda ja muudab enesetunde paremaks. Konkreetsete punktide m\u00f5jutamine aitab refleksoloogiliselt tasakaalustada kogu organismi.  Massaa\u017e viiakse l\u00e4bi k\u00e4te, massaa\u017eipulga ja massaa\u017ei\u00f5li abil. Eriti h\u00e4sti sobib see nendele, kes on palju jalgadel.","og_url":"https:\/\/www.hestiahotels.com\/haapsaluspa\/toode\/refleksoloogiline-jala-punktmassaaz\/","og_site_name":"Hestia Hotel Haapsalu Spa","article_publisher":"https:\/\/www.facebook.com\/HaapsaluSpa","article_modified_time":"2024-11-06T13:14:11+00:00","og_image":[{"width":1920,"height":1080,"url":"https:\/\/www.hestiahotels.com\/wp-content\/uploads\/sites\/7\/2021\/04\/Copy-of-Hestia-1920x1080-Landscape-Screen-34.jpg","type":"image\/jpeg"}],"twitter_card":"summary_large_image","twitter_misc":{"Est. reading time":"1 minut"},"schema":{"@context":"https:\/\/schema.org","@graph":[{"@type":"WebPage","@id":"https:\/\/www.hestiahotels.com\/haapsaluspa\/toode\/refleksoloogiline-jala-punktmassaaz\/","url":"https:\/\/www.hestiahotels.com\/haapsaluspa\/toode\/refleksoloogiline-jala-punktmassaaz\/","name":"Refleksoloogiline jala punktmassaa\u017e | Hestia Hotel Haapsalu Spa","isPartOf":{"@id":"https:\/\/www.hestiahotels.com\/haapsaluspa\/#website"},"primaryImageOfPage":{"@id":"https:\/\/www.hestiahotels.com\/haapsaluspa\/toode\/refleksoloogiline-jala-punktmassaaz\/#primaryimage"},"image":{"@id":"https:\/\/www.hestiahotels.com\/haapsaluspa\/toode\/refleksoloogiline-jala-punktmassaaz\/#primaryimage"},"thumbnailUrl":"\/wp-content\/uploads\/sites\/7\/2021\/04\/Copy-of-Hestia-1920x1080-Landscape-Screen-34.jpg","datePublished":"2021-04-05T18:46:21+00:00","dateModified":"2024-11-06T13:14:11+00:00","breadcrumb":{"@id":"https:\/\/www.hestiahotels.com\/haapsaluspa\/toode\/refleksoloogiline-jala-punktmassaaz\/#breadcrumb"},"inLanguage":"et","potentialAction":[{"@type":"ReadAction","target":["https:\/\/www.hestiahotels.com\/haapsaluspa\/toode\/refleksoloogiline-jala-punktmassaaz\/"]}]},{"@type":"ImageObject","inLanguage":"et","@id":"https:\/\/www.hestiahotels.com\/haapsaluspa\/toode\/refleksoloogiline-jala-punktmassaaz\/#primaryimage","url":"\/wp-content\/uploads\/sites\/7\/2021\/04\/Copy-of-Hestia-1920x1080-Landscape-Screen-34.jpg","contentUrl":"\/wp-content\/uploads\/sites\/7\/2021\/04\/Copy-of-Hestia-1920x1080-Landscape-Screen-34.jpg","width":1920,"height":1080},{"@type":"BreadcrumbList","@id":"https:\/\/www.hestiahotels.com\/haapsaluspa\/toode\/refleksoloogiline-jala-punktmassaaz\/#breadcrumb","itemListElement":[{"@type":"ListItem","position":1,"name":"Home","item":"https:\/\/www.hestiahotels.com\/haapsaluspa\/"},{"@type":"ListItem","position":2,"name":"Spaa Hoolitsused","item":"https:\/\/www.hestiahotels.com\/haapsaluspa\/spaa-hoolitused\/"},{"@type":"ListItem","position":3,"name":"Refleksoloogiline jala punktmassaa\u017e"}]},{"@type":"WebSite","@id":"https:\/\/www.hestiahotels.com\/haapsaluspa\/#website","url":"https:\/\/www.hestiahotels.com\/haapsaluspa\/","name":"Hestia Hotel Haapsalu Spa","description":"Hestia Hotel Haapsalu Spa on kolmest k\u00fcljest merega piiratud V\u00e4ikese viigi kaldal, vaid jalutusk\u00e4igu kaugusel maalilisest Haapsalu vanalinnast.","potentialAction":[{"@type":"SearchAction","target":{"@type":"EntryPoint","urlTemplate":"https:\/\/www.hestiahotels.com\/haapsaluspa\/?s={search_term_string}"},"query-input":{"@type":"PropertyValueSpecification","valueRequired":true,"valueName":"search_term_string"}}],"inLanguage":"et"}]}},"_links":{"self":[{"href":"https:\/\/www.hestiahotels.com\/haapsaluspa\/wp-json\/wp\/v2\/product\/17877","targetHints":{"allow":["GET"]}}],"collection":[{"href":"https:\/\/www.hestiahotels.com\/haapsaluspa\/wp-json\/wp\/v2\/product"}],"about":[{"href":"https:\/\/www.hestiahotels.com\/haapsaluspa\/wp-json\/wp\/v2\/types\/product"}],"wp:featuredmedia":[{"embeddable":true,"href":"https:\/\/www.hestiahotels.com\/haapsaluspa\/wp-json\/wp\/v2\/media\/17884"}],"wp:attachment":[{"href":"https:\/\/www.hestiahotels.com\/haapsaluspa\/wp-json\/wp\/v2\/media?parent=17877"}],"wp:term":[{"taxonomy":"product_brand","embeddable":true,"href":"https:\/\/www.hestiahotels.com\/haapsaluspa\/wp-json\/wp\/v2\/product_brand?post=17877"},{"taxonomy":"product_cat","embeddable":true,"href":"https:\/\/www.hestiahotels.com\/haapsaluspa\/wp-json\/wp\/v2\/product_cat?post=17877"},{"taxonomy":"product_tag","embeddable":true,"href":"https:\/\/www.hestiahotels.com\/haapsaluspa\/wp-json\/wp\/v2\/product_tag?post=17877"}],"curies":[{"name":"wp","href":"https:\/\/api.w.org\/{rel}","templated":true}]}}