{"id":17918,"date":"2021-04-06T10:57:29","date_gmt":"2021-04-06T07:57:29","guid":{"rendered":"https:\/\/www.hestiahotels.com\/haapsaluspa\/?post_type=product&#038;p=17918"},"modified":"2025-07-01T01:04:20","modified_gmt":"2025-06-30T22:04:20","slug":"automaatne-vesimassaaz-mudaekstraktiga","status":"publish","type":"product","link":"https:\/\/www.hestiahotels.com\/haapsaluspa\/toode\/automaatne-vesimassaaz-mudaekstraktiga\/","title":{"rendered":"Automaatne vesimassaa\u017e mudaekstraktiga"},"content":{"rendered":"<p>Mudas leiduvad mikroelemendid parandavad ainevahetust ning suurendavad oluliselt naha varustatust niiskusega. T\u00e4nu E-vitamiini sisaldusele omab ravimuda tugevat antioks\u00fcdeerimisv\u00f5imet ning stimuleerib kudede regeneratsiooni. Taastab kudede elastsuse ja tekstuuri, nahk saab tagasi oma s\u00e4ra ja eluj\u00f5u.<\/p>\n","protected":false},"excerpt":{"rendered":"<p>Otstest ja k\u00fclgedelt tulevad veejoad masseerivad intensiivselt keha. Mudakonsentraat aitab parandada naha struktuuri, muutes naha pehmemaks.<\/p>\n","protected":false},"featured_media":17381,"template":"","meta":{"_acf_changed":false},"product_brand":[],"product_cat":[158,71],"product_tag":[],"class_list":{"0":"post-17918","1":"product","2":"type-product","3":"status-publish","4":"has-post-thumbnail","6":"product_cat-muda-teraapia","7":"product_cat-vesi","9":"first","10":"instock","11":"shipping-taxable","12":"purchasable","13":"product-type-simple"},"acf":[],"yoast_head":"<!-- This site is optimized with the Yoast SEO plugin v27.2 - https:\/\/yoast.com\/product\/yoast-seo-wordpress\/ -->\n<title>Automaatne vesimassaa\u017e mudaekstraktiga | Hestia Hotel Haapsalu Spa<\/title>\n<meta name=\"robots\" content=\"index, follow, max-snippet:-1, max-image-preview:large, max-video-preview:-1\" \/>\n<link rel=\"canonical\" href=\"https:\/\/www.hestiahotels.com\/haapsaluspa\/toode\/automaatne-vesimassaaz-mudaekstraktiga\/\" \/>\n<meta property=\"og:locale\" content=\"et_EE\" \/>\n<meta property=\"og:type\" content=\"article\" \/>\n<meta property=\"og:title\" content=\"Automaatne vesimassaa\u017e mudaekstraktiga | Hestia Hotel Haapsalu Spa\" \/>\n<meta property=\"og:description\" content=\"Otstest ja k\u00fclgedelt tulevad veejoad masseerivad intensiivselt keha. Mudakonsentraat aitab parandada naha struktuuri, muutes naha pehmemaks.\" \/>\n<meta property=\"og:url\" content=\"https:\/\/www.hestiahotels.com\/haapsaluspa\/toode\/automaatne-vesimassaaz-mudaekstraktiga\/\" \/>\n<meta property=\"og:site_name\" content=\"Hestia Hotel Haapsalu Spa\" \/>\n<meta property=\"article:publisher\" content=\"https:\/\/www.facebook.com\/HaapsaluSpa\" \/>\n<meta property=\"article:modified_time\" content=\"2025-06-30T22:04:20+00:00\" \/>\n<meta property=\"og:image\" content=\"https:\/\/www.hestiahotels.com\/wp-content\/uploads\/sites\/7\/2021\/03\/AdobeStock_212900185.jpg\" \/>\n\t<meta property=\"og:image:width\" content=\"1920\" \/>\n\t<meta property=\"og:image:height\" content=\"1280\" \/>\n\t<meta property=\"og:image:type\" content=\"image\/jpeg\" \/>\n<meta name=\"twitter:card\" content=\"summary_large_image\" \/>\n<meta name=\"twitter:label1\" content=\"Est. reading time\" \/>\n\t<meta name=\"twitter:data1\" content=\"1 minut\" \/>\n<script type=\"application\/ld+json\" class=\"yoast-schema-graph\">{\"@context\":\"https:\/\/schema.org\",\"@graph\":[{\"@type\":\"WebPage\",\"@id\":\"https:\/\/www.hestiahotels.com\/haapsaluspa\/toode\/automaatne-vesimassaaz-mudaekstraktiga\/\",\"url\":\"https:\/\/www.hestiahotels.com\/haapsaluspa\/toode\/automaatne-vesimassaaz-mudaekstraktiga\/\",\"name\":\"Automaatne vesimassaa\u017e mudaekstraktiga | Hestia Hotel Haapsalu Spa\",\"isPartOf\":{\"@id\":\"https:\/\/www.hestiahotels.com\/haapsaluspa\/#website\"},\"primaryImageOfPage\":{\"@id\":\"https:\/\/www.hestiahotels.com\/haapsaluspa\/toode\/automaatne-vesimassaaz-mudaekstraktiga\/#primaryimage\"},\"image\":{\"@id\":\"https:\/\/www.hestiahotels.com\/haapsaluspa\/toode\/automaatne-vesimassaaz-mudaekstraktiga\/#primaryimage\"},\"thumbnailUrl\":\"\/wp-content\/uploads\/sites\/7\/2021\/03\/AdobeStock_212900185.jpg\",\"datePublished\":\"2021-04-06T07:57:29+00:00\",\"dateModified\":\"2025-06-30T22:04:20+00:00\",\"breadcrumb\":{\"@id\":\"https:\/\/www.hestiahotels.com\/haapsaluspa\/toode\/automaatne-vesimassaaz-mudaekstraktiga\/#breadcrumb\"},\"inLanguage\":\"et\",\"potentialAction\":[{\"@type\":\"ReadAction\",\"target\":[\"https:\/\/www.hestiahotels.com\/haapsaluspa\/toode\/automaatne-vesimassaaz-mudaekstraktiga\/\"]}]},{\"@type\":\"ImageObject\",\"inLanguage\":\"et\",\"@id\":\"https:\/\/www.hestiahotels.com\/haapsaluspa\/toode\/automaatne-vesimassaaz-mudaekstraktiga\/#primaryimage\",\"url\":\"\/wp-content\/uploads\/sites\/7\/2021\/03\/AdobeStock_212900185.jpg\",\"contentUrl\":\"\/wp-content\/uploads\/sites\/7\/2021\/03\/AdobeStock_212900185.jpg\",\"width\":1920,\"height\":1280},{\"@type\":\"BreadcrumbList\",\"@id\":\"https:\/\/www.hestiahotels.com\/haapsaluspa\/toode\/automaatne-vesimassaaz-mudaekstraktiga\/#breadcrumb\",\"itemListElement\":[{\"@type\":\"ListItem\",\"position\":1,\"name\":\"Home\",\"item\":\"https:\/\/www.hestiahotels.com\/haapsaluspa\/\"},{\"@type\":\"ListItem\",\"position\":2,\"name\":\"Spaa Hoolitsused\",\"item\":\"https:\/\/www.hestiahotels.com\/haapsaluspa\/spaa-hoolitused\/\"},{\"@type\":\"ListItem\",\"position\":3,\"name\":\"Automaatne vesimassaa\u017e mudaekstraktiga\"}]},{\"@type\":\"WebSite\",\"@id\":\"https:\/\/www.hestiahotels.com\/haapsaluspa\/#website\",\"url\":\"https:\/\/www.hestiahotels.com\/haapsaluspa\/\",\"name\":\"Hestia Hotel Haapsalu Spa\",\"description\":\"Hestia Hotel Haapsalu Spa on kolmest k\u00fcljest merega piiratud V\u00e4ikese viigi kaldal, vaid jalutusk\u00e4igu kaugusel maalilisest Haapsalu vanalinnast.\",\"potentialAction\":[{\"@type\":\"SearchAction\",\"target\":{\"@type\":\"EntryPoint\",\"urlTemplate\":\"https:\/\/www.hestiahotels.com\/haapsaluspa\/?s={search_term_string}\"},\"query-input\":{\"@type\":\"PropertyValueSpecification\",\"valueRequired\":true,\"valueName\":\"search_term_string\"}}],\"inLanguage\":\"et\"}]}<\/script>\n<!-- \/ Yoast SEO plugin. -->","yoast_head_json":{"title":"Automaatne vesimassaa\u017e mudaekstraktiga | Hestia Hotel Haapsalu Spa","robots":{"index":"index","follow":"follow","max-snippet":"max-snippet:-1","max-image-preview":"max-image-preview:large","max-video-preview":"max-video-preview:-1"},"canonical":"https:\/\/www.hestiahotels.com\/haapsaluspa\/toode\/automaatne-vesimassaaz-mudaekstraktiga\/","og_locale":"et_EE","og_type":"article","og_title":"Automaatne vesimassaa\u017e mudaekstraktiga | Hestia Hotel Haapsalu Spa","og_description":"Otstest ja k\u00fclgedelt tulevad veejoad masseerivad intensiivselt keha. Mudakonsentraat aitab parandada naha struktuuri, muutes naha pehmemaks.","og_url":"https:\/\/www.hestiahotels.com\/haapsaluspa\/toode\/automaatne-vesimassaaz-mudaekstraktiga\/","og_site_name":"Hestia Hotel Haapsalu Spa","article_publisher":"https:\/\/www.facebook.com\/HaapsaluSpa","article_modified_time":"2025-06-30T22:04:20+00:00","og_image":[{"width":1920,"height":1280,"url":"https:\/\/www.hestiahotels.com\/wp-content\/uploads\/sites\/7\/2021\/03\/AdobeStock_212900185.jpg","type":"image\/jpeg"}],"twitter_card":"summary_large_image","twitter_misc":{"Est. reading time":"1 minut"},"schema":{"@context":"https:\/\/schema.org","@graph":[{"@type":"WebPage","@id":"https:\/\/www.hestiahotels.com\/haapsaluspa\/toode\/automaatne-vesimassaaz-mudaekstraktiga\/","url":"https:\/\/www.hestiahotels.com\/haapsaluspa\/toode\/automaatne-vesimassaaz-mudaekstraktiga\/","name":"Automaatne vesimassaa\u017e mudaekstraktiga | Hestia Hotel Haapsalu Spa","isPartOf":{"@id":"https:\/\/www.hestiahotels.com\/haapsaluspa\/#website"},"primaryImageOfPage":{"@id":"https:\/\/www.hestiahotels.com\/haapsaluspa\/toode\/automaatne-vesimassaaz-mudaekstraktiga\/#primaryimage"},"image":{"@id":"https:\/\/www.hestiahotels.com\/haapsaluspa\/toode\/automaatne-vesimassaaz-mudaekstraktiga\/#primaryimage"},"thumbnailUrl":"\/wp-content\/uploads\/sites\/7\/2021\/03\/AdobeStock_212900185.jpg","datePublished":"2021-04-06T07:57:29+00:00","dateModified":"2025-06-30T22:04:20+00:00","breadcrumb":{"@id":"https:\/\/www.hestiahotels.com\/haapsaluspa\/toode\/automaatne-vesimassaaz-mudaekstraktiga\/#breadcrumb"},"inLanguage":"et","potentialAction":[{"@type":"ReadAction","target":["https:\/\/www.hestiahotels.com\/haapsaluspa\/toode\/automaatne-vesimassaaz-mudaekstraktiga\/"]}]},{"@type":"ImageObject","inLanguage":"et","@id":"https:\/\/www.hestiahotels.com\/haapsaluspa\/toode\/automaatne-vesimassaaz-mudaekstraktiga\/#primaryimage","url":"\/wp-content\/uploads\/sites\/7\/2021\/03\/AdobeStock_212900185.jpg","contentUrl":"\/wp-content\/uploads\/sites\/7\/2021\/03\/AdobeStock_212900185.jpg","width":1920,"height":1280},{"@type":"BreadcrumbList","@id":"https:\/\/www.hestiahotels.com\/haapsaluspa\/toode\/automaatne-vesimassaaz-mudaekstraktiga\/#breadcrumb","itemListElement":[{"@type":"ListItem","position":1,"name":"Home","item":"https:\/\/www.hestiahotels.com\/haapsaluspa\/"},{"@type":"ListItem","position":2,"name":"Spaa Hoolitsused","item":"https:\/\/www.hestiahotels.com\/haapsaluspa\/spaa-hoolitused\/"},{"@type":"ListItem","position":3,"name":"Automaatne vesimassaa\u017e mudaekstraktiga"}]},{"@type":"WebSite","@id":"https:\/\/www.hestiahotels.com\/haapsaluspa\/#website","url":"https:\/\/www.hestiahotels.com\/haapsaluspa\/","name":"Hestia Hotel Haapsalu Spa","description":"Hestia Hotel Haapsalu Spa on kolmest k\u00fcljest merega piiratud V\u00e4ikese viigi kaldal, vaid jalutusk\u00e4igu kaugusel maalilisest Haapsalu vanalinnast.","potentialAction":[{"@type":"SearchAction","target":{"@type":"EntryPoint","urlTemplate":"https:\/\/www.hestiahotels.com\/haapsaluspa\/?s={search_term_string}"},"query-input":{"@type":"PropertyValueSpecification","valueRequired":true,"valueName":"search_term_string"}}],"inLanguage":"et"}]}},"_links":{"self":[{"href":"https:\/\/www.hestiahotels.com\/haapsaluspa\/wp-json\/wp\/v2\/product\/17918","targetHints":{"allow":["GET"]}}],"collection":[{"href":"https:\/\/www.hestiahotels.com\/haapsaluspa\/wp-json\/wp\/v2\/product"}],"about":[{"href":"https:\/\/www.hestiahotels.com\/haapsaluspa\/wp-json\/wp\/v2\/types\/product"}],"wp:featuredmedia":[{"embeddable":true,"href":"https:\/\/www.hestiahotels.com\/haapsaluspa\/wp-json\/wp\/v2\/media\/17381"}],"wp:attachment":[{"href":"https:\/\/www.hestiahotels.com\/haapsaluspa\/wp-json\/wp\/v2\/media?parent=17918"}],"wp:term":[{"taxonomy":"product_brand","embeddable":true,"href":"https:\/\/www.hestiahotels.com\/haapsaluspa\/wp-json\/wp\/v2\/product_brand?post=17918"},{"taxonomy":"product_cat","embeddable":true,"href":"https:\/\/www.hestiahotels.com\/haapsaluspa\/wp-json\/wp\/v2\/product_cat?post=17918"},{"taxonomy":"product_tag","embeddable":true,"href":"https:\/\/www.hestiahotels.com\/haapsaluspa\/wp-json\/wp\/v2\/product_tag?post=17918"}],"curies":[{"name":"wp","href":"https:\/\/api.w.org\/{rel}","templated":true}]}}