{"id":17922,"date":"2021-04-06T11:17:38","date_gmt":"2021-04-06T08:17:38","guid":{"rendered":"https:\/\/www.hestiahotels.com\/haapsaluspa\/?post_type=product&#038;p=17922"},"modified":"2025-08-01T00:00:07","modified_gmt":"2025-07-31T21:00:07","slug":"ravimuda-magneesiumi-ja-lavendliga-jalgade-keerisvann","status":"publish","type":"product","link":"https:\/\/www.hestiahotels.com\/haapsaluspa\/toode\/ravimuda-magneesiumi-ja-lavendliga-jalgade-keerisvann\/","title":{"rendered":"Ravimuda, magneesiumi ja lavendliga jalgade keerisvann"},"content":{"rendered":"<p>Ravimuda vanniekstraktiga jalavann aitab parandada ainevahetust ja verevarustust kudedes, mille tagaj\u00e4rjel alanevad v\u00f5i taanduvad p\u00f5letikulised ja traumaatilised protsessid. Ravimuda ja lisatud magneesium leevendavad lihaspingeid ja valu liigestes, lavendel aga m\u00f5jub rahustavalt.<\/p>\n","protected":false},"excerpt":{"rendered":"<p>Vanni k\u00fclgedelt tulevad veejoad masseerivad jalgu kuni p\u00f5lvedeni. Muda ja magneesium \u00fcheskoos v\u00e4hendavad lihaspingeid jalgades.<\/p>\n","protected":false},"featured_media":18051,"template":"","meta":{"_acf_changed":false},"product_brand":[],"product_cat":[158,71],"product_tag":[],"class_list":{"0":"post-17922","1":"product","2":"type-product","3":"status-publish","4":"has-post-thumbnail","6":"product_cat-muda-teraapia","7":"product_cat-vesi","9":"first","10":"instock","11":"shipping-taxable","12":"purchasable","13":"product-type-simple"},"acf":[],"yoast_head":"<!-- This site is optimized with the Yoast SEO plugin v27.2 - https:\/\/yoast.com\/product\/yoast-seo-wordpress\/ -->\n<title>Ravimuda, magneesiumi ja lavendliga jalgade keerisvann | Hestia Hotel Haapsalu Spa<\/title>\n<meta name=\"robots\" content=\"index, follow, max-snippet:-1, max-image-preview:large, max-video-preview:-1\" \/>\n<link rel=\"canonical\" href=\"https:\/\/www.hestiahotels.com\/haapsaluspa\/toode\/ravimuda-magneesiumi-ja-lavendliga-jalgade-keerisvann\/\" \/>\n<meta property=\"og:locale\" content=\"et_EE\" \/>\n<meta property=\"og:type\" content=\"article\" \/>\n<meta property=\"og:title\" content=\"Ravimuda, magneesiumi ja lavendliga jalgade keerisvann | Hestia Hotel Haapsalu Spa\" \/>\n<meta property=\"og:description\" content=\"Vanni k\u00fclgedelt tulevad veejoad masseerivad jalgu kuni p\u00f5lvedeni. Muda ja magneesium \u00fcheskoos v\u00e4hendavad lihaspingeid jalgades.\" \/>\n<meta property=\"og:url\" content=\"https:\/\/www.hestiahotels.com\/haapsaluspa\/toode\/ravimuda-magneesiumi-ja-lavendliga-jalgade-keerisvann\/\" \/>\n<meta property=\"og:site_name\" content=\"Hestia Hotel Haapsalu Spa\" \/>\n<meta property=\"article:publisher\" content=\"https:\/\/www.facebook.com\/HaapsaluSpa\" \/>\n<meta property=\"article:modified_time\" content=\"2025-07-31T21:00:07+00:00\" \/>\n<meta property=\"og:image\" content=\"https:\/\/www.hestiahotels.com\/wp-content\/uploads\/sites\/7\/2021\/04\/Laine_0908_Silver_Raidla.jpg\" \/>\n\t<meta property=\"og:image:width\" content=\"1920\" \/>\n\t<meta property=\"og:image:height\" content=\"1280\" \/>\n\t<meta property=\"og:image:type\" content=\"image\/jpeg\" \/>\n<meta name=\"twitter:card\" content=\"summary_large_image\" \/>\n<meta name=\"twitter:label1\" content=\"Est. reading time\" \/>\n\t<meta name=\"twitter:data1\" content=\"1 minut\" \/>\n<script type=\"application\/ld+json\" class=\"yoast-schema-graph\">{\"@context\":\"https:\/\/schema.org\",\"@graph\":[{\"@type\":\"WebPage\",\"@id\":\"https:\/\/www.hestiahotels.com\/haapsaluspa\/toode\/ravimuda-magneesiumi-ja-lavendliga-jalgade-keerisvann\/\",\"url\":\"https:\/\/www.hestiahotels.com\/haapsaluspa\/toode\/ravimuda-magneesiumi-ja-lavendliga-jalgade-keerisvann\/\",\"name\":\"Ravimuda, magneesiumi ja lavendliga jalgade keerisvann | Hestia Hotel Haapsalu Spa\",\"isPartOf\":{\"@id\":\"https:\/\/www.hestiahotels.com\/haapsaluspa\/#website\"},\"primaryImageOfPage\":{\"@id\":\"https:\/\/www.hestiahotels.com\/haapsaluspa\/toode\/ravimuda-magneesiumi-ja-lavendliga-jalgade-keerisvann\/#primaryimage\"},\"image\":{\"@id\":\"https:\/\/www.hestiahotels.com\/haapsaluspa\/toode\/ravimuda-magneesiumi-ja-lavendliga-jalgade-keerisvann\/#primaryimage\"},\"thumbnailUrl\":\"\/wp-content\/uploads\/sites\/7\/2021\/04\/Laine_0908_Silver_Raidla.jpg\",\"datePublished\":\"2021-04-06T08:17:38+00:00\",\"dateModified\":\"2025-07-31T21:00:07+00:00\",\"breadcrumb\":{\"@id\":\"https:\/\/www.hestiahotels.com\/haapsaluspa\/toode\/ravimuda-magneesiumi-ja-lavendliga-jalgade-keerisvann\/#breadcrumb\"},\"inLanguage\":\"et\",\"potentialAction\":[{\"@type\":\"ReadAction\",\"target\":[\"https:\/\/www.hestiahotels.com\/haapsaluspa\/toode\/ravimuda-magneesiumi-ja-lavendliga-jalgade-keerisvann\/\"]}]},{\"@type\":\"ImageObject\",\"inLanguage\":\"et\",\"@id\":\"https:\/\/www.hestiahotels.com\/haapsaluspa\/toode\/ravimuda-magneesiumi-ja-lavendliga-jalgade-keerisvann\/#primaryimage\",\"url\":\"\/wp-content\/uploads\/sites\/7\/2021\/04\/Laine_0908_Silver_Raidla.jpg\",\"contentUrl\":\"\/wp-content\/uploads\/sites\/7\/2021\/04\/Laine_0908_Silver_Raidla.jpg\",\"width\":1920,\"height\":1280},{\"@type\":\"BreadcrumbList\",\"@id\":\"https:\/\/www.hestiahotels.com\/haapsaluspa\/toode\/ravimuda-magneesiumi-ja-lavendliga-jalgade-keerisvann\/#breadcrumb\",\"itemListElement\":[{\"@type\":\"ListItem\",\"position\":1,\"name\":\"Home\",\"item\":\"https:\/\/www.hestiahotels.com\/haapsaluspa\/\"},{\"@type\":\"ListItem\",\"position\":2,\"name\":\"Spaa Hoolitsused\",\"item\":\"https:\/\/www.hestiahotels.com\/haapsaluspa\/spaa-hoolitused\/\"},{\"@type\":\"ListItem\",\"position\":3,\"name\":\"Ravimuda, magneesiumi ja lavendliga jalgade keerisvann\"}]},{\"@type\":\"WebSite\",\"@id\":\"https:\/\/www.hestiahotels.com\/haapsaluspa\/#website\",\"url\":\"https:\/\/www.hestiahotels.com\/haapsaluspa\/\",\"name\":\"Hestia Hotel Haapsalu Spa\",\"description\":\"Hestia Hotel Haapsalu Spa on kolmest k\u00fcljest merega piiratud V\u00e4ikese viigi kaldal, vaid jalutusk\u00e4igu kaugusel maalilisest Haapsalu vanalinnast.\",\"potentialAction\":[{\"@type\":\"SearchAction\",\"target\":{\"@type\":\"EntryPoint\",\"urlTemplate\":\"https:\/\/www.hestiahotels.com\/haapsaluspa\/?s={search_term_string}\"},\"query-input\":{\"@type\":\"PropertyValueSpecification\",\"valueRequired\":true,\"valueName\":\"search_term_string\"}}],\"inLanguage\":\"et\"}]}<\/script>\n<!-- \/ Yoast SEO plugin. -->","yoast_head_json":{"title":"Ravimuda, magneesiumi ja lavendliga jalgade keerisvann | Hestia Hotel Haapsalu Spa","robots":{"index":"index","follow":"follow","max-snippet":"max-snippet:-1","max-image-preview":"max-image-preview:large","max-video-preview":"max-video-preview:-1"},"canonical":"https:\/\/www.hestiahotels.com\/haapsaluspa\/toode\/ravimuda-magneesiumi-ja-lavendliga-jalgade-keerisvann\/","og_locale":"et_EE","og_type":"article","og_title":"Ravimuda, magneesiumi ja lavendliga jalgade keerisvann | Hestia Hotel Haapsalu Spa","og_description":"Vanni k\u00fclgedelt tulevad veejoad masseerivad jalgu kuni p\u00f5lvedeni. Muda ja magneesium \u00fcheskoos v\u00e4hendavad lihaspingeid jalgades.","og_url":"https:\/\/www.hestiahotels.com\/haapsaluspa\/toode\/ravimuda-magneesiumi-ja-lavendliga-jalgade-keerisvann\/","og_site_name":"Hestia Hotel Haapsalu Spa","article_publisher":"https:\/\/www.facebook.com\/HaapsaluSpa","article_modified_time":"2025-07-31T21:00:07+00:00","og_image":[{"width":1920,"height":1280,"url":"https:\/\/www.hestiahotels.com\/wp-content\/uploads\/sites\/7\/2021\/04\/Laine_0908_Silver_Raidla.jpg","type":"image\/jpeg"}],"twitter_card":"summary_large_image","twitter_misc":{"Est. reading time":"1 minut"},"schema":{"@context":"https:\/\/schema.org","@graph":[{"@type":"WebPage","@id":"https:\/\/www.hestiahotels.com\/haapsaluspa\/toode\/ravimuda-magneesiumi-ja-lavendliga-jalgade-keerisvann\/","url":"https:\/\/www.hestiahotels.com\/haapsaluspa\/toode\/ravimuda-magneesiumi-ja-lavendliga-jalgade-keerisvann\/","name":"Ravimuda, magneesiumi ja lavendliga jalgade keerisvann | Hestia Hotel Haapsalu Spa","isPartOf":{"@id":"https:\/\/www.hestiahotels.com\/haapsaluspa\/#website"},"primaryImageOfPage":{"@id":"https:\/\/www.hestiahotels.com\/haapsaluspa\/toode\/ravimuda-magneesiumi-ja-lavendliga-jalgade-keerisvann\/#primaryimage"},"image":{"@id":"https:\/\/www.hestiahotels.com\/haapsaluspa\/toode\/ravimuda-magneesiumi-ja-lavendliga-jalgade-keerisvann\/#primaryimage"},"thumbnailUrl":"\/wp-content\/uploads\/sites\/7\/2021\/04\/Laine_0908_Silver_Raidla.jpg","datePublished":"2021-04-06T08:17:38+00:00","dateModified":"2025-07-31T21:00:07+00:00","breadcrumb":{"@id":"https:\/\/www.hestiahotels.com\/haapsaluspa\/toode\/ravimuda-magneesiumi-ja-lavendliga-jalgade-keerisvann\/#breadcrumb"},"inLanguage":"et","potentialAction":[{"@type":"ReadAction","target":["https:\/\/www.hestiahotels.com\/haapsaluspa\/toode\/ravimuda-magneesiumi-ja-lavendliga-jalgade-keerisvann\/"]}]},{"@type":"ImageObject","inLanguage":"et","@id":"https:\/\/www.hestiahotels.com\/haapsaluspa\/toode\/ravimuda-magneesiumi-ja-lavendliga-jalgade-keerisvann\/#primaryimage","url":"\/wp-content\/uploads\/sites\/7\/2021\/04\/Laine_0908_Silver_Raidla.jpg","contentUrl":"\/wp-content\/uploads\/sites\/7\/2021\/04\/Laine_0908_Silver_Raidla.jpg","width":1920,"height":1280},{"@type":"BreadcrumbList","@id":"https:\/\/www.hestiahotels.com\/haapsaluspa\/toode\/ravimuda-magneesiumi-ja-lavendliga-jalgade-keerisvann\/#breadcrumb","itemListElement":[{"@type":"ListItem","position":1,"name":"Home","item":"https:\/\/www.hestiahotels.com\/haapsaluspa\/"},{"@type":"ListItem","position":2,"name":"Spaa Hoolitsused","item":"https:\/\/www.hestiahotels.com\/haapsaluspa\/spaa-hoolitused\/"},{"@type":"ListItem","position":3,"name":"Ravimuda, magneesiumi ja lavendliga jalgade keerisvann"}]},{"@type":"WebSite","@id":"https:\/\/www.hestiahotels.com\/haapsaluspa\/#website","url":"https:\/\/www.hestiahotels.com\/haapsaluspa\/","name":"Hestia Hotel Haapsalu Spa","description":"Hestia Hotel Haapsalu Spa on kolmest k\u00fcljest merega piiratud V\u00e4ikese viigi kaldal, vaid jalutusk\u00e4igu kaugusel maalilisest Haapsalu vanalinnast.","potentialAction":[{"@type":"SearchAction","target":{"@type":"EntryPoint","urlTemplate":"https:\/\/www.hestiahotels.com\/haapsaluspa\/?s={search_term_string}"},"query-input":{"@type":"PropertyValueSpecification","valueRequired":true,"valueName":"search_term_string"}}],"inLanguage":"et"}]}},"_links":{"self":[{"href":"https:\/\/www.hestiahotels.com\/haapsaluspa\/wp-json\/wp\/v2\/product\/17922","targetHints":{"allow":["GET"]}}],"collection":[{"href":"https:\/\/www.hestiahotels.com\/haapsaluspa\/wp-json\/wp\/v2\/product"}],"about":[{"href":"https:\/\/www.hestiahotels.com\/haapsaluspa\/wp-json\/wp\/v2\/types\/product"}],"wp:featuredmedia":[{"embeddable":true,"href":"https:\/\/www.hestiahotels.com\/haapsaluspa\/wp-json\/wp\/v2\/media\/18051"}],"wp:attachment":[{"href":"https:\/\/www.hestiahotels.com\/haapsaluspa\/wp-json\/wp\/v2\/media?parent=17922"}],"wp:term":[{"taxonomy":"product_brand","embeddable":true,"href":"https:\/\/www.hestiahotels.com\/haapsaluspa\/wp-json\/wp\/v2\/product_brand?post=17922"},{"taxonomy":"product_cat","embeddable":true,"href":"https:\/\/www.hestiahotels.com\/haapsaluspa\/wp-json\/wp\/v2\/product_cat?post=17922"},{"taxonomy":"product_tag","embeddable":true,"href":"https:\/\/www.hestiahotels.com\/haapsaluspa\/wp-json\/wp\/v2\/product_tag?post=17922"}],"curies":[{"name":"wp","href":"https:\/\/api.w.org\/{rel}","templated":true}]}}