{"id":17936,"date":"2021-04-06T11:38:50","date_gmt":"2021-04-06T08:38:50","guid":{"rendered":"https:\/\/www.hestiahotels.com\/haapsaluspa\/?post_type=product&#038;p=17936"},"modified":"2024-06-04T16:15:31","modified_gmt":"2024-06-04T13:15:31","slug":"iluparafiin-katele","status":"publish","type":"product","link":"https:\/\/www.hestiahotels.com\/haapsaluspa\/toode\/iluparafiin-katele\/","title":{"rendered":"Iluparafiin k\u00e4tele"},"content":{"rendered":"","protected":false},"excerpt":{"rendered":"<p>Nahka s\u00fcgavalt niisutav, toitev, vereringet parandav ja k\u00fc\u00fcnevalle pehmendav hoolitsus. Parafiin sisaldab ka E-vitamiini ja rahustab ning leevendab naha\u00e4rritusi. Esmalt kooritakse k\u00e4ed ja seej\u00e4rel pannakse sooja parafiini sisse, m\u00e4hitakse kinnastesse ning antakse aega headel ainetel m\u00f5juda ning l\u00f5\u00f5gastuda. Hoolitsuse l\u00f5petab k\u00e4te kreemitamine. Ei sisalda manik\u00fc\u00fcri ega k\u00fc\u00fcnte lakkimist.<\/p>\n","protected":false},"featured_media":24060,"template":"","meta":{"_acf_changed":false},"product_brand":[],"product_cat":[73],"product_tag":[],"class_list":{"0":"post-17936","1":"product","2":"type-product","3":"status-publish","4":"has-post-thumbnail","6":"product_cat-kaed-jalad","8":"first","9":"instock","10":"shipping-taxable","11":"purchasable","12":"product-type-simple"},"acf":[],"yoast_head":"<!-- This site is optimized with the Yoast SEO plugin v27.2 - https:\/\/yoast.com\/product\/yoast-seo-wordpress\/ -->\n<title>Iluparafiin k\u00e4tele | Hestia Hotel Haapsalu Spa<\/title>\n<meta name=\"robots\" content=\"index, follow, max-snippet:-1, max-image-preview:large, max-video-preview:-1\" \/>\n<link rel=\"canonical\" href=\"https:\/\/www.hestiahotels.com\/haapsaluspa\/toode\/iluparafiin-katele\/\" \/>\n<meta property=\"og:locale\" content=\"et_EE\" \/>\n<meta property=\"og:type\" content=\"article\" \/>\n<meta property=\"og:title\" content=\"Iluparafiin k\u00e4tele | Hestia Hotel Haapsalu Spa\" \/>\n<meta property=\"og:description\" content=\"Nahka s\u00fcgavalt niisutav, toitev, vereringet parandav ja k\u00fc\u00fcnevalle pehmendav hoolitsus. Parafiin sisaldab ka E-vitamiini ja rahustab ning leevendab naha\u00e4rritusi. Esmalt kooritakse k\u00e4ed ja seej\u00e4rel pannakse sooja parafiini sisse, m\u00e4hitakse kinnastesse ning antakse aega headel ainetel m\u00f5juda ning l\u00f5\u00f5gastuda. Hoolitsuse l\u00f5petab k\u00e4te kreemitamine. Ei sisalda manik\u00fc\u00fcri ega k\u00fc\u00fcnte lakkimist.\" \/>\n<meta property=\"og:url\" content=\"https:\/\/www.hestiahotels.com\/haapsaluspa\/toode\/iluparafiin-katele\/\" \/>\n<meta property=\"og:site_name\" content=\"Hestia Hotel Haapsalu Spa\" \/>\n<meta property=\"article:publisher\" content=\"https:\/\/www.facebook.com\/HaapsaluSpa\" \/>\n<meta property=\"article:modified_time\" content=\"2024-06-04T13:15:31+00:00\" \/>\n<meta property=\"og:image\" content=\"https:\/\/www.hestiahotels.com\/wp-content\/uploads\/sites\/7\/2021\/04\/Hestia-pildid-1920x1080-Landscape-Screen-75.jpg\" \/>\n\t<meta property=\"og:image:width\" content=\"1920\" \/>\n\t<meta property=\"og:image:height\" content=\"1080\" \/>\n\t<meta property=\"og:image:type\" content=\"image\/jpeg\" \/>\n<meta name=\"twitter:card\" content=\"summary_large_image\" \/>\n<script type=\"application\/ld+json\" class=\"yoast-schema-graph\">{\"@context\":\"https:\/\/schema.org\",\"@graph\":[{\"@type\":\"WebPage\",\"@id\":\"https:\/\/www.hestiahotels.com\/haapsaluspa\/toode\/iluparafiin-katele\/\",\"url\":\"https:\/\/www.hestiahotels.com\/haapsaluspa\/toode\/iluparafiin-katele\/\",\"name\":\"Iluparafiin k\u00e4tele | Hestia Hotel Haapsalu Spa\",\"isPartOf\":{\"@id\":\"https:\/\/www.hestiahotels.com\/haapsaluspa\/#website\"},\"primaryImageOfPage\":{\"@id\":\"https:\/\/www.hestiahotels.com\/haapsaluspa\/toode\/iluparafiin-katele\/#primaryimage\"},\"image\":{\"@id\":\"https:\/\/www.hestiahotels.com\/haapsaluspa\/toode\/iluparafiin-katele\/#primaryimage\"},\"thumbnailUrl\":\"\/wp-content\/uploads\/sites\/7\/2021\/04\/Hestia-pildid-1920x1080-Landscape-Screen-75.jpg\",\"datePublished\":\"2021-04-06T08:38:50+00:00\",\"dateModified\":\"2024-06-04T13:15:31+00:00\",\"breadcrumb\":{\"@id\":\"https:\/\/www.hestiahotels.com\/haapsaluspa\/toode\/iluparafiin-katele\/#breadcrumb\"},\"inLanguage\":\"et\",\"potentialAction\":[{\"@type\":\"ReadAction\",\"target\":[\"https:\/\/www.hestiahotels.com\/haapsaluspa\/toode\/iluparafiin-katele\/\"]}]},{\"@type\":\"ImageObject\",\"inLanguage\":\"et\",\"@id\":\"https:\/\/www.hestiahotels.com\/haapsaluspa\/toode\/iluparafiin-katele\/#primaryimage\",\"url\":\"\/wp-content\/uploads\/sites\/7\/2021\/04\/Hestia-pildid-1920x1080-Landscape-Screen-75.jpg\",\"contentUrl\":\"\/wp-content\/uploads\/sites\/7\/2021\/04\/Hestia-pildid-1920x1080-Landscape-Screen-75.jpg\",\"width\":1920,\"height\":1080},{\"@type\":\"BreadcrumbList\",\"@id\":\"https:\/\/www.hestiahotels.com\/haapsaluspa\/toode\/iluparafiin-katele\/#breadcrumb\",\"itemListElement\":[{\"@type\":\"ListItem\",\"position\":1,\"name\":\"Home\",\"item\":\"https:\/\/www.hestiahotels.com\/haapsaluspa\/\"},{\"@type\":\"ListItem\",\"position\":2,\"name\":\"Spaa Hoolitsused\",\"item\":\"https:\/\/www.hestiahotels.com\/haapsaluspa\/spaa-hoolitused\/\"},{\"@type\":\"ListItem\",\"position\":3,\"name\":\"Iluparafiin k\u00e4tele\"}]},{\"@type\":\"WebSite\",\"@id\":\"https:\/\/www.hestiahotels.com\/haapsaluspa\/#website\",\"url\":\"https:\/\/www.hestiahotels.com\/haapsaluspa\/\",\"name\":\"Hestia Hotel Haapsalu Spa\",\"description\":\"Hestia Hotel Haapsalu Spa on kolmest k\u00fcljest merega piiratud V\u00e4ikese viigi kaldal, vaid jalutusk\u00e4igu kaugusel maalilisest Haapsalu vanalinnast.\",\"potentialAction\":[{\"@type\":\"SearchAction\",\"target\":{\"@type\":\"EntryPoint\",\"urlTemplate\":\"https:\/\/www.hestiahotels.com\/haapsaluspa\/?s={search_term_string}\"},\"query-input\":{\"@type\":\"PropertyValueSpecification\",\"valueRequired\":true,\"valueName\":\"search_term_string\"}}],\"inLanguage\":\"et\"}]}<\/script>\n<!-- \/ Yoast SEO plugin. -->","yoast_head_json":{"title":"Iluparafiin k\u00e4tele | Hestia Hotel Haapsalu Spa","robots":{"index":"index","follow":"follow","max-snippet":"max-snippet:-1","max-image-preview":"max-image-preview:large","max-video-preview":"max-video-preview:-1"},"canonical":"https:\/\/www.hestiahotels.com\/haapsaluspa\/toode\/iluparafiin-katele\/","og_locale":"et_EE","og_type":"article","og_title":"Iluparafiin k\u00e4tele | Hestia Hotel Haapsalu Spa","og_description":"Nahka s\u00fcgavalt niisutav, toitev, vereringet parandav ja k\u00fc\u00fcnevalle pehmendav hoolitsus. Parafiin sisaldab ka E-vitamiini ja rahustab ning leevendab naha\u00e4rritusi. Esmalt kooritakse k\u00e4ed ja seej\u00e4rel pannakse sooja parafiini sisse, m\u00e4hitakse kinnastesse ning antakse aega headel ainetel m\u00f5juda ning l\u00f5\u00f5gastuda. Hoolitsuse l\u00f5petab k\u00e4te kreemitamine. Ei sisalda manik\u00fc\u00fcri ega k\u00fc\u00fcnte lakkimist.","og_url":"https:\/\/www.hestiahotels.com\/haapsaluspa\/toode\/iluparafiin-katele\/","og_site_name":"Hestia Hotel Haapsalu Spa","article_publisher":"https:\/\/www.facebook.com\/HaapsaluSpa","article_modified_time":"2024-06-04T13:15:31+00:00","og_image":[{"width":1920,"height":1080,"url":"https:\/\/www.hestiahotels.com\/wp-content\/uploads\/sites\/7\/2021\/04\/Hestia-pildid-1920x1080-Landscape-Screen-75.jpg","type":"image\/jpeg"}],"twitter_card":"summary_large_image","schema":{"@context":"https:\/\/schema.org","@graph":[{"@type":"WebPage","@id":"https:\/\/www.hestiahotels.com\/haapsaluspa\/toode\/iluparafiin-katele\/","url":"https:\/\/www.hestiahotels.com\/haapsaluspa\/toode\/iluparafiin-katele\/","name":"Iluparafiin k\u00e4tele | Hestia Hotel Haapsalu Spa","isPartOf":{"@id":"https:\/\/www.hestiahotels.com\/haapsaluspa\/#website"},"primaryImageOfPage":{"@id":"https:\/\/www.hestiahotels.com\/haapsaluspa\/toode\/iluparafiin-katele\/#primaryimage"},"image":{"@id":"https:\/\/www.hestiahotels.com\/haapsaluspa\/toode\/iluparafiin-katele\/#primaryimage"},"thumbnailUrl":"\/wp-content\/uploads\/sites\/7\/2021\/04\/Hestia-pildid-1920x1080-Landscape-Screen-75.jpg","datePublished":"2021-04-06T08:38:50+00:00","dateModified":"2024-06-04T13:15:31+00:00","breadcrumb":{"@id":"https:\/\/www.hestiahotels.com\/haapsaluspa\/toode\/iluparafiin-katele\/#breadcrumb"},"inLanguage":"et","potentialAction":[{"@type":"ReadAction","target":["https:\/\/www.hestiahotels.com\/haapsaluspa\/toode\/iluparafiin-katele\/"]}]},{"@type":"ImageObject","inLanguage":"et","@id":"https:\/\/www.hestiahotels.com\/haapsaluspa\/toode\/iluparafiin-katele\/#primaryimage","url":"\/wp-content\/uploads\/sites\/7\/2021\/04\/Hestia-pildid-1920x1080-Landscape-Screen-75.jpg","contentUrl":"\/wp-content\/uploads\/sites\/7\/2021\/04\/Hestia-pildid-1920x1080-Landscape-Screen-75.jpg","width":1920,"height":1080},{"@type":"BreadcrumbList","@id":"https:\/\/www.hestiahotels.com\/haapsaluspa\/toode\/iluparafiin-katele\/#breadcrumb","itemListElement":[{"@type":"ListItem","position":1,"name":"Home","item":"https:\/\/www.hestiahotels.com\/haapsaluspa\/"},{"@type":"ListItem","position":2,"name":"Spaa Hoolitsused","item":"https:\/\/www.hestiahotels.com\/haapsaluspa\/spaa-hoolitused\/"},{"@type":"ListItem","position":3,"name":"Iluparafiin k\u00e4tele"}]},{"@type":"WebSite","@id":"https:\/\/www.hestiahotels.com\/haapsaluspa\/#website","url":"https:\/\/www.hestiahotels.com\/haapsaluspa\/","name":"Hestia Hotel Haapsalu Spa","description":"Hestia Hotel Haapsalu Spa on kolmest k\u00fcljest merega piiratud V\u00e4ikese viigi kaldal, vaid jalutusk\u00e4igu kaugusel maalilisest Haapsalu vanalinnast.","potentialAction":[{"@type":"SearchAction","target":{"@type":"EntryPoint","urlTemplate":"https:\/\/www.hestiahotels.com\/haapsaluspa\/?s={search_term_string}"},"query-input":{"@type":"PropertyValueSpecification","valueRequired":true,"valueName":"search_term_string"}}],"inLanguage":"et"}]}},"_links":{"self":[{"href":"https:\/\/www.hestiahotels.com\/haapsaluspa\/wp-json\/wp\/v2\/product\/17936","targetHints":{"allow":["GET"]}}],"collection":[{"href":"https:\/\/www.hestiahotels.com\/haapsaluspa\/wp-json\/wp\/v2\/product"}],"about":[{"href":"https:\/\/www.hestiahotels.com\/haapsaluspa\/wp-json\/wp\/v2\/types\/product"}],"wp:featuredmedia":[{"embeddable":true,"href":"https:\/\/www.hestiahotels.com\/haapsaluspa\/wp-json\/wp\/v2\/media\/24060"}],"wp:attachment":[{"href":"https:\/\/www.hestiahotels.com\/haapsaluspa\/wp-json\/wp\/v2\/media?parent=17936"}],"wp:term":[{"taxonomy":"product_brand","embeddable":true,"href":"https:\/\/www.hestiahotels.com\/haapsaluspa\/wp-json\/wp\/v2\/product_brand?post=17936"},{"taxonomy":"product_cat","embeddable":true,"href":"https:\/\/www.hestiahotels.com\/haapsaluspa\/wp-json\/wp\/v2\/product_cat?post=17936"},{"taxonomy":"product_tag","embeddable":true,"href":"https:\/\/www.hestiahotels.com\/haapsaluspa\/wp-json\/wp\/v2\/product_tag?post=17936"}],"curies":[{"name":"wp","href":"https:\/\/api.w.org\/{rel}","templated":true}]}}