{"id":19187,"date":"2021-07-13T23:53:55","date_gmt":"2021-07-13T20:53:55","guid":{"rendered":"https:\/\/www.hestiahotels.com\/haapsaluspa\/?post_type=product&#038;p=19187"},"modified":"2025-06-11T10:16:34","modified_gmt":"2025-06-11T07:16:34","slug":"juuksehooldus-ravimudamaskiga","status":"publish","type":"product","link":"https:\/\/www.hestiahotels.com\/haapsaluspa\/toode\/juuksehooldus-ravimudamaskiga\/","title":{"rendered":"Juuksehooldus ravimudamaskiga"},"content":{"rendered":"","protected":false},"excerpt":{"rendered":"<p>Hooldus h\u00f5lmab juuksepesu juukseid tugevdava \u0161ampooniga, millele j\u00e4rgneb peamassaa\u017e ravimudamaskiga, mis vabastab juuksed k\u00f5ikv\u00f5imalikust mustusest, ergutab verevarustust ja puhastab m\u00fcrkainetest. Seej\u00e4rel kantakse juustele juuksestruktuuri parandav palsam. Palsam parandab peanaha verevarustust ja tugevdab juuksejuuri, samuti ergutab juuksekasvu ja v\u00e4hendab v\u00e4ljalangevust.<\/p>\n","protected":false},"featured_media":30971,"template":"","meta":{"_acf_changed":false},"product_brand":[],"product_cat":[170,158],"product_tag":[],"class_list":{"0":"post-19187","1":"product","2":"type-product","3":"status-publish","4":"has-post-thumbnail","6":"product_cat-juuksed","7":"product_cat-muda-teraapia","9":"first","10":"instock","11":"shipping-taxable","12":"purchasable","13":"product-type-simple"},"acf":[],"yoast_head":"<!-- This site is optimized with the Yoast SEO plugin v27.2 - https:\/\/yoast.com\/product\/yoast-seo-wordpress\/ -->\n<title>Juuksehooldus ravimudamaskiga | Hestia Hotel Haapsalu Spa<\/title>\n<meta name=\"description\" content=\"Muda on antibakteriaalne ja sobib k\u00f5ikidele peanaha t\u00fc\u00fcpidele. Mudamask aktiveerib nahaalust verevarustust, eemaldab k\u00f5ikv\u00f5imaliku mustuse ning puhastab juukseid m\u00fcrkainetest.\" \/>\n<meta name=\"robots\" content=\"index, follow, max-snippet:-1, max-image-preview:large, max-video-preview:-1\" \/>\n<link rel=\"canonical\" href=\"https:\/\/www.hestiahotels.com\/haapsaluspa\/toode\/juuksehooldus-ravimudamaskiga\/\" \/>\n<meta property=\"og:locale\" content=\"et_EE\" \/>\n<meta property=\"og:type\" content=\"article\" \/>\n<meta property=\"og:title\" content=\"Juuksehooldus ravimudamaskiga | Hestia Hotel Haapsalu Spa\" \/>\n<meta property=\"og:description\" content=\"Muda on antibakteriaalne ja sobib k\u00f5ikidele peanaha t\u00fc\u00fcpidele. Mudamask aktiveerib nahaalust verevarustust, eemaldab k\u00f5ikv\u00f5imaliku mustuse ning puhastab juukseid m\u00fcrkainetest.\" \/>\n<meta property=\"og:url\" content=\"https:\/\/www.hestiahotels.com\/haapsaluspa\/toode\/juuksehooldus-ravimudamaskiga\/\" \/>\n<meta property=\"og:site_name\" content=\"Hestia Hotel Haapsalu Spa\" \/>\n<meta property=\"article:publisher\" content=\"https:\/\/www.facebook.com\/HaapsaluSpa\" \/>\n<meta property=\"article:modified_time\" content=\"2025-06-11T07:16:34+00:00\" \/>\n<meta property=\"og:image\" content=\"https:\/\/www.hestiahotels.com\/wp-content\/uploads\/sites\/7\/2021\/07\/HOOLDUS.jpg\" \/>\n\t<meta property=\"og:image:width\" content=\"1920\" \/>\n\t<meta property=\"og:image:height\" content=\"1080\" \/>\n\t<meta property=\"og:image:type\" content=\"image\/jpeg\" \/>\n<meta name=\"twitter:card\" content=\"summary_large_image\" \/>\n<meta name=\"twitter:label1\" content=\"Est. reading time\" \/>\n\t<meta name=\"twitter:data1\" content=\"1 minut\" \/>\n<script type=\"application\/ld+json\" class=\"yoast-schema-graph\">{\"@context\":\"https:\/\/schema.org\",\"@graph\":[{\"@type\":\"WebPage\",\"@id\":\"https:\/\/www.hestiahotels.com\/haapsaluspa\/toode\/juuksehooldus-ravimudamaskiga\/\",\"url\":\"https:\/\/www.hestiahotels.com\/haapsaluspa\/toode\/juuksehooldus-ravimudamaskiga\/\",\"name\":\"Juuksehooldus ravimudamaskiga | Hestia Hotel Haapsalu Spa\",\"isPartOf\":{\"@id\":\"https:\/\/www.hestiahotels.com\/haapsaluspa\/#website\"},\"primaryImageOfPage\":{\"@id\":\"https:\/\/www.hestiahotels.com\/haapsaluspa\/toode\/juuksehooldus-ravimudamaskiga\/#primaryimage\"},\"image\":{\"@id\":\"https:\/\/www.hestiahotels.com\/haapsaluspa\/toode\/juuksehooldus-ravimudamaskiga\/#primaryimage\"},\"thumbnailUrl\":\"\/wp-content\/uploads\/sites\/7\/2021\/07\/HOOLDUS.jpg\",\"datePublished\":\"2021-07-13T20:53:55+00:00\",\"dateModified\":\"2025-06-11T07:16:34+00:00\",\"description\":\"Muda on antibakteriaalne ja sobib k\u00f5ikidele peanaha t\u00fc\u00fcpidele. Mudamask aktiveerib nahaalust verevarustust, eemaldab k\u00f5ikv\u00f5imaliku mustuse ning puhastab juukseid m\u00fcrkainetest.\",\"breadcrumb\":{\"@id\":\"https:\/\/www.hestiahotels.com\/haapsaluspa\/toode\/juuksehooldus-ravimudamaskiga\/#breadcrumb\"},\"inLanguage\":\"et\",\"potentialAction\":[{\"@type\":\"ReadAction\",\"target\":[\"https:\/\/www.hestiahotels.com\/haapsaluspa\/toode\/juuksehooldus-ravimudamaskiga\/\"]}]},{\"@type\":\"ImageObject\",\"inLanguage\":\"et\",\"@id\":\"https:\/\/www.hestiahotels.com\/haapsaluspa\/toode\/juuksehooldus-ravimudamaskiga\/#primaryimage\",\"url\":\"\/wp-content\/uploads\/sites\/7\/2021\/07\/HOOLDUS.jpg\",\"contentUrl\":\"\/wp-content\/uploads\/sites\/7\/2021\/07\/HOOLDUS.jpg\",\"width\":1920,\"height\":1080},{\"@type\":\"BreadcrumbList\",\"@id\":\"https:\/\/www.hestiahotels.com\/haapsaluspa\/toode\/juuksehooldus-ravimudamaskiga\/#breadcrumb\",\"itemListElement\":[{\"@type\":\"ListItem\",\"position\":1,\"name\":\"Home\",\"item\":\"https:\/\/www.hestiahotels.com\/haapsaluspa\/\"},{\"@type\":\"ListItem\",\"position\":2,\"name\":\"Spaa Hoolitsused\",\"item\":\"https:\/\/www.hestiahotels.com\/haapsaluspa\/spaa-hoolitused\/\"},{\"@type\":\"ListItem\",\"position\":3,\"name\":\"Juuksehooldus ravimudamaskiga\"}]},{\"@type\":\"WebSite\",\"@id\":\"https:\/\/www.hestiahotels.com\/haapsaluspa\/#website\",\"url\":\"https:\/\/www.hestiahotels.com\/haapsaluspa\/\",\"name\":\"Hestia Hotel Haapsalu Spa\",\"description\":\"Hestia Hotel Haapsalu Spa on kolmest k\u00fcljest merega piiratud V\u00e4ikese viigi kaldal, vaid jalutusk\u00e4igu kaugusel maalilisest Haapsalu vanalinnast.\",\"potentialAction\":[{\"@type\":\"SearchAction\",\"target\":{\"@type\":\"EntryPoint\",\"urlTemplate\":\"https:\/\/www.hestiahotels.com\/haapsaluspa\/?s={search_term_string}\"},\"query-input\":{\"@type\":\"PropertyValueSpecification\",\"valueRequired\":true,\"valueName\":\"search_term_string\"}}],\"inLanguage\":\"et\"}]}<\/script>\n<!-- \/ Yoast SEO plugin. -->","yoast_head_json":{"title":"Juuksehooldus ravimudamaskiga | Hestia Hotel Haapsalu Spa","description":"Muda on antibakteriaalne ja sobib k\u00f5ikidele peanaha t\u00fc\u00fcpidele. Mudamask aktiveerib nahaalust verevarustust, eemaldab k\u00f5ikv\u00f5imaliku mustuse ning puhastab juukseid m\u00fcrkainetest.","robots":{"index":"index","follow":"follow","max-snippet":"max-snippet:-1","max-image-preview":"max-image-preview:large","max-video-preview":"max-video-preview:-1"},"canonical":"https:\/\/www.hestiahotels.com\/haapsaluspa\/toode\/juuksehooldus-ravimudamaskiga\/","og_locale":"et_EE","og_type":"article","og_title":"Juuksehooldus ravimudamaskiga | Hestia Hotel Haapsalu Spa","og_description":"Muda on antibakteriaalne ja sobib k\u00f5ikidele peanaha t\u00fc\u00fcpidele. Mudamask aktiveerib nahaalust verevarustust, eemaldab k\u00f5ikv\u00f5imaliku mustuse ning puhastab juukseid m\u00fcrkainetest.","og_url":"https:\/\/www.hestiahotels.com\/haapsaluspa\/toode\/juuksehooldus-ravimudamaskiga\/","og_site_name":"Hestia Hotel Haapsalu Spa","article_publisher":"https:\/\/www.facebook.com\/HaapsaluSpa","article_modified_time":"2025-06-11T07:16:34+00:00","og_image":[{"width":1920,"height":1080,"url":"https:\/\/www.hestiahotels.com\/wp-content\/uploads\/sites\/7\/2021\/07\/HOOLDUS.jpg","type":"image\/jpeg"}],"twitter_card":"summary_large_image","twitter_misc":{"Est. reading time":"1 minut"},"schema":{"@context":"https:\/\/schema.org","@graph":[{"@type":"WebPage","@id":"https:\/\/www.hestiahotels.com\/haapsaluspa\/toode\/juuksehooldus-ravimudamaskiga\/","url":"https:\/\/www.hestiahotels.com\/haapsaluspa\/toode\/juuksehooldus-ravimudamaskiga\/","name":"Juuksehooldus ravimudamaskiga | Hestia Hotel Haapsalu Spa","isPartOf":{"@id":"https:\/\/www.hestiahotels.com\/haapsaluspa\/#website"},"primaryImageOfPage":{"@id":"https:\/\/www.hestiahotels.com\/haapsaluspa\/toode\/juuksehooldus-ravimudamaskiga\/#primaryimage"},"image":{"@id":"https:\/\/www.hestiahotels.com\/haapsaluspa\/toode\/juuksehooldus-ravimudamaskiga\/#primaryimage"},"thumbnailUrl":"\/wp-content\/uploads\/sites\/7\/2021\/07\/HOOLDUS.jpg","datePublished":"2021-07-13T20:53:55+00:00","dateModified":"2025-06-11T07:16:34+00:00","description":"Muda on antibakteriaalne ja sobib k\u00f5ikidele peanaha t\u00fc\u00fcpidele. Mudamask aktiveerib nahaalust verevarustust, eemaldab k\u00f5ikv\u00f5imaliku mustuse ning puhastab juukseid m\u00fcrkainetest.","breadcrumb":{"@id":"https:\/\/www.hestiahotels.com\/haapsaluspa\/toode\/juuksehooldus-ravimudamaskiga\/#breadcrumb"},"inLanguage":"et","potentialAction":[{"@type":"ReadAction","target":["https:\/\/www.hestiahotels.com\/haapsaluspa\/toode\/juuksehooldus-ravimudamaskiga\/"]}]},{"@type":"ImageObject","inLanguage":"et","@id":"https:\/\/www.hestiahotels.com\/haapsaluspa\/toode\/juuksehooldus-ravimudamaskiga\/#primaryimage","url":"\/wp-content\/uploads\/sites\/7\/2021\/07\/HOOLDUS.jpg","contentUrl":"\/wp-content\/uploads\/sites\/7\/2021\/07\/HOOLDUS.jpg","width":1920,"height":1080},{"@type":"BreadcrumbList","@id":"https:\/\/www.hestiahotels.com\/haapsaluspa\/toode\/juuksehooldus-ravimudamaskiga\/#breadcrumb","itemListElement":[{"@type":"ListItem","position":1,"name":"Home","item":"https:\/\/www.hestiahotels.com\/haapsaluspa\/"},{"@type":"ListItem","position":2,"name":"Spaa Hoolitsused","item":"https:\/\/www.hestiahotels.com\/haapsaluspa\/spaa-hoolitused\/"},{"@type":"ListItem","position":3,"name":"Juuksehooldus ravimudamaskiga"}]},{"@type":"WebSite","@id":"https:\/\/www.hestiahotels.com\/haapsaluspa\/#website","url":"https:\/\/www.hestiahotels.com\/haapsaluspa\/","name":"Hestia Hotel Haapsalu Spa","description":"Hestia Hotel Haapsalu Spa on kolmest k\u00fcljest merega piiratud V\u00e4ikese viigi kaldal, vaid jalutusk\u00e4igu kaugusel maalilisest Haapsalu vanalinnast.","potentialAction":[{"@type":"SearchAction","target":{"@type":"EntryPoint","urlTemplate":"https:\/\/www.hestiahotels.com\/haapsaluspa\/?s={search_term_string}"},"query-input":{"@type":"PropertyValueSpecification","valueRequired":true,"valueName":"search_term_string"}}],"inLanguage":"et"}]}},"_links":{"self":[{"href":"https:\/\/www.hestiahotels.com\/haapsaluspa\/wp-json\/wp\/v2\/product\/19187","targetHints":{"allow":["GET"]}}],"collection":[{"href":"https:\/\/www.hestiahotels.com\/haapsaluspa\/wp-json\/wp\/v2\/product"}],"about":[{"href":"https:\/\/www.hestiahotels.com\/haapsaluspa\/wp-json\/wp\/v2\/types\/product"}],"wp:featuredmedia":[{"embeddable":true,"href":"https:\/\/www.hestiahotels.com\/haapsaluspa\/wp-json\/wp\/v2\/media\/30971"}],"wp:attachment":[{"href":"https:\/\/www.hestiahotels.com\/haapsaluspa\/wp-json\/wp\/v2\/media?parent=19187"}],"wp:term":[{"taxonomy":"product_brand","embeddable":true,"href":"https:\/\/www.hestiahotels.com\/haapsaluspa\/wp-json\/wp\/v2\/product_brand?post=19187"},{"taxonomy":"product_cat","embeddable":true,"href":"https:\/\/www.hestiahotels.com\/haapsaluspa\/wp-json\/wp\/v2\/product_cat?post=19187"},{"taxonomy":"product_tag","embeddable":true,"href":"https:\/\/www.hestiahotels.com\/haapsaluspa\/wp-json\/wp\/v2\/product_tag?post=19187"}],"curies":[{"name":"wp","href":"https:\/\/api.w.org\/{rel}","templated":true}]}}