{"id":21692,"date":"2021-12-30T17:25:51","date_gmt":"2021-12-30T15:25:51","guid":{"rendered":"https:\/\/www.hestiahotels.com\/haapsaluspa\/?post_type=product&#038;p=21692"},"modified":"2024-06-04T16:14:52","modified_gmt":"2024-06-04T13:14:52","slug":"toitev-ja-taastav-katehoolitsus","status":"publish","type":"product","link":"https:\/\/www.hestiahotels.com\/haapsaluspa\/toode\/toitev-ja-taastav-katehoolitsus\/","title":{"rendered":"Toitev ja taastav k\u00e4tehoolitsus"},"content":{"rendered":"","protected":false},"excerpt":{"rendered":"<p>Kiire ja t\u00f5hus hoolitsus k\u00e4tele, mille v\u00e4ltel esmalt kooritakse aroomteraapilise koorijaga k\u00e4ed kuni k\u00fc\u00fcnarnukini ja seej\u00e4rel kantakse k\u00e4tele intensiivne mask, mis toidab ja hooldab kuiva, k\u00fclmast kahjustatud ning stressis nahka. Peale maski imendumist h\u00f5\u00f5rutakse veel kergete massaa\u017eiv\u00f5tetega mask s\u00fcgavuti sisse ning hoolitsuse l\u00f5petab v\u00e4rskendava ja vananemisvastase toimega vitamiiniseerumi pihustamine k\u00e4tele. Hoolitsuse kestvus 30 min.<\/p>\n","protected":false},"featured_media":21693,"template":"","meta":{"_acf_changed":false},"product_brand":[],"product_cat":[73],"product_tag":[],"class_list":{"0":"post-21692","1":"product","2":"type-product","3":"status-publish","4":"has-post-thumbnail","6":"product_cat-kaed-jalad","8":"first","9":"instock","10":"shipping-taxable","11":"purchasable","12":"product-type-simple"},"acf":[],"yoast_head":"<!-- This site is optimized with the Yoast SEO plugin v27.2 - https:\/\/yoast.com\/product\/yoast-seo-wordpress\/ -->\n<title>Toitev ja taastav k\u00e4tehoolitsus | Hestia Hotel Haapsalu Spa<\/title>\n<meta name=\"robots\" content=\"index, follow, max-snippet:-1, max-image-preview:large, max-video-preview:-1\" \/>\n<link rel=\"canonical\" href=\"https:\/\/www.hestiahotels.com\/haapsaluspa\/toode\/toitev-ja-taastav-katehoolitsus\/\" \/>\n<meta property=\"og:locale\" content=\"et_EE\" \/>\n<meta property=\"og:type\" content=\"article\" \/>\n<meta property=\"og:title\" content=\"Toitev ja taastav k\u00e4tehoolitsus | Hestia Hotel Haapsalu Spa\" \/>\n<meta property=\"og:description\" content=\"Kiire ja t\u00f5hus hoolitsus k\u00e4tele, mille v\u00e4ltel esmalt kooritakse aroomteraapilise koorijaga k\u00e4ed kuni k\u00fc\u00fcnarnukini ja seej\u00e4rel kantakse k\u00e4tele intensiivne mask, mis toidab ja hooldab kuiva, k\u00fclmast kahjustatud ning stressis nahka. Peale maski imendumist h\u00f5\u00f5rutakse veel kergete massaa\u017eiv\u00f5tetega mask s\u00fcgavuti sisse ning hoolitsuse l\u00f5petab v\u00e4rskendava ja vananemisvastase toimega vitamiiniseerumi pihustamine k\u00e4tele. Hoolitsuse kestvus 30 min.\" \/>\n<meta property=\"og:url\" content=\"https:\/\/www.hestiahotels.com\/haapsaluspa\/toode\/toitev-ja-taastav-katehoolitsus\/\" \/>\n<meta property=\"og:site_name\" content=\"Hestia Hotel Haapsalu Spa\" \/>\n<meta property=\"article:publisher\" content=\"https:\/\/www.facebook.com\/HaapsaluSpa\" \/>\n<meta property=\"article:modified_time\" content=\"2024-06-04T13:14:52+00:00\" \/>\n<meta property=\"og:image\" content=\"https:\/\/www.hestiahotels.com\/wp-content\/uploads\/sites\/7\/2021\/12\/Kuj.-Hestia-pildid-1920x1080-Landscape-Screen-koopia-20.png\" \/>\n\t<meta property=\"og:image:width\" content=\"682\" \/>\n\t<meta property=\"og:image:height\" content=\"384\" \/>\n\t<meta property=\"og:image:type\" content=\"image\/png\" \/>\n<meta name=\"twitter:card\" content=\"summary_large_image\" \/>\n<script type=\"application\/ld+json\" class=\"yoast-schema-graph\">{\"@context\":\"https:\/\/schema.org\",\"@graph\":[{\"@type\":\"WebPage\",\"@id\":\"https:\/\/www.hestiahotels.com\/haapsaluspa\/toode\/toitev-ja-taastav-katehoolitsus\/\",\"url\":\"https:\/\/www.hestiahotels.com\/haapsaluspa\/toode\/toitev-ja-taastav-katehoolitsus\/\",\"name\":\"Toitev ja taastav k\u00e4tehoolitsus | Hestia Hotel Haapsalu Spa\",\"isPartOf\":{\"@id\":\"https:\/\/www.hestiahotels.com\/haapsaluspa\/#website\"},\"primaryImageOfPage\":{\"@id\":\"https:\/\/www.hestiahotels.com\/haapsaluspa\/toode\/toitev-ja-taastav-katehoolitsus\/#primaryimage\"},\"image\":{\"@id\":\"https:\/\/www.hestiahotels.com\/haapsaluspa\/toode\/toitev-ja-taastav-katehoolitsus\/#primaryimage\"},\"thumbnailUrl\":\"\/wp-content\/uploads\/sites\/7\/2021\/12\/Kuj.-Hestia-pildid-1920x1080-Landscape-Screen-koopia-20.png\",\"datePublished\":\"2021-12-30T15:25:51+00:00\",\"dateModified\":\"2024-06-04T13:14:52+00:00\",\"breadcrumb\":{\"@id\":\"https:\/\/www.hestiahotels.com\/haapsaluspa\/toode\/toitev-ja-taastav-katehoolitsus\/#breadcrumb\"},\"inLanguage\":\"et\",\"potentialAction\":[{\"@type\":\"ReadAction\",\"target\":[\"https:\/\/www.hestiahotels.com\/haapsaluspa\/toode\/toitev-ja-taastav-katehoolitsus\/\"]}]},{\"@type\":\"ImageObject\",\"inLanguage\":\"et\",\"@id\":\"https:\/\/www.hestiahotels.com\/haapsaluspa\/toode\/toitev-ja-taastav-katehoolitsus\/#primaryimage\",\"url\":\"\/wp-content\/uploads\/sites\/7\/2021\/12\/Kuj.-Hestia-pildid-1920x1080-Landscape-Screen-koopia-20.png\",\"contentUrl\":\"\/wp-content\/uploads\/sites\/7\/2021\/12\/Kuj.-Hestia-pildid-1920x1080-Landscape-Screen-koopia-20.png\",\"width\":682,\"height\":384},{\"@type\":\"BreadcrumbList\",\"@id\":\"https:\/\/www.hestiahotels.com\/haapsaluspa\/toode\/toitev-ja-taastav-katehoolitsus\/#breadcrumb\",\"itemListElement\":[{\"@type\":\"ListItem\",\"position\":1,\"name\":\"Home\",\"item\":\"https:\/\/www.hestiahotels.com\/haapsaluspa\/\"},{\"@type\":\"ListItem\",\"position\":2,\"name\":\"Spaa Hoolitsused\",\"item\":\"https:\/\/www.hestiahotels.com\/haapsaluspa\/spaa-hoolitused\/\"},{\"@type\":\"ListItem\",\"position\":3,\"name\":\"Toitev ja taastav k\u00e4tehoolitsus\"}]},{\"@type\":\"WebSite\",\"@id\":\"https:\/\/www.hestiahotels.com\/haapsaluspa\/#website\",\"url\":\"https:\/\/www.hestiahotels.com\/haapsaluspa\/\",\"name\":\"Hestia Hotel Haapsalu Spa\",\"description\":\"Hestia Hotel Haapsalu Spa on kolmest k\u00fcljest merega piiratud V\u00e4ikese viigi kaldal, vaid jalutusk\u00e4igu kaugusel maalilisest Haapsalu vanalinnast.\",\"potentialAction\":[{\"@type\":\"SearchAction\",\"target\":{\"@type\":\"EntryPoint\",\"urlTemplate\":\"https:\/\/www.hestiahotels.com\/haapsaluspa\/?s={search_term_string}\"},\"query-input\":{\"@type\":\"PropertyValueSpecification\",\"valueRequired\":true,\"valueName\":\"search_term_string\"}}],\"inLanguage\":\"et\"}]}<\/script>\n<!-- \/ Yoast SEO plugin. -->","yoast_head_json":{"title":"Toitev ja taastav k\u00e4tehoolitsus | Hestia Hotel Haapsalu Spa","robots":{"index":"index","follow":"follow","max-snippet":"max-snippet:-1","max-image-preview":"max-image-preview:large","max-video-preview":"max-video-preview:-1"},"canonical":"https:\/\/www.hestiahotels.com\/haapsaluspa\/toode\/toitev-ja-taastav-katehoolitsus\/","og_locale":"et_EE","og_type":"article","og_title":"Toitev ja taastav k\u00e4tehoolitsus | Hestia Hotel Haapsalu Spa","og_description":"Kiire ja t\u00f5hus hoolitsus k\u00e4tele, mille v\u00e4ltel esmalt kooritakse aroomteraapilise koorijaga k\u00e4ed kuni k\u00fc\u00fcnarnukini ja seej\u00e4rel kantakse k\u00e4tele intensiivne mask, mis toidab ja hooldab kuiva, k\u00fclmast kahjustatud ning stressis nahka. Peale maski imendumist h\u00f5\u00f5rutakse veel kergete massaa\u017eiv\u00f5tetega mask s\u00fcgavuti sisse ning hoolitsuse l\u00f5petab v\u00e4rskendava ja vananemisvastase toimega vitamiiniseerumi pihustamine k\u00e4tele. Hoolitsuse kestvus 30 min.","og_url":"https:\/\/www.hestiahotels.com\/haapsaluspa\/toode\/toitev-ja-taastav-katehoolitsus\/","og_site_name":"Hestia Hotel Haapsalu Spa","article_publisher":"https:\/\/www.facebook.com\/HaapsaluSpa","article_modified_time":"2024-06-04T13:14:52+00:00","og_image":[{"width":682,"height":384,"url":"https:\/\/www.hestiahotels.com\/wp-content\/uploads\/sites\/7\/2021\/12\/Kuj.-Hestia-pildid-1920x1080-Landscape-Screen-koopia-20.png","type":"image\/png"}],"twitter_card":"summary_large_image","schema":{"@context":"https:\/\/schema.org","@graph":[{"@type":"WebPage","@id":"https:\/\/www.hestiahotels.com\/haapsaluspa\/toode\/toitev-ja-taastav-katehoolitsus\/","url":"https:\/\/www.hestiahotels.com\/haapsaluspa\/toode\/toitev-ja-taastav-katehoolitsus\/","name":"Toitev ja taastav k\u00e4tehoolitsus | Hestia Hotel Haapsalu Spa","isPartOf":{"@id":"https:\/\/www.hestiahotels.com\/haapsaluspa\/#website"},"primaryImageOfPage":{"@id":"https:\/\/www.hestiahotels.com\/haapsaluspa\/toode\/toitev-ja-taastav-katehoolitsus\/#primaryimage"},"image":{"@id":"https:\/\/www.hestiahotels.com\/haapsaluspa\/toode\/toitev-ja-taastav-katehoolitsus\/#primaryimage"},"thumbnailUrl":"\/wp-content\/uploads\/sites\/7\/2021\/12\/Kuj.-Hestia-pildid-1920x1080-Landscape-Screen-koopia-20.png","datePublished":"2021-12-30T15:25:51+00:00","dateModified":"2024-06-04T13:14:52+00:00","breadcrumb":{"@id":"https:\/\/www.hestiahotels.com\/haapsaluspa\/toode\/toitev-ja-taastav-katehoolitsus\/#breadcrumb"},"inLanguage":"et","potentialAction":[{"@type":"ReadAction","target":["https:\/\/www.hestiahotels.com\/haapsaluspa\/toode\/toitev-ja-taastav-katehoolitsus\/"]}]},{"@type":"ImageObject","inLanguage":"et","@id":"https:\/\/www.hestiahotels.com\/haapsaluspa\/toode\/toitev-ja-taastav-katehoolitsus\/#primaryimage","url":"\/wp-content\/uploads\/sites\/7\/2021\/12\/Kuj.-Hestia-pildid-1920x1080-Landscape-Screen-koopia-20.png","contentUrl":"\/wp-content\/uploads\/sites\/7\/2021\/12\/Kuj.-Hestia-pildid-1920x1080-Landscape-Screen-koopia-20.png","width":682,"height":384},{"@type":"BreadcrumbList","@id":"https:\/\/www.hestiahotels.com\/haapsaluspa\/toode\/toitev-ja-taastav-katehoolitsus\/#breadcrumb","itemListElement":[{"@type":"ListItem","position":1,"name":"Home","item":"https:\/\/www.hestiahotels.com\/haapsaluspa\/"},{"@type":"ListItem","position":2,"name":"Spaa Hoolitsused","item":"https:\/\/www.hestiahotels.com\/haapsaluspa\/spaa-hoolitused\/"},{"@type":"ListItem","position":3,"name":"Toitev ja taastav k\u00e4tehoolitsus"}]},{"@type":"WebSite","@id":"https:\/\/www.hestiahotels.com\/haapsaluspa\/#website","url":"https:\/\/www.hestiahotels.com\/haapsaluspa\/","name":"Hestia Hotel Haapsalu Spa","description":"Hestia Hotel Haapsalu Spa on kolmest k\u00fcljest merega piiratud V\u00e4ikese viigi kaldal, vaid jalutusk\u00e4igu kaugusel maalilisest Haapsalu vanalinnast.","potentialAction":[{"@type":"SearchAction","target":{"@type":"EntryPoint","urlTemplate":"https:\/\/www.hestiahotels.com\/haapsaluspa\/?s={search_term_string}"},"query-input":{"@type":"PropertyValueSpecification","valueRequired":true,"valueName":"search_term_string"}}],"inLanguage":"et"}]}},"_links":{"self":[{"href":"https:\/\/www.hestiahotels.com\/haapsaluspa\/wp-json\/wp\/v2\/product\/21692","targetHints":{"allow":["GET"]}}],"collection":[{"href":"https:\/\/www.hestiahotels.com\/haapsaluspa\/wp-json\/wp\/v2\/product"}],"about":[{"href":"https:\/\/www.hestiahotels.com\/haapsaluspa\/wp-json\/wp\/v2\/types\/product"}],"wp:featuredmedia":[{"embeddable":true,"href":"https:\/\/www.hestiahotels.com\/haapsaluspa\/wp-json\/wp\/v2\/media\/21693"}],"wp:attachment":[{"href":"https:\/\/www.hestiahotels.com\/haapsaluspa\/wp-json\/wp\/v2\/media?parent=21692"}],"wp:term":[{"taxonomy":"product_brand","embeddable":true,"href":"https:\/\/www.hestiahotels.com\/haapsaluspa\/wp-json\/wp\/v2\/product_brand?post=21692"},{"taxonomy":"product_cat","embeddable":true,"href":"https:\/\/www.hestiahotels.com\/haapsaluspa\/wp-json\/wp\/v2\/product_cat?post=21692"},{"taxonomy":"product_tag","embeddable":true,"href":"https:\/\/www.hestiahotels.com\/haapsaluspa\/wp-json\/wp\/v2\/product_tag?post=21692"}],"curies":[{"name":"wp","href":"https:\/\/api.w.org\/{rel}","templated":true}]}}