{"id":22427,"date":"2022-03-09T10:44:21","date_gmt":"2022-03-09T08:44:21","guid":{"rendered":"https:\/\/www.hestiahotels.com\/haapsaluspa\/?post_type=product&#038;p=22427"},"modified":"2025-12-01T06:35:14","modified_gmt":"2025-12-01T04:35:14","slug":"ravimuda-turba-turjamassaaz","status":"publish","type":"product","link":"https:\/\/www.hestiahotels.com\/haapsaluspa\/toode\/ravimuda-turba-turjamassaaz\/","title":{"rendered":"Ravimuda-turba turjamassaa\u017e"},"content":{"rendered":"<p>Hoolitsus sobib ideaalselt \u201enutikaela\u201c puhul, kui pidevast nutiseadete ning arvuti vaatamisest tingitud allavaatava sundasendi t\u00f5ttu on tekkinud kaelavalu ja sellega kaasnevad probleemid.<\/p>\n<p>Pikenda oma massaa\u017ei naudingut 15 min 16 \u20ac.<\/p>\n","protected":false},"excerpt":{"rendered":"<p>K\u00f5igepealt kantakse turjale ravimuda turbasegu m\u00e4his. Ravimuda turbasegu on eriti v\u00f5imas kooslus, viimased v\u00f5imendavad \u00fcheskoos \u00fcksteise raviomadusi. Ravimuda turbaga kooslus on p\u00f5letikke\u2013 ja valusid leevendav ning pingeid maandav. Hoolduse l\u00f5petab Eesti ravimuda massaa\u017eikreemiga tehtav turjamassaa\u017e, mis aitab v\u00e4hendada valutunnet ja pikendab massaa\u017ei positiivset toimet.<\/p>\n","protected":false},"featured_media":30669,"template":"","meta":{"_acf_changed":false},"product_brand":[],"product_cat":[50,158],"product_tag":[],"class_list":{"0":"post-22427","1":"product","2":"type-product","3":"status-publish","4":"has-post-thumbnail","6":"product_cat-massaaz","7":"product_cat-muda-teraapia","9":"first","10":"instock","11":"shipping-taxable","12":"purchasable","13":"product-type-simple"},"acf":[],"yoast_head":"<!-- This site is optimized with the Yoast SEO plugin v27.2 - https:\/\/yoast.com\/product\/yoast-seo-wordpress\/ -->\n<title>Ravimuda-turba turjamassaa\u017e | Hestia Hotel Haapsalu Spa<\/title>\n<meta name=\"robots\" content=\"index, follow, max-snippet:-1, max-image-preview:large, max-video-preview:-1\" \/>\n<link rel=\"canonical\" href=\"https:\/\/www.hestiahotels.com\/haapsaluspa\/toode\/ravimuda-turba-turjamassaaz\/\" \/>\n<meta property=\"og:locale\" content=\"et_EE\" \/>\n<meta property=\"og:type\" content=\"article\" \/>\n<meta property=\"og:title\" content=\"Ravimuda-turba turjamassaa\u017e | Hestia Hotel Haapsalu Spa\" \/>\n<meta property=\"og:description\" content=\"K\u00f5igepealt kantakse turjale ravimuda turbasegu m\u00e4his. Ravimuda turbasegu on eriti v\u00f5imas kooslus, viimased v\u00f5imendavad \u00fcheskoos \u00fcksteise raviomadusi. Ravimuda turbaga kooslus on p\u00f5letikke\u2013 ja valusid leevendav ning pingeid maandav. Hoolduse l\u00f5petab Eesti ravimuda massaa\u017eikreemiga tehtav turjamassaa\u017e, mis aitab v\u00e4hendada valutunnet ja pikendab massaa\u017ei positiivset toimet.\" \/>\n<meta property=\"og:url\" content=\"https:\/\/www.hestiahotels.com\/haapsaluspa\/toode\/ravimuda-turba-turjamassaaz\/\" \/>\n<meta property=\"og:site_name\" content=\"Hestia Hotel Haapsalu Spa\" \/>\n<meta property=\"article:publisher\" content=\"https:\/\/www.facebook.com\/HaapsaluSpa\" \/>\n<meta property=\"article:modified_time\" content=\"2025-12-01T04:35:14+00:00\" \/>\n<meta property=\"og:image\" content=\"https:\/\/www.hestiahotels.com\/wp-content\/uploads\/sites\/7\/2022\/03\/Ravimuda-turba-turjamassaaz.jpg\" \/>\n\t<meta property=\"og:image:width\" content=\"1920\" \/>\n\t<meta property=\"og:image:height\" content=\"1080\" \/>\n\t<meta property=\"og:image:type\" content=\"image\/jpeg\" \/>\n<meta name=\"twitter:card\" content=\"summary_large_image\" \/>\n<meta name=\"twitter:label1\" content=\"Est. reading time\" \/>\n\t<meta name=\"twitter:data1\" content=\"1 minut\" \/>\n<script type=\"application\/ld+json\" class=\"yoast-schema-graph\">{\"@context\":\"https:\/\/schema.org\",\"@graph\":[{\"@type\":\"WebPage\",\"@id\":\"https:\/\/www.hestiahotels.com\/haapsaluspa\/toode\/ravimuda-turba-turjamassaaz\/\",\"url\":\"https:\/\/www.hestiahotels.com\/haapsaluspa\/toode\/ravimuda-turba-turjamassaaz\/\",\"name\":\"Ravimuda-turba turjamassaa\u017e | Hestia Hotel Haapsalu Spa\",\"isPartOf\":{\"@id\":\"https:\/\/www.hestiahotels.com\/haapsaluspa\/#website\"},\"primaryImageOfPage\":{\"@id\":\"https:\/\/www.hestiahotels.com\/haapsaluspa\/toode\/ravimuda-turba-turjamassaaz\/#primaryimage\"},\"image\":{\"@id\":\"https:\/\/www.hestiahotels.com\/haapsaluspa\/toode\/ravimuda-turba-turjamassaaz\/#primaryimage\"},\"thumbnailUrl\":\"\/wp-content\/uploads\/sites\/7\/2022\/03\/Ravimuda-turba-turjamassaaz.jpg\",\"datePublished\":\"2022-03-09T08:44:21+00:00\",\"dateModified\":\"2025-12-01T04:35:14+00:00\",\"breadcrumb\":{\"@id\":\"https:\/\/www.hestiahotels.com\/haapsaluspa\/toode\/ravimuda-turba-turjamassaaz\/#breadcrumb\"},\"inLanguage\":\"et\",\"potentialAction\":[{\"@type\":\"ReadAction\",\"target\":[\"https:\/\/www.hestiahotels.com\/haapsaluspa\/toode\/ravimuda-turba-turjamassaaz\/\"]}]},{\"@type\":\"ImageObject\",\"inLanguage\":\"et\",\"@id\":\"https:\/\/www.hestiahotels.com\/haapsaluspa\/toode\/ravimuda-turba-turjamassaaz\/#primaryimage\",\"url\":\"\/wp-content\/uploads\/sites\/7\/2022\/03\/Ravimuda-turba-turjamassaaz.jpg\",\"contentUrl\":\"\/wp-content\/uploads\/sites\/7\/2022\/03\/Ravimuda-turba-turjamassaaz.jpg\",\"width\":1920,\"height\":1080},{\"@type\":\"BreadcrumbList\",\"@id\":\"https:\/\/www.hestiahotels.com\/haapsaluspa\/toode\/ravimuda-turba-turjamassaaz\/#breadcrumb\",\"itemListElement\":[{\"@type\":\"ListItem\",\"position\":1,\"name\":\"Home\",\"item\":\"https:\/\/www.hestiahotels.com\/haapsaluspa\/\"},{\"@type\":\"ListItem\",\"position\":2,\"name\":\"Spaa Hoolitsused\",\"item\":\"https:\/\/www.hestiahotels.com\/haapsaluspa\/spaa-hoolitused\/\"},{\"@type\":\"ListItem\",\"position\":3,\"name\":\"Ravimuda-turba turjamassaa\u017e\"}]},{\"@type\":\"WebSite\",\"@id\":\"https:\/\/www.hestiahotels.com\/haapsaluspa\/#website\",\"url\":\"https:\/\/www.hestiahotels.com\/haapsaluspa\/\",\"name\":\"Hestia Hotel Haapsalu Spa\",\"description\":\"Hestia Hotel Haapsalu Spa on kolmest k\u00fcljest merega piiratud V\u00e4ikese viigi kaldal, vaid jalutusk\u00e4igu kaugusel maalilisest Haapsalu vanalinnast.\",\"potentialAction\":[{\"@type\":\"SearchAction\",\"target\":{\"@type\":\"EntryPoint\",\"urlTemplate\":\"https:\/\/www.hestiahotels.com\/haapsaluspa\/?s={search_term_string}\"},\"query-input\":{\"@type\":\"PropertyValueSpecification\",\"valueRequired\":true,\"valueName\":\"search_term_string\"}}],\"inLanguage\":\"et\"}]}<\/script>\n<!-- \/ Yoast SEO plugin. -->","yoast_head_json":{"title":"Ravimuda-turba turjamassaa\u017e | Hestia Hotel Haapsalu Spa","robots":{"index":"index","follow":"follow","max-snippet":"max-snippet:-1","max-image-preview":"max-image-preview:large","max-video-preview":"max-video-preview:-1"},"canonical":"https:\/\/www.hestiahotels.com\/haapsaluspa\/toode\/ravimuda-turba-turjamassaaz\/","og_locale":"et_EE","og_type":"article","og_title":"Ravimuda-turba turjamassaa\u017e | Hestia Hotel Haapsalu Spa","og_description":"K\u00f5igepealt kantakse turjale ravimuda turbasegu m\u00e4his. Ravimuda turbasegu on eriti v\u00f5imas kooslus, viimased v\u00f5imendavad \u00fcheskoos \u00fcksteise raviomadusi. Ravimuda turbaga kooslus on p\u00f5letikke\u2013 ja valusid leevendav ning pingeid maandav. Hoolduse l\u00f5petab Eesti ravimuda massaa\u017eikreemiga tehtav turjamassaa\u017e, mis aitab v\u00e4hendada valutunnet ja pikendab massaa\u017ei positiivset toimet.","og_url":"https:\/\/www.hestiahotels.com\/haapsaluspa\/toode\/ravimuda-turba-turjamassaaz\/","og_site_name":"Hestia Hotel Haapsalu Spa","article_publisher":"https:\/\/www.facebook.com\/HaapsaluSpa","article_modified_time":"2025-12-01T04:35:14+00:00","og_image":[{"width":1920,"height":1080,"url":"https:\/\/www.hestiahotels.com\/wp-content\/uploads\/sites\/7\/2022\/03\/Ravimuda-turba-turjamassaaz.jpg","type":"image\/jpeg"}],"twitter_card":"summary_large_image","twitter_misc":{"Est. reading time":"1 minut"},"schema":{"@context":"https:\/\/schema.org","@graph":[{"@type":"WebPage","@id":"https:\/\/www.hestiahotels.com\/haapsaluspa\/toode\/ravimuda-turba-turjamassaaz\/","url":"https:\/\/www.hestiahotels.com\/haapsaluspa\/toode\/ravimuda-turba-turjamassaaz\/","name":"Ravimuda-turba turjamassaa\u017e | Hestia Hotel Haapsalu Spa","isPartOf":{"@id":"https:\/\/www.hestiahotels.com\/haapsaluspa\/#website"},"primaryImageOfPage":{"@id":"https:\/\/www.hestiahotels.com\/haapsaluspa\/toode\/ravimuda-turba-turjamassaaz\/#primaryimage"},"image":{"@id":"https:\/\/www.hestiahotels.com\/haapsaluspa\/toode\/ravimuda-turba-turjamassaaz\/#primaryimage"},"thumbnailUrl":"\/wp-content\/uploads\/sites\/7\/2022\/03\/Ravimuda-turba-turjamassaaz.jpg","datePublished":"2022-03-09T08:44:21+00:00","dateModified":"2025-12-01T04:35:14+00:00","breadcrumb":{"@id":"https:\/\/www.hestiahotels.com\/haapsaluspa\/toode\/ravimuda-turba-turjamassaaz\/#breadcrumb"},"inLanguage":"et","potentialAction":[{"@type":"ReadAction","target":["https:\/\/www.hestiahotels.com\/haapsaluspa\/toode\/ravimuda-turba-turjamassaaz\/"]}]},{"@type":"ImageObject","inLanguage":"et","@id":"https:\/\/www.hestiahotels.com\/haapsaluspa\/toode\/ravimuda-turba-turjamassaaz\/#primaryimage","url":"\/wp-content\/uploads\/sites\/7\/2022\/03\/Ravimuda-turba-turjamassaaz.jpg","contentUrl":"\/wp-content\/uploads\/sites\/7\/2022\/03\/Ravimuda-turba-turjamassaaz.jpg","width":1920,"height":1080},{"@type":"BreadcrumbList","@id":"https:\/\/www.hestiahotels.com\/haapsaluspa\/toode\/ravimuda-turba-turjamassaaz\/#breadcrumb","itemListElement":[{"@type":"ListItem","position":1,"name":"Home","item":"https:\/\/www.hestiahotels.com\/haapsaluspa\/"},{"@type":"ListItem","position":2,"name":"Spaa Hoolitsused","item":"https:\/\/www.hestiahotels.com\/haapsaluspa\/spaa-hoolitused\/"},{"@type":"ListItem","position":3,"name":"Ravimuda-turba turjamassaa\u017e"}]},{"@type":"WebSite","@id":"https:\/\/www.hestiahotels.com\/haapsaluspa\/#website","url":"https:\/\/www.hestiahotels.com\/haapsaluspa\/","name":"Hestia Hotel Haapsalu Spa","description":"Hestia Hotel Haapsalu Spa on kolmest k\u00fcljest merega piiratud V\u00e4ikese viigi kaldal, vaid jalutusk\u00e4igu kaugusel maalilisest Haapsalu vanalinnast.","potentialAction":[{"@type":"SearchAction","target":{"@type":"EntryPoint","urlTemplate":"https:\/\/www.hestiahotels.com\/haapsaluspa\/?s={search_term_string}"},"query-input":{"@type":"PropertyValueSpecification","valueRequired":true,"valueName":"search_term_string"}}],"inLanguage":"et"}]}},"_links":{"self":[{"href":"https:\/\/www.hestiahotels.com\/haapsaluspa\/wp-json\/wp\/v2\/product\/22427","targetHints":{"allow":["GET"]}}],"collection":[{"href":"https:\/\/www.hestiahotels.com\/haapsaluspa\/wp-json\/wp\/v2\/product"}],"about":[{"href":"https:\/\/www.hestiahotels.com\/haapsaluspa\/wp-json\/wp\/v2\/types\/product"}],"wp:featuredmedia":[{"embeddable":true,"href":"https:\/\/www.hestiahotels.com\/haapsaluspa\/wp-json\/wp\/v2\/media\/30669"}],"wp:attachment":[{"href":"https:\/\/www.hestiahotels.com\/haapsaluspa\/wp-json\/wp\/v2\/media?parent=22427"}],"wp:term":[{"taxonomy":"product_brand","embeddable":true,"href":"https:\/\/www.hestiahotels.com\/haapsaluspa\/wp-json\/wp\/v2\/product_brand?post=22427"},{"taxonomy":"product_cat","embeddable":true,"href":"https:\/\/www.hestiahotels.com\/haapsaluspa\/wp-json\/wp\/v2\/product_cat?post=22427"},{"taxonomy":"product_tag","embeddable":true,"href":"https:\/\/www.hestiahotels.com\/haapsaluspa\/wp-json\/wp\/v2\/product_tag?post=22427"}],"curies":[{"name":"wp","href":"https:\/\/api.w.org\/{rel}","templated":true}]}}