{"id":22945,"date":"2022-07-04T22:50:15","date_gmt":"2022-07-04T19:50:15","guid":{"rendered":"https:\/\/www.hestiahotels.com\/haapsaluspa\/?post_type=product&#038;p=22945"},"modified":"2024-07-01T00:00:10","modified_gmt":"2024-06-30T21:00:10","slug":"magneesiumimahis-jalgadele-ulakeha-massaaziga","status":"publish","type":"product","link":"https:\/\/www.hestiahotels.com\/haapsaluspa\/toode\/magneesiumimahis-jalgadele-ulakeha-massaaziga\/","title":{"rendered":"Magneesiumim\u00e4his jalgadele \u00fclakeha massaa\u017eiga"},"content":{"rendered":"<p>Pikenda oma massaa\u017ei naudingut 15 min 15 \u20ac\u00a0 v\u00f5i 30 min 23 \u20ac<\/p>\n","protected":false},"excerpt":{"rendered":"<p>Hoolitsuse alguses kantakse jalalabast kuni reiteni magneesiumim\u00e4his. Viimane on puhas Eesti loodustoode ning mereveest toodetud magneesiumi m\u00e4hise v\u00e4ljendunud efekt ilmneb juba p\u00e4rast esimest hoolitsust. Naha kaudu imendudes omab magneesium l\u00f5\u00f5gastavat m\u00f5ju n\u00e4rvis\u00fcsteemile, aitab k\u00f5rvaldada blokke ja lihaskrampe, pehmendab nahka, andes sellele terve v\u00e4limuse ja ilu. Hoolitsus v\u00f5imaldab teil t\u00e4ielikult unustada v\u00e4simuse, leevendab f\u00fc\u00fcsilist ja emotsionaalset stressi, aitab l\u00f5\u00f5gastuda ja puhata. M\u00e4hise ajal teostab mass\u00f6\u00f6r \u00fclakeha massaa\u017ei.<\/p>\n","protected":false},"featured_media":22942,"template":"","meta":{"_acf_changed":false},"product_brand":[],"product_cat":[73],"product_tag":[],"class_list":{"0":"post-22945","1":"product","2":"type-product","3":"status-publish","4":"has-post-thumbnail","6":"product_cat-kaed-jalad","8":"first","9":"instock","10":"shipping-taxable","11":"purchasable","12":"product-type-simple"},"acf":[],"yoast_head":"<!-- This site is optimized with the Yoast SEO plugin v27.2 - https:\/\/yoast.com\/product\/yoast-seo-wordpress\/ -->\n<title>Magneesiumim\u00e4his jalgadele \u00fclakeha massaa\u017eiga | Hestia Hotel Haapsalu Spa<\/title>\n<meta name=\"robots\" content=\"index, follow, max-snippet:-1, max-image-preview:large, max-video-preview:-1\" \/>\n<link rel=\"canonical\" href=\"https:\/\/www.hestiahotels.com\/haapsaluspa\/toode\/magneesiumimahis-jalgadele-ulakeha-massaaziga\/\" \/>\n<meta property=\"og:locale\" content=\"et_EE\" \/>\n<meta property=\"og:type\" content=\"article\" \/>\n<meta property=\"og:title\" content=\"Magneesiumim\u00e4his jalgadele \u00fclakeha massaa\u017eiga | Hestia Hotel Haapsalu Spa\" \/>\n<meta property=\"og:description\" content=\"Hoolitsuse alguses kantakse jalalabast kuni reiteni magneesiumim\u00e4his. Viimane on puhas Eesti loodustoode ning mereveest toodetud magneesiumi m\u00e4hise v\u00e4ljendunud efekt ilmneb juba p\u00e4rast esimest hoolitsust. Naha kaudu imendudes omab magneesium l\u00f5\u00f5gastavat m\u00f5ju n\u00e4rvis\u00fcsteemile, aitab k\u00f5rvaldada blokke ja lihaskrampe, pehmendab nahka, andes sellele terve v\u00e4limuse ja ilu. Hoolitsus v\u00f5imaldab teil t\u00e4ielikult unustada v\u00e4simuse, leevendab f\u00fc\u00fcsilist ja emotsionaalset stressi, aitab l\u00f5\u00f5gastuda ja puhata. M\u00e4hise ajal teostab mass\u00f6\u00f6r \u00fclakeha massaa\u017ei.\" \/>\n<meta property=\"og:url\" content=\"https:\/\/www.hestiahotels.com\/haapsaluspa\/toode\/magneesiumimahis-jalgadele-ulakeha-massaaziga\/\" \/>\n<meta property=\"og:site_name\" content=\"Hestia Hotel Haapsalu Spa\" \/>\n<meta property=\"article:publisher\" content=\"https:\/\/www.facebook.com\/HaapsaluSpa\" \/>\n<meta property=\"article:modified_time\" content=\"2024-06-30T21:00:10+00:00\" \/>\n<meta property=\"og:image\" content=\"https:\/\/www.hestiahotels.com\/wp-content\/uploads\/sites\/7\/2022\/07\/mahis1.jpg\" \/>\n\t<meta property=\"og:image:width\" content=\"1920\" \/>\n\t<meta property=\"og:image:height\" content=\"1080\" \/>\n\t<meta property=\"og:image:type\" content=\"image\/jpeg\" \/>\n<meta name=\"twitter:card\" content=\"summary_large_image\" \/>\n<meta name=\"twitter:label1\" content=\"Est. reading time\" \/>\n\t<meta name=\"twitter:data1\" content=\"1 minut\" \/>\n<script type=\"application\/ld+json\" class=\"yoast-schema-graph\">{\"@context\":\"https:\/\/schema.org\",\"@graph\":[{\"@type\":\"WebPage\",\"@id\":\"https:\/\/www.hestiahotels.com\/haapsaluspa\/toode\/magneesiumimahis-jalgadele-ulakeha-massaaziga\/\",\"url\":\"https:\/\/www.hestiahotels.com\/haapsaluspa\/toode\/magneesiumimahis-jalgadele-ulakeha-massaaziga\/\",\"name\":\"Magneesiumim\u00e4his jalgadele \u00fclakeha massaa\u017eiga | Hestia Hotel Haapsalu Spa\",\"isPartOf\":{\"@id\":\"https:\/\/www.hestiahotels.com\/haapsaluspa\/#website\"},\"primaryImageOfPage\":{\"@id\":\"https:\/\/www.hestiahotels.com\/haapsaluspa\/toode\/magneesiumimahis-jalgadele-ulakeha-massaaziga\/#primaryimage\"},\"image\":{\"@id\":\"https:\/\/www.hestiahotels.com\/haapsaluspa\/toode\/magneesiumimahis-jalgadele-ulakeha-massaaziga\/#primaryimage\"},\"thumbnailUrl\":\"\/wp-content\/uploads\/sites\/7\/2022\/07\/mahis1.jpg\",\"datePublished\":\"2022-07-04T19:50:15+00:00\",\"dateModified\":\"2024-06-30T21:00:10+00:00\",\"breadcrumb\":{\"@id\":\"https:\/\/www.hestiahotels.com\/haapsaluspa\/toode\/magneesiumimahis-jalgadele-ulakeha-massaaziga\/#breadcrumb\"},\"inLanguage\":\"et\",\"potentialAction\":[{\"@type\":\"ReadAction\",\"target\":[\"https:\/\/www.hestiahotels.com\/haapsaluspa\/toode\/magneesiumimahis-jalgadele-ulakeha-massaaziga\/\"]}]},{\"@type\":\"ImageObject\",\"inLanguage\":\"et\",\"@id\":\"https:\/\/www.hestiahotels.com\/haapsaluspa\/toode\/magneesiumimahis-jalgadele-ulakeha-massaaziga\/#primaryimage\",\"url\":\"\/wp-content\/uploads\/sites\/7\/2022\/07\/mahis1.jpg\",\"contentUrl\":\"\/wp-content\/uploads\/sites\/7\/2022\/07\/mahis1.jpg\",\"width\":1920,\"height\":1080},{\"@type\":\"BreadcrumbList\",\"@id\":\"https:\/\/www.hestiahotels.com\/haapsaluspa\/toode\/magneesiumimahis-jalgadele-ulakeha-massaaziga\/#breadcrumb\",\"itemListElement\":[{\"@type\":\"ListItem\",\"position\":1,\"name\":\"Home\",\"item\":\"https:\/\/www.hestiahotels.com\/haapsaluspa\/\"},{\"@type\":\"ListItem\",\"position\":2,\"name\":\"Spaa Hoolitsused\",\"item\":\"https:\/\/www.hestiahotels.com\/haapsaluspa\/spaa-hoolitused\/\"},{\"@type\":\"ListItem\",\"position\":3,\"name\":\"Magneesiumim\u00e4his jalgadele \u00fclakeha massaa\u017eiga\"}]},{\"@type\":\"WebSite\",\"@id\":\"https:\/\/www.hestiahotels.com\/haapsaluspa\/#website\",\"url\":\"https:\/\/www.hestiahotels.com\/haapsaluspa\/\",\"name\":\"Hestia Hotel Haapsalu Spa\",\"description\":\"Hestia Hotel Haapsalu Spa on kolmest k\u00fcljest merega piiratud V\u00e4ikese viigi kaldal, vaid jalutusk\u00e4igu kaugusel maalilisest Haapsalu vanalinnast.\",\"potentialAction\":[{\"@type\":\"SearchAction\",\"target\":{\"@type\":\"EntryPoint\",\"urlTemplate\":\"https:\/\/www.hestiahotels.com\/haapsaluspa\/?s={search_term_string}\"},\"query-input\":{\"@type\":\"PropertyValueSpecification\",\"valueRequired\":true,\"valueName\":\"search_term_string\"}}],\"inLanguage\":\"et\"}]}<\/script>\n<!-- \/ Yoast SEO plugin. -->","yoast_head_json":{"title":"Magneesiumim\u00e4his jalgadele \u00fclakeha massaa\u017eiga | Hestia Hotel Haapsalu Spa","robots":{"index":"index","follow":"follow","max-snippet":"max-snippet:-1","max-image-preview":"max-image-preview:large","max-video-preview":"max-video-preview:-1"},"canonical":"https:\/\/www.hestiahotels.com\/haapsaluspa\/toode\/magneesiumimahis-jalgadele-ulakeha-massaaziga\/","og_locale":"et_EE","og_type":"article","og_title":"Magneesiumim\u00e4his jalgadele \u00fclakeha massaa\u017eiga | Hestia Hotel Haapsalu Spa","og_description":"Hoolitsuse alguses kantakse jalalabast kuni reiteni magneesiumim\u00e4his. Viimane on puhas Eesti loodustoode ning mereveest toodetud magneesiumi m\u00e4hise v\u00e4ljendunud efekt ilmneb juba p\u00e4rast esimest hoolitsust. Naha kaudu imendudes omab magneesium l\u00f5\u00f5gastavat m\u00f5ju n\u00e4rvis\u00fcsteemile, aitab k\u00f5rvaldada blokke ja lihaskrampe, pehmendab nahka, andes sellele terve v\u00e4limuse ja ilu. Hoolitsus v\u00f5imaldab teil t\u00e4ielikult unustada v\u00e4simuse, leevendab f\u00fc\u00fcsilist ja emotsionaalset stressi, aitab l\u00f5\u00f5gastuda ja puhata. M\u00e4hise ajal teostab mass\u00f6\u00f6r \u00fclakeha massaa\u017ei.","og_url":"https:\/\/www.hestiahotels.com\/haapsaluspa\/toode\/magneesiumimahis-jalgadele-ulakeha-massaaziga\/","og_site_name":"Hestia Hotel Haapsalu Spa","article_publisher":"https:\/\/www.facebook.com\/HaapsaluSpa","article_modified_time":"2024-06-30T21:00:10+00:00","og_image":[{"width":1920,"height":1080,"url":"https:\/\/www.hestiahotels.com\/wp-content\/uploads\/sites\/7\/2022\/07\/mahis1.jpg","type":"image\/jpeg"}],"twitter_card":"summary_large_image","twitter_misc":{"Est. reading time":"1 minut"},"schema":{"@context":"https:\/\/schema.org","@graph":[{"@type":"WebPage","@id":"https:\/\/www.hestiahotels.com\/haapsaluspa\/toode\/magneesiumimahis-jalgadele-ulakeha-massaaziga\/","url":"https:\/\/www.hestiahotels.com\/haapsaluspa\/toode\/magneesiumimahis-jalgadele-ulakeha-massaaziga\/","name":"Magneesiumim\u00e4his jalgadele \u00fclakeha massaa\u017eiga | Hestia Hotel Haapsalu Spa","isPartOf":{"@id":"https:\/\/www.hestiahotels.com\/haapsaluspa\/#website"},"primaryImageOfPage":{"@id":"https:\/\/www.hestiahotels.com\/haapsaluspa\/toode\/magneesiumimahis-jalgadele-ulakeha-massaaziga\/#primaryimage"},"image":{"@id":"https:\/\/www.hestiahotels.com\/haapsaluspa\/toode\/magneesiumimahis-jalgadele-ulakeha-massaaziga\/#primaryimage"},"thumbnailUrl":"\/wp-content\/uploads\/sites\/7\/2022\/07\/mahis1.jpg","datePublished":"2022-07-04T19:50:15+00:00","dateModified":"2024-06-30T21:00:10+00:00","breadcrumb":{"@id":"https:\/\/www.hestiahotels.com\/haapsaluspa\/toode\/magneesiumimahis-jalgadele-ulakeha-massaaziga\/#breadcrumb"},"inLanguage":"et","potentialAction":[{"@type":"ReadAction","target":["https:\/\/www.hestiahotels.com\/haapsaluspa\/toode\/magneesiumimahis-jalgadele-ulakeha-massaaziga\/"]}]},{"@type":"ImageObject","inLanguage":"et","@id":"https:\/\/www.hestiahotels.com\/haapsaluspa\/toode\/magneesiumimahis-jalgadele-ulakeha-massaaziga\/#primaryimage","url":"\/wp-content\/uploads\/sites\/7\/2022\/07\/mahis1.jpg","contentUrl":"\/wp-content\/uploads\/sites\/7\/2022\/07\/mahis1.jpg","width":1920,"height":1080},{"@type":"BreadcrumbList","@id":"https:\/\/www.hestiahotels.com\/haapsaluspa\/toode\/magneesiumimahis-jalgadele-ulakeha-massaaziga\/#breadcrumb","itemListElement":[{"@type":"ListItem","position":1,"name":"Home","item":"https:\/\/www.hestiahotels.com\/haapsaluspa\/"},{"@type":"ListItem","position":2,"name":"Spaa Hoolitsused","item":"https:\/\/www.hestiahotels.com\/haapsaluspa\/spaa-hoolitused\/"},{"@type":"ListItem","position":3,"name":"Magneesiumim\u00e4his jalgadele \u00fclakeha massaa\u017eiga"}]},{"@type":"WebSite","@id":"https:\/\/www.hestiahotels.com\/haapsaluspa\/#website","url":"https:\/\/www.hestiahotels.com\/haapsaluspa\/","name":"Hestia Hotel Haapsalu Spa","description":"Hestia Hotel Haapsalu Spa on kolmest k\u00fcljest merega piiratud V\u00e4ikese viigi kaldal, vaid jalutusk\u00e4igu kaugusel maalilisest Haapsalu vanalinnast.","potentialAction":[{"@type":"SearchAction","target":{"@type":"EntryPoint","urlTemplate":"https:\/\/www.hestiahotels.com\/haapsaluspa\/?s={search_term_string}"},"query-input":{"@type":"PropertyValueSpecification","valueRequired":true,"valueName":"search_term_string"}}],"inLanguage":"et"}]}},"_links":{"self":[{"href":"https:\/\/www.hestiahotels.com\/haapsaluspa\/wp-json\/wp\/v2\/product\/22945","targetHints":{"allow":["GET"]}}],"collection":[{"href":"https:\/\/www.hestiahotels.com\/haapsaluspa\/wp-json\/wp\/v2\/product"}],"about":[{"href":"https:\/\/www.hestiahotels.com\/haapsaluspa\/wp-json\/wp\/v2\/types\/product"}],"wp:featuredmedia":[{"embeddable":true,"href":"https:\/\/www.hestiahotels.com\/haapsaluspa\/wp-json\/wp\/v2\/media\/22942"}],"wp:attachment":[{"href":"https:\/\/www.hestiahotels.com\/haapsaluspa\/wp-json\/wp\/v2\/media?parent=22945"}],"wp:term":[{"taxonomy":"product_brand","embeddable":true,"href":"https:\/\/www.hestiahotels.com\/haapsaluspa\/wp-json\/wp\/v2\/product_brand?post=22945"},{"taxonomy":"product_cat","embeddable":true,"href":"https:\/\/www.hestiahotels.com\/haapsaluspa\/wp-json\/wp\/v2\/product_cat?post=22945"},{"taxonomy":"product_tag","embeddable":true,"href":"https:\/\/www.hestiahotels.com\/haapsaluspa\/wp-json\/wp\/v2\/product_tag?post=22945"}],"curies":[{"name":"wp","href":"https:\/\/api.w.org\/{rel}","templated":true}]}}