{"id":23077,"date":"2022-07-28T13:05:46","date_gmt":"2022-07-28T10:05:46","guid":{"rendered":"https:\/\/www.hestiahotels.com\/haapsaluspa\/?post_type=product&#038;p=23077"},"modified":"2026-04-13T11:41:25","modified_gmt":"2026-04-13T08:41:25","slug":"pisipreili-rabarberi-juuksehoolitsus-punutisega-juustele","status":"publish","type":"product","link":"https:\/\/www.hestiahotels.com\/haapsaluspa\/toode\/pisipreili-rabarberi-juuksehoolitsus-punutisega-juustele\/","title":{"rendered":"Pisipreili rabarberi juuksehoolitsus koos punutisega"},"content":{"rendered":"","protected":false},"excerpt":{"rendered":"<p>Hoolitsuse alguses pestakse pisipreili juuksed rabarberi \u0161ampooniga, milles on aaloeekstrakt ning mis annab juustele v\u00e4rskust, l\u00e4iget ja s\u00e4ra. Seej\u00e4rel kantakse juustele looduslik rabarberi juuksemask riitsinus\u00f5liga, mis parandab juuksestruktuuri ja v\u00e4hendab kahusust. Hoolitsuse l\u00f5petab pisipreili valitud punutis juustele, millega l\u00f5\u00f5gastavat puhkust edasi nautima minna.<\/p>\n<p>Hoolitsuse soovituslik vanus kuni 15 eluaastat.<\/p>\n","protected":false},"featured_media":23078,"template":"","meta":{"_acf_changed":false},"product_brand":[],"product_cat":[170,75],"product_tag":[],"class_list":{"0":"post-23077","1":"product","2":"type-product","3":"status-publish","4":"has-post-thumbnail","6":"product_cat-juuksed","7":"product_cat-laste-spaa","9":"first","10":"instock","11":"shipping-taxable","12":"purchasable","13":"product-type-simple"},"acf":[],"yoast_head":"<!-- This site is optimized with the Yoast SEO plugin v27.2 - https:\/\/yoast.com\/product\/yoast-seo-wordpress\/ -->\n<title>Pisipreili rabarberi juuksehoolitsus koos punutisega | Hestia Hotel Haapsalu Spa<\/title>\n<meta name=\"robots\" content=\"index, follow, max-snippet:-1, max-image-preview:large, max-video-preview:-1\" \/>\n<link rel=\"canonical\" href=\"https:\/\/www.hestiahotels.com\/haapsaluspa\/toode\/pisipreili-rabarberi-juuksehoolitsus-punutisega-juustele\/\" \/>\n<meta property=\"og:locale\" content=\"et_EE\" \/>\n<meta property=\"og:type\" content=\"article\" \/>\n<meta property=\"og:title\" content=\"Pisipreili rabarberi juuksehoolitsus koos punutisega | Hestia Hotel Haapsalu Spa\" \/>\n<meta property=\"og:description\" content=\"Hoolitsuse alguses pestakse pisipreili juuksed rabarberi \u0161ampooniga, milles on aaloeekstrakt ning mis annab juustele v\u00e4rskust, l\u00e4iget ja s\u00e4ra. Seej\u00e4rel kantakse juustele looduslik rabarberi juuksemask riitsinus\u00f5liga, mis parandab juuksestruktuuri ja v\u00e4hendab kahusust. Hoolitsuse l\u00f5petab pisipreili valitud punutis juustele, millega l\u00f5\u00f5gastavat puhkust edasi nautima minna.  Hoolitsuse soovituslik vanus kuni 15 eluaastat.\" \/>\n<meta property=\"og:url\" content=\"https:\/\/www.hestiahotels.com\/haapsaluspa\/toode\/pisipreili-rabarberi-juuksehoolitsus-punutisega-juustele\/\" \/>\n<meta property=\"og:site_name\" content=\"Hestia Hotel Haapsalu Spa\" \/>\n<meta property=\"article:publisher\" content=\"https:\/\/www.facebook.com\/HaapsaluSpa\" \/>\n<meta property=\"article:modified_time\" content=\"2026-04-13T08:41:25+00:00\" \/>\n<meta property=\"og:image\" content=\"https:\/\/www.hestiahotels.com\/wp-content\/uploads\/sites\/7\/2022\/07\/punutis1.jpg\" \/>\n\t<meta property=\"og:image:width\" content=\"1920\" \/>\n\t<meta property=\"og:image:height\" content=\"1080\" \/>\n\t<meta property=\"og:image:type\" content=\"image\/jpeg\" \/>\n<meta name=\"twitter:card\" content=\"summary_large_image\" \/>\n<meta name=\"twitter:label1\" content=\"Est. reading time\" \/>\n\t<meta name=\"twitter:data1\" content=\"1 minut\" \/>\n<script type=\"application\/ld+json\" class=\"yoast-schema-graph\">{\"@context\":\"https:\/\/schema.org\",\"@graph\":[{\"@type\":\"WebPage\",\"@id\":\"https:\/\/www.hestiahotels.com\/haapsaluspa\/toode\/pisipreili-rabarberi-juuksehoolitsus-punutisega-juustele\/\",\"url\":\"https:\/\/www.hestiahotels.com\/haapsaluspa\/toode\/pisipreili-rabarberi-juuksehoolitsus-punutisega-juustele\/\",\"name\":\"Pisipreili rabarberi juuksehoolitsus koos punutisega | Hestia Hotel Haapsalu Spa\",\"isPartOf\":{\"@id\":\"https:\/\/www.hestiahotels.com\/haapsaluspa\/#website\"},\"primaryImageOfPage\":{\"@id\":\"https:\/\/www.hestiahotels.com\/haapsaluspa\/toode\/pisipreili-rabarberi-juuksehoolitsus-punutisega-juustele\/#primaryimage\"},\"image\":{\"@id\":\"https:\/\/www.hestiahotels.com\/haapsaluspa\/toode\/pisipreili-rabarberi-juuksehoolitsus-punutisega-juustele\/#primaryimage\"},\"thumbnailUrl\":\"\/wp-content\/uploads\/sites\/7\/2022\/07\/punutis1.jpg\",\"datePublished\":\"2022-07-28T10:05:46+00:00\",\"dateModified\":\"2026-04-13T08:41:25+00:00\",\"breadcrumb\":{\"@id\":\"https:\/\/www.hestiahotels.com\/haapsaluspa\/toode\/pisipreili-rabarberi-juuksehoolitsus-punutisega-juustele\/#breadcrumb\"},\"inLanguage\":\"et\",\"potentialAction\":[{\"@type\":\"ReadAction\",\"target\":[\"https:\/\/www.hestiahotels.com\/haapsaluspa\/toode\/pisipreili-rabarberi-juuksehoolitsus-punutisega-juustele\/\"]}]},{\"@type\":\"ImageObject\",\"inLanguage\":\"et\",\"@id\":\"https:\/\/www.hestiahotels.com\/haapsaluspa\/toode\/pisipreili-rabarberi-juuksehoolitsus-punutisega-juustele\/#primaryimage\",\"url\":\"\/wp-content\/uploads\/sites\/7\/2022\/07\/punutis1.jpg\",\"contentUrl\":\"\/wp-content\/uploads\/sites\/7\/2022\/07\/punutis1.jpg\",\"width\":1920,\"height\":1080},{\"@type\":\"BreadcrumbList\",\"@id\":\"https:\/\/www.hestiahotels.com\/haapsaluspa\/toode\/pisipreili-rabarberi-juuksehoolitsus-punutisega-juustele\/#breadcrumb\",\"itemListElement\":[{\"@type\":\"ListItem\",\"position\":1,\"name\":\"Home\",\"item\":\"https:\/\/www.hestiahotels.com\/haapsaluspa\/\"},{\"@type\":\"ListItem\",\"position\":2,\"name\":\"Spaa Hoolitsused\",\"item\":\"https:\/\/www.hestiahotels.com\/haapsaluspa\/spaa-hoolitused\/\"},{\"@type\":\"ListItem\",\"position\":3,\"name\":\"Pisipreili rabarberi juuksehoolitsus koos punutisega\"}]},{\"@type\":\"WebSite\",\"@id\":\"https:\/\/www.hestiahotels.com\/haapsaluspa\/#website\",\"url\":\"https:\/\/www.hestiahotels.com\/haapsaluspa\/\",\"name\":\"Hestia Hotel Haapsalu Spa\",\"description\":\"Hestia Hotel Haapsalu Spa on kolmest k\u00fcljest merega piiratud V\u00e4ikese viigi kaldal, vaid jalutusk\u00e4igu kaugusel maalilisest Haapsalu vanalinnast.\",\"potentialAction\":[{\"@type\":\"SearchAction\",\"target\":{\"@type\":\"EntryPoint\",\"urlTemplate\":\"https:\/\/www.hestiahotels.com\/haapsaluspa\/?s={search_term_string}\"},\"query-input\":{\"@type\":\"PropertyValueSpecification\",\"valueRequired\":true,\"valueName\":\"search_term_string\"}}],\"inLanguage\":\"et\"}]}<\/script>\n<!-- \/ Yoast SEO plugin. -->","yoast_head_json":{"title":"Pisipreili rabarberi juuksehoolitsus koos punutisega | Hestia Hotel Haapsalu Spa","robots":{"index":"index","follow":"follow","max-snippet":"max-snippet:-1","max-image-preview":"max-image-preview:large","max-video-preview":"max-video-preview:-1"},"canonical":"https:\/\/www.hestiahotels.com\/haapsaluspa\/toode\/pisipreili-rabarberi-juuksehoolitsus-punutisega-juustele\/","og_locale":"et_EE","og_type":"article","og_title":"Pisipreili rabarberi juuksehoolitsus koos punutisega | Hestia Hotel Haapsalu Spa","og_description":"Hoolitsuse alguses pestakse pisipreili juuksed rabarberi \u0161ampooniga, milles on aaloeekstrakt ning mis annab juustele v\u00e4rskust, l\u00e4iget ja s\u00e4ra. Seej\u00e4rel kantakse juustele looduslik rabarberi juuksemask riitsinus\u00f5liga, mis parandab juuksestruktuuri ja v\u00e4hendab kahusust. Hoolitsuse l\u00f5petab pisipreili valitud punutis juustele, millega l\u00f5\u00f5gastavat puhkust edasi nautima minna.  Hoolitsuse soovituslik vanus kuni 15 eluaastat.","og_url":"https:\/\/www.hestiahotels.com\/haapsaluspa\/toode\/pisipreili-rabarberi-juuksehoolitsus-punutisega-juustele\/","og_site_name":"Hestia Hotel Haapsalu Spa","article_publisher":"https:\/\/www.facebook.com\/HaapsaluSpa","article_modified_time":"2026-04-13T08:41:25+00:00","og_image":[{"width":1920,"height":1080,"url":"https:\/\/www.hestiahotels.com\/wp-content\/uploads\/sites\/7\/2022\/07\/punutis1.jpg","type":"image\/jpeg"}],"twitter_card":"summary_large_image","twitter_misc":{"Est. reading time":"1 minut"},"schema":{"@context":"https:\/\/schema.org","@graph":[{"@type":"WebPage","@id":"https:\/\/www.hestiahotels.com\/haapsaluspa\/toode\/pisipreili-rabarberi-juuksehoolitsus-punutisega-juustele\/","url":"https:\/\/www.hestiahotels.com\/haapsaluspa\/toode\/pisipreili-rabarberi-juuksehoolitsus-punutisega-juustele\/","name":"Pisipreili rabarberi juuksehoolitsus koos punutisega | Hestia Hotel Haapsalu Spa","isPartOf":{"@id":"https:\/\/www.hestiahotels.com\/haapsaluspa\/#website"},"primaryImageOfPage":{"@id":"https:\/\/www.hestiahotels.com\/haapsaluspa\/toode\/pisipreili-rabarberi-juuksehoolitsus-punutisega-juustele\/#primaryimage"},"image":{"@id":"https:\/\/www.hestiahotels.com\/haapsaluspa\/toode\/pisipreili-rabarberi-juuksehoolitsus-punutisega-juustele\/#primaryimage"},"thumbnailUrl":"\/wp-content\/uploads\/sites\/7\/2022\/07\/punutis1.jpg","datePublished":"2022-07-28T10:05:46+00:00","dateModified":"2026-04-13T08:41:25+00:00","breadcrumb":{"@id":"https:\/\/www.hestiahotels.com\/haapsaluspa\/toode\/pisipreili-rabarberi-juuksehoolitsus-punutisega-juustele\/#breadcrumb"},"inLanguage":"et","potentialAction":[{"@type":"ReadAction","target":["https:\/\/www.hestiahotels.com\/haapsaluspa\/toode\/pisipreili-rabarberi-juuksehoolitsus-punutisega-juustele\/"]}]},{"@type":"ImageObject","inLanguage":"et","@id":"https:\/\/www.hestiahotels.com\/haapsaluspa\/toode\/pisipreili-rabarberi-juuksehoolitsus-punutisega-juustele\/#primaryimage","url":"\/wp-content\/uploads\/sites\/7\/2022\/07\/punutis1.jpg","contentUrl":"\/wp-content\/uploads\/sites\/7\/2022\/07\/punutis1.jpg","width":1920,"height":1080},{"@type":"BreadcrumbList","@id":"https:\/\/www.hestiahotels.com\/haapsaluspa\/toode\/pisipreili-rabarberi-juuksehoolitsus-punutisega-juustele\/#breadcrumb","itemListElement":[{"@type":"ListItem","position":1,"name":"Home","item":"https:\/\/www.hestiahotels.com\/haapsaluspa\/"},{"@type":"ListItem","position":2,"name":"Spaa Hoolitsused","item":"https:\/\/www.hestiahotels.com\/haapsaluspa\/spaa-hoolitused\/"},{"@type":"ListItem","position":3,"name":"Pisipreili rabarberi juuksehoolitsus koos punutisega"}]},{"@type":"WebSite","@id":"https:\/\/www.hestiahotels.com\/haapsaluspa\/#website","url":"https:\/\/www.hestiahotels.com\/haapsaluspa\/","name":"Hestia Hotel Haapsalu Spa","description":"Hestia Hotel Haapsalu Spa on kolmest k\u00fcljest merega piiratud V\u00e4ikese viigi kaldal, vaid jalutusk\u00e4igu kaugusel maalilisest Haapsalu vanalinnast.","potentialAction":[{"@type":"SearchAction","target":{"@type":"EntryPoint","urlTemplate":"https:\/\/www.hestiahotels.com\/haapsaluspa\/?s={search_term_string}"},"query-input":{"@type":"PropertyValueSpecification","valueRequired":true,"valueName":"search_term_string"}}],"inLanguage":"et"}]}},"_links":{"self":[{"href":"https:\/\/www.hestiahotels.com\/haapsaluspa\/wp-json\/wp\/v2\/product\/23077","targetHints":{"allow":["GET"]}}],"collection":[{"href":"https:\/\/www.hestiahotels.com\/haapsaluspa\/wp-json\/wp\/v2\/product"}],"about":[{"href":"https:\/\/www.hestiahotels.com\/haapsaluspa\/wp-json\/wp\/v2\/types\/product"}],"wp:featuredmedia":[{"embeddable":true,"href":"https:\/\/www.hestiahotels.com\/haapsaluspa\/wp-json\/wp\/v2\/media\/23078"}],"wp:attachment":[{"href":"https:\/\/www.hestiahotels.com\/haapsaluspa\/wp-json\/wp\/v2\/media?parent=23077"}],"wp:term":[{"taxonomy":"product_brand","embeddable":true,"href":"https:\/\/www.hestiahotels.com\/haapsaluspa\/wp-json\/wp\/v2\/product_brand?post=23077"},{"taxonomy":"product_cat","embeddable":true,"href":"https:\/\/www.hestiahotels.com\/haapsaluspa\/wp-json\/wp\/v2\/product_cat?post=23077"},{"taxonomy":"product_tag","embeddable":true,"href":"https:\/\/www.hestiahotels.com\/haapsaluspa\/wp-json\/wp\/v2\/product_tag?post=23077"}],"curies":[{"name":"wp","href":"https:\/\/api.w.org\/{rel}","templated":true}]}}