{"id":25391,"date":"2023-01-24T10:51:48","date_gmt":"2023-01-24T08:51:48","guid":{"rendered":"https:\/\/www.hestiahotels.com\/haapsaluspa\/?post_type=product&#038;p=25391"},"modified":"2026-03-04T15:40:14","modified_gmt":"2026-03-04T13:40:14","slug":"gua-sha-kividega-naomassaaz","status":"publish","type":"product","link":"https:\/\/www.hestiahotels.com\/haapsaluspa\/toode\/gua-sha-kividega-naomassaaz\/","title":{"rendered":"Gua Sha kividega n\u00e4omassaa\u017e"},"content":{"rendered":"","protected":false},"excerpt":{"rendered":"<p>Sobib igale vanusele ja nahat\u00fc\u00fcbile. Hoolitsus sisaldab n\u00e4o puhastamist, naha koorimist Physiodermie Bio-Gommage n\u00e4okoorijaga. Gua Sha n\u00e4omassaa\u017e teostatakse loodusliku valgest kvartsist kiviga. Physiodermie Revita oil n\u00e4o\u00f5liga, millesse on lisatud vastavalt naha hetke seisundile Bioarome seerum. Massaa\u017e parandab n\u00e4onaha verevarustust, v\u00e4hendab kortse ja aknest tingitud armide n\u00e4htavust. Massaa\u017ei k\u00e4igus v\u00e4henevad tursed ning tumedad silmaalused, leevenevad lihaspinged. Hoolitsuse kinnitab Physiodermie Prebiotic Mist n\u00e4oudu, mis annab n\u00e4onahale uue v\u00e4rskus tunde ning kaitseb nahka v\u00e4liste tegurite eest.<\/p>\n","protected":false},"featured_media":25444,"template":"","meta":{"_acf_changed":false},"product_brand":[],"product_cat":[50,151],"product_tag":[],"class_list":{"0":"post-25391","1":"product","2":"type-product","3":"status-publish","4":"has-post-thumbnail","6":"product_cat-massaaz","7":"product_cat-naohoolitsused","9":"first","10":"instock","11":"shipping-taxable","12":"purchasable","13":"product-type-simple"},"acf":[],"yoast_head":"<!-- This site is optimized with the Yoast SEO plugin v27.2 - https:\/\/yoast.com\/product\/yoast-seo-wordpress\/ -->\n<title>Gua Sha kividega n\u00e4omassaa\u017e | Hestia Hotel Haapsalu Spa<\/title>\n<meta name=\"description\" content=\"Sobib igale vanusele ja nahat\u00fc\u00fcbile. Hoolitsus sisaldab n\u00e4o puhastamist, naha koorimist Physiodermie Bio-Gommage n\u00e4okoorijaga. Gua Sha n\u00e4omassaa\u017e teostatakse loodusliku valgest kvartsist kiviga. Physiodermie Revita oil n\u00e4o\u00f5liga, millesse on lisatud vastavalt naha hetke seisundile Bioarome seerum. Massaa\u017e parandab n\u00e4onaha verevarustust, v\u00e4hendab kortse ja aknest tingitud armide n\u00e4htavust. Massaa\u017ei k\u00e4igus v\u00e4henevad tursed ning tumedad silmaalused, leevenevad lihaspinged. Hoolitsuse kinnitab Physiodermie Prebiotic Mist n\u00e4oudu, mis annab n\u00e4onahale uue v\u00e4rskus tunde ning kaitseb nahka v\u00e4liste tegurite eest.\" \/>\n<meta name=\"robots\" content=\"index, follow, max-snippet:-1, max-image-preview:large, max-video-preview:-1\" \/>\n<link rel=\"canonical\" href=\"https:\/\/www.hestiahotels.com\/haapsaluspa\/toode\/gua-sha-kividega-naomassaaz\/\" \/>\n<meta property=\"og:locale\" content=\"et_EE\" \/>\n<meta property=\"og:type\" content=\"article\" \/>\n<meta property=\"og:title\" content=\"Gua Sha kividega n\u00e4omassaa\u017e | Hestia Hotel Haapsalu Spa\" \/>\n<meta property=\"og:description\" content=\"Sobib igale vanusele ja nahat\u00fc\u00fcbile. Hoolitsus sisaldab n\u00e4o puhastamist, naha koorimist Physiodermie Bio-Gommage n\u00e4okoorijaga. Gua Sha n\u00e4omassaa\u017e teostatakse loodusliku valgest kvartsist kiviga. Physiodermie Revita oil n\u00e4o\u00f5liga, millesse on lisatud vastavalt naha hetke seisundile Bioarome seerum. Massaa\u017e parandab n\u00e4onaha verevarustust, v\u00e4hendab kortse ja aknest tingitud armide n\u00e4htavust. Massaa\u017ei k\u00e4igus v\u00e4henevad tursed ning tumedad silmaalused, leevenevad lihaspinged. Hoolitsuse kinnitab Physiodermie Prebiotic Mist n\u00e4oudu, mis annab n\u00e4onahale uue v\u00e4rskus tunde ning kaitseb nahka v\u00e4liste tegurite eest.\" \/>\n<meta property=\"og:url\" content=\"https:\/\/www.hestiahotels.com\/haapsaluspa\/toode\/gua-sha-kividega-naomassaaz\/\" \/>\n<meta property=\"og:site_name\" content=\"Hestia Hotel Haapsalu Spa\" \/>\n<meta property=\"article:publisher\" content=\"https:\/\/www.facebook.com\/HaapsaluSpa\" \/>\n<meta property=\"article:modified_time\" content=\"2026-03-04T13:40:14+00:00\" \/>\n<meta property=\"og:image\" content=\"https:\/\/www.hestiahotels.com\/wp-content\/uploads\/sites\/7\/2023\/01\/Hestia-pildid-1920x1080-Landscape-24-1.jpg\" \/>\n\t<meta property=\"og:image:width\" content=\"1920\" \/>\n\t<meta property=\"og:image:height\" content=\"1080\" \/>\n\t<meta property=\"og:image:type\" content=\"image\/jpeg\" \/>\n<meta name=\"twitter:card\" content=\"summary_large_image\" \/>\n<meta name=\"twitter:label1\" content=\"Est. reading time\" \/>\n\t<meta name=\"twitter:data1\" content=\"1 minut\" \/>\n<script type=\"application\/ld+json\" class=\"yoast-schema-graph\">{\"@context\":\"https:\/\/schema.org\",\"@graph\":[{\"@type\":\"WebPage\",\"@id\":\"https:\/\/www.hestiahotels.com\/haapsaluspa\/toode\/gua-sha-kividega-naomassaaz\/\",\"url\":\"https:\/\/www.hestiahotels.com\/haapsaluspa\/toode\/gua-sha-kividega-naomassaaz\/\",\"name\":\"Gua Sha kividega n\u00e4omassaa\u017e | Hestia Hotel Haapsalu Spa\",\"isPartOf\":{\"@id\":\"https:\/\/www.hestiahotels.com\/haapsaluspa\/#website\"},\"primaryImageOfPage\":{\"@id\":\"https:\/\/www.hestiahotels.com\/haapsaluspa\/toode\/gua-sha-kividega-naomassaaz\/#primaryimage\"},\"image\":{\"@id\":\"https:\/\/www.hestiahotels.com\/haapsaluspa\/toode\/gua-sha-kividega-naomassaaz\/#primaryimage\"},\"thumbnailUrl\":\"\/wp-content\/uploads\/sites\/7\/2023\/01\/Hestia-pildid-1920x1080-Landscape-24-1.jpg\",\"datePublished\":\"2023-01-24T08:51:48+00:00\",\"dateModified\":\"2026-03-04T13:40:14+00:00\",\"description\":\"Sobib igale vanusele ja nahat\u00fc\u00fcbile. Hoolitsus sisaldab n\u00e4o puhastamist, naha koorimist Physiodermie Bio-Gommage n\u00e4okoorijaga. Gua Sha n\u00e4omassaa\u017e teostatakse loodusliku valgest kvartsist kiviga. Physiodermie Revita oil n\u00e4o\u00f5liga, millesse on lisatud vastavalt naha hetke seisundile Bioarome seerum. Massaa\u017e parandab n\u00e4onaha verevarustust, v\u00e4hendab kortse ja aknest tingitud armide n\u00e4htavust. Massaa\u017ei k\u00e4igus v\u00e4henevad tursed ning tumedad silmaalused, leevenevad lihaspinged. Hoolitsuse kinnitab Physiodermie Prebiotic Mist n\u00e4oudu, mis annab n\u00e4onahale uue v\u00e4rskus tunde ning kaitseb nahka v\u00e4liste tegurite eest.\",\"breadcrumb\":{\"@id\":\"https:\/\/www.hestiahotels.com\/haapsaluspa\/toode\/gua-sha-kividega-naomassaaz\/#breadcrumb\"},\"inLanguage\":\"et\",\"potentialAction\":[{\"@type\":\"ReadAction\",\"target\":[\"https:\/\/www.hestiahotels.com\/haapsaluspa\/toode\/gua-sha-kividega-naomassaaz\/\"]}]},{\"@type\":\"ImageObject\",\"inLanguage\":\"et\",\"@id\":\"https:\/\/www.hestiahotels.com\/haapsaluspa\/toode\/gua-sha-kividega-naomassaaz\/#primaryimage\",\"url\":\"\/wp-content\/uploads\/sites\/7\/2023\/01\/Hestia-pildid-1920x1080-Landscape-24-1.jpg\",\"contentUrl\":\"\/wp-content\/uploads\/sites\/7\/2023\/01\/Hestia-pildid-1920x1080-Landscape-24-1.jpg\",\"width\":1920,\"height\":1080},{\"@type\":\"BreadcrumbList\",\"@id\":\"https:\/\/www.hestiahotels.com\/haapsaluspa\/toode\/gua-sha-kividega-naomassaaz\/#breadcrumb\",\"itemListElement\":[{\"@type\":\"ListItem\",\"position\":1,\"name\":\"Home\",\"item\":\"https:\/\/www.hestiahotels.com\/haapsaluspa\/\"},{\"@type\":\"ListItem\",\"position\":2,\"name\":\"Spaa Hoolitsused\",\"item\":\"https:\/\/www.hestiahotels.com\/haapsaluspa\/spaa-hoolitused\/\"},{\"@type\":\"ListItem\",\"position\":3,\"name\":\"Gua Sha kividega n\u00e4omassaa\u017e\"}]},{\"@type\":\"WebSite\",\"@id\":\"https:\/\/www.hestiahotels.com\/haapsaluspa\/#website\",\"url\":\"https:\/\/www.hestiahotels.com\/haapsaluspa\/\",\"name\":\"Hestia Hotel Haapsalu Spa\",\"description\":\"Hestia Hotel Haapsalu Spa on kolmest k\u00fcljest merega piiratud V\u00e4ikese viigi kaldal, vaid jalutusk\u00e4igu kaugusel maalilisest Haapsalu vanalinnast.\",\"potentialAction\":[{\"@type\":\"SearchAction\",\"target\":{\"@type\":\"EntryPoint\",\"urlTemplate\":\"https:\/\/www.hestiahotels.com\/haapsaluspa\/?s={search_term_string}\"},\"query-input\":{\"@type\":\"PropertyValueSpecification\",\"valueRequired\":true,\"valueName\":\"search_term_string\"}}],\"inLanguage\":\"et\"}]}<\/script>\n<!-- \/ Yoast SEO plugin. -->","yoast_head_json":{"title":"Gua Sha kividega n\u00e4omassaa\u017e | Hestia Hotel Haapsalu Spa","description":"Sobib igale vanusele ja nahat\u00fc\u00fcbile. Hoolitsus sisaldab n\u00e4o puhastamist, naha koorimist Physiodermie Bio-Gommage n\u00e4okoorijaga. Gua Sha n\u00e4omassaa\u017e teostatakse loodusliku valgest kvartsist kiviga. Physiodermie Revita oil n\u00e4o\u00f5liga, millesse on lisatud vastavalt naha hetke seisundile Bioarome seerum. Massaa\u017e parandab n\u00e4onaha verevarustust, v\u00e4hendab kortse ja aknest tingitud armide n\u00e4htavust. Massaa\u017ei k\u00e4igus v\u00e4henevad tursed ning tumedad silmaalused, leevenevad lihaspinged. Hoolitsuse kinnitab Physiodermie Prebiotic Mist n\u00e4oudu, mis annab n\u00e4onahale uue v\u00e4rskus tunde ning kaitseb nahka v\u00e4liste tegurite eest.","robots":{"index":"index","follow":"follow","max-snippet":"max-snippet:-1","max-image-preview":"max-image-preview:large","max-video-preview":"max-video-preview:-1"},"canonical":"https:\/\/www.hestiahotels.com\/haapsaluspa\/toode\/gua-sha-kividega-naomassaaz\/","og_locale":"et_EE","og_type":"article","og_title":"Gua Sha kividega n\u00e4omassaa\u017e | Hestia Hotel Haapsalu Spa","og_description":"Sobib igale vanusele ja nahat\u00fc\u00fcbile. Hoolitsus sisaldab n\u00e4o puhastamist, naha koorimist Physiodermie Bio-Gommage n\u00e4okoorijaga. Gua Sha n\u00e4omassaa\u017e teostatakse loodusliku valgest kvartsist kiviga. Physiodermie Revita oil n\u00e4o\u00f5liga, millesse on lisatud vastavalt naha hetke seisundile Bioarome seerum. Massaa\u017e parandab n\u00e4onaha verevarustust, v\u00e4hendab kortse ja aknest tingitud armide n\u00e4htavust. Massaa\u017ei k\u00e4igus v\u00e4henevad tursed ning tumedad silmaalused, leevenevad lihaspinged. Hoolitsuse kinnitab Physiodermie Prebiotic Mist n\u00e4oudu, mis annab n\u00e4onahale uue v\u00e4rskus tunde ning kaitseb nahka v\u00e4liste tegurite eest.","og_url":"https:\/\/www.hestiahotels.com\/haapsaluspa\/toode\/gua-sha-kividega-naomassaaz\/","og_site_name":"Hestia Hotel Haapsalu Spa","article_publisher":"https:\/\/www.facebook.com\/HaapsaluSpa","article_modified_time":"2026-03-04T13:40:14+00:00","og_image":[{"width":1920,"height":1080,"url":"https:\/\/www.hestiahotels.com\/wp-content\/uploads\/sites\/7\/2023\/01\/Hestia-pildid-1920x1080-Landscape-24-1.jpg","type":"image\/jpeg"}],"twitter_card":"summary_large_image","twitter_misc":{"Est. reading time":"1 minut"},"schema":{"@context":"https:\/\/schema.org","@graph":[{"@type":"WebPage","@id":"https:\/\/www.hestiahotels.com\/haapsaluspa\/toode\/gua-sha-kividega-naomassaaz\/","url":"https:\/\/www.hestiahotels.com\/haapsaluspa\/toode\/gua-sha-kividega-naomassaaz\/","name":"Gua Sha kividega n\u00e4omassaa\u017e | Hestia Hotel Haapsalu Spa","isPartOf":{"@id":"https:\/\/www.hestiahotels.com\/haapsaluspa\/#website"},"primaryImageOfPage":{"@id":"https:\/\/www.hestiahotels.com\/haapsaluspa\/toode\/gua-sha-kividega-naomassaaz\/#primaryimage"},"image":{"@id":"https:\/\/www.hestiahotels.com\/haapsaluspa\/toode\/gua-sha-kividega-naomassaaz\/#primaryimage"},"thumbnailUrl":"\/wp-content\/uploads\/sites\/7\/2023\/01\/Hestia-pildid-1920x1080-Landscape-24-1.jpg","datePublished":"2023-01-24T08:51:48+00:00","dateModified":"2026-03-04T13:40:14+00:00","description":"Sobib igale vanusele ja nahat\u00fc\u00fcbile. Hoolitsus sisaldab n\u00e4o puhastamist, naha koorimist Physiodermie Bio-Gommage n\u00e4okoorijaga. Gua Sha n\u00e4omassaa\u017e teostatakse loodusliku valgest kvartsist kiviga. Physiodermie Revita oil n\u00e4o\u00f5liga, millesse on lisatud vastavalt naha hetke seisundile Bioarome seerum. Massaa\u017e parandab n\u00e4onaha verevarustust, v\u00e4hendab kortse ja aknest tingitud armide n\u00e4htavust. Massaa\u017ei k\u00e4igus v\u00e4henevad tursed ning tumedad silmaalused, leevenevad lihaspinged. Hoolitsuse kinnitab Physiodermie Prebiotic Mist n\u00e4oudu, mis annab n\u00e4onahale uue v\u00e4rskus tunde ning kaitseb nahka v\u00e4liste tegurite eest.","breadcrumb":{"@id":"https:\/\/www.hestiahotels.com\/haapsaluspa\/toode\/gua-sha-kividega-naomassaaz\/#breadcrumb"},"inLanguage":"et","potentialAction":[{"@type":"ReadAction","target":["https:\/\/www.hestiahotels.com\/haapsaluspa\/toode\/gua-sha-kividega-naomassaaz\/"]}]},{"@type":"ImageObject","inLanguage":"et","@id":"https:\/\/www.hestiahotels.com\/haapsaluspa\/toode\/gua-sha-kividega-naomassaaz\/#primaryimage","url":"\/wp-content\/uploads\/sites\/7\/2023\/01\/Hestia-pildid-1920x1080-Landscape-24-1.jpg","contentUrl":"\/wp-content\/uploads\/sites\/7\/2023\/01\/Hestia-pildid-1920x1080-Landscape-24-1.jpg","width":1920,"height":1080},{"@type":"BreadcrumbList","@id":"https:\/\/www.hestiahotels.com\/haapsaluspa\/toode\/gua-sha-kividega-naomassaaz\/#breadcrumb","itemListElement":[{"@type":"ListItem","position":1,"name":"Home","item":"https:\/\/www.hestiahotels.com\/haapsaluspa\/"},{"@type":"ListItem","position":2,"name":"Spaa Hoolitsused","item":"https:\/\/www.hestiahotels.com\/haapsaluspa\/spaa-hoolitused\/"},{"@type":"ListItem","position":3,"name":"Gua Sha kividega n\u00e4omassaa\u017e"}]},{"@type":"WebSite","@id":"https:\/\/www.hestiahotels.com\/haapsaluspa\/#website","url":"https:\/\/www.hestiahotels.com\/haapsaluspa\/","name":"Hestia Hotel Haapsalu Spa","description":"Hestia Hotel Haapsalu Spa on kolmest k\u00fcljest merega piiratud V\u00e4ikese viigi kaldal, vaid jalutusk\u00e4igu kaugusel maalilisest Haapsalu vanalinnast.","potentialAction":[{"@type":"SearchAction","target":{"@type":"EntryPoint","urlTemplate":"https:\/\/www.hestiahotels.com\/haapsaluspa\/?s={search_term_string}"},"query-input":{"@type":"PropertyValueSpecification","valueRequired":true,"valueName":"search_term_string"}}],"inLanguage":"et"}]}},"_links":{"self":[{"href":"https:\/\/www.hestiahotels.com\/haapsaluspa\/wp-json\/wp\/v2\/product\/25391","targetHints":{"allow":["GET"]}}],"collection":[{"href":"https:\/\/www.hestiahotels.com\/haapsaluspa\/wp-json\/wp\/v2\/product"}],"about":[{"href":"https:\/\/www.hestiahotels.com\/haapsaluspa\/wp-json\/wp\/v2\/types\/product"}],"wp:featuredmedia":[{"embeddable":true,"href":"https:\/\/www.hestiahotels.com\/haapsaluspa\/wp-json\/wp\/v2\/media\/25444"}],"wp:attachment":[{"href":"https:\/\/www.hestiahotels.com\/haapsaluspa\/wp-json\/wp\/v2\/media?parent=25391"}],"wp:term":[{"taxonomy":"product_brand","embeddable":true,"href":"https:\/\/www.hestiahotels.com\/haapsaluspa\/wp-json\/wp\/v2\/product_brand?post=25391"},{"taxonomy":"product_cat","embeddable":true,"href":"https:\/\/www.hestiahotels.com\/haapsaluspa\/wp-json\/wp\/v2\/product_cat?post=25391"},{"taxonomy":"product_tag","embeddable":true,"href":"https:\/\/www.hestiahotels.com\/haapsaluspa\/wp-json\/wp\/v2\/product_tag?post=25391"}],"curies":[{"name":"wp","href":"https:\/\/api.w.org\/{rel}","templated":true}]}}