{"id":25580,"date":"2023-02-10T00:07:20","date_gmt":"2023-02-09T22:07:20","guid":{"rendered":"https:\/\/www.hestiahotels.com\/haapsaluspa\/?post_type=product&#038;p=25580"},"modified":"2026-04-17T11:45:42","modified_gmt":"2026-04-17T08:45:42","slug":"tutti-frutti-kehahooldus-lastele","status":"publish","type":"product","link":"https:\/\/www.hestiahotels.com\/haapsaluspa\/toode\/tutti-frutti-kehahooldus-lastele\/","title":{"rendered":"Tutti-frutti kehahooldus"},"content":{"rendered":"","protected":false},"excerpt":{"rendered":"<p><em>Hoolitsus on sobilik kuni 12 eluaastastele. <\/em>Mmm&#8230;milline l\u00f5hn&#8230; Lapse keha kreemitatakse tutti-frutti kehapalsamiga kasutades kergemaid massaa\u017eiv\u00f5tteid. Palsam toidab ja niisutab rikkalikult nahka ning annab sellele meeldiva l\u00f5hna. Hoolitsuse l\u00f5ppedes ootab last pisike \u00fcllatus.<\/p>\n","protected":false},"featured_media":25700,"template":"","meta":{"_acf_changed":false},"product_brand":[],"product_cat":[75],"product_tag":[],"class_list":{"0":"post-25580","1":"product","2":"type-product","3":"status-publish","4":"has-post-thumbnail","6":"product_cat-laste-spaa","8":"first","9":"instock","10":"shipping-taxable","11":"purchasable","12":"product-type-simple"},"acf":[],"yoast_head":"<!-- This site is optimized with the Yoast SEO plugin v27.2 - https:\/\/yoast.com\/product\/yoast-seo-wordpress\/ -->\n<title>Tutti-frutti kehahooldus | Hestia Hotel Haapsalu Spa<\/title>\n<meta name=\"robots\" content=\"index, follow, max-snippet:-1, max-image-preview:large, max-video-preview:-1\" \/>\n<link rel=\"canonical\" href=\"https:\/\/www.hestiahotels.com\/haapsaluspa\/toode\/tutti-frutti-kehahooldus-lastele\/\" \/>\n<meta property=\"og:locale\" content=\"et_EE\" \/>\n<meta property=\"og:type\" content=\"article\" \/>\n<meta property=\"og:title\" content=\"Tutti-frutti kehahooldus | Hestia Hotel Haapsalu Spa\" \/>\n<meta property=\"og:description\" content=\"Hoolitsus on sobilik kuni 12 eluaastastele. Mmm...milline l\u00f5hn... Lapse keha kreemitatakse tutti-frutti kehapalsamiga kasutades kergemaid massaa\u017eiv\u00f5tteid. Palsam toidab ja niisutab rikkalikult nahka ning annab sellele meeldiva l\u00f5hna. Hoolitsuse l\u00f5ppedes ootab last pisike \u00fcllatus.\" \/>\n<meta property=\"og:url\" content=\"https:\/\/www.hestiahotels.com\/haapsaluspa\/toode\/tutti-frutti-kehahooldus-lastele\/\" \/>\n<meta property=\"og:site_name\" content=\"Hestia Hotel Haapsalu Spa\" \/>\n<meta property=\"article:publisher\" content=\"https:\/\/www.facebook.com\/HaapsaluSpa\" \/>\n<meta property=\"article:modified_time\" content=\"2026-04-17T08:45:42+00:00\" \/>\n<meta property=\"og:image\" content=\"https:\/\/www.hestiahotels.com\/wp-content\/uploads\/sites\/7\/2023\/02\/Hestia-pildid-1920x1080-Landscape-22-1.jpg\" \/>\n\t<meta property=\"og:image:width\" content=\"1920\" \/>\n\t<meta property=\"og:image:height\" content=\"1080\" \/>\n\t<meta property=\"og:image:type\" content=\"image\/jpeg\" \/>\n<meta name=\"twitter:card\" content=\"summary_large_image\" \/>\n<meta name=\"twitter:label1\" content=\"Est. reading time\" \/>\n\t<meta name=\"twitter:data1\" content=\"1 minut\" \/>\n<script type=\"application\/ld+json\" class=\"yoast-schema-graph\">{\"@context\":\"https:\/\/schema.org\",\"@graph\":[{\"@type\":\"WebPage\",\"@id\":\"https:\/\/www.hestiahotels.com\/haapsaluspa\/toode\/tutti-frutti-kehahooldus-lastele\/\",\"url\":\"https:\/\/www.hestiahotels.com\/haapsaluspa\/toode\/tutti-frutti-kehahooldus-lastele\/\",\"name\":\"Tutti-frutti kehahooldus | Hestia Hotel Haapsalu Spa\",\"isPartOf\":{\"@id\":\"https:\/\/www.hestiahotels.com\/haapsaluspa\/#website\"},\"primaryImageOfPage\":{\"@id\":\"https:\/\/www.hestiahotels.com\/haapsaluspa\/toode\/tutti-frutti-kehahooldus-lastele\/#primaryimage\"},\"image\":{\"@id\":\"https:\/\/www.hestiahotels.com\/haapsaluspa\/toode\/tutti-frutti-kehahooldus-lastele\/#primaryimage\"},\"thumbnailUrl\":\"\/wp-content\/uploads\/sites\/7\/2023\/02\/Hestia-pildid-1920x1080-Landscape-22-1.jpg\",\"datePublished\":\"2023-02-09T22:07:20+00:00\",\"dateModified\":\"2026-04-17T08:45:42+00:00\",\"breadcrumb\":{\"@id\":\"https:\/\/www.hestiahotels.com\/haapsaluspa\/toode\/tutti-frutti-kehahooldus-lastele\/#breadcrumb\"},\"inLanguage\":\"et\",\"potentialAction\":[{\"@type\":\"ReadAction\",\"target\":[\"https:\/\/www.hestiahotels.com\/haapsaluspa\/toode\/tutti-frutti-kehahooldus-lastele\/\"]}]},{\"@type\":\"ImageObject\",\"inLanguage\":\"et\",\"@id\":\"https:\/\/www.hestiahotels.com\/haapsaluspa\/toode\/tutti-frutti-kehahooldus-lastele\/#primaryimage\",\"url\":\"\/wp-content\/uploads\/sites\/7\/2023\/02\/Hestia-pildid-1920x1080-Landscape-22-1.jpg\",\"contentUrl\":\"\/wp-content\/uploads\/sites\/7\/2023\/02\/Hestia-pildid-1920x1080-Landscape-22-1.jpg\",\"width\":1920,\"height\":1080},{\"@type\":\"BreadcrumbList\",\"@id\":\"https:\/\/www.hestiahotels.com\/haapsaluspa\/toode\/tutti-frutti-kehahooldus-lastele\/#breadcrumb\",\"itemListElement\":[{\"@type\":\"ListItem\",\"position\":1,\"name\":\"Home\",\"item\":\"https:\/\/www.hestiahotels.com\/haapsaluspa\/\"},{\"@type\":\"ListItem\",\"position\":2,\"name\":\"Spaa Hoolitsused\",\"item\":\"https:\/\/www.hestiahotels.com\/haapsaluspa\/spaa-hoolitused\/\"},{\"@type\":\"ListItem\",\"position\":3,\"name\":\"Tutti-frutti kehahooldus\"}]},{\"@type\":\"WebSite\",\"@id\":\"https:\/\/www.hestiahotels.com\/haapsaluspa\/#website\",\"url\":\"https:\/\/www.hestiahotels.com\/haapsaluspa\/\",\"name\":\"Hestia Hotel Haapsalu Spa\",\"description\":\"Hestia Hotel Haapsalu Spa on kolmest k\u00fcljest merega piiratud V\u00e4ikese viigi kaldal, vaid jalutusk\u00e4igu kaugusel maalilisest Haapsalu vanalinnast.\",\"potentialAction\":[{\"@type\":\"SearchAction\",\"target\":{\"@type\":\"EntryPoint\",\"urlTemplate\":\"https:\/\/www.hestiahotels.com\/haapsaluspa\/?s={search_term_string}\"},\"query-input\":{\"@type\":\"PropertyValueSpecification\",\"valueRequired\":true,\"valueName\":\"search_term_string\"}}],\"inLanguage\":\"et\"}]}<\/script>\n<!-- \/ Yoast SEO plugin. -->","yoast_head_json":{"title":"Tutti-frutti kehahooldus | Hestia Hotel Haapsalu Spa","robots":{"index":"index","follow":"follow","max-snippet":"max-snippet:-1","max-image-preview":"max-image-preview:large","max-video-preview":"max-video-preview:-1"},"canonical":"https:\/\/www.hestiahotels.com\/haapsaluspa\/toode\/tutti-frutti-kehahooldus-lastele\/","og_locale":"et_EE","og_type":"article","og_title":"Tutti-frutti kehahooldus | Hestia Hotel Haapsalu Spa","og_description":"Hoolitsus on sobilik kuni 12 eluaastastele. Mmm...milline l\u00f5hn... Lapse keha kreemitatakse tutti-frutti kehapalsamiga kasutades kergemaid massaa\u017eiv\u00f5tteid. Palsam toidab ja niisutab rikkalikult nahka ning annab sellele meeldiva l\u00f5hna. Hoolitsuse l\u00f5ppedes ootab last pisike \u00fcllatus.","og_url":"https:\/\/www.hestiahotels.com\/haapsaluspa\/toode\/tutti-frutti-kehahooldus-lastele\/","og_site_name":"Hestia Hotel Haapsalu Spa","article_publisher":"https:\/\/www.facebook.com\/HaapsaluSpa","article_modified_time":"2026-04-17T08:45:42+00:00","og_image":[{"width":1920,"height":1080,"url":"https:\/\/www.hestiahotels.com\/wp-content\/uploads\/sites\/7\/2023\/02\/Hestia-pildid-1920x1080-Landscape-22-1.jpg","type":"image\/jpeg"}],"twitter_card":"summary_large_image","twitter_misc":{"Est. reading time":"1 minut"},"schema":{"@context":"https:\/\/schema.org","@graph":[{"@type":"WebPage","@id":"https:\/\/www.hestiahotels.com\/haapsaluspa\/toode\/tutti-frutti-kehahooldus-lastele\/","url":"https:\/\/www.hestiahotels.com\/haapsaluspa\/toode\/tutti-frutti-kehahooldus-lastele\/","name":"Tutti-frutti kehahooldus | Hestia Hotel Haapsalu Spa","isPartOf":{"@id":"https:\/\/www.hestiahotels.com\/haapsaluspa\/#website"},"primaryImageOfPage":{"@id":"https:\/\/www.hestiahotels.com\/haapsaluspa\/toode\/tutti-frutti-kehahooldus-lastele\/#primaryimage"},"image":{"@id":"https:\/\/www.hestiahotels.com\/haapsaluspa\/toode\/tutti-frutti-kehahooldus-lastele\/#primaryimage"},"thumbnailUrl":"\/wp-content\/uploads\/sites\/7\/2023\/02\/Hestia-pildid-1920x1080-Landscape-22-1.jpg","datePublished":"2023-02-09T22:07:20+00:00","dateModified":"2026-04-17T08:45:42+00:00","breadcrumb":{"@id":"https:\/\/www.hestiahotels.com\/haapsaluspa\/toode\/tutti-frutti-kehahooldus-lastele\/#breadcrumb"},"inLanguage":"et","potentialAction":[{"@type":"ReadAction","target":["https:\/\/www.hestiahotels.com\/haapsaluspa\/toode\/tutti-frutti-kehahooldus-lastele\/"]}]},{"@type":"ImageObject","inLanguage":"et","@id":"https:\/\/www.hestiahotels.com\/haapsaluspa\/toode\/tutti-frutti-kehahooldus-lastele\/#primaryimage","url":"\/wp-content\/uploads\/sites\/7\/2023\/02\/Hestia-pildid-1920x1080-Landscape-22-1.jpg","contentUrl":"\/wp-content\/uploads\/sites\/7\/2023\/02\/Hestia-pildid-1920x1080-Landscape-22-1.jpg","width":1920,"height":1080},{"@type":"BreadcrumbList","@id":"https:\/\/www.hestiahotels.com\/haapsaluspa\/toode\/tutti-frutti-kehahooldus-lastele\/#breadcrumb","itemListElement":[{"@type":"ListItem","position":1,"name":"Home","item":"https:\/\/www.hestiahotels.com\/haapsaluspa\/"},{"@type":"ListItem","position":2,"name":"Spaa Hoolitsused","item":"https:\/\/www.hestiahotels.com\/haapsaluspa\/spaa-hoolitused\/"},{"@type":"ListItem","position":3,"name":"Tutti-frutti kehahooldus"}]},{"@type":"WebSite","@id":"https:\/\/www.hestiahotels.com\/haapsaluspa\/#website","url":"https:\/\/www.hestiahotels.com\/haapsaluspa\/","name":"Hestia Hotel Haapsalu Spa","description":"Hestia Hotel Haapsalu Spa on kolmest k\u00fcljest merega piiratud V\u00e4ikese viigi kaldal, vaid jalutusk\u00e4igu kaugusel maalilisest Haapsalu vanalinnast.","potentialAction":[{"@type":"SearchAction","target":{"@type":"EntryPoint","urlTemplate":"https:\/\/www.hestiahotels.com\/haapsaluspa\/?s={search_term_string}"},"query-input":{"@type":"PropertyValueSpecification","valueRequired":true,"valueName":"search_term_string"}}],"inLanguage":"et"}]}},"_links":{"self":[{"href":"https:\/\/www.hestiahotels.com\/haapsaluspa\/wp-json\/wp\/v2\/product\/25580","targetHints":{"allow":["GET"]}}],"collection":[{"href":"https:\/\/www.hestiahotels.com\/haapsaluspa\/wp-json\/wp\/v2\/product"}],"about":[{"href":"https:\/\/www.hestiahotels.com\/haapsaluspa\/wp-json\/wp\/v2\/types\/product"}],"wp:featuredmedia":[{"embeddable":true,"href":"https:\/\/www.hestiahotels.com\/haapsaluspa\/wp-json\/wp\/v2\/media\/25700"}],"wp:attachment":[{"href":"https:\/\/www.hestiahotels.com\/haapsaluspa\/wp-json\/wp\/v2\/media?parent=25580"}],"wp:term":[{"taxonomy":"product_brand","embeddable":true,"href":"https:\/\/www.hestiahotels.com\/haapsaluspa\/wp-json\/wp\/v2\/product_brand?post=25580"},{"taxonomy":"product_cat","embeddable":true,"href":"https:\/\/www.hestiahotels.com\/haapsaluspa\/wp-json\/wp\/v2\/product_cat?post=25580"},{"taxonomy":"product_tag","embeddable":true,"href":"https:\/\/www.hestiahotels.com\/haapsaluspa\/wp-json\/wp\/v2\/product_tag?post=25580"}],"curies":[{"name":"wp","href":"https:\/\/api.w.org\/{rel}","templated":true}]}}