{"id":27188,"date":"2023-10-22T21:15:14","date_gmt":"2023-10-22T18:15:14","guid":{"rendered":"https:\/\/www.hestiahotels.com\/haapsaluspa\/?post_type=product&#038;p=27188"},"modified":"2026-04-17T11:45:42","modified_gmt":"2026-04-17T08:45:42","slug":"naomassaaz-laste-room","status":"publish","type":"product","link":"https:\/\/www.hestiahotels.com\/haapsaluspa\/toode\/naomassaaz-laste-room\/","title":{"rendered":"N\u00e4omassaa\u017e &#8220;Laste r\u00f5\u00f5m&#8221;"},"content":{"rendered":"","protected":false},"excerpt":{"rendered":"<p>Kerge hoolitsus, milles on \u00fchendatud n\u00e4o puhastamine ja v\u00e4rskendamine koos kerge massaa\u017eiga. K\u00f5ik hoolitsuse tooted on \u00f5rnad ja looduslikud, maheda l\u00f5hna ja hooldava toimega. Alates 7-ndast eluaastast.<\/p>\n","protected":false},"featured_media":27191,"template":"","meta":{"_acf_changed":false},"product_brand":[],"product_cat":[75],"product_tag":[],"class_list":{"0":"post-27188","1":"product","2":"type-product","3":"status-publish","4":"has-post-thumbnail","6":"product_cat-laste-spaa","8":"first","9":"instock","10":"shipping-taxable","11":"purchasable","12":"product-type-simple"},"acf":[],"yoast_head":"<!-- This site is optimized with the Yoast SEO plugin v27.2 - https:\/\/yoast.com\/product\/yoast-seo-wordpress\/ -->\n<title>N\u00e4omassaa\u017e &quot;Laste r\u00f5\u00f5m&quot; | Hestia Hotel Haapsalu Spa<\/title>\n<meta name=\"description\" content=\"Kerge hoolitsus, milles on \u00fchendatud n\u00e4o puhastamine ja v\u00e4rskendamine koos kerge massaa\u017eiga. K\u00f5ik hoolitsuse tooted on \u00f5rnad ja looduslikud, maheda l\u00f5hna ja hooldava toimega. Alates 7-ndast eluaastast.\" \/>\n<meta name=\"robots\" content=\"index, follow, max-snippet:-1, max-image-preview:large, max-video-preview:-1\" \/>\n<link rel=\"canonical\" href=\"https:\/\/www.hestiahotels.com\/haapsaluspa\/toode\/naomassaaz-laste-room\/\" \/>\n<meta property=\"og:locale\" content=\"et_EE\" \/>\n<meta property=\"og:type\" content=\"article\" \/>\n<meta property=\"og:title\" content=\"N\u00e4omassaa\u017e &quot;Laste r\u00f5\u00f5m&quot; | Hestia Hotel Haapsalu Spa\" \/>\n<meta property=\"og:description\" content=\"Kerge hoolitsus, milles on \u00fchendatud n\u00e4o puhastamine ja v\u00e4rskendamine koos kerge massaa\u017eiga. K\u00f5ik hoolitsuse tooted on \u00f5rnad ja looduslikud, maheda l\u00f5hna ja hooldava toimega. Alates 7-ndast eluaastast.\" \/>\n<meta property=\"og:url\" content=\"https:\/\/www.hestiahotels.com\/haapsaluspa\/toode\/naomassaaz-laste-room\/\" \/>\n<meta property=\"og:site_name\" content=\"Hestia Hotel Haapsalu Spa\" \/>\n<meta property=\"article:publisher\" content=\"https:\/\/www.facebook.com\/HaapsaluSpa\" \/>\n<meta property=\"article:modified_time\" content=\"2026-04-17T08:45:42+00:00\" \/>\n<meta property=\"og:image\" content=\"https:\/\/www.hestiahotels.com\/wp-content\/uploads\/sites\/7\/2023\/10\/Hestia-pildid-1920x1080px-2.jpg\" \/>\n\t<meta property=\"og:image:width\" content=\"1920\" \/>\n\t<meta property=\"og:image:height\" content=\"1080\" \/>\n\t<meta property=\"og:image:type\" content=\"image\/jpeg\" \/>\n<meta name=\"twitter:card\" content=\"summary_large_image\" \/>\n<meta name=\"twitter:label1\" content=\"Est. reading time\" \/>\n\t<meta name=\"twitter:data1\" content=\"1 minut\" \/>\n<script type=\"application\/ld+json\" class=\"yoast-schema-graph\">{\"@context\":\"https:\/\/schema.org\",\"@graph\":[{\"@type\":\"WebPage\",\"@id\":\"https:\/\/www.hestiahotels.com\/haapsaluspa\/toode\/naomassaaz-laste-room\/\",\"url\":\"https:\/\/www.hestiahotels.com\/haapsaluspa\/toode\/naomassaaz-laste-room\/\",\"name\":\"N\u00e4omassaa\u017e \\\"Laste r\u00f5\u00f5m\\\" | Hestia Hotel Haapsalu Spa\",\"isPartOf\":{\"@id\":\"https:\/\/www.hestiahotels.com\/haapsaluspa\/#website\"},\"primaryImageOfPage\":{\"@id\":\"https:\/\/www.hestiahotels.com\/haapsaluspa\/toode\/naomassaaz-laste-room\/#primaryimage\"},\"image\":{\"@id\":\"https:\/\/www.hestiahotels.com\/haapsaluspa\/toode\/naomassaaz-laste-room\/#primaryimage\"},\"thumbnailUrl\":\"\/wp-content\/uploads\/sites\/7\/2023\/10\/Hestia-pildid-1920x1080px-2.jpg\",\"datePublished\":\"2023-10-22T18:15:14+00:00\",\"dateModified\":\"2026-04-17T08:45:42+00:00\",\"description\":\"Kerge hoolitsus, milles on \u00fchendatud n\u00e4o puhastamine ja v\u00e4rskendamine koos kerge massaa\u017eiga. K\u00f5ik hoolitsuse tooted on \u00f5rnad ja looduslikud, maheda l\u00f5hna ja hooldava toimega. Alates 7-ndast eluaastast.\",\"breadcrumb\":{\"@id\":\"https:\/\/www.hestiahotels.com\/haapsaluspa\/toode\/naomassaaz-laste-room\/#breadcrumb\"},\"inLanguage\":\"et\",\"potentialAction\":[{\"@type\":\"ReadAction\",\"target\":[\"https:\/\/www.hestiahotels.com\/haapsaluspa\/toode\/naomassaaz-laste-room\/\"]}]},{\"@type\":\"ImageObject\",\"inLanguage\":\"et\",\"@id\":\"https:\/\/www.hestiahotels.com\/haapsaluspa\/toode\/naomassaaz-laste-room\/#primaryimage\",\"url\":\"\/wp-content\/uploads\/sites\/7\/2023\/10\/Hestia-pildid-1920x1080px-2.jpg\",\"contentUrl\":\"\/wp-content\/uploads\/sites\/7\/2023\/10\/Hestia-pildid-1920x1080px-2.jpg\",\"width\":1920,\"height\":1080,\"caption\":\"N\u00e4omassaa\u017e lastele\"},{\"@type\":\"BreadcrumbList\",\"@id\":\"https:\/\/www.hestiahotels.com\/haapsaluspa\/toode\/naomassaaz-laste-room\/#breadcrumb\",\"itemListElement\":[{\"@type\":\"ListItem\",\"position\":1,\"name\":\"Home\",\"item\":\"https:\/\/www.hestiahotels.com\/haapsaluspa\/\"},{\"@type\":\"ListItem\",\"position\":2,\"name\":\"Spaa Hoolitsused\",\"item\":\"https:\/\/www.hestiahotels.com\/haapsaluspa\/spaa-hoolitused\/\"},{\"@type\":\"ListItem\",\"position\":3,\"name\":\"N\u00e4omassaa\u017e &#8220;Laste r\u00f5\u00f5m&#8221;\"}]},{\"@type\":\"WebSite\",\"@id\":\"https:\/\/www.hestiahotels.com\/haapsaluspa\/#website\",\"url\":\"https:\/\/www.hestiahotels.com\/haapsaluspa\/\",\"name\":\"Hestia Hotel Haapsalu Spa\",\"description\":\"Hestia Hotel Haapsalu Spa on kolmest k\u00fcljest merega piiratud V\u00e4ikese viigi kaldal, vaid jalutusk\u00e4igu kaugusel maalilisest Haapsalu vanalinnast.\",\"potentialAction\":[{\"@type\":\"SearchAction\",\"target\":{\"@type\":\"EntryPoint\",\"urlTemplate\":\"https:\/\/www.hestiahotels.com\/haapsaluspa\/?s={search_term_string}\"},\"query-input\":{\"@type\":\"PropertyValueSpecification\",\"valueRequired\":true,\"valueName\":\"search_term_string\"}}],\"inLanguage\":\"et\"}]}<\/script>\n<!-- \/ Yoast SEO plugin. -->","yoast_head_json":{"title":"N\u00e4omassaa\u017e \"Laste r\u00f5\u00f5m\" | Hestia Hotel Haapsalu Spa","description":"Kerge hoolitsus, milles on \u00fchendatud n\u00e4o puhastamine ja v\u00e4rskendamine koos kerge massaa\u017eiga. K\u00f5ik hoolitsuse tooted on \u00f5rnad ja looduslikud, maheda l\u00f5hna ja hooldava toimega. Alates 7-ndast eluaastast.","robots":{"index":"index","follow":"follow","max-snippet":"max-snippet:-1","max-image-preview":"max-image-preview:large","max-video-preview":"max-video-preview:-1"},"canonical":"https:\/\/www.hestiahotels.com\/haapsaluspa\/toode\/naomassaaz-laste-room\/","og_locale":"et_EE","og_type":"article","og_title":"N\u00e4omassaa\u017e \"Laste r\u00f5\u00f5m\" | Hestia Hotel Haapsalu Spa","og_description":"Kerge hoolitsus, milles on \u00fchendatud n\u00e4o puhastamine ja v\u00e4rskendamine koos kerge massaa\u017eiga. K\u00f5ik hoolitsuse tooted on \u00f5rnad ja looduslikud, maheda l\u00f5hna ja hooldava toimega. Alates 7-ndast eluaastast.","og_url":"https:\/\/www.hestiahotels.com\/haapsaluspa\/toode\/naomassaaz-laste-room\/","og_site_name":"Hestia Hotel Haapsalu Spa","article_publisher":"https:\/\/www.facebook.com\/HaapsaluSpa","article_modified_time":"2026-04-17T08:45:42+00:00","og_image":[{"width":1920,"height":1080,"url":"https:\/\/www.hestiahotels.com\/wp-content\/uploads\/sites\/7\/2023\/10\/Hestia-pildid-1920x1080px-2.jpg","type":"image\/jpeg"}],"twitter_card":"summary_large_image","twitter_misc":{"Est. reading time":"1 minut"},"schema":{"@context":"https:\/\/schema.org","@graph":[{"@type":"WebPage","@id":"https:\/\/www.hestiahotels.com\/haapsaluspa\/toode\/naomassaaz-laste-room\/","url":"https:\/\/www.hestiahotels.com\/haapsaluspa\/toode\/naomassaaz-laste-room\/","name":"N\u00e4omassaa\u017e \"Laste r\u00f5\u00f5m\" | Hestia Hotel Haapsalu Spa","isPartOf":{"@id":"https:\/\/www.hestiahotels.com\/haapsaluspa\/#website"},"primaryImageOfPage":{"@id":"https:\/\/www.hestiahotels.com\/haapsaluspa\/toode\/naomassaaz-laste-room\/#primaryimage"},"image":{"@id":"https:\/\/www.hestiahotels.com\/haapsaluspa\/toode\/naomassaaz-laste-room\/#primaryimage"},"thumbnailUrl":"\/wp-content\/uploads\/sites\/7\/2023\/10\/Hestia-pildid-1920x1080px-2.jpg","datePublished":"2023-10-22T18:15:14+00:00","dateModified":"2026-04-17T08:45:42+00:00","description":"Kerge hoolitsus, milles on \u00fchendatud n\u00e4o puhastamine ja v\u00e4rskendamine koos kerge massaa\u017eiga. K\u00f5ik hoolitsuse tooted on \u00f5rnad ja looduslikud, maheda l\u00f5hna ja hooldava toimega. Alates 7-ndast eluaastast.","breadcrumb":{"@id":"https:\/\/www.hestiahotels.com\/haapsaluspa\/toode\/naomassaaz-laste-room\/#breadcrumb"},"inLanguage":"et","potentialAction":[{"@type":"ReadAction","target":["https:\/\/www.hestiahotels.com\/haapsaluspa\/toode\/naomassaaz-laste-room\/"]}]},{"@type":"ImageObject","inLanguage":"et","@id":"https:\/\/www.hestiahotels.com\/haapsaluspa\/toode\/naomassaaz-laste-room\/#primaryimage","url":"\/wp-content\/uploads\/sites\/7\/2023\/10\/Hestia-pildid-1920x1080px-2.jpg","contentUrl":"\/wp-content\/uploads\/sites\/7\/2023\/10\/Hestia-pildid-1920x1080px-2.jpg","width":1920,"height":1080,"caption":"N\u00e4omassaa\u017e lastele"},{"@type":"BreadcrumbList","@id":"https:\/\/www.hestiahotels.com\/haapsaluspa\/toode\/naomassaaz-laste-room\/#breadcrumb","itemListElement":[{"@type":"ListItem","position":1,"name":"Home","item":"https:\/\/www.hestiahotels.com\/haapsaluspa\/"},{"@type":"ListItem","position":2,"name":"Spaa Hoolitsused","item":"https:\/\/www.hestiahotels.com\/haapsaluspa\/spaa-hoolitused\/"},{"@type":"ListItem","position":3,"name":"N\u00e4omassaa\u017e &#8220;Laste r\u00f5\u00f5m&#8221;"}]},{"@type":"WebSite","@id":"https:\/\/www.hestiahotels.com\/haapsaluspa\/#website","url":"https:\/\/www.hestiahotels.com\/haapsaluspa\/","name":"Hestia Hotel Haapsalu Spa","description":"Hestia Hotel Haapsalu Spa on kolmest k\u00fcljest merega piiratud V\u00e4ikese viigi kaldal, vaid jalutusk\u00e4igu kaugusel maalilisest Haapsalu vanalinnast.","potentialAction":[{"@type":"SearchAction","target":{"@type":"EntryPoint","urlTemplate":"https:\/\/www.hestiahotels.com\/haapsaluspa\/?s={search_term_string}"},"query-input":{"@type":"PropertyValueSpecification","valueRequired":true,"valueName":"search_term_string"}}],"inLanguage":"et"}]}},"_links":{"self":[{"href":"https:\/\/www.hestiahotels.com\/haapsaluspa\/wp-json\/wp\/v2\/product\/27188","targetHints":{"allow":["GET"]}}],"collection":[{"href":"https:\/\/www.hestiahotels.com\/haapsaluspa\/wp-json\/wp\/v2\/product"}],"about":[{"href":"https:\/\/www.hestiahotels.com\/haapsaluspa\/wp-json\/wp\/v2\/types\/product"}],"wp:featuredmedia":[{"embeddable":true,"href":"https:\/\/www.hestiahotels.com\/haapsaluspa\/wp-json\/wp\/v2\/media\/27191"}],"wp:attachment":[{"href":"https:\/\/www.hestiahotels.com\/haapsaluspa\/wp-json\/wp\/v2\/media?parent=27188"}],"wp:term":[{"taxonomy":"product_brand","embeddable":true,"href":"https:\/\/www.hestiahotels.com\/haapsaluspa\/wp-json\/wp\/v2\/product_brand?post=27188"},{"taxonomy":"product_cat","embeddable":true,"href":"https:\/\/www.hestiahotels.com\/haapsaluspa\/wp-json\/wp\/v2\/product_cat?post=27188"},{"taxonomy":"product_tag","embeddable":true,"href":"https:\/\/www.hestiahotels.com\/haapsaluspa\/wp-json\/wp\/v2\/product_tag?post=27188"}],"curies":[{"name":"wp","href":"https:\/\/api.w.org\/{rel}","templated":true}]}}