{"id":30059,"date":"2024-12-06T12:05:16","date_gmt":"2024-12-06T10:05:16","guid":{"rendered":"https:\/\/www.hestiahotels.com\/haapsaluspa\/?post_type=product&#038;p=30059"},"modified":"2025-06-04T11:07:33","modified_gmt":"2025-06-04T08:07:33","slug":"physiodermie-express-naohooldus","status":"publish","type":"product","link":"https:\/\/www.hestiahotels.com\/haapsaluspa\/toode\/physiodermie-express-naohooldus\/","title":{"rendered":"Physiodermie Equilibre Essentiel l\u00f5\u00f5gastav n\u00e4ohooldus"},"content":{"rendered":"<p>See hoolitsus pakub s\u00fcgavat nahapuhastust ja koorimist, millele j\u00e4rgneb vaatlusp\u00f5hine nahaanal\u00fc\u00fcs ja niisutus. Iluteenindaja valib p\u00f5hjaliku anal\u00fc\u00fcsi p\u00f5hjal just sinu naha vajadustele vastavad Bioarome aktiivseerumid. T\u00e4nu innovaatilisele MEIMA-tehnoloogiale imenduvad seerumites sisalduvad eeterlikud \u00f5lid j\u00e4rk-j\u00e4rgult, tagades pikaajalise toime. PCBG-kompleks tasakaalustab naha mikrobioomi, tugevdab kaitsev\u00f5imet ja soodustab l\u00f5\u00f5gastumist.<\/p>\n<p>Hoolitsus sobib nii naistele, meestele kui ka noortele alates 12. eluaastast. Ei ole soovitatav rasedatele, imetavatele emadele ega allergikutele.<\/p>\n","protected":false},"excerpt":{"rendered":"<p>Methode Physiodermie on \u0160veitsi nahahoolduse ekspert aastast 1974. Kliiniline ja teadusp\u00f5hine l\u00e4henemine koos looduslike koostisosade ning unikaalsete k\u00e4eliste tehnikate kasutamisega tagavad Physodermie protseduuridega silmn\u00e4htavad tulemused ning terve ja tasakaalustatud naha.<\/p>\n<p>Lisa n\u00e4ohooldusele kosmeetiku soovitusel l\u00f5\u00f5gastav massaa<span class=\"Y2IQFc\" lang=\"et\">\u017e <\/span>v\u00f5i n\u00e4omask.<\/p>\n","protected":false},"featured_media":30152,"template":"","meta":{"_acf_changed":false},"product_brand":[],"product_cat":[194,151],"product_tag":[],"class_list":{"0":"post-30059","1":"product","2":"type-product","3":"status-publish","4":"has-post-thumbnail","6":"product_cat-lemmikud","7":"product_cat-naohoolitsused","9":"first","10":"instock","11":"shipping-taxable","12":"purchasable","13":"product-type-variable"},"acf":[],"yoast_head":"<!-- This site is optimized with the Yoast SEO plugin v27.2 - https:\/\/yoast.com\/product\/yoast-seo-wordpress\/ -->\n<title>Physiodermie Equilibre Essentiel l\u00f5\u00f5gastav n\u00e4ohooldus | Hestia Hotel Haapsalu Spa<\/title>\n<meta name=\"description\" content=\"Methode Physiodermie on \u0160veitsi nahahoolduse ekspert aastast 1974. Kliiniline ja teadusp\u00f5hine l\u00e4henemine koos looduslike koostisosade ning unikaalsete k\u00e4eliste tehnikate kasutamisega tagavad Physodermie protseduuridega silmn\u00e4htavad tulemused ning terve ja tasakaalustatud naha.\" \/>\n<meta name=\"robots\" content=\"index, follow, max-snippet:-1, max-image-preview:large, max-video-preview:-1\" \/>\n<link rel=\"canonical\" href=\"https:\/\/www.hestiahotels.com\/haapsaluspa\/toode\/physiodermie-express-naohooldus\/\" \/>\n<meta property=\"og:locale\" content=\"et_EE\" \/>\n<meta property=\"og:type\" content=\"article\" \/>\n<meta property=\"og:title\" content=\"Physiodermie Equilibre Essentiel l\u00f5\u00f5gastav n\u00e4ohooldus | Hestia Hotel Haapsalu Spa\" \/>\n<meta property=\"og:description\" content=\"Methode Physiodermie on \u0160veitsi nahahoolduse ekspert aastast 1974. Kliiniline ja teadusp\u00f5hine l\u00e4henemine koos looduslike koostisosade ning unikaalsete k\u00e4eliste tehnikate kasutamisega tagavad Physodermie protseduuridega silmn\u00e4htavad tulemused ning terve ja tasakaalustatud naha.\" \/>\n<meta property=\"og:url\" content=\"https:\/\/www.hestiahotels.com\/haapsaluspa\/toode\/physiodermie-express-naohooldus\/\" \/>\n<meta property=\"og:site_name\" content=\"Hestia Hotel Haapsalu Spa\" \/>\n<meta property=\"article:publisher\" content=\"https:\/\/www.facebook.com\/HaapsaluSpa\" \/>\n<meta property=\"article:modified_time\" content=\"2025-06-04T08:07:33+00:00\" \/>\n<meta property=\"og:image\" content=\"https:\/\/www.hestiahotels.com\/wp-content\/uploads\/sites\/7\/2024\/12\/Physiodermie-express.jpg\" \/>\n\t<meta property=\"og:image:width\" content=\"1920\" \/>\n\t<meta property=\"og:image:height\" content=\"1080\" \/>\n\t<meta property=\"og:image:type\" content=\"image\/jpeg\" \/>\n<meta name=\"twitter:card\" content=\"summary_large_image\" \/>\n<meta name=\"twitter:label1\" content=\"Est. reading time\" \/>\n\t<meta name=\"twitter:data1\" content=\"1 minut\" \/>\n<script type=\"application\/ld+json\" class=\"yoast-schema-graph\">{\"@context\":\"https:\/\/schema.org\",\"@graph\":[{\"@type\":\"WebPage\",\"@id\":\"https:\/\/www.hestiahotels.com\/haapsaluspa\/toode\/physiodermie-express-naohooldus\/\",\"url\":\"https:\/\/www.hestiahotels.com\/haapsaluspa\/toode\/physiodermie-express-naohooldus\/\",\"name\":\"Physiodermie Equilibre Essentiel l\u00f5\u00f5gastav n\u00e4ohooldus | Hestia Hotel Haapsalu Spa\",\"isPartOf\":{\"@id\":\"https:\/\/www.hestiahotels.com\/haapsaluspa\/#website\"},\"primaryImageOfPage\":{\"@id\":\"https:\/\/www.hestiahotels.com\/haapsaluspa\/toode\/physiodermie-express-naohooldus\/#primaryimage\"},\"image\":{\"@id\":\"https:\/\/www.hestiahotels.com\/haapsaluspa\/toode\/physiodermie-express-naohooldus\/#primaryimage\"},\"thumbnailUrl\":\"\/wp-content\/uploads\/sites\/7\/2024\/12\/Physiodermie-express.jpg\",\"datePublished\":\"2024-12-06T10:05:16+00:00\",\"dateModified\":\"2025-06-04T08:07:33+00:00\",\"description\":\"Methode Physiodermie on \u0160veitsi nahahoolduse ekspert aastast 1974. Kliiniline ja teadusp\u00f5hine l\u00e4henemine koos looduslike koostisosade ning unikaalsete k\u00e4eliste tehnikate kasutamisega tagavad Physodermie protseduuridega silmn\u00e4htavad tulemused ning terve ja tasakaalustatud naha.\",\"breadcrumb\":{\"@id\":\"https:\/\/www.hestiahotels.com\/haapsaluspa\/toode\/physiodermie-express-naohooldus\/#breadcrumb\"},\"inLanguage\":\"et\",\"potentialAction\":[{\"@type\":\"ReadAction\",\"target\":[\"https:\/\/www.hestiahotels.com\/haapsaluspa\/toode\/physiodermie-express-naohooldus\/\"]}]},{\"@type\":\"ImageObject\",\"inLanguage\":\"et\",\"@id\":\"https:\/\/www.hestiahotels.com\/haapsaluspa\/toode\/physiodermie-express-naohooldus\/#primaryimage\",\"url\":\"\/wp-content\/uploads\/sites\/7\/2024\/12\/Physiodermie-express.jpg\",\"contentUrl\":\"\/wp-content\/uploads\/sites\/7\/2024\/12\/Physiodermie-express.jpg\",\"width\":1920,\"height\":1080},{\"@type\":\"BreadcrumbList\",\"@id\":\"https:\/\/www.hestiahotels.com\/haapsaluspa\/toode\/physiodermie-express-naohooldus\/#breadcrumb\",\"itemListElement\":[{\"@type\":\"ListItem\",\"position\":1,\"name\":\"Home\",\"item\":\"https:\/\/www.hestiahotels.com\/haapsaluspa\/\"},{\"@type\":\"ListItem\",\"position\":2,\"name\":\"Spaa Hoolitsused\",\"item\":\"https:\/\/www.hestiahotels.com\/haapsaluspa\/spaa-hoolitused\/\"},{\"@type\":\"ListItem\",\"position\":3,\"name\":\"Physiodermie Equilibre Essentiel l\u00f5\u00f5gastav n\u00e4ohooldus\"}]},{\"@type\":\"WebSite\",\"@id\":\"https:\/\/www.hestiahotels.com\/haapsaluspa\/#website\",\"url\":\"https:\/\/www.hestiahotels.com\/haapsaluspa\/\",\"name\":\"Hestia Hotel Haapsalu Spa\",\"description\":\"Hestia Hotel Haapsalu Spa on kolmest k\u00fcljest merega piiratud V\u00e4ikese viigi kaldal, vaid jalutusk\u00e4igu kaugusel maalilisest Haapsalu vanalinnast.\",\"potentialAction\":[{\"@type\":\"SearchAction\",\"target\":{\"@type\":\"EntryPoint\",\"urlTemplate\":\"https:\/\/www.hestiahotels.com\/haapsaluspa\/?s={search_term_string}\"},\"query-input\":{\"@type\":\"PropertyValueSpecification\",\"valueRequired\":true,\"valueName\":\"search_term_string\"}}],\"inLanguage\":\"et\"}]}<\/script>\n<!-- \/ Yoast SEO plugin. -->","yoast_head_json":{"title":"Physiodermie Equilibre Essentiel l\u00f5\u00f5gastav n\u00e4ohooldus | Hestia Hotel Haapsalu Spa","description":"Methode Physiodermie on \u0160veitsi nahahoolduse ekspert aastast 1974. Kliiniline ja teadusp\u00f5hine l\u00e4henemine koos looduslike koostisosade ning unikaalsete k\u00e4eliste tehnikate kasutamisega tagavad Physodermie protseduuridega silmn\u00e4htavad tulemused ning terve ja tasakaalustatud naha.","robots":{"index":"index","follow":"follow","max-snippet":"max-snippet:-1","max-image-preview":"max-image-preview:large","max-video-preview":"max-video-preview:-1"},"canonical":"https:\/\/www.hestiahotels.com\/haapsaluspa\/toode\/physiodermie-express-naohooldus\/","og_locale":"et_EE","og_type":"article","og_title":"Physiodermie Equilibre Essentiel l\u00f5\u00f5gastav n\u00e4ohooldus | Hestia Hotel Haapsalu Spa","og_description":"Methode Physiodermie on \u0160veitsi nahahoolduse ekspert aastast 1974. Kliiniline ja teadusp\u00f5hine l\u00e4henemine koos looduslike koostisosade ning unikaalsete k\u00e4eliste tehnikate kasutamisega tagavad Physodermie protseduuridega silmn\u00e4htavad tulemused ning terve ja tasakaalustatud naha.","og_url":"https:\/\/www.hestiahotels.com\/haapsaluspa\/toode\/physiodermie-express-naohooldus\/","og_site_name":"Hestia Hotel Haapsalu Spa","article_publisher":"https:\/\/www.facebook.com\/HaapsaluSpa","article_modified_time":"2025-06-04T08:07:33+00:00","og_image":[{"width":1920,"height":1080,"url":"https:\/\/www.hestiahotels.com\/wp-content\/uploads\/sites\/7\/2024\/12\/Physiodermie-express.jpg","type":"image\/jpeg"}],"twitter_card":"summary_large_image","twitter_misc":{"Est. reading time":"1 minut"},"schema":{"@context":"https:\/\/schema.org","@graph":[{"@type":"WebPage","@id":"https:\/\/www.hestiahotels.com\/haapsaluspa\/toode\/physiodermie-express-naohooldus\/","url":"https:\/\/www.hestiahotels.com\/haapsaluspa\/toode\/physiodermie-express-naohooldus\/","name":"Physiodermie Equilibre Essentiel l\u00f5\u00f5gastav n\u00e4ohooldus | Hestia Hotel Haapsalu Spa","isPartOf":{"@id":"https:\/\/www.hestiahotels.com\/haapsaluspa\/#website"},"primaryImageOfPage":{"@id":"https:\/\/www.hestiahotels.com\/haapsaluspa\/toode\/physiodermie-express-naohooldus\/#primaryimage"},"image":{"@id":"https:\/\/www.hestiahotels.com\/haapsaluspa\/toode\/physiodermie-express-naohooldus\/#primaryimage"},"thumbnailUrl":"\/wp-content\/uploads\/sites\/7\/2024\/12\/Physiodermie-express.jpg","datePublished":"2024-12-06T10:05:16+00:00","dateModified":"2025-06-04T08:07:33+00:00","description":"Methode Physiodermie on \u0160veitsi nahahoolduse ekspert aastast 1974. Kliiniline ja teadusp\u00f5hine l\u00e4henemine koos looduslike koostisosade ning unikaalsete k\u00e4eliste tehnikate kasutamisega tagavad Physodermie protseduuridega silmn\u00e4htavad tulemused ning terve ja tasakaalustatud naha.","breadcrumb":{"@id":"https:\/\/www.hestiahotels.com\/haapsaluspa\/toode\/physiodermie-express-naohooldus\/#breadcrumb"},"inLanguage":"et","potentialAction":[{"@type":"ReadAction","target":["https:\/\/www.hestiahotels.com\/haapsaluspa\/toode\/physiodermie-express-naohooldus\/"]}]},{"@type":"ImageObject","inLanguage":"et","@id":"https:\/\/www.hestiahotels.com\/haapsaluspa\/toode\/physiodermie-express-naohooldus\/#primaryimage","url":"\/wp-content\/uploads\/sites\/7\/2024\/12\/Physiodermie-express.jpg","contentUrl":"\/wp-content\/uploads\/sites\/7\/2024\/12\/Physiodermie-express.jpg","width":1920,"height":1080},{"@type":"BreadcrumbList","@id":"https:\/\/www.hestiahotels.com\/haapsaluspa\/toode\/physiodermie-express-naohooldus\/#breadcrumb","itemListElement":[{"@type":"ListItem","position":1,"name":"Home","item":"https:\/\/www.hestiahotels.com\/haapsaluspa\/"},{"@type":"ListItem","position":2,"name":"Spaa Hoolitsused","item":"https:\/\/www.hestiahotels.com\/haapsaluspa\/spaa-hoolitused\/"},{"@type":"ListItem","position":3,"name":"Physiodermie Equilibre Essentiel l\u00f5\u00f5gastav n\u00e4ohooldus"}]},{"@type":"WebSite","@id":"https:\/\/www.hestiahotels.com\/haapsaluspa\/#website","url":"https:\/\/www.hestiahotels.com\/haapsaluspa\/","name":"Hestia Hotel Haapsalu Spa","description":"Hestia Hotel Haapsalu Spa on kolmest k\u00fcljest merega piiratud V\u00e4ikese viigi kaldal, vaid jalutusk\u00e4igu kaugusel maalilisest Haapsalu vanalinnast.","potentialAction":[{"@type":"SearchAction","target":{"@type":"EntryPoint","urlTemplate":"https:\/\/www.hestiahotels.com\/haapsaluspa\/?s={search_term_string}"},"query-input":{"@type":"PropertyValueSpecification","valueRequired":true,"valueName":"search_term_string"}}],"inLanguage":"et"}]}},"_links":{"self":[{"href":"https:\/\/www.hestiahotels.com\/haapsaluspa\/wp-json\/wp\/v2\/product\/30059","targetHints":{"allow":["GET"]}}],"collection":[{"href":"https:\/\/www.hestiahotels.com\/haapsaluspa\/wp-json\/wp\/v2\/product"}],"about":[{"href":"https:\/\/www.hestiahotels.com\/haapsaluspa\/wp-json\/wp\/v2\/types\/product"}],"wp:featuredmedia":[{"embeddable":true,"href":"https:\/\/www.hestiahotels.com\/haapsaluspa\/wp-json\/wp\/v2\/media\/30152"}],"wp:attachment":[{"href":"https:\/\/www.hestiahotels.com\/haapsaluspa\/wp-json\/wp\/v2\/media?parent=30059"}],"wp:term":[{"taxonomy":"product_brand","embeddable":true,"href":"https:\/\/www.hestiahotels.com\/haapsaluspa\/wp-json\/wp\/v2\/product_brand?post=30059"},{"taxonomy":"product_cat","embeddable":true,"href":"https:\/\/www.hestiahotels.com\/haapsaluspa\/wp-json\/wp\/v2\/product_cat?post=30059"},{"taxonomy":"product_tag","embeddable":true,"href":"https:\/\/www.hestiahotels.com\/haapsaluspa\/wp-json\/wp\/v2\/product_tag?post=30059"}],"curies":[{"name":"wp","href":"https:\/\/api.w.org\/{rel}","templated":true}]}}