{"id":30069,"date":"2024-12-06T12:19:29","date_gmt":"2024-12-06T10:19:29","guid":{"rendered":"https:\/\/www.hestiahotels.com\/haapsaluspa\/?post_type=product&#038;p=30069"},"modified":"2025-02-27T23:21:14","modified_gmt":"2025-02-27T21:21:14","slug":"physiodermie-express-sarahooldus","status":"publish","type":"product","link":"https:\/\/www.hestiahotels.com\/haapsaluspa\/toode\/physiodermie-express-sarahooldus\/","title":{"rendered":"Physiodermie Clinical Swiss s\u00e4rahooldus"},"content":{"rendered":"<p>Physiodermie Clinical Swiss tooted tagavad n\u00e4htavad tulemused, aidates saavutada terve, tasakaalustatud ja s\u00e4rava naha. Hooldus algab s\u00fcgavpuhastusega, kasutades 10% piimhappekoorijat, mis detoksifitseerib nahka, eemaldades ebapuhtused ja surnud naharakud. Selle tulemusena muutub jume \u00fchtlasemaks ja klaarimaks. Seej\u00e4rel kantakse nahale spetsiaalne seerum ja emulsioon, mis s\u00fcnergias niisutavad ning tugevdavad naha loomulikku kaitsebarj\u00e4\u00e4ri. Hooldus annab kohese s\u00e4ra, maksimaalse efekti saavutab 2 p\u00e4eva jooksul.<\/p>\n<p>Sobib nii naistele, meestele kui ka noortele alates 14. eluaastast. Ei ole soovitatav tugevate nahaprobleemide korral ega rasedatele.<\/p>\n<p>Clinical Swiss Organics tooted on sertifitseeritud ECOCERT Greenlife\u2019i poolt ja vastavad COSMOS Organic standardile.<\/p>\n","protected":false},"excerpt":{"rendered":"<p>Methode Physiodermie on \u0160veitsi nahahoolduse ekspert aastast 1974. Kliiniline ja teadusp\u00f5hine l\u00e4henemine koos looduslike koostisosade ning unikaalsete k\u00e4eliste tehnikate kasutamisega tagavad Physodermie protseduuridega silmn\u00e4htavad tulemused ning terve ja tasakaalustatud naha.<\/p>\n","protected":false},"featured_media":30148,"template":"","meta":{"_acf_changed":false},"product_brand":[],"product_cat":[194,151],"product_tag":[],"class_list":{"0":"post-30069","1":"product","2":"type-product","3":"status-publish","4":"has-post-thumbnail","6":"product_cat-lemmikud","7":"product_cat-naohoolitsused","9":"first","10":"instock","11":"shipping-taxable","12":"purchasable","13":"product-type-simple"},"acf":[],"yoast_head":"<!-- This site is optimized with the Yoast SEO plugin v27.2 - https:\/\/yoast.com\/product\/yoast-seo-wordpress\/ -->\n<title>Physiodermie Clinical Swiss s\u00e4rahooldus | Hestia Hotel Haapsalu Spa<\/title>\n<meta name=\"description\" content=\"Methode Physiodermie on \u0160veitsi nahahoolduse ekspert aastast 1974. Esimene 100% orgaaniline \u0160veitsi nahahooldussari, mis on sertifitseeritud ECOCERT Greenlife\u2019i poolt ja vastab COSMOS Organic standardile.\" \/>\n<meta name=\"robots\" content=\"index, follow, max-snippet:-1, max-image-preview:large, max-video-preview:-1\" \/>\n<link rel=\"canonical\" href=\"https:\/\/www.hestiahotels.com\/haapsaluspa\/toode\/physiodermie-express-sarahooldus\/\" \/>\n<meta property=\"og:locale\" content=\"et_EE\" \/>\n<meta property=\"og:type\" content=\"article\" \/>\n<meta property=\"og:title\" content=\"Physiodermie Clinical Swiss s\u00e4rahooldus | Hestia Hotel Haapsalu Spa\" \/>\n<meta property=\"og:description\" content=\"Methode Physiodermie on \u0160veitsi nahahoolduse ekspert aastast 1974. Esimene 100% orgaaniline \u0160veitsi nahahooldussari, mis on sertifitseeritud ECOCERT Greenlife\u2019i poolt ja vastab COSMOS Organic standardile.\" \/>\n<meta property=\"og:url\" content=\"https:\/\/www.hestiahotels.com\/haapsaluspa\/toode\/physiodermie-express-sarahooldus\/\" \/>\n<meta property=\"og:site_name\" content=\"Hestia Hotel Haapsalu Spa\" \/>\n<meta property=\"article:publisher\" content=\"https:\/\/www.facebook.com\/HaapsaluSpa\" \/>\n<meta property=\"article:modified_time\" content=\"2025-02-27T21:21:14+00:00\" \/>\n<meta property=\"og:image\" content=\"https:\/\/www.hestiahotels.com\/wp-content\/uploads\/sites\/7\/2024\/12\/Physiodermie-sara.jpg\" \/>\n\t<meta property=\"og:image:width\" content=\"1920\" \/>\n\t<meta property=\"og:image:height\" content=\"1080\" \/>\n\t<meta property=\"og:image:type\" content=\"image\/jpeg\" \/>\n<meta name=\"twitter:card\" content=\"summary_large_image\" \/>\n<meta name=\"twitter:label1\" content=\"Est. reading time\" \/>\n\t<meta name=\"twitter:data1\" content=\"1 minut\" \/>\n<script type=\"application\/ld+json\" class=\"yoast-schema-graph\">{\"@context\":\"https:\/\/schema.org\",\"@graph\":[{\"@type\":\"WebPage\",\"@id\":\"https:\/\/www.hestiahotels.com\/haapsaluspa\/toode\/physiodermie-express-sarahooldus\/\",\"url\":\"https:\/\/www.hestiahotels.com\/haapsaluspa\/toode\/physiodermie-express-sarahooldus\/\",\"name\":\"Physiodermie Clinical Swiss s\u00e4rahooldus | Hestia Hotel Haapsalu Spa\",\"isPartOf\":{\"@id\":\"https:\/\/www.hestiahotels.com\/haapsaluspa\/#website\"},\"primaryImageOfPage\":{\"@id\":\"https:\/\/www.hestiahotels.com\/haapsaluspa\/toode\/physiodermie-express-sarahooldus\/#primaryimage\"},\"image\":{\"@id\":\"https:\/\/www.hestiahotels.com\/haapsaluspa\/toode\/physiodermie-express-sarahooldus\/#primaryimage\"},\"thumbnailUrl\":\"\/wp-content\/uploads\/sites\/7\/2024\/12\/Physiodermie-sara.jpg\",\"datePublished\":\"2024-12-06T10:19:29+00:00\",\"dateModified\":\"2025-02-27T21:21:14+00:00\",\"description\":\"Methode Physiodermie on \u0160veitsi nahahoolduse ekspert aastast 1974. Esimene 100% orgaaniline \u0160veitsi nahahooldussari, mis on sertifitseeritud ECOCERT Greenlife\u2019i poolt ja vastab COSMOS Organic standardile.\",\"breadcrumb\":{\"@id\":\"https:\/\/www.hestiahotels.com\/haapsaluspa\/toode\/physiodermie-express-sarahooldus\/#breadcrumb\"},\"inLanguage\":\"et\",\"potentialAction\":[{\"@type\":\"ReadAction\",\"target\":[\"https:\/\/www.hestiahotels.com\/haapsaluspa\/toode\/physiodermie-express-sarahooldus\/\"]}]},{\"@type\":\"ImageObject\",\"inLanguage\":\"et\",\"@id\":\"https:\/\/www.hestiahotels.com\/haapsaluspa\/toode\/physiodermie-express-sarahooldus\/#primaryimage\",\"url\":\"\/wp-content\/uploads\/sites\/7\/2024\/12\/Physiodermie-sara.jpg\",\"contentUrl\":\"\/wp-content\/uploads\/sites\/7\/2024\/12\/Physiodermie-sara.jpg\",\"width\":1920,\"height\":1080},{\"@type\":\"BreadcrumbList\",\"@id\":\"https:\/\/www.hestiahotels.com\/haapsaluspa\/toode\/physiodermie-express-sarahooldus\/#breadcrumb\",\"itemListElement\":[{\"@type\":\"ListItem\",\"position\":1,\"name\":\"Home\",\"item\":\"https:\/\/www.hestiahotels.com\/haapsaluspa\/\"},{\"@type\":\"ListItem\",\"position\":2,\"name\":\"Spaa Hoolitsused\",\"item\":\"https:\/\/www.hestiahotels.com\/haapsaluspa\/spaa-hoolitused\/\"},{\"@type\":\"ListItem\",\"position\":3,\"name\":\"Physiodermie Clinical Swiss s\u00e4rahooldus\"}]},{\"@type\":\"WebSite\",\"@id\":\"https:\/\/www.hestiahotels.com\/haapsaluspa\/#website\",\"url\":\"https:\/\/www.hestiahotels.com\/haapsaluspa\/\",\"name\":\"Hestia Hotel Haapsalu Spa\",\"description\":\"Hestia Hotel Haapsalu Spa on kolmest k\u00fcljest merega piiratud V\u00e4ikese viigi kaldal, vaid jalutusk\u00e4igu kaugusel maalilisest Haapsalu vanalinnast.\",\"potentialAction\":[{\"@type\":\"SearchAction\",\"target\":{\"@type\":\"EntryPoint\",\"urlTemplate\":\"https:\/\/www.hestiahotels.com\/haapsaluspa\/?s={search_term_string}\"},\"query-input\":{\"@type\":\"PropertyValueSpecification\",\"valueRequired\":true,\"valueName\":\"search_term_string\"}}],\"inLanguage\":\"et\"}]}<\/script>\n<!-- \/ Yoast SEO plugin. -->","yoast_head_json":{"title":"Physiodermie Clinical Swiss s\u00e4rahooldus | Hestia Hotel Haapsalu Spa","description":"Methode Physiodermie on \u0160veitsi nahahoolduse ekspert aastast 1974. Esimene 100% orgaaniline \u0160veitsi nahahooldussari, mis on sertifitseeritud ECOCERT Greenlife\u2019i poolt ja vastab COSMOS Organic standardile.","robots":{"index":"index","follow":"follow","max-snippet":"max-snippet:-1","max-image-preview":"max-image-preview:large","max-video-preview":"max-video-preview:-1"},"canonical":"https:\/\/www.hestiahotels.com\/haapsaluspa\/toode\/physiodermie-express-sarahooldus\/","og_locale":"et_EE","og_type":"article","og_title":"Physiodermie Clinical Swiss s\u00e4rahooldus | Hestia Hotel Haapsalu Spa","og_description":"Methode Physiodermie on \u0160veitsi nahahoolduse ekspert aastast 1974. Esimene 100% orgaaniline \u0160veitsi nahahooldussari, mis on sertifitseeritud ECOCERT Greenlife\u2019i poolt ja vastab COSMOS Organic standardile.","og_url":"https:\/\/www.hestiahotels.com\/haapsaluspa\/toode\/physiodermie-express-sarahooldus\/","og_site_name":"Hestia Hotel Haapsalu Spa","article_publisher":"https:\/\/www.facebook.com\/HaapsaluSpa","article_modified_time":"2025-02-27T21:21:14+00:00","og_image":[{"width":1920,"height":1080,"url":"https:\/\/www.hestiahotels.com\/wp-content\/uploads\/sites\/7\/2024\/12\/Physiodermie-sara.jpg","type":"image\/jpeg"}],"twitter_card":"summary_large_image","twitter_misc":{"Est. reading time":"1 minut"},"schema":{"@context":"https:\/\/schema.org","@graph":[{"@type":"WebPage","@id":"https:\/\/www.hestiahotels.com\/haapsaluspa\/toode\/physiodermie-express-sarahooldus\/","url":"https:\/\/www.hestiahotels.com\/haapsaluspa\/toode\/physiodermie-express-sarahooldus\/","name":"Physiodermie Clinical Swiss s\u00e4rahooldus | Hestia Hotel Haapsalu Spa","isPartOf":{"@id":"https:\/\/www.hestiahotels.com\/haapsaluspa\/#website"},"primaryImageOfPage":{"@id":"https:\/\/www.hestiahotels.com\/haapsaluspa\/toode\/physiodermie-express-sarahooldus\/#primaryimage"},"image":{"@id":"https:\/\/www.hestiahotels.com\/haapsaluspa\/toode\/physiodermie-express-sarahooldus\/#primaryimage"},"thumbnailUrl":"\/wp-content\/uploads\/sites\/7\/2024\/12\/Physiodermie-sara.jpg","datePublished":"2024-12-06T10:19:29+00:00","dateModified":"2025-02-27T21:21:14+00:00","description":"Methode Physiodermie on \u0160veitsi nahahoolduse ekspert aastast 1974. Esimene 100% orgaaniline \u0160veitsi nahahooldussari, mis on sertifitseeritud ECOCERT Greenlife\u2019i poolt ja vastab COSMOS Organic standardile.","breadcrumb":{"@id":"https:\/\/www.hestiahotels.com\/haapsaluspa\/toode\/physiodermie-express-sarahooldus\/#breadcrumb"},"inLanguage":"et","potentialAction":[{"@type":"ReadAction","target":["https:\/\/www.hestiahotels.com\/haapsaluspa\/toode\/physiodermie-express-sarahooldus\/"]}]},{"@type":"ImageObject","inLanguage":"et","@id":"https:\/\/www.hestiahotels.com\/haapsaluspa\/toode\/physiodermie-express-sarahooldus\/#primaryimage","url":"\/wp-content\/uploads\/sites\/7\/2024\/12\/Physiodermie-sara.jpg","contentUrl":"\/wp-content\/uploads\/sites\/7\/2024\/12\/Physiodermie-sara.jpg","width":1920,"height":1080},{"@type":"BreadcrumbList","@id":"https:\/\/www.hestiahotels.com\/haapsaluspa\/toode\/physiodermie-express-sarahooldus\/#breadcrumb","itemListElement":[{"@type":"ListItem","position":1,"name":"Home","item":"https:\/\/www.hestiahotels.com\/haapsaluspa\/"},{"@type":"ListItem","position":2,"name":"Spaa Hoolitsused","item":"https:\/\/www.hestiahotels.com\/haapsaluspa\/spaa-hoolitused\/"},{"@type":"ListItem","position":3,"name":"Physiodermie Clinical Swiss s\u00e4rahooldus"}]},{"@type":"WebSite","@id":"https:\/\/www.hestiahotels.com\/haapsaluspa\/#website","url":"https:\/\/www.hestiahotels.com\/haapsaluspa\/","name":"Hestia Hotel Haapsalu Spa","description":"Hestia Hotel Haapsalu Spa on kolmest k\u00fcljest merega piiratud V\u00e4ikese viigi kaldal, vaid jalutusk\u00e4igu kaugusel maalilisest Haapsalu vanalinnast.","potentialAction":[{"@type":"SearchAction","target":{"@type":"EntryPoint","urlTemplate":"https:\/\/www.hestiahotels.com\/haapsaluspa\/?s={search_term_string}"},"query-input":{"@type":"PropertyValueSpecification","valueRequired":true,"valueName":"search_term_string"}}],"inLanguage":"et"}]}},"_links":{"self":[{"href":"https:\/\/www.hestiahotels.com\/haapsaluspa\/wp-json\/wp\/v2\/product\/30069","targetHints":{"allow":["GET"]}}],"collection":[{"href":"https:\/\/www.hestiahotels.com\/haapsaluspa\/wp-json\/wp\/v2\/product"}],"about":[{"href":"https:\/\/www.hestiahotels.com\/haapsaluspa\/wp-json\/wp\/v2\/types\/product"}],"wp:featuredmedia":[{"embeddable":true,"href":"https:\/\/www.hestiahotels.com\/haapsaluspa\/wp-json\/wp\/v2\/media\/30148"}],"wp:attachment":[{"href":"https:\/\/www.hestiahotels.com\/haapsaluspa\/wp-json\/wp\/v2\/media?parent=30069"}],"wp:term":[{"taxonomy":"product_brand","embeddable":true,"href":"https:\/\/www.hestiahotels.com\/haapsaluspa\/wp-json\/wp\/v2\/product_brand?post=30069"},{"taxonomy":"product_cat","embeddable":true,"href":"https:\/\/www.hestiahotels.com\/haapsaluspa\/wp-json\/wp\/v2\/product_cat?post=30069"},{"taxonomy":"product_tag","embeddable":true,"href":"https:\/\/www.hestiahotels.com\/haapsaluspa\/wp-json\/wp\/v2\/product_tag?post=30069"}],"curies":[{"name":"wp","href":"https:\/\/api.w.org\/{rel}","templated":true}]}}