{"id":30926,"date":"2025-06-09T16:04:40","date_gmt":"2025-06-09T13:04:40","guid":{"rendered":"https:\/\/www.hestiahotels.com\/haapsaluspa\/?post_type=product&#038;p=30926"},"modified":"2025-06-09T16:41:07","modified_gmt":"2025-06-09T13:41:07","slug":"physiodermie-hoolitsus-meestele","status":"publish","type":"product","link":"https:\/\/www.hestiahotels.com\/haapsaluspa\/toode\/physiodermie-hoolitsus-meestele\/","title":{"rendered":"Physiodermie n\u00e4ohoolitsus meestele"},"content":{"rendered":"","protected":false},"excerpt":{"rendered":"<p>\u0160veitsi tipptehnoloogial p\u00f5hinev s\u00fcvahooldus, mis puhastab, rahustab ja aitab taastada nahabarj\u00e4\u00e4ri. Hoolitsus on kiire, t\u00f5hus ning annab kohese tulemuse juba p\u00e4rast esimest hooldust.<\/p>\n<p>Enne hoolitsust viib kosmeetik l\u00e4bi nahaanal\u00fc\u00fcsi, et valida hoolduseks sulle sobivaimad hoolduvahendid. Hoolitsus sisaldab naha puhastamist, koorimist, niisutamist ning kaitsekihi taastamist. Hoolitsus sobib h\u00e4sti, kui nahk on kuiv, kare, vistrikuline, punetav v\u00f5i eba\u00fchtlane ning v\u00e4sinud ja stressis.<\/p>\n","protected":false},"featured_media":30930,"template":"","meta":{"_acf_changed":false},"product_brand":[],"product_cat":[159,151],"product_tag":[],"class_list":{"0":"post-30926","1":"product","2":"type-product","3":"status-publish","4":"has-post-thumbnail","6":"product_cat-meestele","7":"product_cat-naohoolitsused","9":"first","10":"instock","11":"shipping-taxable","12":"purchasable","13":"product-type-simple"},"acf":[],"yoast_head":"<!-- This site is optimized with the Yoast SEO plugin v27.2 - https:\/\/yoast.com\/product\/yoast-seo-wordpress\/ -->\n<title>Physiodermie n\u00e4ohoolitsus meestele | Hestia Hotel Haapsalu Spa<\/title>\n<meta name=\"robots\" content=\"index, follow, max-snippet:-1, max-image-preview:large, max-video-preview:-1\" \/>\n<link rel=\"canonical\" href=\"https:\/\/www.hestiahotels.com\/haapsaluspa\/toode\/physiodermie-hoolitsus-meestele\/\" \/>\n<meta property=\"og:locale\" content=\"et_EE\" \/>\n<meta property=\"og:type\" content=\"article\" \/>\n<meta property=\"og:title\" content=\"Physiodermie n\u00e4ohoolitsus meestele | Hestia Hotel Haapsalu Spa\" \/>\n<meta property=\"og:description\" content=\"\u0160veitsi tipptehnoloogial p\u00f5hinev s\u00fcvahooldus, mis puhastab, rahustab ja aitab taastada nahabarj\u00e4\u00e4ri. Hoolitsus on kiire, t\u00f5hus ning annab kohese tulemuse juba p\u00e4rast esimest hooldust.  Enne hoolitsust viib kosmeetik l\u00e4bi nahaanal\u00fc\u00fcsi, et valida hoolduseks sulle sobivaimad hoolduvahendid. Hoolitsus sisaldab naha puhastamist, koorimist, niisutamist ning kaitsekihi taastamist. Hoolitsus sobib h\u00e4sti, kui nahk on kuiv, kare, vistrikuline, punetav v\u00f5i eba\u00fchtlane ning v\u00e4sinud ja stressis.\" \/>\n<meta property=\"og:url\" content=\"https:\/\/www.hestiahotels.com\/haapsaluspa\/toode\/physiodermie-hoolitsus-meestele\/\" \/>\n<meta property=\"og:site_name\" content=\"Hestia Hotel Haapsalu Spa\" \/>\n<meta property=\"article:publisher\" content=\"https:\/\/www.facebook.com\/HaapsaluSpa\" \/>\n<meta property=\"article:modified_time\" content=\"2025-06-09T13:41:07+00:00\" \/>\n<meta property=\"og:image\" content=\"https:\/\/www.hestiahotels.com\/wp-content\/uploads\/sites\/7\/2025\/06\/Physiodermie-meeste.jpg\" \/>\n\t<meta property=\"og:image:width\" content=\"1920\" \/>\n\t<meta property=\"og:image:height\" content=\"1080\" \/>\n\t<meta property=\"og:image:type\" content=\"image\/jpeg\" \/>\n<meta name=\"twitter:card\" content=\"summary_large_image\" \/>\n<meta name=\"twitter:label1\" content=\"Est. reading time\" \/>\n\t<meta name=\"twitter:data1\" content=\"1 minut\" \/>\n<script type=\"application\/ld+json\" class=\"yoast-schema-graph\">{\"@context\":\"https:\/\/schema.org\",\"@graph\":[{\"@type\":\"WebPage\",\"@id\":\"https:\/\/www.hestiahotels.com\/haapsaluspa\/toode\/physiodermie-hoolitsus-meestele\/\",\"url\":\"https:\/\/www.hestiahotels.com\/haapsaluspa\/toode\/physiodermie-hoolitsus-meestele\/\",\"name\":\"Physiodermie n\u00e4ohoolitsus meestele | Hestia Hotel Haapsalu Spa\",\"isPartOf\":{\"@id\":\"https:\/\/www.hestiahotels.com\/haapsaluspa\/#website\"},\"primaryImageOfPage\":{\"@id\":\"https:\/\/www.hestiahotels.com\/haapsaluspa\/toode\/physiodermie-hoolitsus-meestele\/#primaryimage\"},\"image\":{\"@id\":\"https:\/\/www.hestiahotels.com\/haapsaluspa\/toode\/physiodermie-hoolitsus-meestele\/#primaryimage\"},\"thumbnailUrl\":\"\/wp-content\/uploads\/sites\/7\/2025\/06\/Physiodermie-meeste.jpg\",\"datePublished\":\"2025-06-09T13:04:40+00:00\",\"dateModified\":\"2025-06-09T13:41:07+00:00\",\"breadcrumb\":{\"@id\":\"https:\/\/www.hestiahotels.com\/haapsaluspa\/toode\/physiodermie-hoolitsus-meestele\/#breadcrumb\"},\"inLanguage\":\"et\",\"potentialAction\":[{\"@type\":\"ReadAction\",\"target\":[\"https:\/\/www.hestiahotels.com\/haapsaluspa\/toode\/physiodermie-hoolitsus-meestele\/\"]}]},{\"@type\":\"ImageObject\",\"inLanguage\":\"et\",\"@id\":\"https:\/\/www.hestiahotels.com\/haapsaluspa\/toode\/physiodermie-hoolitsus-meestele\/#primaryimage\",\"url\":\"\/wp-content\/uploads\/sites\/7\/2025\/06\/Physiodermie-meeste.jpg\",\"contentUrl\":\"\/wp-content\/uploads\/sites\/7\/2025\/06\/Physiodermie-meeste.jpg\",\"width\":1920,\"height\":1080},{\"@type\":\"BreadcrumbList\",\"@id\":\"https:\/\/www.hestiahotels.com\/haapsaluspa\/toode\/physiodermie-hoolitsus-meestele\/#breadcrumb\",\"itemListElement\":[{\"@type\":\"ListItem\",\"position\":1,\"name\":\"Home\",\"item\":\"https:\/\/www.hestiahotels.com\/haapsaluspa\/\"},{\"@type\":\"ListItem\",\"position\":2,\"name\":\"Spaa Hoolitsused\",\"item\":\"https:\/\/www.hestiahotels.com\/haapsaluspa\/spaa-hoolitused\/\"},{\"@type\":\"ListItem\",\"position\":3,\"name\":\"Physiodermie n\u00e4ohoolitsus meestele\"}]},{\"@type\":\"WebSite\",\"@id\":\"https:\/\/www.hestiahotels.com\/haapsaluspa\/#website\",\"url\":\"https:\/\/www.hestiahotels.com\/haapsaluspa\/\",\"name\":\"Hestia Hotel Haapsalu Spa\",\"description\":\"Hestia Hotel Haapsalu Spa on kolmest k\u00fcljest merega piiratud V\u00e4ikese viigi kaldal, vaid jalutusk\u00e4igu kaugusel maalilisest Haapsalu vanalinnast.\",\"potentialAction\":[{\"@type\":\"SearchAction\",\"target\":{\"@type\":\"EntryPoint\",\"urlTemplate\":\"https:\/\/www.hestiahotels.com\/haapsaluspa\/?s={search_term_string}\"},\"query-input\":{\"@type\":\"PropertyValueSpecification\",\"valueRequired\":true,\"valueName\":\"search_term_string\"}}],\"inLanguage\":\"et\"}]}<\/script>\n<!-- \/ Yoast SEO plugin. -->","yoast_head_json":{"title":"Physiodermie n\u00e4ohoolitsus meestele | Hestia Hotel Haapsalu Spa","robots":{"index":"index","follow":"follow","max-snippet":"max-snippet:-1","max-image-preview":"max-image-preview:large","max-video-preview":"max-video-preview:-1"},"canonical":"https:\/\/www.hestiahotels.com\/haapsaluspa\/toode\/physiodermie-hoolitsus-meestele\/","og_locale":"et_EE","og_type":"article","og_title":"Physiodermie n\u00e4ohoolitsus meestele | Hestia Hotel Haapsalu Spa","og_description":"\u0160veitsi tipptehnoloogial p\u00f5hinev s\u00fcvahooldus, mis puhastab, rahustab ja aitab taastada nahabarj\u00e4\u00e4ri. Hoolitsus on kiire, t\u00f5hus ning annab kohese tulemuse juba p\u00e4rast esimest hooldust.  Enne hoolitsust viib kosmeetik l\u00e4bi nahaanal\u00fc\u00fcsi, et valida hoolduseks sulle sobivaimad hoolduvahendid. Hoolitsus sisaldab naha puhastamist, koorimist, niisutamist ning kaitsekihi taastamist. Hoolitsus sobib h\u00e4sti, kui nahk on kuiv, kare, vistrikuline, punetav v\u00f5i eba\u00fchtlane ning v\u00e4sinud ja stressis.","og_url":"https:\/\/www.hestiahotels.com\/haapsaluspa\/toode\/physiodermie-hoolitsus-meestele\/","og_site_name":"Hestia Hotel Haapsalu Spa","article_publisher":"https:\/\/www.facebook.com\/HaapsaluSpa","article_modified_time":"2025-06-09T13:41:07+00:00","og_image":[{"width":1920,"height":1080,"url":"https:\/\/www.hestiahotels.com\/wp-content\/uploads\/sites\/7\/2025\/06\/Physiodermie-meeste.jpg","type":"image\/jpeg"}],"twitter_card":"summary_large_image","twitter_misc":{"Est. reading time":"1 minut"},"schema":{"@context":"https:\/\/schema.org","@graph":[{"@type":"WebPage","@id":"https:\/\/www.hestiahotels.com\/haapsaluspa\/toode\/physiodermie-hoolitsus-meestele\/","url":"https:\/\/www.hestiahotels.com\/haapsaluspa\/toode\/physiodermie-hoolitsus-meestele\/","name":"Physiodermie n\u00e4ohoolitsus meestele | Hestia Hotel Haapsalu Spa","isPartOf":{"@id":"https:\/\/www.hestiahotels.com\/haapsaluspa\/#website"},"primaryImageOfPage":{"@id":"https:\/\/www.hestiahotels.com\/haapsaluspa\/toode\/physiodermie-hoolitsus-meestele\/#primaryimage"},"image":{"@id":"https:\/\/www.hestiahotels.com\/haapsaluspa\/toode\/physiodermie-hoolitsus-meestele\/#primaryimage"},"thumbnailUrl":"\/wp-content\/uploads\/sites\/7\/2025\/06\/Physiodermie-meeste.jpg","datePublished":"2025-06-09T13:04:40+00:00","dateModified":"2025-06-09T13:41:07+00:00","breadcrumb":{"@id":"https:\/\/www.hestiahotels.com\/haapsaluspa\/toode\/physiodermie-hoolitsus-meestele\/#breadcrumb"},"inLanguage":"et","potentialAction":[{"@type":"ReadAction","target":["https:\/\/www.hestiahotels.com\/haapsaluspa\/toode\/physiodermie-hoolitsus-meestele\/"]}]},{"@type":"ImageObject","inLanguage":"et","@id":"https:\/\/www.hestiahotels.com\/haapsaluspa\/toode\/physiodermie-hoolitsus-meestele\/#primaryimage","url":"\/wp-content\/uploads\/sites\/7\/2025\/06\/Physiodermie-meeste.jpg","contentUrl":"\/wp-content\/uploads\/sites\/7\/2025\/06\/Physiodermie-meeste.jpg","width":1920,"height":1080},{"@type":"BreadcrumbList","@id":"https:\/\/www.hestiahotels.com\/haapsaluspa\/toode\/physiodermie-hoolitsus-meestele\/#breadcrumb","itemListElement":[{"@type":"ListItem","position":1,"name":"Home","item":"https:\/\/www.hestiahotels.com\/haapsaluspa\/"},{"@type":"ListItem","position":2,"name":"Spaa Hoolitsused","item":"https:\/\/www.hestiahotels.com\/haapsaluspa\/spaa-hoolitused\/"},{"@type":"ListItem","position":3,"name":"Physiodermie n\u00e4ohoolitsus meestele"}]},{"@type":"WebSite","@id":"https:\/\/www.hestiahotels.com\/haapsaluspa\/#website","url":"https:\/\/www.hestiahotels.com\/haapsaluspa\/","name":"Hestia Hotel Haapsalu Spa","description":"Hestia Hotel Haapsalu Spa on kolmest k\u00fcljest merega piiratud V\u00e4ikese viigi kaldal, vaid jalutusk\u00e4igu kaugusel maalilisest Haapsalu vanalinnast.","potentialAction":[{"@type":"SearchAction","target":{"@type":"EntryPoint","urlTemplate":"https:\/\/www.hestiahotels.com\/haapsaluspa\/?s={search_term_string}"},"query-input":{"@type":"PropertyValueSpecification","valueRequired":true,"valueName":"search_term_string"}}],"inLanguage":"et"}]}},"_links":{"self":[{"href":"https:\/\/www.hestiahotels.com\/haapsaluspa\/wp-json\/wp\/v2\/product\/30926","targetHints":{"allow":["GET"]}}],"collection":[{"href":"https:\/\/www.hestiahotels.com\/haapsaluspa\/wp-json\/wp\/v2\/product"}],"about":[{"href":"https:\/\/www.hestiahotels.com\/haapsaluspa\/wp-json\/wp\/v2\/types\/product"}],"wp:featuredmedia":[{"embeddable":true,"href":"https:\/\/www.hestiahotels.com\/haapsaluspa\/wp-json\/wp\/v2\/media\/30930"}],"wp:attachment":[{"href":"https:\/\/www.hestiahotels.com\/haapsaluspa\/wp-json\/wp\/v2\/media?parent=30926"}],"wp:term":[{"taxonomy":"product_brand","embeddable":true,"href":"https:\/\/www.hestiahotels.com\/haapsaluspa\/wp-json\/wp\/v2\/product_brand?post=30926"},{"taxonomy":"product_cat","embeddable":true,"href":"https:\/\/www.hestiahotels.com\/haapsaluspa\/wp-json\/wp\/v2\/product_cat?post=30926"},{"taxonomy":"product_tag","embeddable":true,"href":"https:\/\/www.hestiahotels.com\/haapsaluspa\/wp-json\/wp\/v2\/product_tag?post=30926"}],"curies":[{"name":"wp","href":"https:\/\/api.w.org\/{rel}","templated":true}]}}