{"id":30986,"date":"2025-06-11T11:51:48","date_gmt":"2025-06-11T08:51:48","guid":{"rendered":"https:\/\/www.hestiahotels.com\/haapsaluspa\/?post_type=product&#038;p=30986"},"modified":"2025-06-13T12:11:39","modified_gmt":"2025-06-13T09:11:39","slug":"eelpigmenteerimine-hallidele-juustele","status":"publish","type":"product","link":"https:\/\/www.hestiahotels.com\/haapsaluspa\/toode\/eelpigmenteerimine-hallidele-juustele\/","title":{"rendered":"Eelpigmenteerimine hallidele juustele"},"content":{"rendered":"<p>100 % taimse juuksev\u00e4rviga v\u00e4rvides saad anda oma juustele loomuliku sooja p\u00fcsiva l\u00e4ike, toetada tugevamate ja tervemate juuste kasvu ning hoida\u00a0korras peanahka. Taimedega v\u00e4rvimine ei kahjusta juukseid, vaid pigem toidab neid, kuna taim kinnitub juuksekarva k\u00fclge, muudab juuksekarva seel\u00e4bi pikemaajalisemal kasutamisel tugevamaks. Taimedega v\u00f5ib v\u00e4rvida juukseid isegi siis, kui esineb peanahaprobleeme. Taimne juuksev\u00e4rv on leevendanud s\u00fcgelust, peanahal esinevat p\u00f5letikku (sh psoriaasi korral) ning v\u00e4hendanud k\u00f5\u00f5ma tekkimist.<\/p>\n","protected":false},"excerpt":{"rendered":"<p>Hallide juuste puhul soovitame enne taimse v\u00e4rviga v\u00e4rvimist juuksed eelpigmenteerida. Sisaldab 10 min konsultatsiooni koos juuksuriga.<\/p>\n","protected":false},"featured_media":30989,"template":"","meta":{"_acf_changed":false},"product_brand":[],"product_cat":[170],"product_tag":[],"class_list":{"0":"post-30986","1":"product","2":"type-product","3":"status-publish","4":"has-post-thumbnail","6":"product_cat-juuksed","8":"first","9":"instock","10":"shipping-taxable","11":"purchasable","12":"product-type-variable"},"acf":[],"yoast_head":"<!-- This site is optimized with the Yoast SEO plugin v27.2 - https:\/\/yoast.com\/product\/yoast-seo-wordpress\/ -->\n<title>Eelpigmenteerimine hallidele juustele | Hestia Hotel Haapsalu Spa<\/title>\n<meta name=\"robots\" content=\"index, follow, max-snippet:-1, max-image-preview:large, max-video-preview:-1\" \/>\n<link rel=\"canonical\" href=\"https:\/\/www.hestiahotels.com\/haapsaluspa\/toode\/eelpigmenteerimine-hallidele-juustele\/\" \/>\n<meta property=\"og:locale\" content=\"et_EE\" \/>\n<meta property=\"og:type\" content=\"article\" \/>\n<meta property=\"og:title\" content=\"Eelpigmenteerimine hallidele juustele | Hestia Hotel Haapsalu Spa\" \/>\n<meta property=\"og:description\" content=\"Hallide juuste puhul soovitame enne taimse v\u00e4rviga v\u00e4rvimist juuksed eelpigmenteerida. Sisaldab 10 min konsultatsiooni koos juuksuriga.\" \/>\n<meta property=\"og:url\" content=\"https:\/\/www.hestiahotels.com\/haapsaluspa\/toode\/eelpigmenteerimine-hallidele-juustele\/\" \/>\n<meta property=\"og:site_name\" content=\"Hestia Hotel Haapsalu Spa\" \/>\n<meta property=\"article:publisher\" content=\"https:\/\/www.facebook.com\/HaapsaluSpa\" \/>\n<meta property=\"article:modified_time\" content=\"2025-06-13T09:11:39+00:00\" \/>\n<meta property=\"og:image\" content=\"https:\/\/www.hestiahotels.com\/wp-content\/uploads\/sites\/7\/2025\/06\/eelpigm.jpg\" \/>\n\t<meta property=\"og:image:width\" content=\"1920\" \/>\n\t<meta property=\"og:image:height\" content=\"1080\" \/>\n\t<meta property=\"og:image:type\" content=\"image\/jpeg\" \/>\n<meta name=\"twitter:card\" content=\"summary_large_image\" \/>\n<meta name=\"twitter:label1\" content=\"Est. reading time\" \/>\n\t<meta name=\"twitter:data1\" content=\"1 minut\" \/>\n<script type=\"application\/ld+json\" class=\"yoast-schema-graph\">{\"@context\":\"https:\/\/schema.org\",\"@graph\":[{\"@type\":\"WebPage\",\"@id\":\"https:\/\/www.hestiahotels.com\/haapsaluspa\/toode\/eelpigmenteerimine-hallidele-juustele\/\",\"url\":\"https:\/\/www.hestiahotels.com\/haapsaluspa\/toode\/eelpigmenteerimine-hallidele-juustele\/\",\"name\":\"Eelpigmenteerimine hallidele juustele | Hestia Hotel Haapsalu Spa\",\"isPartOf\":{\"@id\":\"https:\/\/www.hestiahotels.com\/haapsaluspa\/#website\"},\"primaryImageOfPage\":{\"@id\":\"https:\/\/www.hestiahotels.com\/haapsaluspa\/toode\/eelpigmenteerimine-hallidele-juustele\/#primaryimage\"},\"image\":{\"@id\":\"https:\/\/www.hestiahotels.com\/haapsaluspa\/toode\/eelpigmenteerimine-hallidele-juustele\/#primaryimage\"},\"thumbnailUrl\":\"\/wp-content\/uploads\/sites\/7\/2025\/06\/eelpigm.jpg\",\"datePublished\":\"2025-06-11T08:51:48+00:00\",\"dateModified\":\"2025-06-13T09:11:39+00:00\",\"breadcrumb\":{\"@id\":\"https:\/\/www.hestiahotels.com\/haapsaluspa\/toode\/eelpigmenteerimine-hallidele-juustele\/#breadcrumb\"},\"inLanguage\":\"et\",\"potentialAction\":[{\"@type\":\"ReadAction\",\"target\":[\"https:\/\/www.hestiahotels.com\/haapsaluspa\/toode\/eelpigmenteerimine-hallidele-juustele\/\"]}]},{\"@type\":\"ImageObject\",\"inLanguage\":\"et\",\"@id\":\"https:\/\/www.hestiahotels.com\/haapsaluspa\/toode\/eelpigmenteerimine-hallidele-juustele\/#primaryimage\",\"url\":\"\/wp-content\/uploads\/sites\/7\/2025\/06\/eelpigm.jpg\",\"contentUrl\":\"\/wp-content\/uploads\/sites\/7\/2025\/06\/eelpigm.jpg\",\"width\":1920,\"height\":1080},{\"@type\":\"BreadcrumbList\",\"@id\":\"https:\/\/www.hestiahotels.com\/haapsaluspa\/toode\/eelpigmenteerimine-hallidele-juustele\/#breadcrumb\",\"itemListElement\":[{\"@type\":\"ListItem\",\"position\":1,\"name\":\"Home\",\"item\":\"https:\/\/www.hestiahotels.com\/haapsaluspa\/\"},{\"@type\":\"ListItem\",\"position\":2,\"name\":\"Spaa Hoolitsused\",\"item\":\"https:\/\/www.hestiahotels.com\/haapsaluspa\/spaa-hoolitused\/\"},{\"@type\":\"ListItem\",\"position\":3,\"name\":\"Eelpigmenteerimine hallidele juustele\"}]},{\"@type\":\"WebSite\",\"@id\":\"https:\/\/www.hestiahotels.com\/haapsaluspa\/#website\",\"url\":\"https:\/\/www.hestiahotels.com\/haapsaluspa\/\",\"name\":\"Hestia Hotel Haapsalu Spa\",\"description\":\"Hestia Hotel Haapsalu Spa on kolmest k\u00fcljest merega piiratud V\u00e4ikese viigi kaldal, vaid jalutusk\u00e4igu kaugusel maalilisest Haapsalu vanalinnast.\",\"potentialAction\":[{\"@type\":\"SearchAction\",\"target\":{\"@type\":\"EntryPoint\",\"urlTemplate\":\"https:\/\/www.hestiahotels.com\/haapsaluspa\/?s={search_term_string}\"},\"query-input\":{\"@type\":\"PropertyValueSpecification\",\"valueRequired\":true,\"valueName\":\"search_term_string\"}}],\"inLanguage\":\"et\"}]}<\/script>\n<!-- \/ Yoast SEO plugin. -->","yoast_head_json":{"title":"Eelpigmenteerimine hallidele juustele | Hestia Hotel Haapsalu Spa","robots":{"index":"index","follow":"follow","max-snippet":"max-snippet:-1","max-image-preview":"max-image-preview:large","max-video-preview":"max-video-preview:-1"},"canonical":"https:\/\/www.hestiahotels.com\/haapsaluspa\/toode\/eelpigmenteerimine-hallidele-juustele\/","og_locale":"et_EE","og_type":"article","og_title":"Eelpigmenteerimine hallidele juustele | Hestia Hotel Haapsalu Spa","og_description":"Hallide juuste puhul soovitame enne taimse v\u00e4rviga v\u00e4rvimist juuksed eelpigmenteerida. Sisaldab 10 min konsultatsiooni koos juuksuriga.","og_url":"https:\/\/www.hestiahotels.com\/haapsaluspa\/toode\/eelpigmenteerimine-hallidele-juustele\/","og_site_name":"Hestia Hotel Haapsalu Spa","article_publisher":"https:\/\/www.facebook.com\/HaapsaluSpa","article_modified_time":"2025-06-13T09:11:39+00:00","og_image":[{"width":1920,"height":1080,"url":"https:\/\/www.hestiahotels.com\/wp-content\/uploads\/sites\/7\/2025\/06\/eelpigm.jpg","type":"image\/jpeg"}],"twitter_card":"summary_large_image","twitter_misc":{"Est. reading time":"1 minut"},"schema":{"@context":"https:\/\/schema.org","@graph":[{"@type":"WebPage","@id":"https:\/\/www.hestiahotels.com\/haapsaluspa\/toode\/eelpigmenteerimine-hallidele-juustele\/","url":"https:\/\/www.hestiahotels.com\/haapsaluspa\/toode\/eelpigmenteerimine-hallidele-juustele\/","name":"Eelpigmenteerimine hallidele juustele | Hestia Hotel Haapsalu Spa","isPartOf":{"@id":"https:\/\/www.hestiahotels.com\/haapsaluspa\/#website"},"primaryImageOfPage":{"@id":"https:\/\/www.hestiahotels.com\/haapsaluspa\/toode\/eelpigmenteerimine-hallidele-juustele\/#primaryimage"},"image":{"@id":"https:\/\/www.hestiahotels.com\/haapsaluspa\/toode\/eelpigmenteerimine-hallidele-juustele\/#primaryimage"},"thumbnailUrl":"\/wp-content\/uploads\/sites\/7\/2025\/06\/eelpigm.jpg","datePublished":"2025-06-11T08:51:48+00:00","dateModified":"2025-06-13T09:11:39+00:00","breadcrumb":{"@id":"https:\/\/www.hestiahotels.com\/haapsaluspa\/toode\/eelpigmenteerimine-hallidele-juustele\/#breadcrumb"},"inLanguage":"et","potentialAction":[{"@type":"ReadAction","target":["https:\/\/www.hestiahotels.com\/haapsaluspa\/toode\/eelpigmenteerimine-hallidele-juustele\/"]}]},{"@type":"ImageObject","inLanguage":"et","@id":"https:\/\/www.hestiahotels.com\/haapsaluspa\/toode\/eelpigmenteerimine-hallidele-juustele\/#primaryimage","url":"\/wp-content\/uploads\/sites\/7\/2025\/06\/eelpigm.jpg","contentUrl":"\/wp-content\/uploads\/sites\/7\/2025\/06\/eelpigm.jpg","width":1920,"height":1080},{"@type":"BreadcrumbList","@id":"https:\/\/www.hestiahotels.com\/haapsaluspa\/toode\/eelpigmenteerimine-hallidele-juustele\/#breadcrumb","itemListElement":[{"@type":"ListItem","position":1,"name":"Home","item":"https:\/\/www.hestiahotels.com\/haapsaluspa\/"},{"@type":"ListItem","position":2,"name":"Spaa Hoolitsused","item":"https:\/\/www.hestiahotels.com\/haapsaluspa\/spaa-hoolitused\/"},{"@type":"ListItem","position":3,"name":"Eelpigmenteerimine hallidele juustele"}]},{"@type":"WebSite","@id":"https:\/\/www.hestiahotels.com\/haapsaluspa\/#website","url":"https:\/\/www.hestiahotels.com\/haapsaluspa\/","name":"Hestia Hotel Haapsalu Spa","description":"Hestia Hotel Haapsalu Spa on kolmest k\u00fcljest merega piiratud V\u00e4ikese viigi kaldal, vaid jalutusk\u00e4igu kaugusel maalilisest Haapsalu vanalinnast.","potentialAction":[{"@type":"SearchAction","target":{"@type":"EntryPoint","urlTemplate":"https:\/\/www.hestiahotels.com\/haapsaluspa\/?s={search_term_string}"},"query-input":{"@type":"PropertyValueSpecification","valueRequired":true,"valueName":"search_term_string"}}],"inLanguage":"et"}]}},"_links":{"self":[{"href":"https:\/\/www.hestiahotels.com\/haapsaluspa\/wp-json\/wp\/v2\/product\/30986","targetHints":{"allow":["GET"]}}],"collection":[{"href":"https:\/\/www.hestiahotels.com\/haapsaluspa\/wp-json\/wp\/v2\/product"}],"about":[{"href":"https:\/\/www.hestiahotels.com\/haapsaluspa\/wp-json\/wp\/v2\/types\/product"}],"wp:featuredmedia":[{"embeddable":true,"href":"https:\/\/www.hestiahotels.com\/haapsaluspa\/wp-json\/wp\/v2\/media\/30989"}],"wp:attachment":[{"href":"https:\/\/www.hestiahotels.com\/haapsaluspa\/wp-json\/wp\/v2\/media?parent=30986"}],"wp:term":[{"taxonomy":"product_brand","embeddable":true,"href":"https:\/\/www.hestiahotels.com\/haapsaluspa\/wp-json\/wp\/v2\/product_brand?post=30986"},{"taxonomy":"product_cat","embeddable":true,"href":"https:\/\/www.hestiahotels.com\/haapsaluspa\/wp-json\/wp\/v2\/product_cat?post=30986"},{"taxonomy":"product_tag","embeddable":true,"href":"https:\/\/www.hestiahotels.com\/haapsaluspa\/wp-json\/wp\/v2\/product_tag?post=30986"}],"curies":[{"name":"wp","href":"https:\/\/api.w.org\/{rel}","templated":true}]}}