{"id":32304,"date":"2026-03-26T14:28:07","date_gmt":"2026-03-26T12:28:07","guid":{"rendered":"https:\/\/www.hestiahotels.com\/haapsaluspa\/?post_type=product&#038;p=32304"},"modified":"2026-04-01T00:03:24","modified_gmt":"2026-03-31T21:03:24","slug":"juuksekasvu-toetav-peanahahooldus","status":"publish","type":"product","link":"https:\/\/www.hestiahotels.com\/haapsaluspa\/toode\/juuksekasvu-toetav-peanahahooldus\/","title":{"rendered":"Juuksekasvu toetav peanahahooldus"},"content":{"rendered":"<p>Hoolduses kasutatakse My Veg looduskosmeetika puhtaid ja hoolikalt valitud tooteid, mis aitavad parandada peanaha vereringet, eemaldada toksilisi aineid ning tugevdada juuksesibulaid. Hoolitsus algab l\u00f5\u00f5gastava meelte avamise etapiga, millele j\u00e4rgneb orgaanilistest ja puhastest taimeekstraktidest valmistatud mask ning peanaha vereringet aktiveeriv massaa\u017e. Hoolitsuse l\u00f5petab spetsiaalne toonik, mis on valmistatud hoolikalt valitud taimeekstraktidest ning m\u00f5eldud peanaha tasakaalustamiseks ja juuksekasvu toetamiseks.<\/p>\n","protected":false},"excerpt":{"rendered":"<p>Hoolitsus aitab parandada peanaha vereringet, eemaldada toksilisi aineid ning tugevdada juuksesibulaid. Hoolduses kasutatakse My Veg looduskosmeetika puhtaid ja hoolikalt valitud tooteid.<\/p>\n","protected":false},"featured_media":32284,"template":"","meta":{"_acf_changed":false},"product_brand":[],"product_cat":[170,194],"product_tag":[],"class_list":{"0":"post-32304","1":"product","2":"type-product","3":"status-publish","4":"has-post-thumbnail","6":"product_cat-juuksed","7":"product_cat-lemmikud","9":"first","10":"instock","11":"sale","12":"shipping-taxable","13":"purchasable","14":"product-type-simple"},"acf":[],"yoast_head":"<!-- This site is optimized with the Yoast SEO plugin v27.2 - https:\/\/yoast.com\/product\/yoast-seo-wordpress\/ -->\n<title>Juuksekasvu toetav peanahahooldus | Hestia Hotel Haapsalu Spa<\/title>\n<meta name=\"description\" content=\"Hoolitsus aitab parandada peanaha vereringet, eemaldada toksilisi aineid ning tugevdada juuksesibulaid. Hoolduses kasutatakse My Veg looduskosmeetika puhtaid ja hoolikalt valitud tooteid.\" \/>\n<meta name=\"robots\" content=\"index, follow, max-snippet:-1, max-image-preview:large, max-video-preview:-1\" \/>\n<link rel=\"canonical\" href=\"https:\/\/www.hestiahotels.com\/haapsaluspa\/toode\/juuksekasvu-toetav-peanahahooldus\/\" \/>\n<meta property=\"og:locale\" content=\"et_EE\" \/>\n<meta property=\"og:type\" content=\"article\" \/>\n<meta property=\"og:title\" content=\"Juuksekasvu toetav peanahahooldus | Hestia Hotel Haapsalu Spa\" \/>\n<meta property=\"og:description\" content=\"Hoolitsus aitab parandada peanaha vereringet, eemaldada toksilisi aineid ning tugevdada juuksesibulaid. Hoolduses kasutatakse My Veg looduskosmeetika puhtaid ja hoolikalt valitud tooteid.\" \/>\n<meta property=\"og:url\" content=\"https:\/\/www.hestiahotels.com\/haapsaluspa\/toode\/juuksekasvu-toetav-peanahahooldus\/\" \/>\n<meta property=\"og:site_name\" content=\"Hestia Hotel Haapsalu Spa\" \/>\n<meta property=\"article:publisher\" content=\"https:\/\/www.facebook.com\/HaapsaluSpa\" \/>\n<meta property=\"article:modified_time\" content=\"2026-03-31T21:03:24+00:00\" \/>\n<meta property=\"og:image\" content=\"https:\/\/www.hestiahotels.com\/wp-content\/uploads\/sites\/7\/2021\/07\/peanaha-hoolitsus.jpg\" \/>\n\t<meta property=\"og:image:width\" content=\"1920\" \/>\n\t<meta property=\"og:image:height\" content=\"1080\" \/>\n\t<meta property=\"og:image:type\" content=\"image\/jpeg\" \/>\n<meta name=\"twitter:card\" content=\"summary_large_image\" \/>\n<meta name=\"twitter:label1\" content=\"Est. reading time\" \/>\n\t<meta name=\"twitter:data1\" content=\"1 minut\" \/>\n<script type=\"application\/ld+json\" class=\"yoast-schema-graph\">{\"@context\":\"https:\/\/schema.org\",\"@graph\":[{\"@type\":\"WebPage\",\"@id\":\"https:\/\/www.hestiahotels.com\/haapsaluspa\/toode\/juuksekasvu-toetav-peanahahooldus\/\",\"url\":\"https:\/\/www.hestiahotels.com\/haapsaluspa\/toode\/juuksekasvu-toetav-peanahahooldus\/\",\"name\":\"Juuksekasvu toetav peanahahooldus | Hestia Hotel Haapsalu Spa\",\"isPartOf\":{\"@id\":\"https:\/\/www.hestiahotels.com\/haapsaluspa\/#website\"},\"primaryImageOfPage\":{\"@id\":\"https:\/\/www.hestiahotels.com\/haapsaluspa\/toode\/juuksekasvu-toetav-peanahahooldus\/#primaryimage\"},\"image\":{\"@id\":\"https:\/\/www.hestiahotels.com\/haapsaluspa\/toode\/juuksekasvu-toetav-peanahahooldus\/#primaryimage\"},\"thumbnailUrl\":\"\/wp-content\/uploads\/sites\/7\/2021\/07\/peanaha-hoolitsus.jpg\",\"datePublished\":\"2026-03-26T12:28:07+00:00\",\"dateModified\":\"2026-03-31T21:03:24+00:00\",\"description\":\"Hoolitsus aitab parandada peanaha vereringet, eemaldada toksilisi aineid ning tugevdada juuksesibulaid. Hoolduses kasutatakse My Veg looduskosmeetika puhtaid ja hoolikalt valitud tooteid.\",\"breadcrumb\":{\"@id\":\"https:\/\/www.hestiahotels.com\/haapsaluspa\/toode\/juuksekasvu-toetav-peanahahooldus\/#breadcrumb\"},\"inLanguage\":\"et\",\"potentialAction\":[{\"@type\":\"ReadAction\",\"target\":[\"https:\/\/www.hestiahotels.com\/haapsaluspa\/toode\/juuksekasvu-toetav-peanahahooldus\/\"]}]},{\"@type\":\"ImageObject\",\"inLanguage\":\"et\",\"@id\":\"https:\/\/www.hestiahotels.com\/haapsaluspa\/toode\/juuksekasvu-toetav-peanahahooldus\/#primaryimage\",\"url\":\"\/wp-content\/uploads\/sites\/7\/2021\/07\/peanaha-hoolitsus.jpg\",\"contentUrl\":\"\/wp-content\/uploads\/sites\/7\/2021\/07\/peanaha-hoolitsus.jpg\",\"width\":1920,\"height\":1080},{\"@type\":\"BreadcrumbList\",\"@id\":\"https:\/\/www.hestiahotels.com\/haapsaluspa\/toode\/juuksekasvu-toetav-peanahahooldus\/#breadcrumb\",\"itemListElement\":[{\"@type\":\"ListItem\",\"position\":1,\"name\":\"Home\",\"item\":\"https:\/\/www.hestiahotels.com\/haapsaluspa\/\"},{\"@type\":\"ListItem\",\"position\":2,\"name\":\"Spaa Hoolitsused\",\"item\":\"https:\/\/www.hestiahotels.com\/haapsaluspa\/spaa-hoolitused\/\"},{\"@type\":\"ListItem\",\"position\":3,\"name\":\"Juuksekasvu toetav peanahahooldus\"}]},{\"@type\":\"WebSite\",\"@id\":\"https:\/\/www.hestiahotels.com\/haapsaluspa\/#website\",\"url\":\"https:\/\/www.hestiahotels.com\/haapsaluspa\/\",\"name\":\"Hestia Hotel Haapsalu Spa\",\"description\":\"Hestia Hotel Haapsalu Spa on kolmest k\u00fcljest merega piiratud V\u00e4ikese viigi kaldal, vaid jalutusk\u00e4igu kaugusel maalilisest Haapsalu vanalinnast.\",\"potentialAction\":[{\"@type\":\"SearchAction\",\"target\":{\"@type\":\"EntryPoint\",\"urlTemplate\":\"https:\/\/www.hestiahotels.com\/haapsaluspa\/?s={search_term_string}\"},\"query-input\":{\"@type\":\"PropertyValueSpecification\",\"valueRequired\":true,\"valueName\":\"search_term_string\"}}],\"inLanguage\":\"et\"}]}<\/script>\n<!-- \/ Yoast SEO plugin. -->","yoast_head_json":{"title":"Juuksekasvu toetav peanahahooldus | Hestia Hotel Haapsalu Spa","description":"Hoolitsus aitab parandada peanaha vereringet, eemaldada toksilisi aineid ning tugevdada juuksesibulaid. Hoolduses kasutatakse My Veg looduskosmeetika puhtaid ja hoolikalt valitud tooteid.","robots":{"index":"index","follow":"follow","max-snippet":"max-snippet:-1","max-image-preview":"max-image-preview:large","max-video-preview":"max-video-preview:-1"},"canonical":"https:\/\/www.hestiahotels.com\/haapsaluspa\/toode\/juuksekasvu-toetav-peanahahooldus\/","og_locale":"et_EE","og_type":"article","og_title":"Juuksekasvu toetav peanahahooldus | Hestia Hotel Haapsalu Spa","og_description":"Hoolitsus aitab parandada peanaha vereringet, eemaldada toksilisi aineid ning tugevdada juuksesibulaid. Hoolduses kasutatakse My Veg looduskosmeetika puhtaid ja hoolikalt valitud tooteid.","og_url":"https:\/\/www.hestiahotels.com\/haapsaluspa\/toode\/juuksekasvu-toetav-peanahahooldus\/","og_site_name":"Hestia Hotel Haapsalu Spa","article_publisher":"https:\/\/www.facebook.com\/HaapsaluSpa","article_modified_time":"2026-03-31T21:03:24+00:00","og_image":[{"width":1920,"height":1080,"url":"https:\/\/www.hestiahotels.com\/wp-content\/uploads\/sites\/7\/2021\/07\/peanaha-hoolitsus.jpg","type":"image\/jpeg"}],"twitter_card":"summary_large_image","twitter_misc":{"Est. reading time":"1 minut"},"schema":{"@context":"https:\/\/schema.org","@graph":[{"@type":"WebPage","@id":"https:\/\/www.hestiahotels.com\/haapsaluspa\/toode\/juuksekasvu-toetav-peanahahooldus\/","url":"https:\/\/www.hestiahotels.com\/haapsaluspa\/toode\/juuksekasvu-toetav-peanahahooldus\/","name":"Juuksekasvu toetav peanahahooldus | Hestia Hotel Haapsalu Spa","isPartOf":{"@id":"https:\/\/www.hestiahotels.com\/haapsaluspa\/#website"},"primaryImageOfPage":{"@id":"https:\/\/www.hestiahotels.com\/haapsaluspa\/toode\/juuksekasvu-toetav-peanahahooldus\/#primaryimage"},"image":{"@id":"https:\/\/www.hestiahotels.com\/haapsaluspa\/toode\/juuksekasvu-toetav-peanahahooldus\/#primaryimage"},"thumbnailUrl":"\/wp-content\/uploads\/sites\/7\/2021\/07\/peanaha-hoolitsus.jpg","datePublished":"2026-03-26T12:28:07+00:00","dateModified":"2026-03-31T21:03:24+00:00","description":"Hoolitsus aitab parandada peanaha vereringet, eemaldada toksilisi aineid ning tugevdada juuksesibulaid. Hoolduses kasutatakse My Veg looduskosmeetika puhtaid ja hoolikalt valitud tooteid.","breadcrumb":{"@id":"https:\/\/www.hestiahotels.com\/haapsaluspa\/toode\/juuksekasvu-toetav-peanahahooldus\/#breadcrumb"},"inLanguage":"et","potentialAction":[{"@type":"ReadAction","target":["https:\/\/www.hestiahotels.com\/haapsaluspa\/toode\/juuksekasvu-toetav-peanahahooldus\/"]}]},{"@type":"ImageObject","inLanguage":"et","@id":"https:\/\/www.hestiahotels.com\/haapsaluspa\/toode\/juuksekasvu-toetav-peanahahooldus\/#primaryimage","url":"\/wp-content\/uploads\/sites\/7\/2021\/07\/peanaha-hoolitsus.jpg","contentUrl":"\/wp-content\/uploads\/sites\/7\/2021\/07\/peanaha-hoolitsus.jpg","width":1920,"height":1080},{"@type":"BreadcrumbList","@id":"https:\/\/www.hestiahotels.com\/haapsaluspa\/toode\/juuksekasvu-toetav-peanahahooldus\/#breadcrumb","itemListElement":[{"@type":"ListItem","position":1,"name":"Home","item":"https:\/\/www.hestiahotels.com\/haapsaluspa\/"},{"@type":"ListItem","position":2,"name":"Spaa Hoolitsused","item":"https:\/\/www.hestiahotels.com\/haapsaluspa\/spaa-hoolitused\/"},{"@type":"ListItem","position":3,"name":"Juuksekasvu toetav peanahahooldus"}]},{"@type":"WebSite","@id":"https:\/\/www.hestiahotels.com\/haapsaluspa\/#website","url":"https:\/\/www.hestiahotels.com\/haapsaluspa\/","name":"Hestia Hotel Haapsalu Spa","description":"Hestia Hotel Haapsalu Spa on kolmest k\u00fcljest merega piiratud V\u00e4ikese viigi kaldal, vaid jalutusk\u00e4igu kaugusel maalilisest Haapsalu vanalinnast.","potentialAction":[{"@type":"SearchAction","target":{"@type":"EntryPoint","urlTemplate":"https:\/\/www.hestiahotels.com\/haapsaluspa\/?s={search_term_string}"},"query-input":{"@type":"PropertyValueSpecification","valueRequired":true,"valueName":"search_term_string"}}],"inLanguage":"et"}]}},"_links":{"self":[{"href":"https:\/\/www.hestiahotels.com\/haapsaluspa\/wp-json\/wp\/v2\/product\/32304","targetHints":{"allow":["GET"]}}],"collection":[{"href":"https:\/\/www.hestiahotels.com\/haapsaluspa\/wp-json\/wp\/v2\/product"}],"about":[{"href":"https:\/\/www.hestiahotels.com\/haapsaluspa\/wp-json\/wp\/v2\/types\/product"}],"wp:featuredmedia":[{"embeddable":true,"href":"https:\/\/www.hestiahotels.com\/haapsaluspa\/wp-json\/wp\/v2\/media\/32284"}],"wp:attachment":[{"href":"https:\/\/www.hestiahotels.com\/haapsaluspa\/wp-json\/wp\/v2\/media?parent=32304"}],"wp:term":[{"taxonomy":"product_brand","embeddable":true,"href":"https:\/\/www.hestiahotels.com\/haapsaluspa\/wp-json\/wp\/v2\/product_brand?post=32304"},{"taxonomy":"product_cat","embeddable":true,"href":"https:\/\/www.hestiahotels.com\/haapsaluspa\/wp-json\/wp\/v2\/product_cat?post=32304"},{"taxonomy":"product_tag","embeddable":true,"href":"https:\/\/www.hestiahotels.com\/haapsaluspa\/wp-json\/wp\/v2\/product_tag?post=32304"}],"curies":[{"name":"wp","href":"https:\/\/api.w.org\/{rel}","templated":true}]}}