{"id":3573,"date":"2023-05-25T09:04:18","date_gmt":"2023-05-25T09:04:18","guid":{"rendered":"https:\/\/www.hestiahotels.com\/jugend\/?page_id=3573"},"modified":"2025-08-04T08:24:53","modified_gmt":"2025-08-04T08:24:53","slug":"hommikusook","status":"publish","type":"page","link":"https:\/\/www.hestiahotels.com\/jugend\/et\/hommikusook\/","title":{"rendered":"Hommikus\u00f6\u00f6k"},"content":{"rendered":"","protected":false},"excerpt":{"rendered":"","protected":false},"author":49,"featured_media":0,"parent":0,"menu_order":0,"comment_status":"closed","ping_status":"closed","template":"","meta":{"_acf_changed":false,"footnotes":""},"class_list":["post-3573","page","type-page","status-publish","hentry"],"acf":[],"yoast_head":"<!-- This site is optimized with the Yoast SEO plugin v27.2 - https:\/\/yoast.com\/product\/yoast-seo-wordpress\/ -->\n<title>Hommikus\u00f6\u00f6k | Hestia Hotel Jugend<\/title>\n<meta name=\"description\" content=\"Restoran Eleven pakub oma k\u00fclalistele maitsvat hommikus\u00f6\u00f6ki, mis on kombineeritud Euroopa k\u00f6\u00f6gist kui ka traditsioonilistest L\u00e4ti maitsetest.\" \/>\n<meta name=\"robots\" content=\"index, follow, max-snippet:-1, max-image-preview:large, max-video-preview:-1\" \/>\n<link rel=\"canonical\" href=\"https:\/\/www.hestiahotels.com\/jugend\/et\/hommikusook\/\" \/>\n<meta property=\"og:locale\" content=\"et_EE\" \/>\n<meta property=\"og:type\" content=\"article\" \/>\n<meta property=\"og:title\" content=\"Hommikus\u00f6\u00f6k | Hestia Hotel Jugend\" \/>\n<meta property=\"og:description\" content=\"Restoran Eleven pakub oma k\u00fclalistele maitsvat hommikus\u00f6\u00f6ki, mis on kombineeritud Euroopa k\u00f6\u00f6gist kui ka traditsioonilistest L\u00e4ti maitsetest.\" \/>\n<meta property=\"og:url\" content=\"https:\/\/www.hestiahotels.com\/jugend\/et\/hommikusook\/\" \/>\n<meta property=\"og:site_name\" content=\"Hestia Hotel Jugend\" \/>\n<meta property=\"article:modified_time\" content=\"2025-08-04T08:24:53+00:00\" \/>\n<meta property=\"og:image\" content=\"https:\/\/www.hestiahotels.com\/jugend\/wp-content\/uploads\/sites\/5\/2022\/04\/3.jpg\" \/>\n\t<meta property=\"og:image:width\" content=\"1920\" \/>\n\t<meta property=\"og:image:height\" content=\"1080\" \/>\n\t<meta property=\"og:image:type\" content=\"image\/jpeg\" \/>\n<meta name=\"twitter:card\" content=\"summary_large_image\" \/>\n<meta name=\"twitter:label1\" content=\"Est. reading time\" \/>\n\t<meta name=\"twitter:data1\" content=\"5 minutit\" \/>\n<script type=\"application\/ld+json\" class=\"yoast-schema-graph\">{\"@context\":\"https:\/\/schema.org\",\"@graph\":[{\"@type\":\"WebPage\",\"@id\":\"https:\/\/www.hestiahotels.com\/jugend\/et\/hommikusook\/\",\"url\":\"https:\/\/www.hestiahotels.com\/jugend\/et\/hommikusook\/\",\"name\":\"Hommikus\u00f6\u00f6k | Hestia Hotel Jugend\",\"isPartOf\":{\"@id\":\"https:\/\/www.hestiahotels.com\/jugend\/en\/#website\"},\"datePublished\":\"2023-05-25T09:04:18+00:00\",\"dateModified\":\"2025-08-04T08:24:53+00:00\",\"description\":\"Restoran Eleven pakub oma k\u00fclalistele maitsvat hommikus\u00f6\u00f6ki, mis on kombineeritud Euroopa k\u00f6\u00f6gist kui ka traditsioonilistest L\u00e4ti maitsetest.\",\"breadcrumb\":{\"@id\":\"https:\/\/www.hestiahotels.com\/jugend\/et\/hommikusook\/#breadcrumb\"},\"inLanguage\":\"et\",\"potentialAction\":[{\"@type\":\"ReadAction\",\"target\":[\"https:\/\/www.hestiahotels.com\/jugend\/et\/hommikusook\/\"]}]},{\"@type\":\"BreadcrumbList\",\"@id\":\"https:\/\/www.hestiahotels.com\/jugend\/et\/hommikusook\/#breadcrumb\",\"itemListElement\":[{\"@type\":\"ListItem\",\"position\":1,\"name\":\"Home\",\"item\":\"https:\/\/www.hestiahotels.com\/jugend\/et\/\"},{\"@type\":\"ListItem\",\"position\":2,\"name\":\"Hommikus\u00f6\u00f6k\"}]},{\"@type\":\"WebSite\",\"@id\":\"https:\/\/www.hestiahotels.com\/jugend\/en\/#website\",\"url\":\"https:\/\/www.hestiahotels.com\/jugend\/en\/\",\"name\":\"Hestia Hotel Jugend\",\"description\":\"Just another Hestia Group Network site\",\"potentialAction\":[{\"@type\":\"SearchAction\",\"target\":{\"@type\":\"EntryPoint\",\"urlTemplate\":\"https:\/\/www.hestiahotels.com\/jugend\/en\/?s={search_term_string}\"},\"query-input\":{\"@type\":\"PropertyValueSpecification\",\"valueRequired\":true,\"valueName\":\"search_term_string\"}}],\"inLanguage\":\"et\"}]}<\/script>\n<!-- \/ Yoast SEO plugin. -->","yoast_head_json":{"title":"Hommikus\u00f6\u00f6k | Hestia Hotel Jugend","description":"Restoran Eleven pakub oma k\u00fclalistele maitsvat hommikus\u00f6\u00f6ki, mis on kombineeritud Euroopa k\u00f6\u00f6gist kui ka traditsioonilistest L\u00e4ti maitsetest.","robots":{"index":"index","follow":"follow","max-snippet":"max-snippet:-1","max-image-preview":"max-image-preview:large","max-video-preview":"max-video-preview:-1"},"canonical":"https:\/\/www.hestiahotels.com\/jugend\/et\/hommikusook\/","og_locale":"et_EE","og_type":"article","og_title":"Hommikus\u00f6\u00f6k | Hestia Hotel Jugend","og_description":"Restoran Eleven pakub oma k\u00fclalistele maitsvat hommikus\u00f6\u00f6ki, mis on kombineeritud Euroopa k\u00f6\u00f6gist kui ka traditsioonilistest L\u00e4ti maitsetest.","og_url":"https:\/\/www.hestiahotels.com\/jugend\/et\/hommikusook\/","og_site_name":"Hestia Hotel Jugend","article_modified_time":"2025-08-04T08:24:53+00:00","og_image":[{"width":1920,"height":1080,"url":"https:\/\/www.hestiahotels.com\/jugend\/wp-content\/uploads\/sites\/5\/2022\/04\/3.jpg","type":"image\/jpeg"}],"twitter_card":"summary_large_image","twitter_misc":{"Est. reading time":"5 minutit"},"schema":{"@context":"https:\/\/schema.org","@graph":[{"@type":"WebPage","@id":"https:\/\/www.hestiahotels.com\/jugend\/et\/hommikusook\/","url":"https:\/\/www.hestiahotels.com\/jugend\/et\/hommikusook\/","name":"Hommikus\u00f6\u00f6k | Hestia Hotel Jugend","isPartOf":{"@id":"https:\/\/www.hestiahotels.com\/jugend\/en\/#website"},"datePublished":"2023-05-25T09:04:18+00:00","dateModified":"2025-08-04T08:24:53+00:00","description":"Restoran Eleven pakub oma k\u00fclalistele maitsvat hommikus\u00f6\u00f6ki, mis on kombineeritud Euroopa k\u00f6\u00f6gist kui ka traditsioonilistest L\u00e4ti maitsetest.","breadcrumb":{"@id":"https:\/\/www.hestiahotels.com\/jugend\/et\/hommikusook\/#breadcrumb"},"inLanguage":"et","potentialAction":[{"@type":"ReadAction","target":["https:\/\/www.hestiahotels.com\/jugend\/et\/hommikusook\/"]}]},{"@type":"BreadcrumbList","@id":"https:\/\/www.hestiahotels.com\/jugend\/et\/hommikusook\/#breadcrumb","itemListElement":[{"@type":"ListItem","position":1,"name":"Home","item":"https:\/\/www.hestiahotels.com\/jugend\/et\/"},{"@type":"ListItem","position":2,"name":"Hommikus\u00f6\u00f6k"}]},{"@type":"WebSite","@id":"https:\/\/www.hestiahotels.com\/jugend\/en\/#website","url":"https:\/\/www.hestiahotels.com\/jugend\/en\/","name":"Hestia Hotel Jugend","description":"Just another Hestia Group Network site","potentialAction":[{"@type":"SearchAction","target":{"@type":"EntryPoint","urlTemplate":"https:\/\/www.hestiahotels.com\/jugend\/en\/?s={search_term_string}"},"query-input":{"@type":"PropertyValueSpecification","valueRequired":true,"valueName":"search_term_string"}}],"inLanguage":"et"}]}},"_links":{"self":[{"href":"https:\/\/www.hestiahotels.com\/jugend\/et\/wp-json\/wp\/v2\/pages\/3573","targetHints":{"allow":["GET"]}}],"collection":[{"href":"https:\/\/www.hestiahotels.com\/jugend\/et\/wp-json\/wp\/v2\/pages"}],"about":[{"href":"https:\/\/www.hestiahotels.com\/jugend\/et\/wp-json\/wp\/v2\/types\/page"}],"author":[{"embeddable":true,"href":"https:\/\/www.hestiahotels.com\/jugend\/et\/wp-json\/wp\/v2\/users\/49"}],"replies":[{"embeddable":true,"href":"https:\/\/www.hestiahotels.com\/jugend\/et\/wp-json\/wp\/v2\/comments?post=3573"}],"version-history":[{"count":5,"href":"https:\/\/www.hestiahotels.com\/jugend\/et\/wp-json\/wp\/v2\/pages\/3573\/revisions"}],"predecessor-version":[{"id":4514,"href":"https:\/\/www.hestiahotels.com\/jugend\/et\/wp-json\/wp\/v2\/pages\/3573\/revisions\/4514"}],"wp:attachment":[{"href":"https:\/\/www.hestiahotels.com\/jugend\/et\/wp-json\/wp\/v2\/media?parent=3573"}],"curies":[{"name":"wp","href":"https:\/\/api.w.org\/{rel}","templated":true}]}}