{"id":2087,"date":"2018-05-07T08:52:04","date_gmt":"2018-05-07T08:52:04","guid":{"rendered":"https:\/\/www.hestiahotels.com\/kentmanni\/avaleht-2\/"},"modified":"2026-01-28T13:14:29","modified_gmt":"2026-01-28T11:14:29","slug":"avaleht-2","status":"publish","type":"page","link":"https:\/\/www.hestiahotels.com\/kentmanni\/fi\/","title":{"rendered":"Avaleht"},"content":{"rendered":"","protected":false},"excerpt":{"rendered":"","protected":false},"author":27,"featured_media":0,"parent":0,"menu_order":0,"comment_status":"closed","ping_status":"closed","template":"index.php","meta":{"_acf_changed":false,"footnotes":""},"class_list":["post-2087","page","type-page","status-publish","hentry"],"acf":[],"yoast_head":"<!-- This site is optimized with the Yoast SEO plugin v27.2 - https:\/\/yoast.com\/product\/yoast-seo-wordpress\/ -->\n<title>Hotelli Tallinnan keskustassa |\u00a0Hestia Hotel Kentmanni |\u00a0Tallinn, Viro<\/title>\n<meta name=\"description\" content=\"Hestia Hotel Kentmanni on yksi Tallinnan tyylikk\u00e4immist\u00e4 hotelleista. Hotelli on erinomainen valinta sek\u00e4 liikematkailijoille, pariskunnille ett\u00e4 perheille.\" \/>\n<meta name=\"robots\" content=\"index, follow, max-snippet:-1, max-image-preview:large, max-video-preview:-1\" \/>\n<link rel=\"canonical\" href=\"https:\/\/www.hestiahotels.com\/kentmanni\/fi\/\" \/>\n<meta property=\"og:locale\" content=\"fi_FI\" \/>\n<meta property=\"og:type\" content=\"article\" \/>\n<meta property=\"og:title\" content=\"Hotelli Tallinnan keskustassa |\u00a0Hestia Hotel Kentmanni |\u00a0Tallinn, Viro\" \/>\n<meta property=\"og:description\" content=\"Hestia Hotel Kentmanni on yksi Tallinnan tyylikk\u00e4immist\u00e4 hotelleista. Hotelli on erinomainen valinta sek\u00e4 liikematkailijoille, pariskunnille ett\u00e4 perheille.\" \/>\n<meta property=\"og:url\" content=\"https:\/\/www.hestiahotels.com\/kentmanni\/fi\/\" \/>\n<meta property=\"og:site_name\" content=\"Hestia Hotel Kentmanni\" \/>\n<meta property=\"article:modified_time\" content=\"2026-01-28T11:14:29+00:00\" \/>\n<meta name=\"twitter:card\" content=\"summary_large_image\" \/>\n<meta name=\"twitter:label1\" content=\"Arvioitu lukuaika\" \/>\n\t<meta name=\"twitter:data1\" content=\"20 minuuttia\" \/>\n<script type=\"application\/ld+json\" class=\"yoast-schema-graph\">{\"@context\":\"https:\/\/schema.org\",\"@graph\":[{\"@type\":\"WebPage\",\"@id\":\"https:\/\/www.hestiahotels.com\/kentmanni\/fi\/\",\"url\":\"https:\/\/www.hestiahotels.com\/kentmanni\/fi\/\",\"name\":\"Hotelli Tallinnan keskustassa |\u00a0Hestia Hotel Kentmanni |\u00a0Tallinn, Viro\",\"isPartOf\":{\"@id\":\"https:\/\/www.hestiahotels.com\/kentmanni\/ru\/#website\"},\"datePublished\":\"2018-05-07T08:52:04+00:00\",\"dateModified\":\"2026-01-28T11:14:29+00:00\",\"description\":\"Hestia Hotel Kentmanni on yksi Tallinnan tyylikk\u00e4immist\u00e4 hotelleista. Hotelli on erinomainen valinta sek\u00e4 liikematkailijoille, pariskunnille ett\u00e4 perheille.\",\"breadcrumb\":{\"@id\":\"https:\/\/www.hestiahotels.com\/kentmanni\/fi\/#breadcrumb\"},\"inLanguage\":\"fi\",\"potentialAction\":[{\"@type\":\"ReadAction\",\"target\":[\"https:\/\/www.hestiahotels.com\/kentmanni\/fi\/\"]}]},{\"@type\":\"BreadcrumbList\",\"@id\":\"https:\/\/www.hestiahotels.com\/kentmanni\/fi\/#breadcrumb\",\"itemListElement\":[{\"@type\":\"ListItem\",\"position\":1,\"name\":\"Home\",\"item\":\"https:\/\/www.hestiahotels.com\/kentmanni\/fi\/\"},{\"@type\":\"ListItem\",\"position\":2,\"name\":\"Avaleht\"}]},{\"@type\":\"WebSite\",\"@id\":\"https:\/\/www.hestiahotels.com\/kentmanni\/ru\/#website\",\"url\":\"https:\/\/www.hestiahotels.com\/kentmanni\/ru\/\",\"name\":\"Hestia Hotel Kentmanni\",\"description\":\"Just another Hestia Group Network site\",\"potentialAction\":[{\"@type\":\"SearchAction\",\"target\":{\"@type\":\"EntryPoint\",\"urlTemplate\":\"https:\/\/www.hestiahotels.com\/kentmanni\/ru\/?s={search_term_string}\"},\"query-input\":{\"@type\":\"PropertyValueSpecification\",\"valueRequired\":true,\"valueName\":\"search_term_string\"}}],\"inLanguage\":\"fi\"}]}<\/script>\n<!-- \/ Yoast SEO plugin. -->","yoast_head_json":{"title":"Hotelli Tallinnan keskustassa |\u00a0Hestia Hotel Kentmanni |\u00a0Tallinn, Viro","description":"Hestia Hotel Kentmanni on yksi Tallinnan tyylikk\u00e4immist\u00e4 hotelleista. Hotelli on erinomainen valinta sek\u00e4 liikematkailijoille, pariskunnille ett\u00e4 perheille.","robots":{"index":"index","follow":"follow","max-snippet":"max-snippet:-1","max-image-preview":"max-image-preview:large","max-video-preview":"max-video-preview:-1"},"canonical":"https:\/\/www.hestiahotels.com\/kentmanni\/fi\/","og_locale":"fi_FI","og_type":"article","og_title":"Hotelli Tallinnan keskustassa |\u00a0Hestia Hotel Kentmanni |\u00a0Tallinn, Viro","og_description":"Hestia Hotel Kentmanni on yksi Tallinnan tyylikk\u00e4immist\u00e4 hotelleista. Hotelli on erinomainen valinta sek\u00e4 liikematkailijoille, pariskunnille ett\u00e4 perheille.","og_url":"https:\/\/www.hestiahotels.com\/kentmanni\/fi\/","og_site_name":"Hestia Hotel Kentmanni","article_modified_time":"2026-01-28T11:14:29+00:00","twitter_card":"summary_large_image","twitter_misc":{"Arvioitu lukuaika":"20 minuuttia"},"schema":{"@context":"https:\/\/schema.org","@graph":[{"@type":"WebPage","@id":"https:\/\/www.hestiahotels.com\/kentmanni\/fi\/","url":"https:\/\/www.hestiahotels.com\/kentmanni\/fi\/","name":"Hotelli Tallinnan keskustassa |\u00a0Hestia Hotel Kentmanni |\u00a0Tallinn, Viro","isPartOf":{"@id":"https:\/\/www.hestiahotels.com\/kentmanni\/ru\/#website"},"datePublished":"2018-05-07T08:52:04+00:00","dateModified":"2026-01-28T11:14:29+00:00","description":"Hestia Hotel Kentmanni on yksi Tallinnan tyylikk\u00e4immist\u00e4 hotelleista. Hotelli on erinomainen valinta sek\u00e4 liikematkailijoille, pariskunnille ett\u00e4 perheille.","breadcrumb":{"@id":"https:\/\/www.hestiahotels.com\/kentmanni\/fi\/#breadcrumb"},"inLanguage":"fi","potentialAction":[{"@type":"ReadAction","target":["https:\/\/www.hestiahotels.com\/kentmanni\/fi\/"]}]},{"@type":"BreadcrumbList","@id":"https:\/\/www.hestiahotels.com\/kentmanni\/fi\/#breadcrumb","itemListElement":[{"@type":"ListItem","position":1,"name":"Home","item":"https:\/\/www.hestiahotels.com\/kentmanni\/fi\/"},{"@type":"ListItem","position":2,"name":"Avaleht"}]},{"@type":"WebSite","@id":"https:\/\/www.hestiahotels.com\/kentmanni\/ru\/#website","url":"https:\/\/www.hestiahotels.com\/kentmanni\/ru\/","name":"Hestia Hotel Kentmanni","description":"Just another Hestia Group Network site","potentialAction":[{"@type":"SearchAction","target":{"@type":"EntryPoint","urlTemplate":"https:\/\/www.hestiahotels.com\/kentmanni\/ru\/?s={search_term_string}"},"query-input":{"@type":"PropertyValueSpecification","valueRequired":true,"valueName":"search_term_string"}}],"inLanguage":"fi"}]}},"_links":{"self":[{"href":"https:\/\/www.hestiahotels.com\/kentmanni\/fi\/wp-json\/wp\/v2\/pages\/2087","targetHints":{"allow":["GET"]}}],"collection":[{"href":"https:\/\/www.hestiahotels.com\/kentmanni\/fi\/wp-json\/wp\/v2\/pages"}],"about":[{"href":"https:\/\/www.hestiahotels.com\/kentmanni\/fi\/wp-json\/wp\/v2\/types\/page"}],"author":[{"embeddable":true,"href":"https:\/\/www.hestiahotels.com\/kentmanni\/fi\/wp-json\/wp\/v2\/users\/27"}],"replies":[{"embeddable":true,"href":"https:\/\/www.hestiahotels.com\/kentmanni\/fi\/wp-json\/wp\/v2\/comments?post=2087"}],"version-history":[{"count":9,"href":"https:\/\/www.hestiahotels.com\/kentmanni\/fi\/wp-json\/wp\/v2\/pages\/2087\/revisions"}],"predecessor-version":[{"id":7414,"href":"https:\/\/www.hestiahotels.com\/kentmanni\/fi\/wp-json\/wp\/v2\/pages\/2087\/revisions\/7414"}],"wp:attachment":[{"href":"https:\/\/www.hestiahotels.com\/kentmanni\/fi\/wp-json\/wp\/v2\/media?parent=2087"}],"curies":[{"name":"wp","href":"https:\/\/api.w.org\/{rel}","templated":true}]}}