{"id":6833,"date":"2025-05-28T16:25:36","date_gmt":"2025-05-28T13:25:36","guid":{"rendered":"https:\/\/www.hestiahotels.com\/strand\/kotisivu\/"},"modified":"2025-11-03T11:00:01","modified_gmt":"2025-11-03T09:00:01","slug":"kotisivu","status":"publish","type":"page","link":"https:\/\/www.hestiahotels.com\/strand\/fi\/","title":{"rendered":"Kotisivu"},"content":{"rendered":"","protected":false},"excerpt":{"rendered":"","protected":false},"author":27,"featured_media":0,"parent":0,"menu_order":0,"comment_status":"closed","ping_status":"closed","template":"index.php","meta":{"_acf_changed":false,"footnotes":""},"class_list":["post-6833","page","type-page","status-publish","hentry"],"acf":[],"yoast_head":"<!-- This site is optimized with the Yoast SEO plugin v27.2 - https:\/\/yoast.com\/product\/yoast-seo-wordpress\/ -->\n<title>P\u00e4rnun kylpyl\u00e4 | Hestia Hotel Strand | Kylpyl\u00e4hotellit P\u00e4rnussa, Viro<\/title>\n<meta name=\"description\" content=\"P\u00e4rnun houkutteleva kes\u00e4p\u00e4\u00e4kaupunki odottaa sinua. Nauti rentouttavasta kylpyl\u00e4hoidosta, virkist\u00e4vist\u00e4 hoidoista tai ota aurinkoa terassilla kes\u00e4kuukausina.\" \/>\n<meta name=\"robots\" content=\"index, follow, max-snippet:-1, max-image-preview:large, max-video-preview:-1\" \/>\n<link rel=\"canonical\" href=\"https:\/\/www.hestiahotels.com\/strand\/fi\/\" \/>\n<meta property=\"og:locale\" content=\"fi_FI\" \/>\n<meta property=\"og:type\" content=\"article\" \/>\n<meta property=\"og:title\" content=\"P\u00e4rnun kylpyl\u00e4 | Hestia Hotel Strand | Kylpyl\u00e4hotellit P\u00e4rnussa, Viro\" \/>\n<meta property=\"og:description\" content=\"P\u00e4rnun houkutteleva kes\u00e4p\u00e4\u00e4kaupunki odottaa sinua. Nauti rentouttavasta kylpyl\u00e4hoidosta, virkist\u00e4vist\u00e4 hoidoista tai ota aurinkoa terassilla kes\u00e4kuukausina.\" \/>\n<meta property=\"og:url\" content=\"https:\/\/www.hestiahotels.com\/strand\/fi\/\" \/>\n<meta property=\"og:site_name\" content=\"Hestia Hotel Strand\" \/>\n<meta property=\"article:publisher\" content=\"https:\/\/www.facebook.com\/hestiahotelstrand\/\" \/>\n<meta property=\"article:modified_time\" content=\"2025-11-03T09:00:01+00:00\" \/>\n<meta property=\"og:image\" content=\"https:\/\/www.hestiahotels.com\/strand\/wp-content\/uploads\/sites\/13\/2022\/12\/Strand-pildid-1024x576.jpg\" \/>\n<meta name=\"twitter:card\" content=\"summary_large_image\" \/>\n<meta name=\"twitter:label1\" content=\"Arvioitu lukuaika\" \/>\n\t<meta name=\"twitter:data1\" content=\"12 minuuttia\" \/>\n<script type=\"application\/ld+json\" class=\"yoast-schema-graph\">{\"@context\":\"https:\/\/schema.org\",\"@graph\":[{\"@type\":\"WebPage\",\"@id\":\"https:\/\/www.hestiahotels.com\/strand\/fi\/\",\"url\":\"https:\/\/www.hestiahotels.com\/strand\/fi\/\",\"name\":\"P\u00e4rnun kylpyl\u00e4 | Hestia Hotel Strand | Kylpyl\u00e4hotellit P\u00e4rnussa, Viro\",\"isPartOf\":{\"@id\":\"https:\/\/www.hestiahotels.com\/strand\/#website\"},\"datePublished\":\"2025-05-28T13:25:36+00:00\",\"dateModified\":\"2025-11-03T09:00:01+00:00\",\"description\":\"P\u00e4rnun houkutteleva kes\u00e4p\u00e4\u00e4kaupunki odottaa sinua. Nauti rentouttavasta kylpyl\u00e4hoidosta, virkist\u00e4vist\u00e4 hoidoista tai ota aurinkoa terassilla kes\u00e4kuukausina.\",\"breadcrumb\":{\"@id\":\"https:\/\/www.hestiahotels.com\/strand\/fi\/#breadcrumb\"},\"inLanguage\":\"fi\",\"potentialAction\":[{\"@type\":\"ReadAction\",\"target\":[\"https:\/\/www.hestiahotels.com\/strand\/fi\/\"]}]},{\"@type\":\"BreadcrumbList\",\"@id\":\"https:\/\/www.hestiahotels.com\/strand\/fi\/#breadcrumb\",\"itemListElement\":[{\"@type\":\"ListItem\",\"position\":1,\"name\":\"Etusivu\",\"item\":\"https:\/\/www.hestiahotels.com\/strand\/fi\/\"},{\"@type\":\"ListItem\",\"position\":2,\"name\":\"Kotisivu\"}]},{\"@type\":\"WebSite\",\"@id\":\"https:\/\/www.hestiahotels.com\/strand\/#website\",\"url\":\"https:\/\/www.hestiahotels.com\/strand\/\",\"name\":\"Hestia Hotel Strand\",\"description\":\"J\u00e4rjekordne Hestia Group Network veebileht\",\"publisher\":{\"@id\":\"https:\/\/www.hestiahotels.com\/strand\/#organization\"},\"potentialAction\":[{\"@type\":\"SearchAction\",\"target\":{\"@type\":\"EntryPoint\",\"urlTemplate\":\"https:\/\/www.hestiahotels.com\/strand\/?s={search_term_string}\"},\"query-input\":{\"@type\":\"PropertyValueSpecification\",\"valueRequired\":true,\"valueName\":\"search_term_string\"}}],\"inLanguage\":\"fi\"},{\"@type\":\"Organization\",\"@id\":\"https:\/\/www.hestiahotels.com\/strand\/#organization\",\"name\":\"P\u00e4rnu Spa Hotell O\u00dc\",\"url\":\"https:\/\/www.hestiahotels.com\/strand\/\",\"logo\":{\"@type\":\"ImageObject\",\"inLanguage\":\"fi\",\"@id\":\"https:\/\/www.hestiahotels.com\/strand\/#\/schema\/logo\/image\/\",\"url\":\"https:\/\/www.hestiahotels.com\/strand\/wp-content\/uploads\/sites\/13\/2023\/01\/STRAND_Hori_Tume.png\",\"contentUrl\":\"https:\/\/www.hestiahotels.com\/strand\/wp-content\/uploads\/sites\/13\/2023\/01\/STRAND_Hori_Tume.png\",\"width\":1953,\"height\":640,\"caption\":\"P\u00e4rnu Spa Hotell O\u00dc\"},\"image\":{\"@id\":\"https:\/\/www.hestiahotels.com\/strand\/#\/schema\/logo\/image\/\"},\"sameAs\":[\"https:\/\/www.facebook.com\/hestiahotelstrand\/\",\"https:\/\/www.instagram.com\/hestiahotelstrand\/\"]}]}<\/script>\n<!-- \/ Yoast SEO plugin. -->","yoast_head_json":{"title":"P\u00e4rnun kylpyl\u00e4 | Hestia Hotel Strand | Kylpyl\u00e4hotellit P\u00e4rnussa, Viro","description":"P\u00e4rnun houkutteleva kes\u00e4p\u00e4\u00e4kaupunki odottaa sinua. Nauti rentouttavasta kylpyl\u00e4hoidosta, virkist\u00e4vist\u00e4 hoidoista tai ota aurinkoa terassilla kes\u00e4kuukausina.","robots":{"index":"index","follow":"follow","max-snippet":"max-snippet:-1","max-image-preview":"max-image-preview:large","max-video-preview":"max-video-preview:-1"},"canonical":"https:\/\/www.hestiahotels.com\/strand\/fi\/","og_locale":"fi_FI","og_type":"article","og_title":"P\u00e4rnun kylpyl\u00e4 | Hestia Hotel Strand | Kylpyl\u00e4hotellit P\u00e4rnussa, Viro","og_description":"P\u00e4rnun houkutteleva kes\u00e4p\u00e4\u00e4kaupunki odottaa sinua. Nauti rentouttavasta kylpyl\u00e4hoidosta, virkist\u00e4vist\u00e4 hoidoista tai ota aurinkoa terassilla kes\u00e4kuukausina.","og_url":"https:\/\/www.hestiahotels.com\/strand\/fi\/","og_site_name":"Hestia Hotel Strand","article_publisher":"https:\/\/www.facebook.com\/hestiahotelstrand\/","article_modified_time":"2025-11-03T09:00:01+00:00","og_image":[{"url":"https:\/\/www.hestiahotels.com\/strand\/wp-content\/uploads\/sites\/13\/2022\/12\/Strand-pildid-1024x576.jpg","type":"","width":"","height":""}],"twitter_card":"summary_large_image","twitter_misc":{"Arvioitu lukuaika":"12 minuuttia"},"schema":{"@context":"https:\/\/schema.org","@graph":[{"@type":"WebPage","@id":"https:\/\/www.hestiahotels.com\/strand\/fi\/","url":"https:\/\/www.hestiahotels.com\/strand\/fi\/","name":"P\u00e4rnun kylpyl\u00e4 | Hestia Hotel Strand | Kylpyl\u00e4hotellit P\u00e4rnussa, Viro","isPartOf":{"@id":"https:\/\/www.hestiahotels.com\/strand\/#website"},"datePublished":"2025-05-28T13:25:36+00:00","dateModified":"2025-11-03T09:00:01+00:00","description":"P\u00e4rnun houkutteleva kes\u00e4p\u00e4\u00e4kaupunki odottaa sinua. Nauti rentouttavasta kylpyl\u00e4hoidosta, virkist\u00e4vist\u00e4 hoidoista tai ota aurinkoa terassilla kes\u00e4kuukausina.","breadcrumb":{"@id":"https:\/\/www.hestiahotels.com\/strand\/fi\/#breadcrumb"},"inLanguage":"fi","potentialAction":[{"@type":"ReadAction","target":["https:\/\/www.hestiahotels.com\/strand\/fi\/"]}]},{"@type":"BreadcrumbList","@id":"https:\/\/www.hestiahotels.com\/strand\/fi\/#breadcrumb","itemListElement":[{"@type":"ListItem","position":1,"name":"Etusivu","item":"https:\/\/www.hestiahotels.com\/strand\/fi\/"},{"@type":"ListItem","position":2,"name":"Kotisivu"}]},{"@type":"WebSite","@id":"https:\/\/www.hestiahotels.com\/strand\/#website","url":"https:\/\/www.hestiahotels.com\/strand\/","name":"Hestia Hotel Strand","description":"J\u00e4rjekordne Hestia Group Network veebileht","publisher":{"@id":"https:\/\/www.hestiahotels.com\/strand\/#organization"},"potentialAction":[{"@type":"SearchAction","target":{"@type":"EntryPoint","urlTemplate":"https:\/\/www.hestiahotels.com\/strand\/?s={search_term_string}"},"query-input":{"@type":"PropertyValueSpecification","valueRequired":true,"valueName":"search_term_string"}}],"inLanguage":"fi"},{"@type":"Organization","@id":"https:\/\/www.hestiahotels.com\/strand\/#organization","name":"P\u00e4rnu Spa Hotell O\u00dc","url":"https:\/\/www.hestiahotels.com\/strand\/","logo":{"@type":"ImageObject","inLanguage":"fi","@id":"https:\/\/www.hestiahotels.com\/strand\/#\/schema\/logo\/image\/","url":"https:\/\/www.hestiahotels.com\/strand\/wp-content\/uploads\/sites\/13\/2023\/01\/STRAND_Hori_Tume.png","contentUrl":"https:\/\/www.hestiahotels.com\/strand\/wp-content\/uploads\/sites\/13\/2023\/01\/STRAND_Hori_Tume.png","width":1953,"height":640,"caption":"P\u00e4rnu Spa Hotell O\u00dc"},"image":{"@id":"https:\/\/www.hestiahotels.com\/strand\/#\/schema\/logo\/image\/"},"sameAs":["https:\/\/www.facebook.com\/hestiahotelstrand\/","https:\/\/www.instagram.com\/hestiahotelstrand\/"]}]}},"_links":{"self":[{"href":"https:\/\/www.hestiahotels.com\/strand\/fi\/wp-json\/wp\/v2\/pages\/6833","targetHints":{"allow":["GET"]}}],"collection":[{"href":"https:\/\/www.hestiahotels.com\/strand\/fi\/wp-json\/wp\/v2\/pages"}],"about":[{"href":"https:\/\/www.hestiahotels.com\/strand\/fi\/wp-json\/wp\/v2\/types\/page"}],"author":[{"embeddable":true,"href":"https:\/\/www.hestiahotels.com\/strand\/fi\/wp-json\/wp\/v2\/users\/27"}],"replies":[{"embeddable":true,"href":"https:\/\/www.hestiahotels.com\/strand\/fi\/wp-json\/wp\/v2\/comments?post=6833"}],"version-history":[{"count":9,"href":"https:\/\/www.hestiahotels.com\/strand\/fi\/wp-json\/wp\/v2\/pages\/6833\/revisions"}],"predecessor-version":[{"id":8478,"href":"https:\/\/www.hestiahotels.com\/strand\/fi\/wp-json\/wp\/v2\/pages\/6833\/revisions\/8478"}],"wp:attachment":[{"href":"https:\/\/www.hestiahotels.com\/strand\/fi\/wp-json\/wp\/v2\/media?parent=6833"}],"curies":[{"name":"wp","href":"https:\/\/api.w.org\/{rel}","templated":true}]}}