{"id":7127,"date":"2025-05-28T22:20:41","date_gmt":"2025-05-28T19:20:41","guid":{"rendered":"https:\/\/www.hestiahotels.com\/strand\/aktiivinen-loma\/soomaan-kansallispuisto\/"},"modified":"2025-07-18T15:52:09","modified_gmt":"2025-07-18T12:52:09","slug":"soomaan-kansallispuisto","status":"publish","type":"page","link":"https:\/\/www.hestiahotels.com\/strand\/fi\/aktiivinen-loma\/soomaan-kansallispuisto\/","title":{"rendered":"Soomaan kansallispuisto"},"content":{"rendered":"","protected":false},"excerpt":{"rendered":"<p>Soomaan kansallispuisto suojelee Lounais-Viron soita, tulva-alueita, metsi\u00e4, suojeltujen lajien elinymp\u00e4rist\u00f6j\u00e4 ja kulttuuriperint\u00f6\u00e4. Erityispiirteen\u00e4 ovat tulvat, joita paikallisesti kutsutaan viidenneksi vuodenajaksi. <\/p>\n","protected":false},"author":49,"featured_media":7131,"parent":6975,"menu_order":0,"comment_status":"closed","ping_status":"closed","template":"","meta":{"_acf_changed":false,"footnotes":""},"class_list":["post-7127","page","type-page","status-publish","has-post-thumbnail","hentry"],"acf":[],"yoast_head":"<!-- This site is optimized with the Yoast SEO plugin v27.2 - https:\/\/yoast.com\/product\/yoast-seo-wordpress\/ -->\n<title>Soomaan kansallispuisto | Hestia Hotel Strand<\/title>\n<meta name=\"description\" content=\"P\u00e4rnu on t\u00e4ydellinen paikka viett\u00e4\u00e4 rentouttava p\u00e4iv\u00e4 luonnossa. Lue lis\u00e4\u00e4 P\u00e4rnun l\u00e4\u00e4nin luontoaktiviteeteista.\" \/>\n<meta name=\"robots\" content=\"index, follow, max-snippet:-1, max-image-preview:large, max-video-preview:-1\" \/>\n<link rel=\"canonical\" href=\"https:\/\/www.hestiahotels.com\/strand\/fi\/aktiivinen-loma\/soomaan-kansallispuisto\/\" \/>\n<meta property=\"og:locale\" content=\"fi_FI\" \/>\n<meta property=\"og:type\" content=\"article\" \/>\n<meta property=\"og:title\" content=\"Soomaan kansallispuisto | Hestia Hotel Strand\" \/>\n<meta property=\"og:description\" content=\"P\u00e4rnu on t\u00e4ydellinen paikka viett\u00e4\u00e4 rentouttava p\u00e4iv\u00e4 luonnossa. Lue lis\u00e4\u00e4 P\u00e4rnun l\u00e4\u00e4nin luontoaktiviteeteista.\" \/>\n<meta property=\"og:url\" content=\"https:\/\/www.hestiahotels.com\/strand\/fi\/aktiivinen-loma\/soomaan-kansallispuisto\/\" \/>\n<meta property=\"og:site_name\" content=\"Hestia Hotel Strand\" \/>\n<meta property=\"article:publisher\" content=\"https:\/\/www.facebook.com\/hestiahotelstrand\/\" \/>\n<meta property=\"article:modified_time\" content=\"2025-07-18T12:52:09+00:00\" \/>\n<meta property=\"og:image\" content=\"https:\/\/www.hestiahotels.com\/strand\/wp-content\/uploads\/sites\/13\/2023\/11\/51381107762_42eeed1d08_o-2048x1498-1.jpg\" \/>\n\t<meta property=\"og:image:width\" content=\"2048\" \/>\n\t<meta property=\"og:image:height\" content=\"1498\" \/>\n\t<meta property=\"og:image:type\" content=\"image\/jpeg\" \/>\n<meta name=\"twitter:card\" content=\"summary_large_image\" \/>\n<meta name=\"twitter:label1\" content=\"Arvioitu lukuaika\" \/>\n\t<meta name=\"twitter:data1\" content=\"2 minuuttia\" \/>\n<script type=\"application\/ld+json\" class=\"yoast-schema-graph\">{\"@context\":\"https:\/\/schema.org\",\"@graph\":[{\"@type\":\"WebPage\",\"@id\":\"https:\/\/www.hestiahotels.com\/strand\/fi\/aktiivinen-loma\/soomaan-kansallispuisto\/\",\"url\":\"https:\/\/www.hestiahotels.com\/strand\/fi\/aktiivinen-loma\/soomaan-kansallispuisto\/\",\"name\":\"Soomaan kansallispuisto | Hestia Hotel Strand\",\"isPartOf\":{\"@id\":\"https:\/\/www.hestiahotels.com\/strand\/#website\"},\"primaryImageOfPage\":{\"@id\":\"https:\/\/www.hestiahotels.com\/strand\/fi\/aktiivinen-loma\/soomaan-kansallispuisto\/#primaryimage\"},\"image\":{\"@id\":\"https:\/\/www.hestiahotels.com\/strand\/fi\/aktiivinen-loma\/soomaan-kansallispuisto\/#primaryimage\"},\"thumbnailUrl\":\"https:\/\/www.hestiahotels.com\/strand\/wp-content\/uploads\/sites\/13\/2023\/11\/51381107762_42eeed1d08_o-2048x1498-1.jpg\",\"datePublished\":\"2025-05-28T19:20:41+00:00\",\"dateModified\":\"2025-07-18T12:52:09+00:00\",\"description\":\"P\u00e4rnu on t\u00e4ydellinen paikka viett\u00e4\u00e4 rentouttava p\u00e4iv\u00e4 luonnossa. Lue lis\u00e4\u00e4 P\u00e4rnun l\u00e4\u00e4nin luontoaktiviteeteista.\",\"breadcrumb\":{\"@id\":\"https:\/\/www.hestiahotels.com\/strand\/fi\/aktiivinen-loma\/soomaan-kansallispuisto\/#breadcrumb\"},\"inLanguage\":\"fi\",\"potentialAction\":[{\"@type\":\"ReadAction\",\"target\":[\"https:\/\/www.hestiahotels.com\/strand\/fi\/aktiivinen-loma\/soomaan-kansallispuisto\/\"]}]},{\"@type\":\"ImageObject\",\"inLanguage\":\"fi\",\"@id\":\"https:\/\/www.hestiahotels.com\/strand\/fi\/aktiivinen-loma\/soomaan-kansallispuisto\/#primaryimage\",\"url\":\"https:\/\/www.hestiahotels.com\/strand\/wp-content\/uploads\/sites\/13\/2023\/11\/51381107762_42eeed1d08_o-2048x1498-1.jpg\",\"contentUrl\":\"https:\/\/www.hestiahotels.com\/strand\/wp-content\/uploads\/sites\/13\/2023\/11\/51381107762_42eeed1d08_o-2048x1498-1.jpg\",\"width\":2048,\"height\":1498},{\"@type\":\"BreadcrumbList\",\"@id\":\"https:\/\/www.hestiahotels.com\/strand\/fi\/aktiivinen-loma\/soomaan-kansallispuisto\/#breadcrumb\",\"itemListElement\":[{\"@type\":\"ListItem\",\"position\":1,\"name\":\"Etusivu\",\"item\":\"https:\/\/www.hestiahotels.com\/strand\/fi\/\"},{\"@type\":\"ListItem\",\"position\":2,\"name\":\"Aktiivinen loma\",\"item\":\"https:\/\/www.hestiahotels.com\/strand\/fi\/?page_id=6975\"},{\"@type\":\"ListItem\",\"position\":3,\"name\":\"Soomaan kansallispuisto\"}]},{\"@type\":\"WebSite\",\"@id\":\"https:\/\/www.hestiahotels.com\/strand\/#website\",\"url\":\"https:\/\/www.hestiahotels.com\/strand\/\",\"name\":\"Hestia Hotel Strand\",\"description\":\"J\u00e4rjekordne Hestia Group Network veebileht\",\"publisher\":{\"@id\":\"https:\/\/www.hestiahotels.com\/strand\/#organization\"},\"potentialAction\":[{\"@type\":\"SearchAction\",\"target\":{\"@type\":\"EntryPoint\",\"urlTemplate\":\"https:\/\/www.hestiahotels.com\/strand\/?s={search_term_string}\"},\"query-input\":{\"@type\":\"PropertyValueSpecification\",\"valueRequired\":true,\"valueName\":\"search_term_string\"}}],\"inLanguage\":\"fi\"},{\"@type\":\"Organization\",\"@id\":\"https:\/\/www.hestiahotels.com\/strand\/#organization\",\"name\":\"P\u00e4rnu Spa Hotell O\u00dc\",\"url\":\"https:\/\/www.hestiahotels.com\/strand\/\",\"logo\":{\"@type\":\"ImageObject\",\"inLanguage\":\"fi\",\"@id\":\"https:\/\/www.hestiahotels.com\/strand\/#\/schema\/logo\/image\/\",\"url\":\"https:\/\/www.hestiahotels.com\/strand\/wp-content\/uploads\/sites\/13\/2023\/01\/STRAND_Hori_Tume.png\",\"contentUrl\":\"https:\/\/www.hestiahotels.com\/strand\/wp-content\/uploads\/sites\/13\/2023\/01\/STRAND_Hori_Tume.png\",\"width\":1953,\"height\":640,\"caption\":\"P\u00e4rnu Spa Hotell O\u00dc\"},\"image\":{\"@id\":\"https:\/\/www.hestiahotels.com\/strand\/#\/schema\/logo\/image\/\"},\"sameAs\":[\"https:\/\/www.facebook.com\/hestiahotelstrand\/\",\"https:\/\/www.instagram.com\/hestiahotelstrand\/\"]}]}<\/script>\n<!-- \/ Yoast SEO plugin. -->","yoast_head_json":{"title":"Soomaan kansallispuisto | Hestia Hotel Strand","description":"P\u00e4rnu on t\u00e4ydellinen paikka viett\u00e4\u00e4 rentouttava p\u00e4iv\u00e4 luonnossa. Lue lis\u00e4\u00e4 P\u00e4rnun l\u00e4\u00e4nin luontoaktiviteeteista.","robots":{"index":"index","follow":"follow","max-snippet":"max-snippet:-1","max-image-preview":"max-image-preview:large","max-video-preview":"max-video-preview:-1"},"canonical":"https:\/\/www.hestiahotels.com\/strand\/fi\/aktiivinen-loma\/soomaan-kansallispuisto\/","og_locale":"fi_FI","og_type":"article","og_title":"Soomaan kansallispuisto | Hestia Hotel Strand","og_description":"P\u00e4rnu on t\u00e4ydellinen paikka viett\u00e4\u00e4 rentouttava p\u00e4iv\u00e4 luonnossa. Lue lis\u00e4\u00e4 P\u00e4rnun l\u00e4\u00e4nin luontoaktiviteeteista.","og_url":"https:\/\/www.hestiahotels.com\/strand\/fi\/aktiivinen-loma\/soomaan-kansallispuisto\/","og_site_name":"Hestia Hotel Strand","article_publisher":"https:\/\/www.facebook.com\/hestiahotelstrand\/","article_modified_time":"2025-07-18T12:52:09+00:00","og_image":[{"width":2048,"height":1498,"url":"https:\/\/www.hestiahotels.com\/strand\/wp-content\/uploads\/sites\/13\/2023\/11\/51381107762_42eeed1d08_o-2048x1498-1.jpg","type":"image\/jpeg"}],"twitter_card":"summary_large_image","twitter_misc":{"Arvioitu lukuaika":"2 minuuttia"},"schema":{"@context":"https:\/\/schema.org","@graph":[{"@type":"WebPage","@id":"https:\/\/www.hestiahotels.com\/strand\/fi\/aktiivinen-loma\/soomaan-kansallispuisto\/","url":"https:\/\/www.hestiahotels.com\/strand\/fi\/aktiivinen-loma\/soomaan-kansallispuisto\/","name":"Soomaan kansallispuisto | Hestia Hotel Strand","isPartOf":{"@id":"https:\/\/www.hestiahotels.com\/strand\/#website"},"primaryImageOfPage":{"@id":"https:\/\/www.hestiahotels.com\/strand\/fi\/aktiivinen-loma\/soomaan-kansallispuisto\/#primaryimage"},"image":{"@id":"https:\/\/www.hestiahotels.com\/strand\/fi\/aktiivinen-loma\/soomaan-kansallispuisto\/#primaryimage"},"thumbnailUrl":"https:\/\/www.hestiahotels.com\/strand\/wp-content\/uploads\/sites\/13\/2023\/11\/51381107762_42eeed1d08_o-2048x1498-1.jpg","datePublished":"2025-05-28T19:20:41+00:00","dateModified":"2025-07-18T12:52:09+00:00","description":"P\u00e4rnu on t\u00e4ydellinen paikka viett\u00e4\u00e4 rentouttava p\u00e4iv\u00e4 luonnossa. Lue lis\u00e4\u00e4 P\u00e4rnun l\u00e4\u00e4nin luontoaktiviteeteista.","breadcrumb":{"@id":"https:\/\/www.hestiahotels.com\/strand\/fi\/aktiivinen-loma\/soomaan-kansallispuisto\/#breadcrumb"},"inLanguage":"fi","potentialAction":[{"@type":"ReadAction","target":["https:\/\/www.hestiahotels.com\/strand\/fi\/aktiivinen-loma\/soomaan-kansallispuisto\/"]}]},{"@type":"ImageObject","inLanguage":"fi","@id":"https:\/\/www.hestiahotels.com\/strand\/fi\/aktiivinen-loma\/soomaan-kansallispuisto\/#primaryimage","url":"https:\/\/www.hestiahotels.com\/strand\/wp-content\/uploads\/sites\/13\/2023\/11\/51381107762_42eeed1d08_o-2048x1498-1.jpg","contentUrl":"https:\/\/www.hestiahotels.com\/strand\/wp-content\/uploads\/sites\/13\/2023\/11\/51381107762_42eeed1d08_o-2048x1498-1.jpg","width":2048,"height":1498},{"@type":"BreadcrumbList","@id":"https:\/\/www.hestiahotels.com\/strand\/fi\/aktiivinen-loma\/soomaan-kansallispuisto\/#breadcrumb","itemListElement":[{"@type":"ListItem","position":1,"name":"Etusivu","item":"https:\/\/www.hestiahotels.com\/strand\/fi\/"},{"@type":"ListItem","position":2,"name":"Aktiivinen loma","item":"https:\/\/www.hestiahotels.com\/strand\/fi\/?page_id=6975"},{"@type":"ListItem","position":3,"name":"Soomaan kansallispuisto"}]},{"@type":"WebSite","@id":"https:\/\/www.hestiahotels.com\/strand\/#website","url":"https:\/\/www.hestiahotels.com\/strand\/","name":"Hestia Hotel Strand","description":"J\u00e4rjekordne Hestia Group Network veebileht","publisher":{"@id":"https:\/\/www.hestiahotels.com\/strand\/#organization"},"potentialAction":[{"@type":"SearchAction","target":{"@type":"EntryPoint","urlTemplate":"https:\/\/www.hestiahotels.com\/strand\/?s={search_term_string}"},"query-input":{"@type":"PropertyValueSpecification","valueRequired":true,"valueName":"search_term_string"}}],"inLanguage":"fi"},{"@type":"Organization","@id":"https:\/\/www.hestiahotels.com\/strand\/#organization","name":"P\u00e4rnu Spa Hotell O\u00dc","url":"https:\/\/www.hestiahotels.com\/strand\/","logo":{"@type":"ImageObject","inLanguage":"fi","@id":"https:\/\/www.hestiahotels.com\/strand\/#\/schema\/logo\/image\/","url":"https:\/\/www.hestiahotels.com\/strand\/wp-content\/uploads\/sites\/13\/2023\/01\/STRAND_Hori_Tume.png","contentUrl":"https:\/\/www.hestiahotels.com\/strand\/wp-content\/uploads\/sites\/13\/2023\/01\/STRAND_Hori_Tume.png","width":1953,"height":640,"caption":"P\u00e4rnu Spa Hotell O\u00dc"},"image":{"@id":"https:\/\/www.hestiahotels.com\/strand\/#\/schema\/logo\/image\/"},"sameAs":["https:\/\/www.facebook.com\/hestiahotelstrand\/","https:\/\/www.instagram.com\/hestiahotelstrand\/"]}]}},"_links":{"self":[{"href":"https:\/\/www.hestiahotels.com\/strand\/fi\/wp-json\/wp\/v2\/pages\/7127","targetHints":{"allow":["GET"]}}],"collection":[{"href":"https:\/\/www.hestiahotels.com\/strand\/fi\/wp-json\/wp\/v2\/pages"}],"about":[{"href":"https:\/\/www.hestiahotels.com\/strand\/fi\/wp-json\/wp\/v2\/types\/page"}],"author":[{"embeddable":true,"href":"https:\/\/www.hestiahotels.com\/strand\/fi\/wp-json\/wp\/v2\/users\/49"}],"replies":[{"embeddable":true,"href":"https:\/\/www.hestiahotels.com\/strand\/fi\/wp-json\/wp\/v2\/comments?post=7127"}],"version-history":[{"count":2,"href":"https:\/\/www.hestiahotels.com\/strand\/fi\/wp-json\/wp\/v2\/pages\/7127\/revisions"}],"predecessor-version":[{"id":7602,"href":"https:\/\/www.hestiahotels.com\/strand\/fi\/wp-json\/wp\/v2\/pages\/7127\/revisions\/7602"}],"up":[{"embeddable":true,"href":"https:\/\/www.hestiahotels.com\/strand\/fi\/wp-json\/wp\/v2\/pages\/6975"}],"wp:featuredmedia":[{"embeddable":true,"href":"https:\/\/www.hestiahotels.com\/strand\/fi\/wp-json\/wp\/v2\/media\/7131"}],"wp:attachment":[{"href":"https:\/\/www.hestiahotels.com\/strand\/fi\/wp-json\/wp\/v2\/media?parent=7127"}],"curies":[{"name":"wp","href":"https:\/\/api.w.org\/{rel}","templated":true}]}}